{"id":5267,"date":"2025-03-09T13:40:52","date_gmt":"2025-03-09T13:40:52","guid":{"rendered":"https:\/\/artstella-elixirs-floraux.com\/product\/jeu-de-20-cartes-de-pierres-precieuses\/"},"modified":"2025-03-09T13:40:52","modified_gmt":"2025-03-09T13:40:52","slug":"jeu-de-20-cartes-de-pierres-precieuses","status":"publish","type":"product","link":"https:\/\/artstella-elixirs-floraux.com\/en\/product\/jeu-de-20-cartes-de-pierres-precieuses\/","title":{"rendered":"Jeu de 20 cartes de pierres pr\u00e9cieuses"},"content":{"rendered":"","protected":false},"excerpt":{"rendered":"<p>Jeu de <strong>20 cartes de pierres pr\u00e9cieuses<\/strong> repr\u00e9sentant les 20 premiers \u00e9lixirs de pierres pr\u00e9cieuses r\u00e9alis\u00e9s par Andr\u00e9s Korte<\/p>","protected":false},"featured_media":5268,"template":"","meta":[],"product_brand":[],"product_cat":[173],"product_tag":[],"class_list":{"0":"post-5267","1":"product","2":"type-product","3":"status-publish","4":"has-post-thumbnail","6":"product_cat-livres-et-cartes-phi","8":"first","9":"outofstock","10":"taxable","11":"shipping-taxable","12":"purchasable","13":"product-type-simple"},"etheme_brands":{"errors":{"invalid_taxonomy":["Invalid taxonomy."]},"error_data":[]},"jetpack_sharing_enabled":true,"jetpack-related-posts":[{"id":5239,"url":"https:\/\/artstella-elixirs-floraux.com\/en\/product\/elixirs-dorchidees-et-de-pierres-precieuses\/","url_meta":{"origin":5267,"position":0},"title":"Elixirs d&rsquo;orchid\u00e9es et de pierres pr\u00e9cieuses","author":"","date":"9 March 2025","format":false,"excerpt":"Le livre Elixirs d'orchid\u00e9es et de pierres pr\u00e9cieuses par Andreas Korte et Helmut et Antje Hofmann avec 20 cartes d'orchid\u00e9es et 20 cartes de pierres pr\u00e9cieuses. En promotion 15.00\u20ac au lieu de 24.00\u20ac","rel":"","context":"Similar post","block_context":{"text":"Similar post","link":""},"img":{"alt_text":"","src":"https:\/\/i0.wp.com\/artstella-elixirs-floraux.com\/wp-content\/uploads\/2025\/03\/wp-image2371-scaled.png?resize=350%2C200&ssl=1","width":350,"height":200,"srcset":"https:\/\/i0.wp.com\/artstella-elixirs-floraux.com\/wp-content\/uploads\/2025\/03\/wp-image2371-scaled.png?resize=350%2C200&ssl=1 1x, https:\/\/i0.wp.com\/artstella-elixirs-floraux.com\/wp-content\/uploads\/2025\/03\/wp-image2371-scaled.png?resize=525%2C300&ssl=1 1.5x, https:\/\/i0.wp.com\/artstella-elixirs-floraux.com\/wp-content\/uploads\/2025\/03\/wp-image2371-scaled.png?resize=700%2C400&ssl=1 2x, https:\/\/i0.wp.com\/artstella-elixirs-floraux.com\/wp-content\/uploads\/2025\/03\/wp-image2371-scaled.png?resize=1050%2C600&ssl=1 3x"},"classes":[]},{"id":4542,"url":"https:\/\/artstella-elixirs-floraux.com\/en\/product\/coffret-pierres-precieuses-15-ml\/","url_meta":{"origin":5267,"position":1},"title":"COFFRET PIERRES PRECIEUSES 15 ML","author":"eveapprill","date":"9 March 2025","format":false,"excerpt":"\u00a0Les 20 \u00e9lixirs de pierres pr\u00e9cieuses Les pierres pr\u00e9cieuses sont un cadeau de la terre. Durant des millions d\u2019ann\u00e9es, elles se sont form\u00e9es en son sein jusqu\u2019\u00e0 ce que les hommes les d\u00e9couvrent et les mettent \u00e0 la lumi\u00e8re.","rel":"","context":"Similar post","block_context":{"text":"Similar post","link":""},"img":{"alt_text":"","src":"https:\/\/i0.wp.com\/artstella-elixirs-floraux.com\/wp-content\/uploads\/2025\/03\/wp-image1169.png?resize=350%2C200&ssl=1","width":350,"height":200,"srcset":"https:\/\/i0.wp.com\/artstella-elixirs-floraux.com\/wp-content\/uploads\/2025\/03\/wp-image1169.png?resize=350%2C200&ssl=1 1x, https:\/\/i0.wp.com\/artstella-elixirs-floraux.com\/wp-content\/uploads\/2025\/03\/wp-image1169.png?resize=525%2C300&ssl=1 1.5x, https:\/\/i0.wp.com\/artstella-elixirs-floraux.com\/wp-content\/uploads\/2025\/03\/wp-image1169.png?resize=700%2C400&ssl=1 2x"},"classes":[]},{"id":4559,"url":"https:\/\/artstella-elixirs-floraux.com\/en\/product\/coffret-pierres-sup-26fl15-ml-phi\/","url_meta":{"origin":5267,"position":2},"title":"COFFRET PIERRES SUP (26FL)15 ML PHI","author":"eveapprill","date":"9 March 2025","format":false,"excerpt":"Contient 26 \u00e9lixirs de pierres pr\u00e9cieuses et de m\u00e9tal suppl\u00e9mentaires : Agathe, apatite, chrysob\u00e9ryl, opale de feu, fluorine, or, grenat, diamant de Herkimer, jaspe rouge, corail, cuivre, lapis-lazuli, magn\u00e9tite, malachite, moldavite, obsidienne, perle, platine, saphir bleu, argent, pierre de soleil, sugilite bleue, sugilite violette, oeil de tigre, topaze bleue, zircon.","rel":"","context":"Similar post","block_context":{"text":"Similar post","link":""},"img":{"alt_text":"","src":"","width":0,"height":0},"classes":[]},{"id":2941,"url":"https:\/\/artstella-elixirs-floraux.com\/en\/product\/pierre-de-lune-15-ml-phi\/","url_meta":{"origin":5267,"position":3},"title":"PIERRE DE LUNE 15 ML PHI","author":"eveapprill","date":"9 March 2025","format":false,"excerpt":"Pierre de lune (Mondstein) Stimule et favorise l'inspiration ainsi que le contact avec notre part f\u00e9minine. Il favorise la d\u00e9sintoxication sur tous les plans.","rel":"","context":"Similar post","block_context":{"text":"Similar post","link":""},"img":{"alt_text":"","src":"https:\/\/i0.wp.com\/artstella-elixirs-floraux.com\/wp-content\/uploads\/2025\/03\/wp-image300.png?resize=350%2C200&ssl=1","width":350,"height":200},"classes":[]},{"id":5269,"url":"https:\/\/artstella-elixirs-floraux.com\/en\/product\/jeu-de-20-cartes-de-champignons\/","url_meta":{"origin":5267,"position":4},"title":"Jeu de 20 cartes de champignons","author":"eveapprill","date":"9 March 2025","format":false,"excerpt":"Jeu de 20 cartes de champignons avec lesquels les \u00e9lixirs ont \u00e9t\u00e9 r\u00e9alis\u00e9s par Andr\u00e9as Korte","rel":"","context":"Similar post","block_context":{"text":"Similar post","link":""},"img":{"alt_text":"","src":"","width":0,"height":0},"classes":[]},{"id":5265,"url":"https:\/\/artstella-elixirs-floraux.com\/en\/product\/jeu-de-20-cartes-de-fleurs-de-cactus\/","url_meta":{"origin":5267,"position":5},"title":"Jeu de 20 cartes de fleurs de cactus","author":"eveapprill","date":"9 March 2025","format":false,"excerpt":"Jeu de 20 cartes de fleurs de cactus repr\u00e9sentant les fleurs avec lesquelles les \u00e9lixirs de cactus ont \u00e9t\u00e9 r\u00e9alis\u00e9s par Andr\u00e9as Korte","rel":"","context":"Similar post","block_context":{"text":"Similar post","link":""},"img":{"alt_text":"","src":"","width":0,"height":0},"classes":[]}],"_links":{"self":[{"href":"https:\/\/artstella-elixirs-floraux.com\/en\/wp-json\/wp\/v2\/product\/5267","targetHints":{"allow":["GET"]}}],"collection":[{"href":"https:\/\/artstella-elixirs-floraux.com\/en\/wp-json\/wp\/v2\/product"}],"about":[{"href":"https:\/\/artstella-elixirs-floraux.com\/en\/wp-json\/wp\/v2\/types\/product"}],"version-history":[{"count":0,"href":"https:\/\/artstella-elixirs-floraux.com\/en\/wp-json\/wp\/v2\/product\/5267\/revisions"}],"wp:featuredmedia":[{"embeddable":true,"href":"https:\/\/artstella-elixirs-floraux.com\/en\/wp-json\/wp\/v2\/media\/5268"}],"wp:attachment":[{"href":"https:\/\/artstella-elixirs-floraux.com\/en\/wp-json\/wp\/v2\/media?parent=5267"}],"wp:term":[{"taxonomy":"product_brand","embeddable":true,"href":"https:\/\/artstella-elixirs-floraux.com\/en\/wp-json\/wp\/v2\/product_brand?post=5267"},{"taxonomy":"product_cat","embeddable":true,"href":"https:\/\/artstella-elixirs-floraux.com\/en\/wp-json\/wp\/v2\/product_cat?post=5267"},{"taxonomy":"product_tag","embeddable":true,"href":"https:\/\/artstella-elixirs-floraux.com\/en\/wp-json\/wp\/v2\/product_tag?post=5267"}],"curies":[{"name":"wp","href":"https:\/\/api.w.org\/{rel}","templated":true}]}}