{"id":5279,"date":"2025-03-09T13:41:14","date_gmt":"2025-03-09T13:41:14","guid":{"rendered":"https:\/\/artstella-elixirs-floraux.com\/product\/complexe-n2-nuits-paisibles-deva-30ml\/"},"modified":"2025-06-03T20:09:54","modified_gmt":"2025-06-03T20:09:54","slug":"complexe-n2-nuits-paisibles-deva-30ml","status":"publish","type":"product","link":"https:\/\/artstella-elixirs-floraux.com\/en\/product\/complexe-n2-nuits-paisibles-deva-30ml\/","title":{"rendered":"COMPLEXE N\u00b02 Nuits paisibles DEVA 30ml"},"content":{"rendered":"<p>La camomille, la lavande et la passiflore contribuent \u00e0 une relaxation optimale et aident \u00e0 maintenir un sommeil sain. Le tilleul aide \u00e0 diminuer les tensions et l&rsquo;irritabilit\u00e9.<\/p>\n<p><em>\u00c9lixirs floraux \u00e0 quantit\u00e9s \u00e9gales de Camomille,\u00a0 Lavande,\u00a0 Marronnier blanc,\u00a0 Millepertuis,\u00a0 Passiflore,\u00a0 Tilleul et Val\u00e9riane<\/em><\/p>","protected":false},"excerpt":{"rendered":"<p><strong>COMPLEXE N\u00b02 Nuits paisibles <\/strong><\/p>\n<div id=\"extra-0\" class=\"tab-pane fade in extra\">\n<p>\u00a0est recommand\u00e9\u00a0aux personnes de tout \u00e2ge qui \u00e9prouvent des difficult\u00e9s \u00e0 s\u2019endormir ou d\u00e9sireuses d\u2019am\u00e9liorer la qualit\u00e9 de leur sommeil : cauchemars, r\u00e9veils nocturnes, pens\u00e9es r\u00e9p\u00e9titives.<\/p>\n<p>Il favorise une d\u00e9tente profonde.<\/p>\n<\/div>","protected":false},"featured_media":9965,"template":"","meta":[],"product_brand":[],"product_cat":[118,82,328],"product_tag":[],"class_list":{"0":"post-5279","1":"product","2":"type-product","3":"status-publish","4":"has-post-thumbnail","6":"product_cat-elixir-deva","7":"product_cat-elixirs","8":"product_cat-composes-deva","10":"first","11":"instock","12":"taxable","13":"shipping-taxable","14":"purchasable","15":"product-type-simple"},"etheme_brands":{"errors":{"invalid_taxonomy":["Invalid taxonomy."]},"error_data":[]},"jetpack_sharing_enabled":true,"jetpack-related-posts":[{"id":6396,"url":"https:\/\/artstella-elixirs-floraux.com\/en\/product\/sleep-sommeil-spay-50ml-bush-australien\/","url_meta":{"origin":5279,"position":0},"title":"Sleep &#8211; Sommeil Spray 50ml Bush Australien","author":"eveapprill","date":"9 March 2025","format":false,"excerpt":"Un nouveau spray du Bush australien pour favoriser le sommeil.","rel":"","context":"Similar post","block_context":{"text":"Similar post","link":""},"img":{"alt_text":"Sommeil Spray 50ml Bush Australien","src":"https:\/\/i0.wp.com\/artstella-elixirs-floraux.com\/wp-content\/uploads\/2025\/03\/7efb9cc8-f479-4a0f-be39-aca972b654d6.webp?resize=350%2C200&ssl=1","width":350,"height":200,"srcset":"https:\/\/i0.wp.com\/artstella-elixirs-floraux.com\/wp-content\/uploads\/2025\/03\/7efb9cc8-f479-4a0f-be39-aca972b654d6.webp?resize=350%2C200&ssl=1 1x, https:\/\/i0.wp.com\/artstella-elixirs-floraux.com\/wp-content\/uploads\/2025\/03\/7efb9cc8-f479-4a0f-be39-aca972b654d6.webp?resize=525%2C300&ssl=1 1.5x, https:\/\/i0.wp.com\/artstella-elixirs-floraux.com\/wp-content\/uploads\/2025\/03\/7efb9cc8-f479-4a0f-be39-aca972b654d6.webp?resize=700%2C400&ssl=1 2x"},"classes":[]},{"id":4551,"url":"https:\/\/artstella-elixirs-floraux.com\/en\/product\/coffret-fleurs-sauvages-15-ml\/","url_meta":{"origin":5279,"position":1},"title":"COFFRET FLEURS SAUVAGES 15 ML","author":"eveapprill","date":"9 March 2025","format":false,"excerpt":"Les \u00e9lixirs de 40 fleurs Sauvages R\u00e9alis\u00e9s avec des fleurs europ\u00e9ennes communes dans la nature.","rel":"","context":"Similar post","block_context":{"text":"Similar post","link":""},"img":{"alt_text":"","src":"","width":0,"height":0},"classes":[]},{"id":3262,"url":"https:\/\/artstella-elixirs-floraux.com\/en\/product\/passiflore-15ml-phi\/","url_meta":{"origin":5279,"position":2},"title":"PASSIFLORE 15ML PHI","author":"eveapprill","date":"9 March 2025","format":false,"excerpt":"Passiflore (Passiflora bryonoides (Passionblume) Dans les situations difficiles, l'\u00e9lixir aide \u00e0 trouver une issue. Nous pouvons prendre du recul et voir les situations d'un regard neuf.","rel":"","context":"Similar post","block_context":{"text":"Similar post","link":""},"img":{"alt_text":"","src":"https:\/\/i0.wp.com\/artstella-elixirs-floraux.com\/wp-content\/uploads\/2025\/03\/wp-image672.png?resize=350%2C200&ssl=1","width":350,"height":200},"classes":[]},{"id":5802,"url":"https:\/\/artstella-elixirs-floraux.com\/en\/product\/tilleul-15-ml-deva\/","url_meta":{"origin":5279,"position":3},"title":"Tilleul 15 ml DEVA","author":"eveapprill","date":"9 March 2025","format":false,"excerpt":"Tilleul R\u00e9ceptivit\u00e9 \u00e0 l\u2019amour. Conseill\u00e9 \u00e0 ceux qui se sentent coup\u00e9s des autres ou de leurs racines, qui ont un sentiment d\u2019abandon et de solitude.","rel":"","context":"Similar post","block_context":{"text":"Similar post","link":""},"img":{"alt_text":"","src":"https:\/\/i0.wp.com\/artstella-elixirs-floraux.com\/wp-content\/uploads\/2025\/03\/wp-image2451.png?resize=350%2C200&ssl=1","width":350,"height":200},"classes":[]},{"id":5300,"url":"https:\/\/artstella-elixirs-floraux.com\/en\/product\/complexe-n10-emotions-de-grossesse-deva-30ml\/","url_meta":{"origin":5279,"position":4},"title":"COMPLEXE N\u00b010 Emotions de Grossesse DEVA 30ML","author":"eveapprill","date":"9 March 2025","format":false,"excerpt":"COMPLEXE N\u00b010 Emotions de la Grossesse 30ml aide \u00e0 surmonter la sensibilit\u00e9 \u00e9motionnelle et l'inqui\u00e9tude chez la femme enceinte. Il optimisme les qualit\u00e9s maternelles et d\u00e9veloppe la confiance dans sa capacit\u00e9 \u00e0 \u00eatre m\u00e8re.","rel":"","context":"Similar post","block_context":{"text":"Similar post","link":""},"img":{"alt_text":"","src":"https:\/\/i0.wp.com\/artstella-elixirs-floraux.com\/wp-content\/uploads\/2025\/03\/ce77edc3-42f0-44cb-8d3f-84e70aaa2e0a.jpg?resize=350%2C200&ssl=1","width":350,"height":200,"srcset":"https:\/\/i0.wp.com\/artstella-elixirs-floraux.com\/wp-content\/uploads\/2025\/03\/ce77edc3-42f0-44cb-8d3f-84e70aaa2e0a.jpg?resize=350%2C200&ssl=1 1x, https:\/\/i0.wp.com\/artstella-elixirs-floraux.com\/wp-content\/uploads\/2025\/03\/ce77edc3-42f0-44cb-8d3f-84e70aaa2e0a.jpg?resize=525%2C300&ssl=1 1.5x, https:\/\/i0.wp.com\/artstella-elixirs-floraux.com\/wp-content\/uploads\/2025\/03\/ce77edc3-42f0-44cb-8d3f-84e70aaa2e0a.jpg?resize=700%2C400&ssl=1 2x"},"classes":[]},{"id":5772,"url":"https:\/\/artstella-elixirs-floraux.com\/en\/product\/passiflore-15-ml-deva\/","url_meta":{"origin":5279,"position":5},"title":"Passiflore 15 ml DEVA","author":"eveapprill","date":"9 March 2025","format":false,"excerpt":"Passiflore L\u00e2cher-prise, s\u00e9r\u00e9nit\u00e9. Permet de consid\u00e9rer les \u00e9v\u00e9nements de la vie avec calme et s\u00e9r\u00e9nit\u00e9. Apporte stabilit\u00e9 et \u00e9limine la confusion \u00e9motionnelle.","rel":"","context":"Similar post","block_context":{"text":"Similar post","link":""},"img":{"alt_text":"","src":"https:\/\/i0.wp.com\/artstella-elixirs-floraux.com\/wp-content\/uploads\/2025\/03\/wp-image2436.png?resize=350%2C200&ssl=1","width":350,"height":200},"classes":[]}],"_links":{"self":[{"href":"https:\/\/artstella-elixirs-floraux.com\/en\/wp-json\/wp\/v2\/product\/5279","targetHints":{"allow":["GET"]}}],"collection":[{"href":"https:\/\/artstella-elixirs-floraux.com\/en\/wp-json\/wp\/v2\/product"}],"about":[{"href":"https:\/\/artstella-elixirs-floraux.com\/en\/wp-json\/wp\/v2\/types\/product"}],"version-history":[{"count":0,"href":"https:\/\/artstella-elixirs-floraux.com\/en\/wp-json\/wp\/v2\/product\/5279\/revisions"}],"wp:featuredmedia":[{"embeddable":true,"href":"https:\/\/artstella-elixirs-floraux.com\/en\/wp-json\/wp\/v2\/media\/9965"}],"wp:attachment":[{"href":"https:\/\/artstella-elixirs-floraux.com\/en\/wp-json\/wp\/v2\/media?parent=5279"}],"wp:term":[{"taxonomy":"product_brand","embeddable":true,"href":"https:\/\/artstella-elixirs-floraux.com\/en\/wp-json\/wp\/v2\/product_brand?post=5279"},{"taxonomy":"product_cat","embeddable":true,"href":"https:\/\/artstella-elixirs-floraux.com\/en\/wp-json\/wp\/v2\/product_cat?post=5279"},{"taxonomy":"product_tag","embeddable":true,"href":"https:\/\/artstella-elixirs-floraux.com\/en\/wp-json\/wp\/v2\/product_tag?post=5279"}],"curies":[{"name":"wp","href":"https:\/\/api.w.org\/{rel}","templated":true}]}}