{"id":5281,"date":"2025-03-09T13:41:16","date_gmt":"2025-03-09T13:41:16","guid":{"rendered":"https:\/\/artstella-elixirs-floraux.com\/product\/complexe-n3-detente-corporelle-deva-30ml\/"},"modified":"2025-06-03T20:09:53","modified_gmt":"2025-06-03T20:09:53","slug":"complexe-n3-detente-corporelle-deva-30ml","status":"publish","type":"product","link":"https:\/\/artstella-elixirs-floraux.com\/en\/product\/complexe-n3-detente-corporelle-deva-30ml\/","title":{"rendered":"COMPLEXE N\u00b03 D\u00e9tente corporelle DEVA 30ml"},"content":{"rendered":"<p>Conseill\u00e9 \u00e0 ceux qui ont une pratique sportive ainsi qu\u2019aux personnes ayant un effort physique inhabituel \u00e0 fournir (d\u00e9m\u00e9nagement, sortie p\u00e9destre ou en v\u00e9lo\u2026.)<\/p>\n<p><em>\u00c9lixirs floraux : Arnica,\u00a0 Pissenlit et Poirier.<\/em><\/p>","protected":false},"excerpt":{"rendered":"<p><strong>COMPLEXE N\u00b03 D\u00e9tente corporelle <\/strong><\/p>\n<div id=\"extra-0\" class=\"tab-pane fade in extra\">\n<p>s&rsquo;utilise avant et apr\u00e8s l&rsquo;effort pour favoriser l&rsquo;\u00e9limination, l&rsquo;assouplissement corporel et l&rsquo;\u00e9lasticit\u00e9.<\/p>\n<p>Il est conseill\u00e9 \u00e0 ceux qui ont une pratique sportive r\u00e9guli\u00e8re ou un effort physique inhabituel \u00e0 fournir.<\/p>\n<p>Il est recommand\u00e9 pour \u00eatre \u00e0 l&rsquo;\u00e9coute de son corps.<\/p>\n<\/div>","protected":false},"featured_media":9966,"template":"","meta":[],"product_brand":[],"product_cat":[118,328],"product_tag":[],"class_list":{"0":"post-5281","1":"product","2":"type-product","3":"status-publish","4":"has-post-thumbnail","6":"product_cat-elixir-deva","7":"product_cat-composes-deva","9":"first","10":"instock","11":"taxable","12":"shipping-taxable","13":"purchasable","14":"product-type-simple"},"etheme_brands":{"errors":{"invalid_taxonomy":["Invalid taxonomy."]},"error_data":[]},"jetpack_sharing_enabled":true,"jetpack-related-posts":[{"id":5784,"url":"https:\/\/artstella-elixirs-floraux.com\/en\/product\/pissenlit-15-ml-deva\/","url_meta":{"origin":5281,"position":0},"title":"Pissenlit 15 ml DEVA","author":"eveapprill","date":"9 March 2025","format":false,"excerpt":"Pissenlit Aisance et dynamisme corporel. Favorise l\u2019assouplissement corporel, la d\u00e9tente musculaire et mentale. Facilite l\u2019ouverture spirituelle par la relaxation du corps physique.","rel":"","context":"Similar post","block_context":{"text":"Similar post","link":""},"img":{"alt_text":"","src":"https:\/\/i0.wp.com\/artstella-elixirs-floraux.com\/wp-content\/uploads\/2025\/03\/wp-image2442.png?resize=350%2C200&ssl=1","width":350,"height":200},"classes":[]},{"id":5670,"url":"https:\/\/artstella-elixirs-floraux.com\/en\/product\/consoude-15-ml-deva\/","url_meta":{"origin":5281,"position":1},"title":"Consoude 15 ml DEVA","author":"eveapprill","date":"9 March 2025","format":false,"excerpt":"Consoude Conscience corporelle, \u00e9limination des tensions. Apporte \u00e0 l\u2019organisme tonicit\u00e9 et vitalit\u00e9. Favorise la d\u00e9tente corporelle.","rel":"","context":"Similar post","block_context":{"text":"Similar post","link":""},"img":{"alt_text":"","src":"https:\/\/i0.wp.com\/artstella-elixirs-floraux.com\/wp-content\/uploads\/2025\/03\/wp-image2391.png?resize=350%2C200&ssl=1","width":350,"height":200},"classes":[]},{"id":5623,"url":"https:\/\/artstella-elixirs-floraux.com\/en\/product\/aneth-15-ml\/","url_meta":{"origin":5281,"position":2},"title":"Aneth 15 ML","author":"eveapprill","date":"9 March 2025","format":false,"excerpt":"Aneth Assimilation des exp\u00e9riences. Pour ceux qui se sentent d\u00e9pass\u00e9s par un rythme de vie trop rapide. Pour comprendre et assimiler les situations complexes ou inhabituelles.","rel":"","context":"Similar post","block_context":{"text":"Similar post","link":""},"img":{"alt_text":"","src":"https:\/\/i0.wp.com\/artstella-elixirs-floraux.com\/wp-content\/uploads\/2025\/03\/wp-image1814.png?resize=350%2C200&ssl=1","width":350,"height":200},"classes":[]},{"id":5229,"url":"https:\/\/artstella-elixirs-floraux.com\/en\/product\/creme-lotus\/","url_meta":{"origin":5281,"position":3},"title":"Cr\u00e8me Lotus","author":"eveapprill","date":"9 March 2025","format":false,"excerpt":"Cr\u00e8me Lotus La Cr\u00e8me de Lotus est r\u00e9alis\u00e9e avec l\u2019\u00e9nergie de la fleur de lotus, du lilas et de l\u2019orchid\u00e9e Limodorum abortivum. Vous pouvez utiliser cette cr\u00e8me pour vos soins corporels et de visage quotidiens. Elle r\u00e9tablit l'\u00e9quilibre \u00e9nerg\u00e9tique de la peau et contribue par son action de d\u00e9tente \u00e0\u2026","rel":"","context":"Similar post","block_context":{"text":"Similar post","link":""},"img":{"alt_text":"","src":"https:\/\/i0.wp.com\/artstella-elixirs-floraux.com\/wp-content\/uploads\/2025\/03\/aea4d170-3831-49f5-b2aa-2524b51c96de.jpg?resize=350%2C200&ssl=1","width":350,"height":200,"srcset":"https:\/\/i0.wp.com\/artstella-elixirs-floraux.com\/wp-content\/uploads\/2025\/03\/aea4d170-3831-49f5-b2aa-2524b51c96de.jpg?resize=350%2C200&ssl=1 1x, https:\/\/i0.wp.com\/artstella-elixirs-floraux.com\/wp-content\/uploads\/2025\/03\/aea4d170-3831-49f5-b2aa-2524b51c96de.jpg?resize=525%2C300&ssl=1 1.5x, https:\/\/i0.wp.com\/artstella-elixirs-floraux.com\/wp-content\/uploads\/2025\/03\/aea4d170-3831-49f5-b2aa-2524b51c96de.jpg?resize=700%2C400&ssl=1 2x"},"classes":[]},{"id":5283,"url":"https:\/\/artstella-elixirs-floraux.com\/en\/product\/complexe-n4-protection-emotionelle-deva-30ml\/","url_meta":{"origin":5281,"position":4},"title":"COMPLEXE N\u00b04 Protection \u00e9motionelle DEVA 30ml","author":"eveapprill","date":"9 March 2025","format":false,"excerpt":"COMPLEXE N\u00b04 PROTECTION \u00c9MOTIONNELLE est conseill\u00e9 \u00e0 ceux qui se sentent vuln\u00e9rables, fragiles, en ins\u00e9curit\u00e9 face aux autres et \u00e0 leur environnement. Recommand\u00e9 aux personnes \u00e9motives, sensibles ou facilement influen\u00e7ables. Il aide \u00e0 se prot\u00e9ger de le n\u00e9gativit\u00e9 ambiante.","rel":"","context":"Similar post","block_context":{"text":"Similar post","link":""},"img":{"alt_text":"","src":"https:\/\/i0.wp.com\/artstella-elixirs-floraux.com\/wp-content\/uploads\/2025\/03\/cb8ab318-97e5-4fe9-8283-e7796df4bc23.jpg?resize=350%2C200&ssl=1","width":350,"height":200,"srcset":"https:\/\/i0.wp.com\/artstella-elixirs-floraux.com\/wp-content\/uploads\/2025\/03\/cb8ab318-97e5-4fe9-8283-e7796df4bc23.jpg?resize=350%2C200&ssl=1 1x, https:\/\/i0.wp.com\/artstella-elixirs-floraux.com\/wp-content\/uploads\/2025\/03\/cb8ab318-97e5-4fe9-8283-e7796df4bc23.jpg?resize=525%2C300&ssl=1 1.5x, https:\/\/i0.wp.com\/artstella-elixirs-floraux.com\/wp-content\/uploads\/2025\/03\/cb8ab318-97e5-4fe9-8283-e7796df4bc23.jpg?resize=700%2C400&ssl=1 2x"},"classes":[]},{"id":6313,"url":"https:\/\/artstella-elixirs-floraux.com\/en\/product\/premier-chakra-weae-30-ml\/","url_meta":{"origin":5281,"position":5},"title":"Premier Chakra WEAE 30 ml","author":"eveapprill","date":"9 March 2025","format":false,"excerpt":"First Chakra Essence fournit un soutien pour recevoir les cadeaux du premier chakra, y compris: s\u2019ancrer, accepter notre corps physique, nous sentir en s\u00e9curit\u00e9, faire face aux probl\u00e8mes de survie, stabilit\u00e9 et enracinement.","rel":"","context":"Similar post","block_context":{"text":"Similar post","link":""},"img":{"alt_text":"","src":"https:\/\/i0.wp.com\/artstella-elixirs-floraux.com\/wp-content\/uploads\/2025\/03\/68bf7613-c8fd-48ce-a419-a6b266b3bb71.jpg?resize=350%2C200&ssl=1","width":350,"height":200,"srcset":"https:\/\/i0.wp.com\/artstella-elixirs-floraux.com\/wp-content\/uploads\/2025\/03\/68bf7613-c8fd-48ce-a419-a6b266b3bb71.jpg?resize=350%2C200&ssl=1 1x, https:\/\/i0.wp.com\/artstella-elixirs-floraux.com\/wp-content\/uploads\/2025\/03\/68bf7613-c8fd-48ce-a419-a6b266b3bb71.jpg?resize=525%2C300&ssl=1 1.5x, https:\/\/i0.wp.com\/artstella-elixirs-floraux.com\/wp-content\/uploads\/2025\/03\/68bf7613-c8fd-48ce-a419-a6b266b3bb71.jpg?resize=700%2C400&ssl=1 2x"},"classes":[]}],"_links":{"self":[{"href":"https:\/\/artstella-elixirs-floraux.com\/en\/wp-json\/wp\/v2\/product\/5281","targetHints":{"allow":["GET"]}}],"collection":[{"href":"https:\/\/artstella-elixirs-floraux.com\/en\/wp-json\/wp\/v2\/product"}],"about":[{"href":"https:\/\/artstella-elixirs-floraux.com\/en\/wp-json\/wp\/v2\/types\/product"}],"version-history":[{"count":0,"href":"https:\/\/artstella-elixirs-floraux.com\/en\/wp-json\/wp\/v2\/product\/5281\/revisions"}],"wp:featuredmedia":[{"embeddable":true,"href":"https:\/\/artstella-elixirs-floraux.com\/en\/wp-json\/wp\/v2\/media\/9966"}],"wp:attachment":[{"href":"https:\/\/artstella-elixirs-floraux.com\/en\/wp-json\/wp\/v2\/media?parent=5281"}],"wp:term":[{"taxonomy":"product_brand","embeddable":true,"href":"https:\/\/artstella-elixirs-floraux.com\/en\/wp-json\/wp\/v2\/product_brand?post=5281"},{"taxonomy":"product_cat","embeddable":true,"href":"https:\/\/artstella-elixirs-floraux.com\/en\/wp-json\/wp\/v2\/product_cat?post=5281"},{"taxonomy":"product_tag","embeddable":true,"href":"https:\/\/artstella-elixirs-floraux.com\/en\/wp-json\/wp\/v2\/product_tag?post=5281"}],"curies":[{"name":"wp","href":"https:\/\/api.w.org\/{rel}","templated":true}]}}