{"id":5283,"date":"2025-03-09T13:41:18","date_gmt":"2025-03-09T13:41:18","guid":{"rendered":"https:\/\/artstella-elixirs-floraux.com\/product\/complexe-n4-protection-emotionelle-deva-30ml\/"},"modified":"2025-06-02T06:46:52","modified_gmt":"2025-06-02T06:46:52","slug":"complexe-n4-protection-emotionelle-deva-30ml","status":"publish","type":"product","link":"https:\/\/artstella-elixirs-floraux.com\/en\/product\/complexe-n4-protection-emotionelle-deva-30ml\/","title":{"rendered":"COMPLEXE N\u00b04 Protection \u00e9motionelle DEVA 30ml"},"content":{"rendered":"<p>comprend : Achill\u00e9e blanche, Achill\u00e9e rose , Ang\u00e9lique, Echinac\u00e9e, Menthe pouliot et Millepertuis<\/p>","protected":false},"excerpt":{"rendered":"<p><strong>COMPLEXE N\u00b04 PROTECTION \u00c9MOTIONNELLE<\/strong> est conseill\u00e9 \u00e0 ceux qui se sentent vuln\u00e9rables, fragiles, en ins\u00e9curit\u00e9 face aux autres et \u00e0 leur environnement.<\/p>\n<div id=\"extra-0\" class=\"tab-pane fade in extra\">\n<p>Recommand\u00e9 aux personnes \u00e9motives, sensibles ou facilement influen\u00e7ables.<\/p>\n<p>Il aide \u00e0 se prot\u00e9ger de le n\u00e9gativit\u00e9 ambiante.<\/p>\n<\/div>","protected":false},"featured_media":7587,"template":"","meta":[],"product_brand":[],"product_cat":[118,328],"product_tag":[],"class_list":{"0":"post-5283","1":"product","2":"type-product","3":"status-publish","4":"has-post-thumbnail","6":"product_cat-elixir-deva","7":"product_cat-composes-deva","9":"first","10":"instock","11":"taxable","12":"shipping-taxable","13":"purchasable","14":"product-type-simple"},"etheme_brands":{"errors":{"invalid_taxonomy":["Invalid taxonomy."]},"error_data":[]},"jetpack_sharing_enabled":true,"jetpack-related-posts":[{"id":5610,"url":"https:\/\/artstella-elixirs-floraux.com\/en\/product\/achillee-jaune-15ml-deva\/","url_meta":{"origin":5283,"position":0},"title":"Achill\u00e9e jaune 15ml DEVA","author":"eveapprill","date":"9 March 2025","format":false,"excerpt":"Achill\u00e9e Jaune Ouverture, protection. Pour les temp\u00e9raments hypersensibles et vuln\u00e9rables qui ont tendance \u00e0 s\u2019isoler du monde ext\u00e9rieur pour se prot\u00e9ger.","rel":"","context":"Similar post","block_context":{"text":"Similar post","link":""},"img":{"alt_text":"","src":"https:\/\/i0.wp.com\/artstella-elixirs-floraux.com\/wp-content\/uploads\/2025\/03\/wp-image1807.png?resize=350%2C200&ssl=1","width":350,"height":200},"classes":[]},{"id":3266,"url":"https:\/\/artstella-elixirs-floraux.com\/en\/product\/achillee-rose-phi-15-ml\/","url_meta":{"origin":5283,"position":1},"title":"ACHILLEE ROSE PHI 15 ML","author":"eveapprill","date":"9 March 2025","format":false,"excerpt":"Achill\u00e9e rose (Achillea millefolium) (Rosa Schafgarbe) Cet \u00e9lixir nous aide \u00e0 \u00eatre moins en prise avec les \u00e9motions des autres et \u00e0 nous faire moins de soucis. L'\u00e9lixir am\u00e9liore notre protection au niveau du c\u0153ur et des \u00e9motions.","rel":"","context":"Similar post","block_context":{"text":"Similar post","link":""},"img":{"alt_text":"","src":"https:\/\/i0.wp.com\/artstella-elixirs-floraux.com\/wp-content\/uploads\/2025\/03\/wp-image674.png?resize=350%2C200&ssl=1","width":350,"height":200},"classes":[]},{"id":5606,"url":"https:\/\/artstella-elixirs-floraux.com\/en\/product\/achillee-blanche-15-ml\/","url_meta":{"origin":5283,"position":2},"title":"Achill\u00e9e blanche 15 ml","author":"eveapprill","date":"9 March 2025","format":false,"excerpt":"Achill\u00e9e Blanche Protection, int\u00e9gration. Renforce la structure \u00e9nerg\u00e9tique de l\u2019individu et prot\u00e8ge contre les influences perturbatrices de l\u2019environnement (radioactivit\u00e9, rayonnement \u00e9lectronique et \u00e9lectromagn\u00e9tique des ordinateurs, agression psychique). Elixir conseill\u00e9 \u00e0 ceux qui, de par leur profession, sont ouverts aux probl\u00e8mes des autres.","rel":"","context":"Similar post","block_context":{"text":"Similar post","link":""},"img":{"alt_text":"","src":"https:\/\/i0.wp.com\/artstella-elixirs-floraux.com\/wp-content\/uploads\/2025\/03\/wp-image1805.png?resize=350%2C200&ssl=1","width":350,"height":200},"classes":[]},{"id":5608,"url":"https:\/\/artstella-elixirs-floraux.com\/en\/product\/achillee-rose-15-ml\/","url_meta":{"origin":5283,"position":3},"title":"Achill\u00e9e rose 15 ml","author":"eveapprill","date":"9 March 2025","format":false,"excerpt":"Achill\u00e9e Rose Protection, int\u00e9gration. Pour les personnes sensibles, qui s\u2019identifient facilement aux \u00e9motions des autres et qui se laissent facilement influencer.","rel":"","context":"Similar post","block_context":{"text":"Similar post","link":""},"img":{"alt_text":"","src":"https:\/\/i0.wp.com\/artstella-elixirs-floraux.com\/wp-content\/uploads\/2025\/03\/wp-image1806.png?resize=350%2C200&ssl=1","width":350,"height":200},"classes":[]},{"id":5482,"url":"https:\/\/artstella-elixirs-floraux.com\/en\/product\/protection-bescherming-30ml-bloesem-remedies\/","url_meta":{"origin":5283,"position":4},"title":"PROTECTION (Bescherming)Bloesem Remedies","author":"eveapprill","date":"9 March 2025","format":false,"excerpt":"Protection\u00a0 Bloesem Remedies 30ml (Bescherming) (Achill\u00e9e, Ch\u00e9lidoine, Rue, Sensitive) am\u00e9liore la protection \u00e9motionnelle et spirituelle. Permet de rester centr\u00e9 dans la tension","rel":"","context":"Similar post","block_context":{"text":"Similar post","link":""},"img":{"alt_text":"","src":"","width":0,"height":0},"classes":[]},{"id":2359,"url":"https:\/\/artstella-elixirs-floraux.com\/en\/product\/yarrow-alaskan\/","url_meta":{"origin":5283,"position":5},"title":"Yarrow Alaskan","author":"eveapprill","date":"9 March 2025","format":false,"excerpt":"Yarrow. Achillea borealis. Achill\u00e9e Hypersensibilit\u00e9 \u00e0 l'environnement ; recherche la protection \u00e0 l'ext\u00e9rieur, int\u00e9grit\u00e9 de l'aura atteinte par un accident ou un traumatisme pass\u00e9 ou pr\u00e9sent.","rel":"","context":"Similar post","block_context":{"text":"Similar post","link":""},"img":{"alt_text":"","src":"https:\/\/i0.wp.com\/artstella-elixirs-floraux.com\/wp-content\/uploads\/2025\/03\/wp-image603.png?resize=350%2C200&ssl=1","width":350,"height":200},"classes":[]}],"_links":{"self":[{"href":"https:\/\/artstella-elixirs-floraux.com\/en\/wp-json\/wp\/v2\/product\/5283","targetHints":{"allow":["GET"]}}],"collection":[{"href":"https:\/\/artstella-elixirs-floraux.com\/en\/wp-json\/wp\/v2\/product"}],"about":[{"href":"https:\/\/artstella-elixirs-floraux.com\/en\/wp-json\/wp\/v2\/types\/product"}],"version-history":[{"count":0,"href":"https:\/\/artstella-elixirs-floraux.com\/en\/wp-json\/wp\/v2\/product\/5283\/revisions"}],"wp:featuredmedia":[{"embeddable":true,"href":"https:\/\/artstella-elixirs-floraux.com\/en\/wp-json\/wp\/v2\/media\/7587"}],"wp:attachment":[{"href":"https:\/\/artstella-elixirs-floraux.com\/en\/wp-json\/wp\/v2\/media?parent=5283"}],"wp:term":[{"taxonomy":"product_brand","embeddable":true,"href":"https:\/\/artstella-elixirs-floraux.com\/en\/wp-json\/wp\/v2\/product_brand?post=5283"},{"taxonomy":"product_cat","embeddable":true,"href":"https:\/\/artstella-elixirs-floraux.com\/en\/wp-json\/wp\/v2\/product_cat?post=5283"},{"taxonomy":"product_tag","embeddable":true,"href":"https:\/\/artstella-elixirs-floraux.com\/en\/wp-json\/wp\/v2\/product_tag?post=5283"}],"curies":[{"name":"wp","href":"https:\/\/api.w.org\/{rel}","templated":true}]}}