{"id":5285,"date":"2025-03-09T13:41:20","date_gmt":"2025-03-09T13:41:20","guid":{"rendered":"https:\/\/artstella-elixirs-floraux.com\/product\/complexe-n5-vie-affective-et-sexualite-30ml\/"},"modified":"2025-06-08T13:57:13","modified_gmt":"2025-06-08T13:57:13","slug":"complexe-n5-vie-affective-et-sexualite-30ml","status":"publish","type":"product","link":"https:\/\/artstella-elixirs-floraux.com\/en\/product\/complexe-n5-vie-affective-et-sexualite-30ml\/","title":{"rendered":"COMPLEXE N\u00b05 Vie affective et sexualit\u00e9 30ml"},"content":{"rendered":"<p><em>Comprend Basilic, B\u00e9toine, de Carotte sauvage, C\u0153ur de Marie, de Fuchsia, Hibiscus et Mimulus orang\u00e9 <\/em><\/p>","protected":false},"excerpt":{"rendered":"<p><strong>COMPLEXE N\u00b05 Vie affective et sexualit\u00e9<\/strong><\/p>\n<p>est conseill\u00e9 lorsque la vie affective est d\u00e9s\u00e9quilibr\u00e9e, lorsque la sexualit\u00e9 devient pr\u00e9dominante au d\u00e9triment des autres valeurs.<\/p>\n<p>Il favorise l&rsquo;expression des sentiments profonds et d\u00e9veloppe l&rsquo;authenticit\u00e9 au niveau de la relation amoureuse.<\/p>","protected":false},"featured_media":7588,"template":"","meta":[],"product_brand":[],"product_cat":[118,328],"product_tag":[],"class_list":{"0":"post-5285","1":"product","2":"type-product","3":"status-publish","4":"has-post-thumbnail","6":"product_cat-elixir-deva","7":"product_cat-composes-deva","9":"first","10":"instock","11":"taxable","12":"shipping-taxable","13":"purchasable","14":"product-type-simple"},"etheme_brands":{"errors":{"invalid_taxonomy":["Invalid taxonomy."]},"error_data":[]},"jetpack_sharing_enabled":true,"jetpack-related-posts":[{"id":5631,"url":"https:\/\/artstella-elixirs-floraux.com\/en\/product\/basilic-10ml\/","url_meta":{"origin":5285,"position":0},"title":"Basilic 10ml","author":"eveapprill","date":"9 March 2025","format":false,"excerpt":"Basilic Sexualit\u00e9 \u00e9quilibr\u00e9e. Pour int\u00e9grer les d\u00e9sirs \u00e9motionnels et sexuels aux valeurs spirituelles sp\u00e9cialement lorsque sexualit\u00e9 et spiritualit\u00e9 sont per\u00e7ues en tant que forces antagonistes.","rel":"","context":"Similar post","block_context":{"text":"Similar post","link":""},"img":{"alt_text":"","src":"https:\/\/i0.wp.com\/artstella-elixirs-floraux.com\/wp-content\/uploads\/2025\/03\/wp-image1818.png?resize=350%2C200&ssl=1","width":350,"height":200},"classes":[]},{"id":6315,"url":"https:\/\/artstella-elixirs-floraux.com\/en\/product\/second-chakra-weae-30ml\/","url_meta":{"origin":5285,"position":1},"title":"SECOND CHAKRA WEAE 30ML","author":"eveapprill","date":"9 March 2025","format":false,"excerpt":"Second Chakra Essence fournit un soutien pour recevoir les cadeaux du deuxi\u00e8me chakra, y compris: ressentir profond\u00e9ment, accepter sa vie \u00e9motionnelle, sa sexualit\u00e9, sa cr\u00e9ativit\u00e9, sa digestion.","rel":"","context":"Similar post","block_context":{"text":"Similar post","link":""},"img":{"alt_text":"","src":"https:\/\/i0.wp.com\/artstella-elixirs-floraux.com\/wp-content\/uploads\/2025\/03\/0c616d60-16b2-47e1-8d25-f8ccdc3e3a26.jpg?resize=350%2C200&ssl=1","width":350,"height":200,"srcset":"https:\/\/i0.wp.com\/artstella-elixirs-floraux.com\/wp-content\/uploads\/2025\/03\/0c616d60-16b2-47e1-8d25-f8ccdc3e3a26.jpg?resize=350%2C200&ssl=1 1x, https:\/\/i0.wp.com\/artstella-elixirs-floraux.com\/wp-content\/uploads\/2025\/03\/0c616d60-16b2-47e1-8d25-f8ccdc3e3a26.jpg?resize=525%2C300&ssl=1 1.5x, https:\/\/i0.wp.com\/artstella-elixirs-floraux.com\/wp-content\/uploads\/2025\/03\/0c616d60-16b2-47e1-8d25-f8ccdc3e3a26.jpg?resize=700%2C400&ssl=1 2x"},"classes":[]},{"id":5641,"url":"https:\/\/artstella-elixirs-floraux.com\/en\/product\/betoine-10-ml\/","url_meta":{"origin":5285,"position":2},"title":"B\u00e9toine 10 ml","author":"eveapprill","date":"9 March 2025","format":false,"excerpt":"B\u00e9toine Sexualit\u00e9 harmonieuse. Equilibre l\u2019expression sexuelle lorsque celle-ci est perturb\u00e9e.","rel":"","context":"Similar post","block_context":{"text":"Similar post","link":""},"img":{"alt_text":"","src":"https:\/\/i0.wp.com\/artstella-elixirs-floraux.com\/wp-content\/uploads\/2025\/03\/wp-image1821.png?resize=350%2C200&ssl=1","width":350,"height":200},"classes":[]},{"id":4565,"url":"https:\/\/artstella-elixirs-floraux.com\/en\/product\/coffret-complexes-elixirs-phi\/","url_meta":{"origin":5285,"position":3},"title":"COFFRET COMPLEXES ELIXIRS PHI","author":"eveapprill","date":"9 March 2025","format":false,"excerpt":"Contient les 10 \u00e9lixirs compos\u00e9s de la gamme PHI pour r\u00e9\u00e9quilibrer l'\u00e9nergie: Women \u00e9quilibre du f\u00e9minin, Men \u00e9quilibre du masculin, Joyful Sexuality sexualit\u00e9 heureuse, Forever Joung! Eternelle jeunesse Regeneration, Purification, Equilibre du Stress, Jetlag \/ Sleep d\u00e9calage horaire \/ sommeil, Heart \u00e9quilibre du coeur, Protection","rel":"","context":"Similar post","block_context":{"text":"Similar post","link":""},"img":{"alt_text":"","src":"","width":0,"height":0},"classes":[]},{"id":2194,"url":"https:\/\/artstella-elixirs-floraux.com\/en\/product\/icelandic-poppy-alaskan\/","url_meta":{"origin":5285,"position":4},"title":"Icelandic poppy Alaskan","author":"eveapprill","date":"9 March 2025","format":false,"excerpt":"Icelandic poppy. Papaver nudicaule Peu de conscience de l'identit\u00e9 spirituelle ; aspects de survie, de sexualit\u00e9 et de spiritualit\u00e9 non int\u00e9gr\u00e9s, manque d'\u00e9nergie spirituelle dans les chakras inf\u00e9rieurs.","rel":"","context":"Similar post","block_context":{"text":"Similar post","link":""},"img":{"alt_text":"","src":"https:\/\/i0.wp.com\/artstella-elixirs-floraux.com\/wp-content\/uploads\/2025\/03\/wp-image544.png?resize=350%2C200&ssl=1","width":350,"height":200},"classes":[]},{"id":4146,"url":"https:\/\/artstella-elixirs-floraux.com\/en\/product\/papilio-de-las-especias-sylfos-15ml\/","url_meta":{"origin":5285,"position":5},"title":"PAPILIO DE LAS ESPECIAS SYLFOS 15ML","author":"eveapprill","date":"9 March 2025","format":false,"excerpt":"PAPILIO DE LAS ESPECIAS Papilio troilus Renouveau \u2013 Amour \u2013 Sexualit\u00e9 Amour \u00e9rotique et passion pour trouver votre partenaire. Renouveau de la vie amoureuse lorsque les choses se trouvent bloqu\u00e9es. Cet \u00e9lixir r\u00e9active le feu au sein d\u2019une relation amoureuse et cr\u00e9ative et efface l\u2019\u00e9loignement qu\u2019impose le temps. R\u00e9novation de\u2026","rel":"","context":"Similar post","block_context":{"text":"Similar post","link":""},"img":{"alt_text":"","src":"https:\/\/i0.wp.com\/artstella-elixirs-floraux.com\/wp-content\/uploads\/2025\/03\/1cdcbbd7-1b9c-4b5e-8f40-4daeedac09c5.jpg?resize=350%2C200&ssl=1","width":350,"height":200,"srcset":"https:\/\/i0.wp.com\/artstella-elixirs-floraux.com\/wp-content\/uploads\/2025\/03\/1cdcbbd7-1b9c-4b5e-8f40-4daeedac09c5.jpg?resize=350%2C200&ssl=1 1x, https:\/\/i0.wp.com\/artstella-elixirs-floraux.com\/wp-content\/uploads\/2025\/03\/1cdcbbd7-1b9c-4b5e-8f40-4daeedac09c5.jpg?resize=525%2C300&ssl=1 1.5x, https:\/\/i0.wp.com\/artstella-elixirs-floraux.com\/wp-content\/uploads\/2025\/03\/1cdcbbd7-1b9c-4b5e-8f40-4daeedac09c5.jpg?resize=700%2C400&ssl=1 2x"},"classes":[]}],"_links":{"self":[{"href":"https:\/\/artstella-elixirs-floraux.com\/en\/wp-json\/wp\/v2\/product\/5285","targetHints":{"allow":["GET"]}}],"collection":[{"href":"https:\/\/artstella-elixirs-floraux.com\/en\/wp-json\/wp\/v2\/product"}],"about":[{"href":"https:\/\/artstella-elixirs-floraux.com\/en\/wp-json\/wp\/v2\/types\/product"}],"version-history":[{"count":0,"href":"https:\/\/artstella-elixirs-floraux.com\/en\/wp-json\/wp\/v2\/product\/5285\/revisions"}],"wp:featuredmedia":[{"embeddable":true,"href":"https:\/\/artstella-elixirs-floraux.com\/en\/wp-json\/wp\/v2\/media\/7588"}],"wp:attachment":[{"href":"https:\/\/artstella-elixirs-floraux.com\/en\/wp-json\/wp\/v2\/media?parent=5285"}],"wp:term":[{"taxonomy":"product_brand","embeddable":true,"href":"https:\/\/artstella-elixirs-floraux.com\/en\/wp-json\/wp\/v2\/product_brand?post=5285"},{"taxonomy":"product_cat","embeddable":true,"href":"https:\/\/artstella-elixirs-floraux.com\/en\/wp-json\/wp\/v2\/product_cat?post=5285"},{"taxonomy":"product_tag","embeddable":true,"href":"https:\/\/artstella-elixirs-floraux.com\/en\/wp-json\/wp\/v2\/product_tag?post=5285"}],"curies":[{"name":"wp","href":"https:\/\/api.w.org\/{rel}","templated":true}]}}