{"id":5294,"date":"2025-03-09T13:41:27","date_gmt":"2025-03-09T13:41:27","guid":{"rendered":"https:\/\/artstella-elixirs-floraux.com\/product\/complexe-n7-lacher-prise-deva-30ml\/"},"modified":"2025-06-02T06:46:51","modified_gmt":"2025-06-02T06:46:51","slug":"complexe-n7-lacher-prise-deva-30ml","status":"publish","type":"product","link":"https:\/\/artstella-elixirs-floraux.com\/en\/product\/complexe-n7-lacher-prise-deva-30ml\/","title":{"rendered":"COMPLEXE N\u00b07 Lacher prise DEVA 30ML"},"content":{"rendered":"<p>Comprend Ch\u00eane, Edelweiss, Marronnier blanc, Orme et Romarin<\/p>","protected":false},"excerpt":{"rendered":"<p>Le compos\u00e9 floral <strong>n\u00b0 07 LACHER PRISE<\/strong>\u00a0est conseill\u00e9 aux personnes en situations de surmenage. Il apporte la capacit\u00e9\u00a0de l\u00e2cher prise et le discernement pour trouver un juste \u00e9quilibre de leurs responsabilit\u00e9s. Il donne un regain de vitalit\u00e9 pour faire face au quotidien.<\/p>","protected":false},"featured_media":7590,"template":"","meta":[],"product_brand":[],"product_cat":[118,82,328],"product_tag":[],"class_list":{"0":"post-5294","1":"product","2":"type-product","3":"status-publish","4":"has-post-thumbnail","6":"product_cat-elixir-deva","7":"product_cat-elixirs","8":"product_cat-composes-deva","10":"first","11":"instock","12":"taxable","13":"shipping-taxable","14":"purchasable","15":"product-type-simple"},"etheme_brands":{"errors":{"invalid_taxonomy":["Invalid taxonomy."]},"error_data":[]},"jetpack_sharing_enabled":true,"jetpack-related-posts":[{"id":6329,"url":"https:\/\/artstella-elixirs-floraux.com\/en\/product\/liberte-lacher-prise-compose-sylfos\/","url_meta":{"origin":5294,"position":0},"title":"Libert\u00e9 L\u00e2cher Prise compos\u00e9 Sylfos","author":"eveapprill","date":"9 March 2025","format":false,"excerpt":"Pour ceux qui souhaitent surmonter les diverses d\u00e9pendances. Ce compos\u00e9 aide \u00e0 la d\u00e9sintoxication psychophysique, en particulier lorsque des substances nocives pour la sant\u00e9 ont \u00e9t\u00e9 consomm\u00e9es de mani\u00e8re excessive.","rel":"","context":"Similar post","block_context":{"text":"Similar post","link":""},"img":{"alt_text":"","src":"https:\/\/i0.wp.com\/artstella-elixirs-floraux.com\/wp-content\/uploads\/2025\/03\/70490e66-ecee-4746-8f2c-19530c060dcf.jpg?resize=350%2C200&ssl=1","width":350,"height":200,"srcset":"https:\/\/i0.wp.com\/artstella-elixirs-floraux.com\/wp-content\/uploads\/2025\/03\/70490e66-ecee-4746-8f2c-19530c060dcf.jpg?resize=350%2C200&ssl=1 1x, https:\/\/i0.wp.com\/artstella-elixirs-floraux.com\/wp-content\/uploads\/2025\/03\/70490e66-ecee-4746-8f2c-19530c060dcf.jpg?resize=525%2C300&ssl=1 1.5x, https:\/\/i0.wp.com\/artstella-elixirs-floraux.com\/wp-content\/uploads\/2025\/03\/70490e66-ecee-4746-8f2c-19530c060dcf.jpg?resize=700%2C400&ssl=1 2x"},"classes":[]},{"id":5700,"url":"https:\/\/artstella-elixirs-floraux.com\/en\/product\/gueule-de-loup-15ml-deva\/","url_meta":{"origin":5294,"position":1},"title":"Gueule de Loup 15ml DEVA","author":"eveapprill","date":"9 March 2025","format":false,"excerpt":"Gueule de Loup Expression de la parole vraie, l\u00e2cher-prise. Permet de se lib\u00e9rer des \u00e9motions r\u00e9prim\u00e9es et favorise le l\u00e2cher-prise \u00e0 travers l\u2019expression verbale.","rel":"","context":"Similar post","block_context":{"text":"Similar post","link":""},"img":{"alt_text":"","src":"https:\/\/i0.wp.com\/artstella-elixirs-floraux.com\/wp-content\/uploads\/2025\/03\/wp-image2407.png?resize=350%2C200&ssl=1","width":350,"height":200},"classes":[]},{"id":5376,"url":"https:\/\/artstella-elixirs-floraux.com\/en\/product\/agua-marina-listada-15-ml-sylfos\/","url_meta":{"origin":5294,"position":2},"title":"AGUA MARINA LISTADA 15 ML SYLFOS","author":"eveapprill","date":"9 March 2025","format":false,"excerpt":"22 - AGUA-MARINA LISTADA \/ AIGUE MARINE RAY\u00c9E Oenomaus ortygnus\u00a0 L\u00e2cher-prise \u2013 Renouveau \u2013 Abondance Cet \u00e9lixir permet de l\u00e2cher tout ce qui est ancien de fa\u00e7on a ce que le nouveau puisse entrer. Il permet de l\u00e2cher ce qui ne nous sert plus et qui emp\u00eache notre cheminement. Il\u2026","rel":"","context":"Similar post","block_context":{"text":"Similar post","link":""},"img":{"alt_text":"","src":"https:\/\/i0.wp.com\/artstella-elixirs-floraux.com\/wp-content\/uploads\/2025\/03\/6e9f3bfa-15ed-4531-8eb6-5b1de3a744f8.jpg?resize=350%2C200&ssl=1","width":350,"height":200,"srcset":"https:\/\/i0.wp.com\/artstella-elixirs-floraux.com\/wp-content\/uploads\/2025\/03\/6e9f3bfa-15ed-4531-8eb6-5b1de3a744f8.jpg?resize=350%2C200&ssl=1 1x, https:\/\/i0.wp.com\/artstella-elixirs-floraux.com\/wp-content\/uploads\/2025\/03\/6e9f3bfa-15ed-4531-8eb6-5b1de3a744f8.jpg?resize=525%2C300&ssl=1 1.5x, https:\/\/i0.wp.com\/artstella-elixirs-floraux.com\/wp-content\/uploads\/2025\/03\/6e9f3bfa-15ed-4531-8eb6-5b1de3a744f8.jpg?resize=700%2C400&ssl=1 2x"},"classes":[]},{"id":3657,"url":"https:\/\/artstella-elixirs-floraux.com\/en\/product\/53-sacral-release-ltoe-15-ml\/","url_meta":{"origin":5294,"position":3},"title":"53. SACRAL RELEASE LTOE 15 ML","author":"eveapprill","date":"9 March 2025","format":false,"excerpt":"Sacral Release\/ Lib\u00e9ration sacrale V\u00e9hiculant s\u00e9curit\u00e9 et force, il soutient l'\u00e9nergie vitale qui aide au l\u00e2cher prise.","rel":"","context":"Similar post","block_context":{"text":"Similar post","link":""},"img":{"alt_text":"","src":"https:\/\/i0.wp.com\/artstella-elixirs-floraux.com\/wp-content\/uploads\/2025\/03\/6e154e2b-ecb4-4f43-bda7-dd59af754b4e.jpg?resize=350%2C200&ssl=1","width":350,"height":200,"srcset":"https:\/\/i0.wp.com\/artstella-elixirs-floraux.com\/wp-content\/uploads\/2025\/03\/6e154e2b-ecb4-4f43-bda7-dd59af754b4e.jpg?resize=350%2C200&ssl=1 1x, https:\/\/i0.wp.com\/artstella-elixirs-floraux.com\/wp-content\/uploads\/2025\/03\/6e154e2b-ecb4-4f43-bda7-dd59af754b4e.jpg?resize=525%2C300&ssl=1 1.5x, https:\/\/i0.wp.com\/artstella-elixirs-floraux.com\/wp-content\/uploads\/2025\/03\/6e154e2b-ecb4-4f43-bda7-dd59af754b4e.jpg?resize=700%2C400&ssl=1 2x"},"classes":[]},{"id":2621,"url":"https:\/\/artstella-elixirs-floraux.com\/en\/product\/autumn-leaves-bush-15ml\/","url_meta":{"origin":5294,"position":4},"title":"AUTUMN LEAVES BUSH 15ML","author":"eveapprill","date":"9 March 2025","format":false,"excerpt":"AUTUMN LEAVES permet d'entendre, voir et ressentir la communication de l'autre c\u00f4t\u00e9 du miroir et ainsi d'\u00eatre ouvert(e) \u00e0 cette guidance et \u00e0 cette communication. Il accentue d'avantage la notion de l\u00e2cher prise et d'approfondissement. Les feuilles elles-m\u00eames furent cueillies dans une r\u00e9gion sacr\u00e9e en Automne, au moment pr\u00e9cis de\u2026","rel":"","context":"Similar post","block_context":{"text":"Similar post","link":""},"img":{"alt_text":"","src":"https:\/\/i0.wp.com\/artstella-elixirs-floraux.com\/wp-content\/uploads\/2025\/03\/wp-image261.png?resize=350%2C200&ssl=1","width":350,"height":200},"classes":[]},{"id":4060,"url":"https:\/\/artstella-elixirs-floraux.com\/en\/product\/palo-borracho-15-ml-sylfos\/","url_meta":{"origin":5294,"position":5},"title":"PALO BORRACHO  SYLFOS","author":"eveapprill","date":"9 March 2025","format":false,"excerpt":"PALO BORRACHO Chorisia speciosa L\u00e2cher prise, acceptation de soi, confiance. Pour les personnes qui se prot\u00e8gent en adoptant une attitude ferm\u00e9e et antipathique envers leur environnement et leur entourage.","rel":"","context":"Similar post","block_context":{"text":"Similar post","link":""},"img":{"alt_text":"","src":"","width":0,"height":0},"classes":[]}],"_links":{"self":[{"href":"https:\/\/artstella-elixirs-floraux.com\/en\/wp-json\/wp\/v2\/product\/5294","targetHints":{"allow":["GET"]}}],"collection":[{"href":"https:\/\/artstella-elixirs-floraux.com\/en\/wp-json\/wp\/v2\/product"}],"about":[{"href":"https:\/\/artstella-elixirs-floraux.com\/en\/wp-json\/wp\/v2\/types\/product"}],"version-history":[{"count":0,"href":"https:\/\/artstella-elixirs-floraux.com\/en\/wp-json\/wp\/v2\/product\/5294\/revisions"}],"wp:featuredmedia":[{"embeddable":true,"href":"https:\/\/artstella-elixirs-floraux.com\/en\/wp-json\/wp\/v2\/media\/7590"}],"wp:attachment":[{"href":"https:\/\/artstella-elixirs-floraux.com\/en\/wp-json\/wp\/v2\/media?parent=5294"}],"wp:term":[{"taxonomy":"product_brand","embeddable":true,"href":"https:\/\/artstella-elixirs-floraux.com\/en\/wp-json\/wp\/v2\/product_brand?post=5294"},{"taxonomy":"product_cat","embeddable":true,"href":"https:\/\/artstella-elixirs-floraux.com\/en\/wp-json\/wp\/v2\/product_cat?post=5294"},{"taxonomy":"product_tag","embeddable":true,"href":"https:\/\/artstella-elixirs-floraux.com\/en\/wp-json\/wp\/v2\/product_tag?post=5294"}],"curies":[{"name":"wp","href":"https:\/\/api.w.org\/{rel}","templated":true}]}}