{"id":5318,"date":"2025-03-09T13:41:46","date_gmt":"2025-03-09T13:41:46","guid":{"rendered":"https:\/\/artstella-elixirs-floraux.com\/product\/separation-deva-animaux-30-ml\/"},"modified":"2025-04-06T08:25:26","modified_gmt":"2025-04-06T08:25:26","slug":"separation-deva-animaux-30-ml","status":"publish","type":"product","link":"https:\/\/artstella-elixirs-floraux.com\/en\/product\/separation-deva-animaux-30-ml\/","title":{"rendered":"SEPARATION DEVA ANIMAUX 30 ML"},"content":{"rendered":"","protected":false},"excerpt":{"rendered":"<p><strong>SEPARATION<\/strong><\/p>\n<p>Ce compos\u00e9 est conseill\u00e9 pour aider \u00e0 surmonter toutes les situations de s\u00e9paration temporaire avec leurs ma\u00eetres (d\u00e9part en vacances, d\u00e9part des enfants pour les \u00e9tudes, absence quotidienne pour le travail&#8230;)<\/p>\n<p>\u00a0<\/p>","protected":false},"featured_media":7585,"template":"","meta":[],"product_brand":[],"product_cat":[174],"product_tag":[],"class_list":{"0":"post-5318","1":"product","2":"type-product","3":"status-publish","4":"has-post-thumbnail","6":"product_cat-les-composes-special-animaux","8":"first","9":"instock","10":"taxable","11":"shipping-taxable","12":"purchasable","13":"product-type-simple"},"etheme_brands":{"errors":{"invalid_taxonomy":["Invalid taxonomy."]},"error_data":[]},"jetpack_sharing_enabled":true,"jetpack-related-posts":[{"id":2174,"url":"https:\/\/artstella-elixirs-floraux.com\/en\/product\/green-fairy-orchid-alaskan\/","url_meta":{"origin":5318,"position":0},"title":"Green fairy orchid Alaskan","author":"eveapprill","date":"9 March 2025","format":false,"excerpt":"Green fairy orchid. Hammarbya paludosa D\u00e9s\u00e9quilibre de base entre les aspects masculins et f\u00e9minins du moi ; difficult\u00e9 \u00e0 r\u00e9soudre les conflits internes ; maintient la s\u00e9paration par la d\u00e9fensive.","rel":"","context":"Similar post","block_context":{"text":"Similar post","link":""},"img":{"alt_text":"","src":"https:\/\/i0.wp.com\/artstella-elixirs-floraux.com\/wp-content\/uploads\/2025\/03\/wp-image539.png?resize=350%2C200&ssl=1","width":350,"height":200},"classes":[]},{"id":5058,"url":"https:\/\/artstella-elixirs-floraux.com\/en\/product\/celestite-alas-gem-recher-30ml\/","url_meta":{"origin":5318,"position":1},"title":"CELESTITE ALAS GEM RECHER 30ML","author":"eveapprill","date":"9 March 2025","format":false,"excerpt":"Celestite \u2013 C\u00e9lestite Indication : tristesses non r\u00e9solues\u00a0; angoisses r\u00e9sultant de pertes pass\u00e9es\u00a0; anxi\u00e9t\u00e9 de s\u00e9paration\u00a0; vision int\u00e9rieure et ext\u00e9rieure bloqu\u00e9e par la tension et la douleur.","rel":"","context":"Similar post","block_context":{"text":"Similar post","link":""},"img":{"alt_text":"","src":"https:\/\/i0.wp.com\/artstella-elixirs-floraux.com\/wp-content\/uploads\/2025\/03\/wp-image1403.png?resize=350%2C200&ssl=1","width":350,"height":200},"classes":[]},{"id":5629,"url":"https:\/\/artstella-elixirs-floraux.com\/en\/product\/aubepine-15-ml\/","url_meta":{"origin":5318,"position":2},"title":"Aub\u00e9pine 15 ml","author":"eveapprill","date":"9 March 2025","format":false,"excerpt":"Aub\u00e9pine Paix du c\u0153ur. Pour se lib\u00e9rer des influences ext\u00e9rieures et des attachements \u00e9motionnels. Adoucit la douleur de la s\u00e9paration et apaise le chagrin. Soulage les peines de coeur.","rel":"","context":"Similar post","block_context":{"text":"Similar post","link":""},"img":{"alt_text":"","src":"https:\/\/i0.wp.com\/artstella-elixirs-floraux.com\/wp-content\/uploads\/2025\/03\/wp-image1817.png?resize=350%2C200&ssl=1","width":350,"height":200},"classes":[]},{"id":3904,"url":"https:\/\/artstella-elixirs-floraux.com\/en\/product\/alligator-15-ml-phi\/","url_meta":{"origin":5318,"position":3},"title":"ALLIGATOR 15 ML PHI","author":"eveapprill","date":"27 May 2025","format":false,"excerpt":"Alligator (Crocodylus Acutus) permet de transformer les vieux sch\u00e9mas pour nous en s\u00e9parer. Quand nous sentons que ces anciens sch\u00e9mas et traditions ne nous correspondent plus et handicapent notre d\u00e9veloppement.","rel":"","context":"Similar post","block_context":{"text":"Similar post","link":""},"img":{"alt_text":"","src":"https:\/\/i0.wp.com\/artstella-elixirs-floraux.com\/wp-content\/uploads\/2025\/03\/wp-image731.png?resize=350%2C200&ssl=1","width":350,"height":200},"classes":[]},{"id":5420,"url":"https:\/\/artstella-elixirs-floraux.com\/en\/product\/angelique-engelwortel-10ml\/","url_meta":{"origin":5318,"position":4},"title":"Ang\u00e9lique ENGELWORTEL 10ML","author":"eveapprill","date":"9 March 2025","format":false,"excerpt":"Angelica archangelica(Ang\u00e9lique)\u00a0Engelwortel Apporte la protection des royaumes spirituels et l\u2019aide des forces b\u00e9n\u00e9fiques d\u2019en haut, la protection des \u201canges\u201d, et notamment dans des situations o\u00f9 l\u2019on traverse la s\u00e9paration avec \u00ab\u00a0l\u2019autre c\u00f4t\u00e9\u00a0\u00bb","rel":"","context":"Similar post","block_context":{"text":"Similar post","link":""},"img":{"alt_text":"","src":"","width":0,"height":0},"classes":[]},{"id":3790,"url":"https:\/\/artstella-elixirs-floraux.com\/en\/product\/fullhorn-cattleya-phi\/","url_meta":{"origin":5318,"position":5},"title":"FULLHORN CATTLEYA PHI","author":"eveapprill","date":"9 March 2025","format":false,"excerpt":"F\u00fcllhorn cattleya (Cattleya warscewiczii) Nous apprenons \u00e0 devenir comme une corne d'abondance : \u00e0 donner et \u00e0 recevoir. Nous apprenons \u00e0 faire l'exp\u00e9rience de l'amour universel et \u00e0 reconna\u00eetre qu'il n'existe aucune s\u00e9paration.","rel":"","context":"Similar post","block_context":{"text":"Similar post","link":""},"img":{"alt_text":"","src":"https:\/\/i0.wp.com\/artstella-elixirs-floraux.com\/wp-content\/uploads\/2025\/03\/wp-image508.png?resize=350%2C200&ssl=1","width":350,"height":200},"classes":[]}],"_links":{"self":[{"href":"https:\/\/artstella-elixirs-floraux.com\/en\/wp-json\/wp\/v2\/product\/5318","targetHints":{"allow":["GET"]}}],"collection":[{"href":"https:\/\/artstella-elixirs-floraux.com\/en\/wp-json\/wp\/v2\/product"}],"about":[{"href":"https:\/\/artstella-elixirs-floraux.com\/en\/wp-json\/wp\/v2\/types\/product"}],"version-history":[{"count":0,"href":"https:\/\/artstella-elixirs-floraux.com\/en\/wp-json\/wp\/v2\/product\/5318\/revisions"}],"wp:featuredmedia":[{"embeddable":true,"href":"https:\/\/artstella-elixirs-floraux.com\/en\/wp-json\/wp\/v2\/media\/7585"}],"wp:attachment":[{"href":"https:\/\/artstella-elixirs-floraux.com\/en\/wp-json\/wp\/v2\/media?parent=5318"}],"wp:term":[{"taxonomy":"product_brand","embeddable":true,"href":"https:\/\/artstella-elixirs-floraux.com\/en\/wp-json\/wp\/v2\/product_brand?post=5318"},{"taxonomy":"product_cat","embeddable":true,"href":"https:\/\/artstella-elixirs-floraux.com\/en\/wp-json\/wp\/v2\/product_cat?post=5318"},{"taxonomy":"product_tag","embeddable":true,"href":"https:\/\/artstella-elixirs-floraux.com\/en\/wp-json\/wp\/v2\/product_tag?post=5318"}],"curies":[{"name":"wp","href":"https:\/\/api.w.org\/{rel}","templated":true}]}}