{"id":5320,"date":"2025-03-09T13:41:48","date_gmt":"2025-03-09T13:41:48","guid":{"rendered":"https:\/\/artstella-elixirs-floraux.com\/product\/transport-deva-animaux-30-ml\/"},"modified":"2025-04-06T08:25:26","modified_gmt":"2025-04-06T08:25:26","slug":"transport-deva-animaux-30-ml","status":"publish","type":"product","link":"https:\/\/artstella-elixirs-floraux.com\/en\/product\/transport-deva-animaux-30-ml\/","title":{"rendered":"TRANSPORT DEVA ANIMAUX 30 ML"},"content":{"rendered":"","protected":false},"excerpt":{"rendered":"<p><strong>TRANSPORT<\/strong><\/p>\n<p>Ce compos\u00e9 est conseill\u00e9 dans toutes les situations o\u00f9 l&rsquo;animal est amen\u00e9 \u00e0 se d\u00e9placer (court et long trajet).<\/p>\n<p>Il est recommand\u00e9 pour les animaux anxieux, en panique lors d&rsquo;un d\u00e9placement ou sujets au mal des transports.TRANSPORT DEVA ANIMAUX 30 ML<\/p>","protected":false},"featured_media":7586,"template":"","meta":[],"product_brand":[],"product_cat":[174],"product_tag":[],"class_list":{"0":"post-5320","1":"product","2":"type-product","3":"status-publish","4":"has-post-thumbnail","6":"product_cat-les-composes-special-animaux","8":"first","9":"instock","10":"taxable","11":"shipping-taxable","12":"purchasable","13":"product-type-simple"},"etheme_brands":{"errors":{"invalid_taxonomy":["Invalid taxonomy."]},"error_data":[]},"jetpack_sharing_enabled":true,"jetpack-related-posts":[{"id":5316,"url":"https:\/\/artstella-elixirs-floraux.com\/en\/product\/concours-deva-animaux-30-ml\/","url_meta":{"origin":5320,"position":0},"title":"CONCOURS DEVA ANIMAUX 30 ML","author":"eveapprill","date":"9 March 2025","format":false,"excerpt":"CONCOURS - Stress Pour toutes les situations \u00a0de concours, expositions, comp\u00e9titions... o\u00f9 l'animal est soumis au stress et \u00e0 un environnement d\u00e9stabilisant. Apporte confiance, courage, pers\u00e9v\u00e9rance. Permet de conserver son int\u00e9grit\u00e9 en cas de stress intense.CONCOURS DEVA ANIMAUX 30 ML","rel":"","context":"Similar post","block_context":{"text":"Similar post","link":""},"img":{"alt_text":"","src":"https:\/\/i0.wp.com\/artstella-elixirs-floraux.com\/wp-content\/uploads\/2025\/03\/8c17c799-0cb7-4ae6-975c-f83106173cb0.jpg?resize=350%2C200&ssl=1","width":350,"height":200,"srcset":"https:\/\/i0.wp.com\/artstella-elixirs-floraux.com\/wp-content\/uploads\/2025\/03\/8c17c799-0cb7-4ae6-975c-f83106173cb0.jpg?resize=350%2C200&ssl=1 1x, https:\/\/i0.wp.com\/artstella-elixirs-floraux.com\/wp-content\/uploads\/2025\/03\/8c17c799-0cb7-4ae6-975c-f83106173cb0.jpg?resize=525%2C300&ssl=1 1.5x, https:\/\/i0.wp.com\/artstella-elixirs-floraux.com\/wp-content\/uploads\/2025\/03\/8c17c799-0cb7-4ae6-975c-f83106173cb0.jpg?resize=700%2C400&ssl=1 2x"},"classes":[]},{"id":5318,"url":"https:\/\/artstella-elixirs-floraux.com\/en\/product\/separation-deva-animaux-30-ml\/","url_meta":{"origin":5320,"position":1},"title":"SEPARATION DEVA ANIMAUX 30 ML","author":"eveapprill","date":"9 March 2025","format":false,"excerpt":"SEPARATION Ce compos\u00e9 est conseill\u00e9 pour aider \u00e0 surmonter toutes les situations de s\u00e9paration temporaire avec leurs ma\u00eetres (d\u00e9part en vacances, d\u00e9part des enfants pour les \u00e9tudes, absence quotidienne pour le travail...) \u00a0","rel":"","context":"Similar post","block_context":{"text":"Similar post","link":""},"img":{"alt_text":"","src":"https:\/\/i0.wp.com\/artstella-elixirs-floraux.com\/wp-content\/uploads\/2025\/03\/75c1fa7e-db5d-46f6-b128-95473aff9b09.jpg?resize=350%2C200&ssl=1","width":350,"height":200,"srcset":"https:\/\/i0.wp.com\/artstella-elixirs-floraux.com\/wp-content\/uploads\/2025\/03\/75c1fa7e-db5d-46f6-b128-95473aff9b09.jpg?resize=350%2C200&ssl=1 1x, https:\/\/i0.wp.com\/artstella-elixirs-floraux.com\/wp-content\/uploads\/2025\/03\/75c1fa7e-db5d-46f6-b128-95473aff9b09.jpg?resize=525%2C300&ssl=1 1.5x, https:\/\/i0.wp.com\/artstella-elixirs-floraux.com\/wp-content\/uploads\/2025\/03\/75c1fa7e-db5d-46f6-b128-95473aff9b09.jpg?resize=700%2C400&ssl=1 2x"},"classes":[]},{"id":5314,"url":"https:\/\/artstella-elixirs-floraux.com\/en\/product\/adoption-deva-animaux-30-ml\/","url_meta":{"origin":5320,"position":2},"title":"ADOPTION DEVA ANIMAUX 30 ML","author":"eveapprill","date":"9 March 2025","format":false,"excerpt":"ADOPTION Ce compos\u00e9 s'adresse \u00e0 tous les animaux qui arrivent dans un nouveau foyer (naissance, adoption,...). Apporte calme et r\u00e9confort. Facilite l'unit\u00e9 et l'harmonie dans le foyer.","rel":"","context":"Similar post","block_context":{"text":"Similar post","link":""},"img":{"alt_text":"","src":"https:\/\/i0.wp.com\/artstella-elixirs-floraux.com\/wp-content\/uploads\/2025\/03\/c47cd009-4595-4581-a3d0-55a1baee6d9a.jpg?resize=350%2C200&ssl=1","width":350,"height":200,"srcset":"https:\/\/i0.wp.com\/artstella-elixirs-floraux.com\/wp-content\/uploads\/2025\/03\/c47cd009-4595-4581-a3d0-55a1baee6d9a.jpg?resize=350%2C200&ssl=1 1x, https:\/\/i0.wp.com\/artstella-elixirs-floraux.com\/wp-content\/uploads\/2025\/03\/c47cd009-4595-4581-a3d0-55a1baee6d9a.jpg?resize=525%2C300&ssl=1 1.5x, https:\/\/i0.wp.com\/artstella-elixirs-floraux.com\/wp-content\/uploads\/2025\/03\/c47cd009-4595-4581-a3d0-55a1baee6d9a.jpg?resize=700%2C400&ssl=1 2x"},"classes":[]},{"id":4239,"url":"https:\/\/artstella-elixirs-floraux.com\/en\/product\/hummingbird-colibri-wea-30-ml\/","url_meta":{"origin":5320,"position":3},"title":"HUMMINGBIRD\/COLIBRI WEA 30 ML","author":"eveapprill","date":"9 March 2025","format":false,"excerpt":"Hummingbird (colobri) D\u00e9veloppe des sentiments de joie et de bonheur devant le cadeau d\u2019\u00eatre vivant. Pour \u00ab\u00a0s\u2019\u00e9gayer\u00a0\u00bb. Aide \u00e0 se purifier en douceur. Utile dans les moments de transition physique (voyage, d\u00e9placement, etc.).","rel":"","context":"Similar post","block_context":{"text":"Similar post","link":""},"img":{"alt_text":"","src":"https:\/\/i0.wp.com\/artstella-elixirs-floraux.com\/wp-content\/uploads\/2025\/03\/wp-image2265.png?resize=350%2C200&ssl=1","width":350,"height":200,"srcset":"https:\/\/i0.wp.com\/artstella-elixirs-floraux.com\/wp-content\/uploads\/2025\/03\/wp-image2265.png?resize=350%2C200&ssl=1 1x, https:\/\/i0.wp.com\/artstella-elixirs-floraux.com\/wp-content\/uploads\/2025\/03\/wp-image2265.png?resize=525%2C300&ssl=1 1.5x, https:\/\/i0.wp.com\/artstella-elixirs-floraux.com\/wp-content\/uploads\/2025\/03\/wp-image2265.png?resize=700%2C400&ssl=1 2x"},"classes":[]},{"id":4215,"url":"https:\/\/artstella-elixirs-floraux.com\/en\/product\/crow-corbeau-wea-30-ml\/","url_meta":{"origin":5320,"position":4},"title":"CROW\/CORBEAU WEA 30 ML","author":"eveapprill","date":"9 March 2025","format":false,"excerpt":"Crow (corbeau\/corneille) Favorise le d\u00e9veloppement des capacit\u00e9s intuitives et du pouvoir chamanique. Pour se d\u00e9placer entre les diff\u00e9rents royaumes, pour transpercer l\u2019illusion. \u00ab\u00a0Ouvrez vos yeux, ouvrez vos oreilles, car tout n\u2019est pas comme il para\u00eet\u00a0\u00bb.","rel":"","context":"Similar post","block_context":{"text":"Similar post","link":""},"img":{"alt_text":"","src":"https:\/\/i0.wp.com\/artstella-elixirs-floraux.com\/wp-content\/uploads\/2025\/03\/wp-image2252.png?resize=350%2C200&ssl=1","width":350,"height":200,"srcset":"https:\/\/i0.wp.com\/artstella-elixirs-floraux.com\/wp-content\/uploads\/2025\/03\/wp-image2252.png?resize=350%2C200&ssl=1 1x, https:\/\/i0.wp.com\/artstella-elixirs-floraux.com\/wp-content\/uploads\/2025\/03\/wp-image2252.png?resize=525%2C300&ssl=1 1.5x"},"classes":[]},{"id":4385,"url":"https:\/\/artstella-elixirs-floraux.com\/en\/product\/saved-by-the-animals-30-ml\/","url_meta":{"origin":5320,"position":5},"title":"SAVED BY THE ANIMALS 30 ML","author":"eveapprill","date":"9 March 2025","format":false,"excerpt":"","rel":"","context":"Similar post","block_context":{"text":"Similar post","link":""},"img":{"alt_text":"","src":"https:\/\/i0.wp.com\/artstella-elixirs-floraux.com\/wp-content\/uploads\/2025\/03\/wp-image2182.png?resize=350%2C200&ssl=1","width":350,"height":200},"classes":[]}],"_links":{"self":[{"href":"https:\/\/artstella-elixirs-floraux.com\/en\/wp-json\/wp\/v2\/product\/5320","targetHints":{"allow":["GET"]}}],"collection":[{"href":"https:\/\/artstella-elixirs-floraux.com\/en\/wp-json\/wp\/v2\/product"}],"about":[{"href":"https:\/\/artstella-elixirs-floraux.com\/en\/wp-json\/wp\/v2\/types\/product"}],"version-history":[{"count":0,"href":"https:\/\/artstella-elixirs-floraux.com\/en\/wp-json\/wp\/v2\/product\/5320\/revisions"}],"wp:featuredmedia":[{"embeddable":true,"href":"https:\/\/artstella-elixirs-floraux.com\/en\/wp-json\/wp\/v2\/media\/7586"}],"wp:attachment":[{"href":"https:\/\/artstella-elixirs-floraux.com\/en\/wp-json\/wp\/v2\/media?parent=5320"}],"wp:term":[{"taxonomy":"product_brand","embeddable":true,"href":"https:\/\/artstella-elixirs-floraux.com\/en\/wp-json\/wp\/v2\/product_brand?post=5320"},{"taxonomy":"product_cat","embeddable":true,"href":"https:\/\/artstella-elixirs-floraux.com\/en\/wp-json\/wp\/v2\/product_cat?post=5320"},{"taxonomy":"product_tag","embeddable":true,"href":"https:\/\/artstella-elixirs-floraux.com\/en\/wp-json\/wp\/v2\/product_tag?post=5320"}],"curies":[{"name":"wp","href":"https:\/\/api.w.org\/{rel}","templated":true}]}}