{"id":5356,"date":"2025-03-09T13:42:18","date_gmt":"2025-03-09T13:42:18","guid":{"rendered":"https:\/\/artstella-elixirs-floraux.com\/product\/cartes-du-chemin-de-guerison\/"},"modified":"2026-04-07T07:51:01","modified_gmt":"2026-04-07T07:51:01","slug":"cartes-du-chemin-de-guerison","status":"publish","type":"product","link":"https:\/\/artstella-elixirs-floraux.com\/en\/product\/cartes-du-chemin-de-guerison\/","title":{"rendered":"CARTES DU CHEMIN DE GUERISON"},"content":{"rendered":"<p>Cet oracle, compos\u00e9 de 45 cartes magnifiquement illustr\u00e9es et d\u2019un livre explicatif, vous permet d\u2019aller \u00e0 la rencontre d\u2019animaux sauvages puissants et de recevoir leur guidance sur nous. Vous pouvez simplement tirer une carte, qui vous apportera un \u00e9claircissement sur votre situation actuelle, sur une difficult\u00e9 ou une question, ou proc\u00e9der \u00e0 un tirage plus complexe,<br \/>\nqui vous aidera \u00e0 aborder des questions \u00e9motionnelles plus importantes en vous connectant \u00e0 la sagesse des animaux.<\/p>","protected":false},"excerpt":{"rendered":"<p>Les <strong>cartes du chemin de Gu\u00e9rison<\/strong> par Daniel Mapel cr\u00e9ateur des \u00e9lixirs Wild Earth Animals !<\/p>\n<p>Ce livre et les cartes des animaux vous permettent d&rsquo;acc\u00e9der au coeur de l&rsquo;enseignement de Daniel et des animaux!!!<\/p>","protected":false},"featured_media":11528,"template":"","meta":[],"product_brand":[],"product_cat":[149],"product_tag":[],"class_list":{"0":"post-5356","1":"product","2":"type-product","3":"status-publish","4":"has-post-thumbnail","6":"product_cat-wea-essences","8":"first","9":"instock","10":"taxable","11":"shipping-taxable","12":"purchasable","13":"product-type-simple"},"etheme_brands":{"errors":{"invalid_taxonomy":["Invalid taxonomy."]},"error_data":[]},"jetpack_sharing_enabled":true,"jetpack-related-posts":[{"id":6000,"url":"https:\/\/artstella-elixirs-floraux.com\/en\/product\/le-pouvoir-de-guerison-des-animaux-a-korte\/","url_meta":{"origin":5356,"position":0},"title":"Le pouvoir de gu\u00e9rison des animaux A. Korte","author":"eveapprill","date":"9 March 2025","format":false,"excerpt":"Nouveau ! Le dernier livre d'Andreas Korte paru en fran\u00e7ais reprenant ses recherches sur ses rencontres avec les animaux, leur pouvoir de gu\u00e9rison et les \u00e9lixirs qu'ils en a recueilli.","rel":"","context":"Similar post","block_context":{"text":"Similar post","link":""},"img":{"alt_text":"","src":"https:\/\/i0.wp.com\/artstella-elixirs-floraux.com\/wp-content\/uploads\/2025\/03\/wp-image2019.png?resize=350%2C200&ssl=1","width":350,"height":200},"classes":[]},{"id":4598,"url":"https:\/\/artstella-elixirs-floraux.com\/en\/product\/animal-healing-bush-essences\/","url_meta":{"origin":5356,"position":1},"title":"ANIMAL HEALING BUSH ESSENCES","author":"eveapprill","date":"9 March 2025","format":false,"excerpt":"ANIMAL HEALING BUSH ESSENCES","rel":"","context":"Similar post","block_context":{"text":"Similar post","link":""},"img":{"alt_text":"","src":"","width":0,"height":0},"classes":[]},{"id":5253,"url":"https:\/\/artstella-elixirs-floraux.com\/en\/product\/jeu-de-60-cartes-danimaux\/","url_meta":{"origin":5356,"position":2},"title":"Jeu de 60 cartes d&rsquo;Animaux","author":"eveapprill","date":"9 March 2025","format":false,"excerpt":"Jeu de cartes r\u00e9pr\u00e9senatnt les 60 animaux dont Andr\u00e9as Korte a r\u00e9alis\u00e9 un \u00e9lixir (sans aucun dommage pour les animaux)","rel":"","context":"Similar post","block_context":{"text":"Similar post","link":""},"img":{"alt_text":"","src":"https:\/\/i0.wp.com\/artstella-elixirs-floraux.com\/wp-content\/uploads\/2025\/03\/wp-image2490.png?resize=350%2C200&ssl=1","width":350,"height":200},"classes":[]},{"id":4197,"url":"https:\/\/artstella-elixirs-floraux.com\/en\/product\/livre-anglais-wild-earth-animal\/","url_meta":{"origin":5356,"position":3},"title":"LIVRE ANGLAIS WILD EARTH ANIMAL","author":"","date":"9 March 2025","format":false,"excerpt":"Opuscule d\u00e9crivant les 45 premeirs \u00e9lixirs d'animaux r\u00e9alis\u00e9s par Daniel Mapel, en anglais.","rel":"","context":"Similar post","block_context":{"text":"Similar post","link":""},"img":{"alt_text":"","src":"https:\/\/i0.wp.com\/artstella-elixirs-floraux.com\/wp-content\/uploads\/2025\/03\/wp-image1352.png?resize=350%2C200&ssl=1","width":350,"height":200},"classes":[]},{"id":6386,"url":"https:\/\/artstella-elixirs-floraux.com\/en\/product\/le-livre-les-elixirs-danimaux-par-d-mapel\/","url_meta":{"origin":5356,"position":4},"title":"Le livre \u00ab\u00a0Les \u00e9lixirs d&rsquo;animaux\u00a0\u00bb par D. Mapel","author":"eveapprill","date":"9 March 2025","format":false,"excerpt":"Livre contenant des informations g\u00e9n\u00e9rales au sujet des \u00e9lixirs animaux ainsi que des informations sur tous les \u00e9lixirs et les produits d\u00e9riv\u00e9s de la gamme (descriptifs, photos, affirmations).","rel":"","context":"Similar post","block_context":{"text":"Similar post","link":""},"img":{"alt_text":"","src":"https:\/\/i0.wp.com\/artstella-elixirs-floraux.com\/wp-content\/uploads\/2025\/03\/wp-image2482.png?resize=350%2C200&ssl=1","width":350,"height":200,"srcset":"https:\/\/i0.wp.com\/artstella-elixirs-floraux.com\/wp-content\/uploads\/2025\/03\/wp-image2482.png?resize=350%2C200&ssl=1 1x, https:\/\/i0.wp.com\/artstella-elixirs-floraux.com\/wp-content\/uploads\/2025\/03\/wp-image2482.png?resize=525%2C300&ssl=1 1.5x, https:\/\/i0.wp.com\/artstella-elixirs-floraux.com\/wp-content\/uploads\/2025\/03\/wp-image2482.png?resize=700%2C400&ssl=1 2x"},"classes":[]},{"id":4586,"url":"https:\/\/artstella-elixirs-floraux.com\/en\/product\/la-guerison-bush-australien-tome2\/","url_meta":{"origin":5356,"position":5},"title":"LA GUERISON BUSH AUSTRALIEN TOME 2","author":"eveapprill","date":"9 March 2025","format":false,"excerpt":"A nouveau disponible : Le deuxi\u00e8me livre de Ian White pr\u00e9sentant la suite de ses recherches et des cl\u00e9s pour utiliser les \u00e9lixirs avec diff\u00e9rentes approches.","rel":"","context":"Similar post","block_context":{"text":"Similar post","link":""},"img":{"alt_text":"","src":"https:\/\/i0.wp.com\/artstella-elixirs-floraux.com\/wp-content\/uploads\/2025\/03\/wp-image1368.png?resize=350%2C200&ssl=1","width":350,"height":200,"srcset":"https:\/\/i0.wp.com\/artstella-elixirs-floraux.com\/wp-content\/uploads\/2025\/03\/wp-image1368.png?resize=350%2C200&ssl=1 1x, https:\/\/i0.wp.com\/artstella-elixirs-floraux.com\/wp-content\/uploads\/2025\/03\/wp-image1368.png?resize=525%2C300&ssl=1 1.5x"},"classes":[]}],"_links":{"self":[{"href":"https:\/\/artstella-elixirs-floraux.com\/en\/wp-json\/wp\/v2\/product\/5356","targetHints":{"allow":["GET"]}}],"collection":[{"href":"https:\/\/artstella-elixirs-floraux.com\/en\/wp-json\/wp\/v2\/product"}],"about":[{"href":"https:\/\/artstella-elixirs-floraux.com\/en\/wp-json\/wp\/v2\/types\/product"}],"version-history":[{"count":1,"href":"https:\/\/artstella-elixirs-floraux.com\/en\/wp-json\/wp\/v2\/product\/5356\/revisions"}],"predecessor-version":[{"id":11529,"href":"https:\/\/artstella-elixirs-floraux.com\/en\/wp-json\/wp\/v2\/product\/5356\/revisions\/11529"}],"wp:featuredmedia":[{"embeddable":true,"href":"https:\/\/artstella-elixirs-floraux.com\/en\/wp-json\/wp\/v2\/media\/11528"}],"wp:attachment":[{"href":"https:\/\/artstella-elixirs-floraux.com\/en\/wp-json\/wp\/v2\/media?parent=5356"}],"wp:term":[{"taxonomy":"product_brand","embeddable":true,"href":"https:\/\/artstella-elixirs-floraux.com\/en\/wp-json\/wp\/v2\/product_brand?post=5356"},{"taxonomy":"product_cat","embeddable":true,"href":"https:\/\/artstella-elixirs-floraux.com\/en\/wp-json\/wp\/v2\/product_cat?post=5356"},{"taxonomy":"product_tag","embeddable":true,"href":"https:\/\/artstella-elixirs-floraux.com\/en\/wp-json\/wp\/v2\/product_tag?post=5356"}],"curies":[{"name":"wp","href":"https:\/\/api.w.org\/{rel}","templated":true}]}}