{"id":5358,"date":"2025-03-09T13:42:20","date_gmt":"2025-03-09T13:42:20","guid":{"rendered":"https:\/\/artstella-elixirs-floraux.com\/product\/guide-de-floritherapie\/"},"modified":"2025-05-05T15:20:05","modified_gmt":"2025-05-05T15:20:05","slug":"guide-de-floritherapie","status":"publish","type":"product","link":"https:\/\/artstella-elixirs-floraux.com\/en\/product\/guide-de-floritherapie\/","title":{"rendered":"Guide de florith\u00e9rapie"},"content":{"rendered":"","protected":false},"excerpt":{"rendered":"<p>Guide sur la <strong>florith\u00e9rapie<\/strong> accessible \u00e0 tous, r\u00e9pertoire de\u00a0<strong>134 fleurs<\/strong> avec leur visuel ainsi qu&rsquo;un descriptif complet.<\/p>\n<p><em>90 pages<\/em><\/p>","protected":false},"featured_media":5359,"template":"","meta":[],"product_brand":[],"product_cat":[176],"product_tag":[],"class_list":{"0":"post-5358","1":"product","2":"type-product","3":"status-publish","4":"has-post-thumbnail","6":"product_cat-livres-et-cartes-deva","8":"first","9":"instock","10":"taxable","11":"shipping-taxable","12":"purchasable","13":"product-type-simple"},"etheme_brands":{"errors":{"invalid_taxonomy":["Invalid taxonomy."]},"error_data":[]},"jetpack_sharing_enabled":true,"jetpack-related-posts":[{"id":4826,"url":"https:\/\/artstella-elixirs-floraux.com\/en\/product\/guide-mbp-perelandra\/","url_meta":{"origin":5358,"position":0},"title":"GUIDE MBP PERELANDRA","author":"eveapprill","date":"9 March 2025","format":false,"excerpt":"GUIDE des \u00e9lixirs MBP PERELANDRA","rel":"","context":"Similar post","block_context":{"text":"Similar post","link":""},"img":{"alt_text":"","src":"","width":0,"height":0},"classes":[]},{"id":4824,"url":"https:\/\/artstella-elixirs-floraux.com\/en\/product\/guide-perelandra\/","url_meta":{"origin":5358,"position":1},"title":"GUIDE PERELANDRA","author":"","date":"9 March 2025","format":false,"excerpt":"GUIDE PERELANDRA Guide pratique et d\u00e9finitions des essences de Perelandra","rel":"","context":"Similar post","block_context":{"text":"Similar post","link":""},"img":{"alt_text":"","src":"https:\/\/i0.wp.com\/artstella-elixirs-floraux.com\/wp-content\/uploads\/2025\/03\/wp-image1343.png?resize=350%2C200&ssl=1","width":350,"height":200},"classes":[]},{"id":5362,"url":"https:\/\/artstella-elixirs-floraux.com\/en\/product\/guide-des-elixirs-floraux-europeens-ph-deroide\/","url_meta":{"origin":5358,"position":2},"title":"Guide des Elixirs Floraux Europ\u00e9ens PH. Deroide","author":"eveapprill","date":"9 March 2025","format":false,"excerpt":"Dans cet ouvrage de r\u00e9f\u00e9rence pour le n\u00e9ophyte comme pour le professionnel de la sant\u00e9 le plus exp\u00e9riment\u00e9, Philippe Deroide r\u00e9v\u00e8le l'efficacit\u00e9 des \u00e9lixirs floraux issus de notre environnement proche. 433 pages, 134 photos couleur.","rel":"","context":"Similar post","block_context":{"text":"Similar post","link":""},"img":{"alt_text":"","src":"https:\/\/i0.wp.com\/artstella-elixirs-floraux.com\/wp-content\/uploads\/2025\/03\/wp-image1800.png?resize=350%2C200&ssl=1","width":350,"height":200},"classes":[]},{"id":4831,"url":"https:\/\/artstella-elixirs-floraux.com\/en\/product\/le-jardin-de-perelandra-tome-1\/","url_meta":{"origin":5358,"position":3},"title":"LE JARDIN DE PERELANDRA TOME 1","author":"eveapprill","date":"9 March 2025","format":false,"excerpt":"LE JARDIN DE PERELANDRA TOME 1 Guide complet du Jardinage avec les Intelligences de la nature","rel":"","context":"Similar post","block_context":{"text":"Similar post","link":""},"img":{"alt_text":"","src":"https:\/\/i0.wp.com\/artstella-elixirs-floraux.com\/wp-content\/uploads\/2025\/03\/wp-image1344.png?resize=350%2C200&ssl=1","width":350,"height":200},"classes":[]},{"id":4344,"url":"https:\/\/artstella-elixirs-floraux.com\/en\/product\/raven-corbeau-wea-exp-30-ml\/","url_meta":{"origin":5358,"position":4},"title":"RAVEN\/CORBEAU WEA EXP 30 ML","author":"eveapprill","date":"9 March 2025","format":false,"excerpt":"Raven (corbeau) Calme chamanique\u00a0; conscience lumineuse\u00a0; \u00eatre le myst\u00e8re\u00a0; guide sacr\u00e9 vers les royaumes","rel":"","context":"Similar post","block_context":{"text":"Similar post","link":""},"img":{"alt_text":"","src":"https:\/\/i0.wp.com\/artstella-elixirs-floraux.com\/wp-content\/uploads\/2025\/03\/wp-image2309.png?resize=350%2C200&ssl=1","width":350,"height":200,"srcset":"https:\/\/i0.wp.com\/artstella-elixirs-floraux.com\/wp-content\/uploads\/2025\/03\/wp-image2309.png?resize=350%2C200&ssl=1 1x, https:\/\/i0.wp.com\/artstella-elixirs-floraux.com\/wp-content\/uploads\/2025\/03\/wp-image2309.png?resize=525%2C300&ssl=1 1.5x, https:\/\/i0.wp.com\/artstella-elixirs-floraux.com\/wp-content\/uploads\/2025\/03\/wp-image2309.png?resize=700%2C400&ssl=1 2x"},"classes":[]},{"id":5412,"url":"https:\/\/artstella-elixirs-floraux.com\/en\/product\/achillee-sternutatoire-wilde-bertram\/","url_meta":{"origin":5358,"position":5},"title":"Achill\u00e9e sternutatoire WILDE BERTRAM","author":"eveapprill","date":"9 March 2025","format":false,"excerpt":"Achill\u00e9e sternutatoire - Achillea ptarmica \u2013Sneezewort\u00a0Apporte protectionsur le chemin spirituel. Pour choisir son chemin en fonction de ses propres valeurs et rester ouvert \u00e0 l\u2019aide et aux conseils des autres sans se perdre (m\u00eame de ses guides spirituels)","rel":"","context":"Similar post","block_context":{"text":"Similar post","link":""},"img":{"alt_text":"","src":"https:\/\/i0.wp.com\/artstella-elixirs-floraux.com\/wp-content\/uploads\/2025\/03\/457610c1-e170-4407-a51b-9e5b6a359177.jpg?resize=350%2C200&ssl=1","width":350,"height":200,"srcset":"https:\/\/i0.wp.com\/artstella-elixirs-floraux.com\/wp-content\/uploads\/2025\/03\/457610c1-e170-4407-a51b-9e5b6a359177.jpg?resize=350%2C200&ssl=1 1x, https:\/\/i0.wp.com\/artstella-elixirs-floraux.com\/wp-content\/uploads\/2025\/03\/457610c1-e170-4407-a51b-9e5b6a359177.jpg?resize=525%2C300&ssl=1 1.5x, https:\/\/i0.wp.com\/artstella-elixirs-floraux.com\/wp-content\/uploads\/2025\/03\/457610c1-e170-4407-a51b-9e5b6a359177.jpg?resize=700%2C400&ssl=1 2x"},"classes":[]}],"_links":{"self":[{"href":"https:\/\/artstella-elixirs-floraux.com\/en\/wp-json\/wp\/v2\/product\/5358","targetHints":{"allow":["GET"]}}],"collection":[{"href":"https:\/\/artstella-elixirs-floraux.com\/en\/wp-json\/wp\/v2\/product"}],"about":[{"href":"https:\/\/artstella-elixirs-floraux.com\/en\/wp-json\/wp\/v2\/types\/product"}],"version-history":[{"count":0,"href":"https:\/\/artstella-elixirs-floraux.com\/en\/wp-json\/wp\/v2\/product\/5358\/revisions"}],"wp:featuredmedia":[{"embeddable":true,"href":"https:\/\/artstella-elixirs-floraux.com\/en\/wp-json\/wp\/v2\/media\/5359"}],"wp:attachment":[{"href":"https:\/\/artstella-elixirs-floraux.com\/en\/wp-json\/wp\/v2\/media?parent=5358"}],"wp:term":[{"taxonomy":"product_brand","embeddable":true,"href":"https:\/\/artstella-elixirs-floraux.com\/en\/wp-json\/wp\/v2\/product_brand?post=5358"},{"taxonomy":"product_cat","embeddable":true,"href":"https:\/\/artstella-elixirs-floraux.com\/en\/wp-json\/wp\/v2\/product_cat?post=5358"},{"taxonomy":"product_tag","embeddable":true,"href":"https:\/\/artstella-elixirs-floraux.com\/en\/wp-json\/wp\/v2\/product_tag?post=5358"}],"curies":[{"name":"wp","href":"https:\/\/api.w.org\/{rel}","templated":true}]}}