{"id":5360,"date":"2025-03-09T13:42:21","date_gmt":"2025-03-09T13:42:21","guid":{"rendered":"https:\/\/artstella-elixirs-floraux.com\/product\/les-fleurs-de-bach-pascale-millier\/"},"modified":"2025-06-08T13:57:12","modified_gmt":"2025-06-08T13:57:12","slug":"les-fleurs-de-bach-pascale-millier","status":"publish","type":"product","link":"https:\/\/artstella-elixirs-floraux.com\/en\/product\/les-fleurs-de-bach-pascale-millier\/","title":{"rendered":"LES FLEURS DE BACH PASCALE MILLIER"},"content":{"rendered":"<p>Ce guide commence par retracer l&rsquo;histoire, les fondements et les principes de cette m\u00e9thode. Il pr\u00e9sente ensuite l&rsquo;ensemble des fleurs utilis\u00e9es, leurs indications et leurs effets. Une s\u00e9rie de sch\u00e9mas permet d&rsquo;y recourir facilement dans des situations quotidiennes : grossesse, adolescence, convalescence, deuil&#8230; 39 fiches synth\u00e9tiques : une pour chaque fleur et une pour le complexe d&rsquo;urgence. 20 cahiers pratiques utiles selon votre situation<\/p>","protected":false},"excerpt":{"rendered":"<p>Dans la mouvance de l&rsquo;<strong>hom\u00e9opathie<\/strong>, le <strong>docteur Bach<\/strong> a d\u00e9velopp\u00e9 une typologie de fleurs destin\u00e9e \u00e0 favoriser l&rsquo;<strong>\u00e9quilibre \u00e9motionnel<\/strong>.\u00a0 239 pages.<\/p>","protected":false},"featured_media":5361,"template":"","meta":[],"product_brand":[],"product_cat":[176],"product_tag":[],"class_list":{"0":"post-5360","1":"product","2":"type-product","3":"status-publish","4":"has-post-thumbnail","6":"product_cat-livres-et-cartes-deva","8":"first","9":"instock","10":"taxable","11":"shipping-taxable","12":"purchasable","13":"product-type-simple"},"etheme_brands":{"errors":{"invalid_taxonomy":["Invalid taxonomy."]},"error_data":[]},"jetpack_sharing_enabled":true,"jetpack-related-posts":[{"id":6345,"url":"https:\/\/artstella-elixirs-floraux.com\/en\/product\/le-repertoire-des-humeurs-fleurs-de-bach\/","url_meta":{"origin":5360,"position":0},"title":"Le R\u00e9pertoire des humeurs Fleurs de Bach","author":"eveapprill","date":"9 March 2025","format":false,"excerpt":"Le R\u00e9pertoire des humeurs et des rem\u00e8des et dictionnaire des Fleurs de Bach par FJ Wheeler et T W Jones","rel":"","context":"Similar post","block_context":{"text":"Similar post","link":""},"img":{"alt_text":"","src":"https:\/\/i0.wp.com\/artstella-elixirs-floraux.com\/wp-content\/uploads\/2025\/03\/wp-image2348.png?resize=350%2C200&ssl=1","width":350,"height":200,"srcset":"https:\/\/i0.wp.com\/artstella-elixirs-floraux.com\/wp-content\/uploads\/2025\/03\/wp-image2348.png?resize=350%2C200&ssl=1 1x, https:\/\/i0.wp.com\/artstella-elixirs-floraux.com\/wp-content\/uploads\/2025\/03\/wp-image2348.png?resize=525%2C300&ssl=1 1.5x, https:\/\/i0.wp.com\/artstella-elixirs-floraux.com\/wp-content\/uploads\/2025\/03\/wp-image2348.png?resize=700%2C400&ssl=1 2x"},"classes":[]},{"id":6016,"url":"https:\/\/artstella-elixirs-floraux.com\/en\/product\/lessentiel-des-fleurs-de-bach\/","url_meta":{"origin":5360,"position":1},"title":"L&rsquo;essentiel des Fleurs de Bach","author":"eveapprill","date":"9 March 2025","format":false,"excerpt":"L'essentiel des Fleurs de Bach Editions Le Courrier du Livre Introduit de fa\u00e7on simple et pratique \u00e0 l'essentiel de ce qu'il faut conna\u00eetre sur ces rem\u00e8des floraux.","rel":"","context":"Similar post","block_context":{"text":"Similar post","link":""},"img":{"alt_text":"","src":"https:\/\/i0.wp.com\/artstella-elixirs-floraux.com\/wp-content\/uploads\/2025\/03\/wp-image2028.png?resize=350%2C200&ssl=1","width":350,"height":200},"classes":[]},{"id":5500,"url":"https:\/\/artstella-elixirs-floraux.com\/en\/product\/les-essences-de-fleurs-de-bach-la-memoire-de-leau\/","url_meta":{"origin":5360,"position":2},"title":"les essences de fleurs de bach &amp; la m\u00e9moire de l&rsquo;eau","author":"eveapprill","date":"9 March 2025","format":false,"excerpt":"Nouveau : Les Essences de Fleurs de Bach et la M\u00e9moire de l\u2019Eau, de Julian Barnard,\u00a0 parution\u00a0 Ulmus Ltd Traduction par G\u00e9rard Wolf","rel":"","context":"Similar post","block_context":{"text":"Similar post","link":""},"img":{"alt_text":"","src":"https:\/\/i0.wp.com\/artstella-elixirs-floraux.com\/wp-content\/uploads\/2025\/03\/wp-image1746.png?resize=350%2C200&ssl=1","width":350,"height":200},"classes":[]},{"id":6020,"url":"https:\/\/artstella-elixirs-floraux.com\/en\/product\/therapie-originale-des-fleurs-de-bach\/","url_meta":{"origin":5360,"position":3},"title":"Th\u00e9rapie originale des fleurs de Bach","author":"eveapprill","date":"9 March 2025","format":false,"excerpt":"Th\u00e9rapie originale des fleurs de Bach par Mechthild Scheffer Editions M\u00e9dicis Ce jeu de 38 cartes pr\u00e9sente la th\u00e9rapie par les fleurs de Bach dans ses grandes lignes","rel":"","context":"Similar post","block_context":{"text":"Similar post","link":""},"img":{"alt_text":"","src":"","width":0,"height":0},"classes":[]},{"id":6012,"url":"https:\/\/artstella-elixirs-floraux.com\/en\/product\/prendre-soin-de-son-animal-avec-les-fleurs-de-bach\/","url_meta":{"origin":5360,"position":4},"title":"Prendre soin de son animal avec les fleurs de Bach","author":"eveapprill","date":"9 March 2025","format":false,"excerpt":"Prendre soin de son animal avec les fleurs de Bach et autres \u00e9lixirs fmloraux Par Beatrice Navarre - Colin v\u00e9t\u00e9rinaire et Ga\u00eblle Bertruc comportementaliste.","rel":"","context":"Similar post","block_context":{"text":"Similar post","link":""},"img":{"alt_text":"","src":"https:\/\/i0.wp.com\/artstella-elixirs-floraux.com\/wp-content\/uploads\/2025\/03\/wp-image2026.png?resize=350%2C200&ssl=1","width":350,"height":200},"classes":[]},{"id":5364,"url":"https:\/\/artstella-elixirs-floraux.com\/en\/product\/cartes-des-fleurs-de-bach\/","url_meta":{"origin":5360,"position":5},"title":"Cartes des fleurs de Bach","author":"eveapprill","date":"9 March 2025","format":false,"excerpt":"Ce jeu de cartes est un outil de d\u00e9couverte et de s\u00e9lection intuitive et efficace des fleurs du Dr Bach. Format des cartes : 70 mm x 100 mm","rel":"","context":"Similar post","block_context":{"text":"Similar post","link":""},"img":{"alt_text":"","src":"https:\/\/i0.wp.com\/artstella-elixirs-floraux.com\/wp-content\/uploads\/2025\/03\/wp-image1649.png?resize=350%2C200&ssl=1","width":350,"height":200},"classes":[]}],"_links":{"self":[{"href":"https:\/\/artstella-elixirs-floraux.com\/en\/wp-json\/wp\/v2\/product\/5360","targetHints":{"allow":["GET"]}}],"collection":[{"href":"https:\/\/artstella-elixirs-floraux.com\/en\/wp-json\/wp\/v2\/product"}],"about":[{"href":"https:\/\/artstella-elixirs-floraux.com\/en\/wp-json\/wp\/v2\/types\/product"}],"version-history":[{"count":0,"href":"https:\/\/artstella-elixirs-floraux.com\/en\/wp-json\/wp\/v2\/product\/5360\/revisions"}],"wp:featuredmedia":[{"embeddable":true,"href":"https:\/\/artstella-elixirs-floraux.com\/en\/wp-json\/wp\/v2\/media\/5361"}],"wp:attachment":[{"href":"https:\/\/artstella-elixirs-floraux.com\/en\/wp-json\/wp\/v2\/media?parent=5360"}],"wp:term":[{"taxonomy":"product_brand","embeddable":true,"href":"https:\/\/artstella-elixirs-floraux.com\/en\/wp-json\/wp\/v2\/product_brand?post=5360"},{"taxonomy":"product_cat","embeddable":true,"href":"https:\/\/artstella-elixirs-floraux.com\/en\/wp-json\/wp\/v2\/product_cat?post=5360"},{"taxonomy":"product_tag","embeddable":true,"href":"https:\/\/artstella-elixirs-floraux.com\/en\/wp-json\/wp\/v2\/product_tag?post=5360"}],"curies":[{"name":"wp","href":"https:\/\/api.w.org\/{rel}","templated":true}]}}