{"id":5362,"date":"2025-03-09T13:42:22","date_gmt":"2025-03-09T13:42:22","guid":{"rendered":"https:\/\/artstella-elixirs-floraux.com\/product\/guide-des-elixirs-floraux-europeens-ph-deroide\/"},"modified":"2025-05-05T15:26:02","modified_gmt":"2025-05-05T15:26:02","slug":"guide-des-elixirs-floraux-europeens-ph-deroide","status":"publish","type":"product","link":"https:\/\/artstella-elixirs-floraux.com\/en\/product\/guide-des-elixirs-floraux-europeens-ph-deroide\/","title":{"rendered":"Guide des Elixirs Floraux Europ\u00e9ens PH. Deroide"},"content":{"rendered":"<p>Constitu\u00e9 de trois parties, ce guide contient: La pratique des <strong>\u00e9lixirs floraux<\/strong>, pour une mise en oeuvre imm\u00e9diate de leur potentiel. La description pr\u00e9cise et illustr\u00e9e des <strong>96 \u00e9lixirs floraux<\/strong> issus de la recherche contemporaine, ainsi que le profil des <strong>38 \u00e9lixirs floraux traditionnels du Dr Bach<\/strong>. Pour chaque fleur, un ensemble de mot-cl\u00e9s, associ\u00e9s aux qualit\u00e9s de l&rsquo;\u00e9lixir floral, renvoie aux rubriques du r\u00e9pertoire. Le r\u00e9pertoire, avec ses 300 rubriques class\u00e9es de A \u00e0 Z, approfondit la sp\u00e9cificit\u00e9 de l&rsquo;<strong>\u00e9lixir floral<\/strong> en fonction de chaque mot-cl\u00e9 et facilite l&rsquo;utilisation des \u00e9lixirs floraux, que ce soit dans le contexte familial ou professionnel<\/p>","protected":false},"excerpt":{"rendered":"<p>Dans cet ouvrage de r\u00e9f\u00e9rence pour le n\u00e9ophyte comme pour le professionnel de la sant\u00e9 le plus exp\u00e9riment\u00e9, <strong>Philippe Deroide<\/strong> r\u00e9v\u00e8le l&rsquo;efficacit\u00e9 des <strong>\u00e9lixirs floraux<\/strong> issus de notre environnement proche.<\/p>\n<p>433 pages, 134 photos couleur.<\/p>","protected":false},"featured_media":5363,"template":"","meta":[],"product_brand":[],"product_cat":[176],"product_tag":[],"class_list":{"0":"post-5362","1":"product","2":"type-product","3":"status-publish","4":"has-post-thumbnail","6":"product_cat-livres-et-cartes-deva","8":"first","9":"instock","10":"taxable","11":"shipping-taxable","12":"purchasable","13":"product-type-simple"},"etheme_brands":{"errors":{"invalid_taxonomy":["Invalid taxonomy."]},"error_data":[]},"jetpack_sharing_enabled":true,"jetpack-related-posts":[{"id":6375,"url":"https:\/\/artstella-elixirs-floraux.com\/en\/product\/le-livre-les-elixirs-floraux-andins\/","url_meta":{"origin":5362,"position":0},"title":"Le livre : Les \u00e9lixirs floraux andins","author":"eveapprill","date":"9 March 2025","format":false,"excerpt":"Par Vincent Belb\u00e8ze, pr\u00e9face de Philippe Deroide. Ce livre (321pages) pr\u00e9sente les 24 \u00e9lixirs floraux andins, avec un r\u00e9pertoire de mots cl\u00e9s. Une partie est consacr\u00e9e \u00e0 l'\u00e9nergie sp\u00e9cifique de la Cordill\u00e8re des Andes...","rel":"","context":"Similar post","block_context":{"text":"Similar post","link":""},"img":{"alt_text":"","src":"https:\/\/i0.wp.com\/artstella-elixirs-floraux.com\/wp-content\/uploads\/2025\/03\/wp-image2457-scaled.png?resize=350%2C200&ssl=1","width":350,"height":200,"srcset":"https:\/\/i0.wp.com\/artstella-elixirs-floraux.com\/wp-content\/uploads\/2025\/03\/wp-image2457-scaled.png?resize=350%2C200&ssl=1 1x, https:\/\/i0.wp.com\/artstella-elixirs-floraux.com\/wp-content\/uploads\/2025\/03\/wp-image2457-scaled.png?resize=525%2C300&ssl=1 1.5x, https:\/\/i0.wp.com\/artstella-elixirs-floraux.com\/wp-content\/uploads\/2025\/03\/wp-image2457-scaled.png?resize=700%2C400&ssl=1 2x"},"classes":[]},{"id":5600,"url":"https:\/\/artstella-elixirs-floraux.com\/en\/product\/coffret-96-elixirs-floraux-deva-10ml\/","url_meta":{"origin":5362,"position":1},"title":"Coffret 96 \u00e9lixirs floraux DEVA 15ml","author":"eveapprill","date":"9 March 2025","format":false,"excerpt":"La gamme compl\u00e8te des 96 \u00e9lixirs floraux Deva issus de la recherche contemporaine.","rel":"","context":"Similar post","block_context":{"text":"Similar post","link":""},"img":{"alt_text":"","src":"https:\/\/i0.wp.com\/artstella-elixirs-floraux.com\/wp-content\/uploads\/2025\/03\/wp-image2356.png?resize=350%2C200&ssl=1","width":350,"height":200,"srcset":"https:\/\/i0.wp.com\/artstella-elixirs-floraux.com\/wp-content\/uploads\/2025\/03\/wp-image2356.png?resize=350%2C200&ssl=1 1x, https:\/\/i0.wp.com\/artstella-elixirs-floraux.com\/wp-content\/uploads\/2025\/03\/wp-image2356.png?resize=525%2C300&ssl=1 1.5x, https:\/\/i0.wp.com\/artstella-elixirs-floraux.com\/wp-content\/uploads\/2025\/03\/wp-image2356.png?resize=700%2C400&ssl=1 2x"},"classes":[]},{"id":5358,"url":"https:\/\/artstella-elixirs-floraux.com\/en\/product\/guide-de-floritherapie\/","url_meta":{"origin":5362,"position":2},"title":"Guide de florith\u00e9rapie","author":"eveapprill","date":"9 March 2025","format":false,"excerpt":"Guide sur la florith\u00e9rapie accessible \u00e0 tous, r\u00e9pertoire de\u00a0134 fleurs avec leur visuel ainsi qu'un descriptif complet. 90 pages","rel":"","context":"Similar post","block_context":{"text":"Similar post","link":""},"img":{"alt_text":"","src":"https:\/\/i0.wp.com\/artstella-elixirs-floraux.com\/wp-content\/uploads\/2025\/03\/wp-image1646.png?resize=350%2C200&ssl=1","width":350,"height":200},"classes":[]},{"id":5241,"url":"https:\/\/artstella-elixirs-floraux.com\/en\/product\/les-nouveaux-elixirs-floraux-par-a-korte\/","url_meta":{"origin":5362,"position":3},"title":"Les nouveaux \u00e9lixirs floraux par A. Korte","author":"eveapprill","date":"9 March 2025","format":false,"excerpt":"Ce guide d\u2019utilisation est une mine d\u2019informations pour ceux qui veulent aller plus loin et mieux conna\u00eetre le travail d\u2019Andr\u00e9as Korte, mais aussi pour tous ceux qui connaissent d\u00e9j\u00e0 les \u00e9lixirs et souhaitent en savoir plus, notamment \u00e0 propos des fleurs classiques (fleurs de Bach) ou des fleurs sauvages que\u2026","rel":"","context":"Similar post","block_context":{"text":"Similar post","link":""},"img":{"alt_text":"","src":"https:\/\/i0.wp.com\/artstella-elixirs-floraux.com\/wp-content\/uploads\/2025\/03\/wp-image2372.png?resize=350%2C200&ssl=1","width":350,"height":200,"srcset":"https:\/\/i0.wp.com\/artstella-elixirs-floraux.com\/wp-content\/uploads\/2025\/03\/wp-image2372.png?resize=350%2C200&ssl=1 1x, https:\/\/i0.wp.com\/artstella-elixirs-floraux.com\/wp-content\/uploads\/2025\/03\/wp-image2372.png?resize=525%2C300&ssl=1 1.5x, https:\/\/i0.wp.com\/artstella-elixirs-floraux.com\/wp-content\/uploads\/2025\/03\/wp-image2372.png?resize=700%2C400&ssl=1 2x"},"classes":[]},{"id":5698,"url":"https:\/\/artstella-elixirs-floraux.com\/en\/product\/grenadier-10-ml-deva\/","url_meta":{"origin":5362,"position":4},"title":"Grenadier 15 ml DEVA","author":"eveapprill","date":"9 March 2025","format":false,"excerpt":"Grenadier Cr\u00e9ativit\u00e9 f\u00e9minine. Aide les femmes \u00e0 r\u00e9soudre les conflits dont la source est un d\u00e9s\u00e9quilibre entre carri\u00e8re professionnelle et vie familiale. Elixir conseill\u00e9 aux femmes qui rejettent leur f\u00e9minit\u00e9.","rel":"","context":"Similar post","block_context":{"text":"Similar post","link":""},"img":{"alt_text":"","src":"https:\/\/i0.wp.com\/artstella-elixirs-floraux.com\/wp-content\/uploads\/2025\/03\/wp-image2406.png?resize=350%2C200&ssl=1","width":350,"height":200},"classes":[]},{"id":2252,"url":"https:\/\/artstella-elixirs-floraux.com\/en\/product\/paper-birch-alaskan\/","url_meta":{"origin":5362,"position":5},"title":"Paper birch Alaskan","author":"eveapprill","date":"9 March 2025","format":false,"excerpt":"Paper birch. Betula papyfera Confusion ou d\u00e9sorientation \u00e0 propos du sens que devrait prendre la vie.","rel":"","context":"Similar post","block_context":{"text":"Similar post","link":""},"img":{"alt_text":"","src":"https:\/\/i0.wp.com\/artstella-elixirs-floraux.com\/wp-content\/uploads\/2025\/03\/wp-image573.png?resize=350%2C200&ssl=1","width":350,"height":200},"classes":[]}],"_links":{"self":[{"href":"https:\/\/artstella-elixirs-floraux.com\/en\/wp-json\/wp\/v2\/product\/5362","targetHints":{"allow":["GET"]}}],"collection":[{"href":"https:\/\/artstella-elixirs-floraux.com\/en\/wp-json\/wp\/v2\/product"}],"about":[{"href":"https:\/\/artstella-elixirs-floraux.com\/en\/wp-json\/wp\/v2\/types\/product"}],"version-history":[{"count":0,"href":"https:\/\/artstella-elixirs-floraux.com\/en\/wp-json\/wp\/v2\/product\/5362\/revisions"}],"wp:featuredmedia":[{"embeddable":true,"href":"https:\/\/artstella-elixirs-floraux.com\/en\/wp-json\/wp\/v2\/media\/5363"}],"wp:attachment":[{"href":"https:\/\/artstella-elixirs-floraux.com\/en\/wp-json\/wp\/v2\/media?parent=5362"}],"wp:term":[{"taxonomy":"product_brand","embeddable":true,"href":"https:\/\/artstella-elixirs-floraux.com\/en\/wp-json\/wp\/v2\/product_brand?post=5362"},{"taxonomy":"product_cat","embeddable":true,"href":"https:\/\/artstella-elixirs-floraux.com\/en\/wp-json\/wp\/v2\/product_cat?post=5362"},{"taxonomy":"product_tag","embeddable":true,"href":"https:\/\/artstella-elixirs-floraux.com\/en\/wp-json\/wp\/v2\/product_tag?post=5362"}],"curies":[{"name":"wp","href":"https:\/\/api.w.org\/{rel}","templated":true}]}}