{"id":5364,"date":"2025-03-09T13:42:24","date_gmt":"2025-03-09T13:42:24","guid":{"rendered":"https:\/\/artstella-elixirs-floraux.com\/product\/cartes-des-fleurs-de-bach\/"},"modified":"2025-06-08T13:57:11","modified_gmt":"2025-06-08T13:57:11","slug":"cartes-des-fleurs-de-bach","status":"publish","type":"product","link":"https:\/\/artstella-elixirs-floraux.com\/en\/product\/cartes-des-fleurs-de-bach\/","title":{"rendered":"Cartes des fleurs de Bach"},"content":{"rendered":"<p>Chaque carte pr\u00e9sente la photo couleur d&rsquo;une fleur avec son nom fran\u00e7ais, anglais et latin ainsi que sa qualit\u00e9 essentielle. Cette qualit\u00e9 d\u00e9finit le champs d&rsquo;action de l&rsquo;<strong>\u00e9lixir floral<\/strong>. Les photos des fleurs constituent \u00e0 elles seules un outil de transformation int\u00e9rieure. Ce jeu est pr\u00e9sent\u00e9 dans un \u00e9tui cartonn\u00e9 avec livret explicatif.<\/p>","protected":false},"excerpt":{"rendered":"<p>Ce jeu de cartes est un outil de d\u00e9couverte et de s\u00e9lection intuitive et efficace des <strong>fleurs du Dr Bach<\/strong>.<\/p>\n<p>Format des cartes : 70 mm x 100 mm<\/p>","protected":false},"featured_media":5365,"template":"","meta":[],"product_brand":[],"product_cat":[176],"product_tag":[],"class_list":{"0":"post-5364","1":"product","2":"type-product","3":"status-publish","4":"has-post-thumbnail","6":"product_cat-livres-et-cartes-deva","8":"first","9":"instock","10":"taxable","11":"shipping-taxable","12":"purchasable","13":"product-type-simple"},"etheme_brands":{"errors":{"invalid_taxonomy":["Invalid taxonomy."]},"error_data":[]},"jetpack_sharing_enabled":true,"jetpack-related-posts":[{"id":5366,"url":"https:\/\/artstella-elixirs-floraux.com\/en\/product\/cartes-des-96-fleurs-sauvages-europeennes\/","url_meta":{"origin":5364,"position":0},"title":"Cartes des 96 fleurs sauvages europ\u00e9ennes","author":"eveapprill","date":"9 March 2025","format":false,"excerpt":"Ce jeu de cartes est un outil de s\u00e9lection intuitive et efficace des 96 \u00e9lixirs floraux Deva. Chaque carte pr\u00e9sente la photo couleur d'une fleur avec son nom fran\u00e7ais et latin ainsi que sa qualit\u00e9 essentielle. Ce jeu est pr\u00e9sent\u00e9 dans une bo\u00eete avec livret explicatif. Format des cartes :\u2026","rel":"","context":"Similar post","block_context":{"text":"Similar post","link":""},"img":{"alt_text":"","src":"https:\/\/i0.wp.com\/artstella-elixirs-floraux.com\/wp-content\/uploads\/2025\/03\/wp-image1650.png?resize=350%2C200&ssl=1","width":350,"height":200},"classes":[]},{"id":6020,"url":"https:\/\/artstella-elixirs-floraux.com\/en\/product\/therapie-originale-des-fleurs-de-bach\/","url_meta":{"origin":5364,"position":1},"title":"Th\u00e9rapie originale des fleurs de Bach","author":"eveapprill","date":"9 March 2025","format":false,"excerpt":"Th\u00e9rapie originale des fleurs de Bach par Mechthild Scheffer Editions M\u00e9dicis Ce jeu de 38 cartes pr\u00e9sente la th\u00e9rapie par les fleurs de Bach dans ses grandes lignes","rel":"","context":"Similar post","block_context":{"text":"Similar post","link":""},"img":{"alt_text":"","src":"","width":0,"height":0},"classes":[]},{"id":5255,"url":"https:\/\/artstella-elixirs-floraux.com\/en\/product\/jeu-de-40-cartes-de-fleurs-classiques\/","url_meta":{"origin":5364,"position":2},"title":"Jeu de 40 cartes de Fleurs Classiques","author":"","date":"9 March 2025","format":false,"excerpt":"Jeu de 40 cartes de Fleurs classiques repr\u00e9sentant les fleurs de Bach","rel":"","context":"Similar post","block_context":{"text":"Similar post","link":""},"img":{"alt_text":"","src":"https:\/\/i0.wp.com\/artstella-elixirs-floraux.com\/wp-content\/uploads\/2025\/03\/wp-image2489.png?resize=350%2C200&ssl=1","width":350,"height":200,"srcset":"https:\/\/i0.wp.com\/artstella-elixirs-floraux.com\/wp-content\/uploads\/2025\/03\/wp-image2489.png?resize=350%2C200&ssl=1 1x, https:\/\/i0.wp.com\/artstella-elixirs-floraux.com\/wp-content\/uploads\/2025\/03\/wp-image2489.png?resize=525%2C300&ssl=1 1.5x"},"classes":[]},{"id":6022,"url":"https:\/\/artstella-elixirs-floraux.com\/en\/product\/les-fleurs-du-dr-bach-cartes-grand-format\/","url_meta":{"origin":5364,"position":3},"title":"Les fleurs du Dr Bach (cartes grand format)","author":"eveapprill","date":"9 March 2025","format":false,"excerpt":"LES FLEURS DU Dr BACH 38 cartes de grand format pour la r\u00e9harmonisation, le recentrage et la m\u00e9ditation. (En Rupture)","rel":"","context":"Similar post","block_context":{"text":"Similar post","link":""},"img":{"alt_text":"","src":"https:\/\/i0.wp.com\/artstella-elixirs-floraux.com\/wp-content\/uploads\/2025\/03\/wp-image2031.png?resize=350%2C200&ssl=1","width":350,"height":200},"classes":[]},{"id":5498,"url":"https:\/\/artstella-elixirs-floraux.com\/en\/product\/la-guerison-par-les-fleurs\/","url_meta":{"origin":5364,"position":4},"title":"La gu\u00e9rison par les fleurs","author":"eveapprill","date":"9 March 2025","format":false,"excerpt":"La gu\u00e9rison par les fleurs par le Dr Edward Bach","rel":"","context":"Similar post","block_context":{"text":"Similar post","link":""},"img":{"alt_text":"","src":"https:\/\/i0.wp.com\/artstella-elixirs-floraux.com\/wp-content\/uploads\/2025\/03\/wp-image1745.png?resize=350%2C200&ssl=1","width":350,"height":200},"classes":[]},{"id":5265,"url":"https:\/\/artstella-elixirs-floraux.com\/en\/product\/jeu-de-20-cartes-de-fleurs-de-cactus\/","url_meta":{"origin":5364,"position":5},"title":"Jeu de 20 cartes de fleurs de cactus","author":"eveapprill","date":"9 March 2025","format":false,"excerpt":"Jeu de 20 cartes de fleurs de cactus repr\u00e9sentant les fleurs avec lesquelles les \u00e9lixirs de cactus ont \u00e9t\u00e9 r\u00e9alis\u00e9s par Andr\u00e9as Korte","rel":"","context":"Similar post","block_context":{"text":"Similar post","link":""},"img":{"alt_text":"","src":"","width":0,"height":0},"classes":[]}],"_links":{"self":[{"href":"https:\/\/artstella-elixirs-floraux.com\/en\/wp-json\/wp\/v2\/product\/5364","targetHints":{"allow":["GET"]}}],"collection":[{"href":"https:\/\/artstella-elixirs-floraux.com\/en\/wp-json\/wp\/v2\/product"}],"about":[{"href":"https:\/\/artstella-elixirs-floraux.com\/en\/wp-json\/wp\/v2\/types\/product"}],"version-history":[{"count":0,"href":"https:\/\/artstella-elixirs-floraux.com\/en\/wp-json\/wp\/v2\/product\/5364\/revisions"}],"wp:featuredmedia":[{"embeddable":true,"href":"https:\/\/artstella-elixirs-floraux.com\/en\/wp-json\/wp\/v2\/media\/5365"}],"wp:attachment":[{"href":"https:\/\/artstella-elixirs-floraux.com\/en\/wp-json\/wp\/v2\/media?parent=5364"}],"wp:term":[{"taxonomy":"product_brand","embeddable":true,"href":"https:\/\/artstella-elixirs-floraux.com\/en\/wp-json\/wp\/v2\/product_brand?post=5364"},{"taxonomy":"product_cat","embeddable":true,"href":"https:\/\/artstella-elixirs-floraux.com\/en\/wp-json\/wp\/v2\/product_cat?post=5364"},{"taxonomy":"product_tag","embeddable":true,"href":"https:\/\/artstella-elixirs-floraux.com\/en\/wp-json\/wp\/v2\/product_tag?post=5364"}],"curies":[{"name":"wp","href":"https:\/\/api.w.org\/{rel}","templated":true}]}}