{"id":5368,"date":"2025-03-09T13:42:26","date_gmt":"2025-03-09T13:42:26","guid":{"rendered":"https:\/\/artstella-elixirs-floraux.com\/product\/k-9-en-spray-phi\/"},"modified":"2025-04-25T13:12:08","modified_gmt":"2025-04-25T13:12:08","slug":"k-9-en-spray-phi","status":"publish","type":"product","link":"https:\/\/artstella-elixirs-floraux.com\/en\/product\/k-9-en-spray-phi\/","title":{"rendered":"K 9 en spray PHI"},"content":{"rendered":"<p>Il soutient \u00e9nerg\u00e9tiquement le syst\u00e8me immunitaire, dans les moments de profonde transformation. Il renforce et stabilise.<br \/>\nIl est notamment recommand\u00e9 comme pr\u00e9vention avant un voyage.<\/p>","protected":false},"excerpt":{"rendered":"<p>Cet \u00e9lixir sert \u00e0 renforcer \u00e9nerg\u00e9tiquement les barri\u00e8res psychiques et physiques.<\/p>","protected":false},"featured_media":5369,"template":"","meta":[],"product_brand":[],"product_cat":[136],"product_tag":[],"class_list":{"0":"post-5368","1":"product","2":"type-product","3":"status-publish","4":"has-post-thumbnail","6":"product_cat-les-elixirs-en-spray","8":"first","9":"instock","10":"taxable","11":"shipping-taxable","12":"purchasable","13":"product-type-variable"},"etheme_brands":{"errors":{"invalid_taxonomy":["Invalid taxonomy."]},"error_data":[]},"jetpack_sharing_enabled":true,"jetpack-related-posts":[{"id":6070,"url":"https:\/\/artstella-elixirs-floraux.com\/en\/product\/elixir-ocean-n21-phi-15ml\/","url_meta":{"origin":5368,"position":0},"title":"ELIXIR OCEAN N\u00b021 PHI 15ML","author":"eveapprill","date":"9 March 2025","format":false,"excerpt":"Sur un plan \u00e9nerg\u00e9tique, cet \u00e9lixir agit comme un tonique de tout le corps. Le syst\u00e8me nerveux est renforc\u00e9 et \u00e9quilibr\u00e9. Apporte une forte action de r\u00e9g\u00e9n\u00e9ration, \u00e9galement au niveau du 2\u00e8me chakra. Renforcement de la force vitale du corps.","rel":"","context":"Similar post","block_context":{"text":"Similar post","link":""},"img":{"alt_text":"","src":"https:\/\/i0.wp.com\/artstella-elixirs-floraux.com\/wp-content\/uploads\/2025\/03\/wp-image2059.png?resize=350%2C200&ssl=1","width":350,"height":200},"classes":[]},{"id":6030,"url":"https:\/\/artstella-elixirs-floraux.com\/en\/product\/elixir-ocean-n01-phi15ml\/","url_meta":{"origin":5368,"position":1},"title":"ELIXIR OCEAN N\u00b001 PHI15ML","author":"eveapprill","date":"9 March 2025","format":false,"excerpt":"L\u2019action \u00e9nerg\u00e9tique de l\u2019\u00e9lixir va directement aux cellules. L\u2019information des cellules retrouve son \u00e9tat originel inchang\u00e9. Agit \u00e9nerg\u00e9tiquement sur l\u2019\u00e9change cellulaire et l\u2019oxyg\u00e9nation. L\u2019information de l\u2019ADN est \u00ab\u00a0nettoy\u00e9e\u00a0\u00bb \u00e9nerg\u00e9tiquement.","rel":"","context":"Similar post","block_context":{"text":"Similar post","link":""},"img":{"alt_text":"","src":"","width":0,"height":0},"classes":[]},{"id":6040,"url":"https:\/\/artstella-elixirs-floraux.com\/en\/product\/elixir-ocean-n06-phi15ml\/","url_meta":{"origin":5368,"position":2},"title":"ELIXIR OCEAN N\u00b006 PHI15ML","author":"eveapprill","date":"9 March 2025","format":false,"excerpt":"L\u2019\u00e9lixir r\u00e9tablit l\u2019harmonie et renforce. Il favorise le renouveau \u00e9nerg\u00e9tiquement et la division cellulaire. Favorable au traitement post op\u00e9ratoire en combinaison avec le HLT.","rel":"","context":"Similar post","block_context":{"text":"Similar post","link":""},"img":{"alt_text":"","src":"https:\/\/i0.wp.com\/artstella-elixirs-floraux.com\/wp-content\/uploads\/2025\/03\/wp-image2044.png?resize=350%2C200&ssl=1","width":350,"height":200},"classes":[]},{"id":3441,"url":"https:\/\/artstella-elixirs-floraux.com\/en\/product\/tete-de-moine-15ml-phi\/","url_meta":{"origin":5368,"position":3},"title":"TETE DE MOINE 15ML PHI","author":"eveapprill","date":"9 March 2025","format":false,"excerpt":"T\u00eate de moine (Clitocybe geotropa) (M\u00f6nschskopf ) Lib\u00e8re les blocages et d\u00e9sordres du 1er et 2\u00e8me chakras. Il renforce la vitalit\u00e9 et nettoie \u00e9nerg\u00e9tiquement l'information de poison des champignons parasites. Son action nettoie et d\u00e9sintoxique \u00e9nerg\u00e9tiquement.","rel":"","context":"Similar post","block_context":{"text":"Similar post","link":""},"img":{"alt_text":"","src":"https:\/\/i0.wp.com\/artstella-elixirs-floraux.com\/wp-content\/uploads\/2025\/03\/wp-image321.png?resize=350%2C200&ssl=1","width":350,"height":200},"classes":[]},{"id":6165,"url":"https:\/\/artstella-elixirs-floraux.com\/en\/product\/pyramide-saqqarah-phi-15ml\/","url_meta":{"origin":5368,"position":4},"title":"PYRAMIDE SAQQARAH PHI 15ML","author":"eveapprill","date":"9 March 2025","format":false,"excerpt":"Pyramide Saqqarah La plus ancienne pyramide, a \u00e9t\u00e9 utilis\u00e9e pour l'initiation. L\u2019\u00e9lixir renforce \u00e9nerg\u00e9tiquement et aide \u00e0 lib\u00e9rer des anciennes informations sur la douleur. Agit comme un tonique \u00e9nerg\u00e9tique, l\u2019estime de soi est augment\u00e9e","rel":"","context":"Similar post","block_context":{"text":"Similar post","link":""},"img":{"alt_text":"","src":"https:\/\/i0.wp.com\/artstella-elixirs-floraux.com\/wp-content\/uploads\/2025\/03\/wp-image2168.png?resize=350%2C200&ssl=1","width":350,"height":200,"srcset":"https:\/\/i0.wp.com\/artstella-elixirs-floraux.com\/wp-content\/uploads\/2025\/03\/wp-image2168.png?resize=350%2C200&ssl=1 1x, https:\/\/i0.wp.com\/artstella-elixirs-floraux.com\/wp-content\/uploads\/2025\/03\/wp-image2168.png?resize=525%2C300&ssl=1 1.5x, https:\/\/i0.wp.com\/artstella-elixirs-floraux.com\/wp-content\/uploads\/2025\/03\/wp-image2168.png?resize=700%2C400&ssl=1 2x"},"classes":[]},{"id":5162,"url":"https:\/\/artstella-elixirs-floraux.com\/en\/product\/corail-digitiforme-15-ml-phi\/","url_meta":{"origin":5368,"position":5},"title":"CORAIL DIGITIFORME 15 ML PHI","author":"eveapprill","date":"27 May 2025","format":false,"excerpt":"Corail digitiforme (Stylophora pistillata) Griffelkoralle Son \u00e9lixir agit \u00e9nerg\u00e9tiquement sur la structure et le squelette. Il renforce et permet d\u2019\u00e9tablir des structures. Il permet de se renforcer int\u00e9rieurement.","rel":"","context":"Similar post","block_context":{"text":"Similar post","link":""},"img":{"alt_text":"","src":"","width":0,"height":0},"classes":[]}],"_links":{"self":[{"href":"https:\/\/artstella-elixirs-floraux.com\/en\/wp-json\/wp\/v2\/product\/5368","targetHints":{"allow":["GET"]}}],"collection":[{"href":"https:\/\/artstella-elixirs-floraux.com\/en\/wp-json\/wp\/v2\/product"}],"about":[{"href":"https:\/\/artstella-elixirs-floraux.com\/en\/wp-json\/wp\/v2\/types\/product"}],"version-history":[{"count":0,"href":"https:\/\/artstella-elixirs-floraux.com\/en\/wp-json\/wp\/v2\/product\/5368\/revisions"}],"wp:featuredmedia":[{"embeddable":true,"href":"https:\/\/artstella-elixirs-floraux.com\/en\/wp-json\/wp\/v2\/media\/5369"}],"wp:attachment":[{"href":"https:\/\/artstella-elixirs-floraux.com\/en\/wp-json\/wp\/v2\/media?parent=5368"}],"wp:term":[{"taxonomy":"product_brand","embeddable":true,"href":"https:\/\/artstella-elixirs-floraux.com\/en\/wp-json\/wp\/v2\/product_brand?post=5368"},{"taxonomy":"product_cat","embeddable":true,"href":"https:\/\/artstella-elixirs-floraux.com\/en\/wp-json\/wp\/v2\/product_cat?post=5368"},{"taxonomy":"product_tag","embeddable":true,"href":"https:\/\/artstella-elixirs-floraux.com\/en\/wp-json\/wp\/v2\/product_tag?post=5368"}],"curies":[{"name":"wp","href":"https:\/\/api.w.org\/{rel}","templated":true}]}}