{"id":5372,"date":"2025-03-09T13:42:30","date_gmt":"2025-03-09T13:42:30","guid":{"rendered":"https:\/\/artstella-elixirs-floraux.com\/product\/karmic-calm-apaiser-le-karma\/"},"modified":"2026-05-06T15:40:42","modified_gmt":"2026-05-06T15:40:42","slug":"karmic-calm-apaiser-le-karma","status":"publish","type":"product","link":"https:\/\/artstella-elixirs-floraux.com\/en\/product\/karmic-calm-apaiser-le-karma\/","title":{"rendered":"Karmic calm LTOE 15ml"},"content":{"rendered":"<p><strong>Karmic calm \/ Apaiser le Karma <\/strong><\/p>\n<p>Souvent ces empreintes qui influencent des sympt\u00f4mes physiques et \u00e9motionnels ne sont pas conscientes. Et il est difficile de les atteindre \u00e9tant donn\u00e9 la profondeur de la psych\u00e9 o\u00f9 elles sont enfouies. Si l\u2019on pense que des \u00ab cadavres karmiques \u00bb restent enferm\u00e9s dans l\u2019armoire de la psych\u00e9, cet \u00e9lixir peut \u00eatre utile.<\/p>","protected":false},"excerpt":{"rendered":"<p><strong>Karmic calm \/ Apaiser le Karma <\/strong><em>(Celebration, Secret Wisdom, Pushing Back the Nigth, True Connections)<\/em> Clarifie les empreintes \u00e9nerg\u00e9tiques de l\u2019\u00e2me dues \u00e0 des troubles du pass\u00e9 et qui emp\u00eachent notre progression.<\/p>","protected":false},"featured_media":9921,"template":"","meta":[],"product_brand":[],"product_cat":[131],"product_tag":[],"class_list":{"0":"post-5372","1":"product","2":"type-product","3":"status-publish","4":"has-post-thumbnail","6":"product_cat-les-composes","8":"first","9":"instock","10":"taxable","11":"shipping-taxable","12":"purchasable","13":"product-type-simple"},"etheme_brands":{"errors":{"invalid_taxonomy":["Invalid taxonomy."]},"error_data":[]},"jetpack_sharing_enabled":true,"jetpack-related-posts":[{"id":3647,"url":"https:\/\/artstella-elixirs-floraux.com\/en\/product\/48-releasing-karmic-patterns-ltoe-15-ml\/","url_meta":{"origin":5372,"position":0},"title":"RELEASING KARMIC PATTERNS LTOE 15 ML","author":"eveapprill","date":"9 March 2025","format":false,"excerpt":"Releasing Karmic Patterns\/ Lib\u00e9ration des sch\u00e9mas karmiques Lib\u00e8re les sch\u00e9mas karmiques, croyances rigides et id\u00e9es pr\u00e9con\u00e7ues, du 8e chakra, l\u00e0 o\u00f9 sont enregistr\u00e9s les abus pass\u00e9s du savoir et du pouvoir spirituels","rel":"","context":"Similar post","block_context":{"text":"Similar post","link":""},"img":{"alt_text":"","src":"https:\/\/i0.wp.com\/artstella-elixirs-floraux.com\/wp-content\/uploads\/2025\/03\/b3b9ee13-a2d2-42ad-8495-cd83129b6f34.jpg?resize=350%2C200&ssl=1","width":350,"height":200,"srcset":"https:\/\/i0.wp.com\/artstella-elixirs-floraux.com\/wp-content\/uploads\/2025\/03\/b3b9ee13-a2d2-42ad-8495-cd83129b6f34.jpg?resize=350%2C200&ssl=1 1x, https:\/\/i0.wp.com\/artstella-elixirs-floraux.com\/wp-content\/uploads\/2025\/03\/b3b9ee13-a2d2-42ad-8495-cd83129b6f34.jpg?resize=525%2C300&ssl=1 1.5x, https:\/\/i0.wp.com\/artstella-elixirs-floraux.com\/wp-content\/uploads\/2025\/03\/b3b9ee13-a2d2-42ad-8495-cd83129b6f34.jpg?resize=700%2C400&ssl=1 2x"},"classes":[]},{"id":2771,"url":"https:\/\/artstella-elixirs-floraux.com\/en\/product\/china-bush-lf\/","url_meta":{"origin":5372,"position":1},"title":"CHINA BUSH LF","author":"eveapprill","date":"9 March 2025","format":false,"excerpt":"China Essence \u2013 Elixir de Chine R\u00e9tablit l\u2019\u00e9quilibre dans notre vie entre l\u2019agitation du monde et le calme profond de la contemplation int\u00e9rieure. Favorise le l\u00e2cher-prise de la culpabilit\u00e9 et du karma.","rel":"","context":"Similar post","block_context":{"text":"Similar post","link":""},"img":{"alt_text":"","src":"https:\/\/i0.wp.com\/artstella-elixirs-floraux.com\/wp-content\/uploads\/2025\/03\/49a4350f-3675-4a17-a831-3b1e59f2f615.jpg?resize=350%2C200&ssl=1","width":350,"height":200,"srcset":"https:\/\/i0.wp.com\/artstella-elixirs-floraux.com\/wp-content\/uploads\/2025\/03\/49a4350f-3675-4a17-a831-3b1e59f2f615.jpg?resize=350%2C200&ssl=1 1x, https:\/\/i0.wp.com\/artstella-elixirs-floraux.com\/wp-content\/uploads\/2025\/03\/49a4350f-3675-4a17-a831-3b1e59f2f615.jpg?resize=525%2C300&ssl=1 1.5x, https:\/\/i0.wp.com\/artstella-elixirs-floraux.com\/wp-content\/uploads\/2025\/03\/49a4350f-3675-4a17-a831-3b1e59f2f615.jpg?resize=700%2C400&ssl=1 2x"},"classes":[]},{"id":3639,"url":"https:\/\/artstella-elixirs-floraux.com\/en\/product\/45-purity-of-soul-15ml-ltoe\/","url_meta":{"origin":5372,"position":2},"title":"PURITY OF SOUL 15ML LTOE","author":"eveapprill","date":"9 March 2025","format":false,"excerpt":"Purity of Soul \/ Puret\u00e9 de l\u2019\u00e2me. Agit comme une pluie bienfaisante sur l\u2019\u00e2me, une ablution purifiant les bagages n\u00e9gatifs accumul\u00e9s par l\u2019Ego. Clarifier \u00e9galement les sch\u00e9mas n\u00e9gatifs ancestraux inconscients au niveau de la psych\u00e9.","rel":"","context":"Similar post","block_context":{"text":"Similar post","link":""},"img":{"alt_text":"","src":"https:\/\/i0.wp.com\/artstella-elixirs-floraux.com\/wp-content\/uploads\/2025\/03\/97cc5ccb-059e-4f84-ae80-823985597481.jpg?resize=350%2C200&ssl=1","width":350,"height":200,"srcset":"https:\/\/i0.wp.com\/artstella-elixirs-floraux.com\/wp-content\/uploads\/2025\/03\/97cc5ccb-059e-4f84-ae80-823985597481.jpg?resize=350%2C200&ssl=1 1x, https:\/\/i0.wp.com\/artstella-elixirs-floraux.com\/wp-content\/uploads\/2025\/03\/97cc5ccb-059e-4f84-ae80-823985597481.jpg?resize=525%2C300&ssl=1 1.5x, https:\/\/i0.wp.com\/artstella-elixirs-floraux.com\/wp-content\/uploads\/2025\/03\/97cc5ccb-059e-4f84-ae80-823985597481.jpg?resize=700%2C400&ssl=1 2x"},"classes":[]},{"id":6187,"url":"https:\/\/artstella-elixirs-floraux.com\/en\/product\/blue-angel-15ml-ltoe\/","url_meta":{"origin":5372,"position":3},"title":"BLUE ANGEL 15ML LTOE","author":"eveapprill","date":"9 March 2025","format":false,"excerpt":"Blue Angel - Ange bleu Vanda Gomalco's Blue Magic Aide \u00e0 nous reconnecter avec l\u2019origine de notre \u00e2me et son but. Il tr\u00e8s \u00ab\u00a0r\u00e9fl\u00e9chissant\u00a0\u00bb\u00a0: regarder vers notre origine comme au fond d\u2019un lac clair dont les rayons lumineux p\u00e9n\u00e8trent en scintillant les profondeurs de l\u2019eau.","rel":"","context":"Similar post","block_context":{"text":"Similar post","link":""},"img":{"alt_text":"","src":"https:\/\/i0.wp.com\/artstella-elixirs-floraux.com\/wp-content\/uploads\/2025\/03\/39e0c487-06be-494b-86ff-3351cba6818c.jpg?resize=350%2C200&ssl=1","width":350,"height":200,"srcset":"https:\/\/i0.wp.com\/artstella-elixirs-floraux.com\/wp-content\/uploads\/2025\/03\/39e0c487-06be-494b-86ff-3351cba6818c.jpg?resize=350%2C200&ssl=1 1x, https:\/\/i0.wp.com\/artstella-elixirs-floraux.com\/wp-content\/uploads\/2025\/03\/39e0c487-06be-494b-86ff-3351cba6818c.jpg?resize=525%2C300&ssl=1 1.5x, https:\/\/i0.wp.com\/artstella-elixirs-floraux.com\/wp-content\/uploads\/2025\/03\/39e0c487-06be-494b-86ff-3351cba6818c.jpg?resize=700%2C400&ssl=1 2x"},"classes":[]},{"id":5199,"url":"https:\/\/artstella-elixirs-floraux.com\/en\/product\/immediate-reflief\/","url_meta":{"origin":5372,"position":4},"title":"IMMEDIATE REFLIEF SPRAY","author":"eveapprill","date":"9 March 2025","format":false,"excerpt":"Immediate Relief Aura Spray (Soulagement imm\u00e9diat) Le spray est efficace dans les situations d\u2019urgence et les moments de stress intenses. Dans des situations traumatisantes ou simplement stressantes. \u00ab\u00a0bleu\u00a0\u00bb avec des huiles essentielles de poivre noir Encens, Bois de Santal","rel":"","context":"Similar post","block_context":{"text":"Similar post","link":""},"img":{"alt_text":"","src":"","width":0,"height":0},"classes":[]},{"id":3819,"url":"https:\/\/artstella-elixirs-floraux.com\/en\/product\/psyche-orchid-phi\/","url_meta":{"origin":5372,"position":5},"title":"PSYCHE ORCHID PHI","author":"eveapprill","date":"9 March 2025","format":false,"excerpt":"Psyche orchid (Paphiopedilum insigne) Nous aide \u00e0 voir profond\u00e9ment en nous-m\u00eames, jusqu'\u00e0 l'inconscient pour trouver des r\u00e9ponses aux questions de notre vie. L'\u00e9lixir nous aide \u00e0 reconna\u00eetre la t\u00e2che de notre vie.","rel":"","context":"Similar post","block_context":{"text":"Similar post","link":""},"img":{"alt_text":"","src":"https:\/\/i0.wp.com\/artstella-elixirs-floraux.com\/wp-content\/uploads\/2025\/03\/wp-image516.png?resize=350%2C200&ssl=1","width":350,"height":200},"classes":[]}],"_links":{"self":[{"href":"https:\/\/artstella-elixirs-floraux.com\/en\/wp-json\/wp\/v2\/product\/5372","targetHints":{"allow":["GET"]}}],"collection":[{"href":"https:\/\/artstella-elixirs-floraux.com\/en\/wp-json\/wp\/v2\/product"}],"about":[{"href":"https:\/\/artstella-elixirs-floraux.com\/en\/wp-json\/wp\/v2\/types\/product"}],"version-history":[{"count":1,"href":"https:\/\/artstella-elixirs-floraux.com\/en\/wp-json\/wp\/v2\/product\/5372\/revisions"}],"predecessor-version":[{"id":12564,"href":"https:\/\/artstella-elixirs-floraux.com\/en\/wp-json\/wp\/v2\/product\/5372\/revisions\/12564"}],"wp:featuredmedia":[{"embeddable":true,"href":"https:\/\/artstella-elixirs-floraux.com\/en\/wp-json\/wp\/v2\/media\/9921"}],"wp:attachment":[{"href":"https:\/\/artstella-elixirs-floraux.com\/en\/wp-json\/wp\/v2\/media?parent=5372"}],"wp:term":[{"taxonomy":"product_brand","embeddable":true,"href":"https:\/\/artstella-elixirs-floraux.com\/en\/wp-json\/wp\/v2\/product_brand?post=5372"},{"taxonomy":"product_cat","embeddable":true,"href":"https:\/\/artstella-elixirs-floraux.com\/en\/wp-json\/wp\/v2\/product_cat?post=5372"},{"taxonomy":"product_tag","embeddable":true,"href":"https:\/\/artstella-elixirs-floraux.com\/en\/wp-json\/wp\/v2\/product_tag?post=5372"}],"curies":[{"name":"wp","href":"https:\/\/api.w.org\/{rel}","templated":true}]}}