{"id":5376,"date":"2025-03-09T13:42:33","date_gmt":"2025-03-09T13:42:33","guid":{"rendered":"https:\/\/artstella-elixirs-floraux.com\/product\/agua-marina-listada-15-ml-sylfos\/"},"modified":"2025-04-30T21:25:57","modified_gmt":"2025-04-30T21:25:57","slug":"agua-marina-listada-15-ml-sylfos","status":"publish","type":"product","link":"https:\/\/artstella-elixirs-floraux.com\/en\/product\/agua-marina-listada-15-ml-sylfos\/","title":{"rendered":"AGUA MARINA LISTADA 15 ML SYLFOS"},"content":{"rendered":"","protected":false},"excerpt":{"rendered":"<p><strong><em>22 &#8211; AGUA-MARINA LISTADA<\/em><\/strong> <strong><em>\/ AIGUE MARINE RAY\u00c9E<\/em><\/strong> <em>Oenomaus ortygnus\u00a0 <\/em><\/p>\n<p><strong><em>L\u00e2cher-prise \u2013 Renouveau \u2013 Abondance<\/em><\/strong><\/p>\n<p>Cet \u00e9lixir permet de l\u00e2cher tout ce qui est ancien de fa\u00e7on a ce que le nouveau puisse entrer.<\/p>\n<p>Il permet de l\u00e2cher ce qui ne nous sert plus et qui emp\u00eache notre cheminement. Il lib\u00e8re le chemin pour que puisse entrer l\u2019abondance, la croissance et l\u2019expansion de notre \u00catre.<\/p>","protected":false},"featured_media":7732,"template":"","meta":[],"product_brand":[],"product_cat":[177],"product_tag":[],"class_list":{"0":"post-5376","1":"product","2":"type-product","3":"status-publish","4":"has-post-thumbnail","6":"product_cat-papillons-coffrets-3-4","8":"first","9":"instock","10":"taxable","11":"shipping-taxable","12":"purchasable","13":"product-type-simple"},"etheme_brands":{"errors":{"invalid_taxonomy":["Invalid taxonomy."]},"error_data":[]},"jetpack_sharing_enabled":true,"jetpack-related-posts":[{"id":12323,"url":"https:\/\/artstella-elixirs-floraux.com\/en\/product\/aigue-marine-agua-marina-15ml\/","url_meta":{"origin":5376,"position":0},"title":"AIGUE MARINE &#8211; AGUA MARINA 15ML","author":"eveapprill","date":"16 March 2026","format":false,"excerpt":"L'aigue-marine apporte calme et clart\u00e9 \u00e0 la communication \u00e9motionnelle, aidant \u00e0 exprimer ce que l'on ressent sans anxi\u00e9t\u00e9 ni blocage. Elle met de l'ordre dans les pens\u00e9es et les \u00e9motions, facilitant une expression authentique et coh\u00e9rente. Elle est particuli\u00e8rement utile en cas de peur de parler ou de difficult\u00e9 \u00e0\u2026","rel":"","context":"Similar post","block_context":{"text":"Similar post","link":""},"img":{"alt_text":"","src":"https:\/\/i0.wp.com\/artstella-elixirs-floraux.com\/wp-content\/uploads\/2026\/03\/AguaMarina_1.png?resize=350%2C200&ssl=1","width":350,"height":200},"classes":[]},{"id":4140,"url":"https:\/\/artstella-elixirs-floraux.com\/en\/product\/filodice-sylfos-15ml-pap\/","url_meta":{"origin":5376,"position":1},"title":"FILODICE SYLFOS 15ML PAP","author":"eveapprill","date":"9 March 2025","format":false,"excerpt":"FILODICE Colias philodice L\u00e2cher-prise \u2013 Confiance \u2013 Respect . Cet \u00e9lixir permet de nous \u00e9lever et nous apporte l\u2019inspiration. Il nous aide \u00e0 comprendre que toutes choses \u00e0 une base spirituelle et que nous ne devons pas avoir peur...","rel":"","context":"Similar post","block_context":{"text":"Similar post","link":""},"img":{"alt_text":"","src":"","width":0,"height":0},"classes":[]},{"id":3627,"url":"https:\/\/artstella-elixirs-floraux.com\/en\/product\/39-necklace-of-beauty-15-ml\/","url_meta":{"origin":5376,"position":2},"title":"39. NECKLACE OF BEAUTY 15 ML","author":"eveapprill","date":"9 March 2025","format":false,"excerpt":"Necklace of beauty \/ Collier de beaut\u00e9 : apporte une magnifique \u00e9nergie d'amour dans le chakra sup\u00e9rieur du c\u0153ur, nous permettant de nous sentir aim\u00e9, \u00e9lev\u00e9 et en paix.","rel":"","context":"Similar post","block_context":{"text":"Similar post","link":""},"img":{"alt_text":"","src":"https:\/\/i0.wp.com\/artstella-elixirs-floraux.com\/wp-content\/uploads\/2025\/03\/0c3a666b-f328-482a-86c7-cbea44b63d1e.jpg?resize=350%2C200&ssl=1","width":350,"height":200,"srcset":"https:\/\/i0.wp.com\/artstella-elixirs-floraux.com\/wp-content\/uploads\/2025\/03\/0c3a666b-f328-482a-86c7-cbea44b63d1e.jpg?resize=350%2C200&ssl=1 1x, https:\/\/i0.wp.com\/artstella-elixirs-floraux.com\/wp-content\/uploads\/2025\/03\/0c3a666b-f328-482a-86c7-cbea44b63d1e.jpg?resize=525%2C300&ssl=1 1.5x, https:\/\/i0.wp.com\/artstella-elixirs-floraux.com\/wp-content\/uploads\/2025\/03\/0c3a666b-f328-482a-86c7-cbea44b63d1e.jpg?resize=700%2C400&ssl=1 2x"},"classes":[]},{"id":5402,"url":"https:\/\/artstella-elixirs-floraux.com\/en\/product\/primavera-azulada-sylfos-15ml-pap\/","url_meta":{"origin":5376,"position":3},"title":"PRIMAVERA AZULADA SYLFOS 15ML PAP","author":"eveapprill","date":"9 March 2025","format":false,"excerpt":"37 - PRIMAVERA AZULADA\/ AZUR PRINTANIER Celastrina ladon\u00a0\u00a0\u00a0 Communication \u2013 Foi dans le futur Cet \u00e9lixir agit en ouvrant le chakra de la gorge pour permettre une meilleure expression de soi. Il nous permet de d\u00e9couvrir nos origines dans ce syst\u00e8me ou dans un autre,\u00a0","rel":"","context":"Similar post","block_context":{"text":"Similar post","link":""},"img":{"alt_text":"","src":"https:\/\/i0.wp.com\/artstella-elixirs-floraux.com\/wp-content\/uploads\/2025\/03\/78f7b722-e9dd-4ccb-9df2-68ea958c29bd.jpg?resize=350%2C200&ssl=1","width":350,"height":200,"srcset":"https:\/\/i0.wp.com\/artstella-elixirs-floraux.com\/wp-content\/uploads\/2025\/03\/78f7b722-e9dd-4ccb-9df2-68ea958c29bd.jpg?resize=350%2C200&ssl=1 1x, https:\/\/i0.wp.com\/artstella-elixirs-floraux.com\/wp-content\/uploads\/2025\/03\/78f7b722-e9dd-4ccb-9df2-68ea958c29bd.jpg?resize=525%2C300&ssl=1 1.5x, https:\/\/i0.wp.com\/artstella-elixirs-floraux.com\/wp-content\/uploads\/2025\/03\/78f7b722-e9dd-4ccb-9df2-68ea958c29bd.jpg?resize=700%2C400&ssl=1 2x"},"classes":[]},{"id":5700,"url":"https:\/\/artstella-elixirs-floraux.com\/en\/product\/gueule-de-loup-15ml-deva\/","url_meta":{"origin":5376,"position":4},"title":"Gueule de Loup 15ml DEVA","author":"eveapprill","date":"9 March 2025","format":false,"excerpt":"Gueule de Loup Expression de la parole vraie, l\u00e2cher-prise. Permet de se lib\u00e9rer des \u00e9motions r\u00e9prim\u00e9es et favorise le l\u00e2cher-prise \u00e0 travers l\u2019expression verbale.","rel":"","context":"Similar post","block_context":{"text":"Similar post","link":""},"img":{"alt_text":"","src":"https:\/\/i0.wp.com\/artstella-elixirs-floraux.com\/wp-content\/uploads\/2025\/03\/wp-image2407.png?resize=350%2C200&ssl=1","width":350,"height":200},"classes":[]},{"id":5294,"url":"https:\/\/artstella-elixirs-floraux.com\/en\/product\/complexe-n7-lacher-prise-deva-30ml\/","url_meta":{"origin":5376,"position":5},"title":"COMPLEXE N\u00b07 Lacher prise DEVA 30ML","author":"eveapprill","date":"9 March 2025","format":false,"excerpt":"Le compos\u00e9 floral n\u00b0 07 LACHER PRISE\u00a0est conseill\u00e9 aux personnes en situations de surmenage. Il apporte la capacit\u00e9\u00a0de l\u00e2cher prise et le discernement pour trouver un juste \u00e9quilibre de leurs responsabilit\u00e9s. Il donne un regain de vitalit\u00e9 pour faire face au quotidien.","rel":"","context":"Similar post","block_context":{"text":"Similar post","link":""},"img":{"alt_text":"","src":"https:\/\/i0.wp.com\/artstella-elixirs-floraux.com\/wp-content\/uploads\/2025\/03\/cf8119d9-d108-4252-b32d-6727b6e09ed1.jpg?resize=350%2C200&ssl=1","width":350,"height":200,"srcset":"https:\/\/i0.wp.com\/artstella-elixirs-floraux.com\/wp-content\/uploads\/2025\/03\/cf8119d9-d108-4252-b32d-6727b6e09ed1.jpg?resize=350%2C200&ssl=1 1x, https:\/\/i0.wp.com\/artstella-elixirs-floraux.com\/wp-content\/uploads\/2025\/03\/cf8119d9-d108-4252-b32d-6727b6e09ed1.jpg?resize=525%2C300&ssl=1 1.5x, https:\/\/i0.wp.com\/artstella-elixirs-floraux.com\/wp-content\/uploads\/2025\/03\/cf8119d9-d108-4252-b32d-6727b6e09ed1.jpg?resize=700%2C400&ssl=1 2x"},"classes":[]}],"_links":{"self":[{"href":"https:\/\/artstella-elixirs-floraux.com\/en\/wp-json\/wp\/v2\/product\/5376","targetHints":{"allow":["GET"]}}],"collection":[{"href":"https:\/\/artstella-elixirs-floraux.com\/en\/wp-json\/wp\/v2\/product"}],"about":[{"href":"https:\/\/artstella-elixirs-floraux.com\/en\/wp-json\/wp\/v2\/types\/product"}],"version-history":[{"count":0,"href":"https:\/\/artstella-elixirs-floraux.com\/en\/wp-json\/wp\/v2\/product\/5376\/revisions"}],"wp:featuredmedia":[{"embeddable":true,"href":"https:\/\/artstella-elixirs-floraux.com\/en\/wp-json\/wp\/v2\/media\/7732"}],"wp:attachment":[{"href":"https:\/\/artstella-elixirs-floraux.com\/en\/wp-json\/wp\/v2\/media?parent=5376"}],"wp:term":[{"taxonomy":"product_brand","embeddable":true,"href":"https:\/\/artstella-elixirs-floraux.com\/en\/wp-json\/wp\/v2\/product_brand?post=5376"},{"taxonomy":"product_cat","embeddable":true,"href":"https:\/\/artstella-elixirs-floraux.com\/en\/wp-json\/wp\/v2\/product_cat?post=5376"},{"taxonomy":"product_tag","embeddable":true,"href":"https:\/\/artstella-elixirs-floraux.com\/en\/wp-json\/wp\/v2\/product_tag?post=5376"}],"curies":[{"name":"wp","href":"https:\/\/api.w.org\/{rel}","templated":true}]}}