{"id":5382,"date":"2025-03-09T13:42:37","date_gmt":"2025-03-09T13:42:37","guid":{"rendered":"https:\/\/artstella-elixirs-floraux.com\/product\/battus-sylfos-15-ml-pap\/"},"modified":"2025-04-30T21:25:56","modified_gmt":"2025-04-30T21:25:56","slug":"battus-sylfos-15-ml-pap","status":"publish","type":"product","link":"https:\/\/artstella-elixirs-floraux.com\/en\/product\/battus-sylfos-15-ml-pap\/","title":{"rendered":"BATTUS SYLFOS 15 ML PAP"},"content":{"rendered":"","protected":false},"excerpt":{"rendered":"<p><strong><em>25 \u2013 BATTUS \/ BATTUS <\/em><\/strong>\u00a0<em>Battus philenor<\/em><strong><em> Foi en la vie<\/em><\/strong><\/p>\n<p>Un \u00e9lixir tr\u00e8s sp\u00e9cial car il emm\u00e8ne nos pri\u00e8res vers le Cr\u00e9ateur de fa\u00e7on \u00e0 ce qu\u2019elles soient b\u00e9nies et qu\u2019elles nous soient retourn\u00e9es manifest\u00e9es. Foi et confiance en la vie, sans l\u2019action de notre mental. Nous apprenons \u00e0 d\u00e9guster le <strong><em>\u201cNectar de la Vie<\/em><\/strong>\u201d qui est pr\u00e9sent en toutes\u00a0 parts.<\/p>","protected":false},"featured_media":7734,"template":"","meta":[],"product_brand":[],"product_cat":[177],"product_tag":[],"class_list":{"0":"post-5382","1":"product","2":"type-product","3":"status-publish","4":"has-post-thumbnail","6":"product_cat-papillons-coffrets-3-4","8":"first","9":"instock","10":"taxable","11":"shipping-taxable","12":"purchasable","13":"product-type-simple"},"etheme_brands":{"errors":{"invalid_taxonomy":["Invalid taxonomy."]},"error_data":[]},"jetpack_sharing_enabled":true,"jetpack-related-posts":[{"id":3581,"url":"https:\/\/artstella-elixirs-floraux.com\/en\/product\/foyer-de-la-vie-15-ml-lto\/","url_meta":{"origin":5382,"position":0},"title":"Foyer de la vie 15 ml LTO","author":"eveapprill","date":"9 March 2025","format":false,"excerpt":"Foyer de la vie Si nous n'arrivons pas \u00e0 accepter la vie comme une opportunit\u00e9 de cultiver des qualit\u00e9s, ou ne parvenons pas \u00e0 comprendre la signification de circonstances difficiles ou douloureuses, notre vie ne sera pas dirig\u00e9e par une intention universelle la plus haute mais par notre syst\u00e8me de\u2026","rel":"","context":"Similar post","block_context":{"text":"Similar post","link":""},"img":{"alt_text":"","src":"https:\/\/i0.wp.com\/artstella-elixirs-floraux.com\/wp-content\/uploads\/2025\/03\/027600df-716e-4647-a147-d88952f3c186.jpg?resize=350%2C200&ssl=1","width":350,"height":200,"srcset":"https:\/\/i0.wp.com\/artstella-elixirs-floraux.com\/wp-content\/uploads\/2025\/03\/027600df-716e-4647-a147-d88952f3c186.jpg?resize=350%2C200&ssl=1 1x, https:\/\/i0.wp.com\/artstella-elixirs-floraux.com\/wp-content\/uploads\/2025\/03\/027600df-716e-4647-a147-d88952f3c186.jpg?resize=525%2C300&ssl=1 1.5x, https:\/\/i0.wp.com\/artstella-elixirs-floraux.com\/wp-content\/uploads\/2025\/03\/027600df-716e-4647-a147-d88952f3c186.jpg?resize=700%2C400&ssl=1 2x"},"classes":[]},{"id":4125,"url":"https:\/\/artstella-elixirs-floraux.com\/en\/product\/capitan-salpicado-sylfos-15ml-pap\/","url_meta":{"origin":5382,"position":1},"title":"CAPITAN SALPICADO SYLFOS 15ML PAP","author":"eveapprill","date":"9 March 2025","format":false,"excerpt":"CAPITAN SALPICADO DE PLATA Hesperia comma Jouissance et foi en la vie Cet \u00e9lixir nous donne la foi en l\u2019avenir avec la reconnaissance de l\u2019aspect positif qui nous attend.","rel":"","context":"Similar post","block_context":{"text":"Similar post","link":""},"img":{"alt_text":"","src":"","width":0,"height":0},"classes":[]},{"id":4042,"url":"https:\/\/artstella-elixirs-floraux.com\/en\/product\/libertia-15-ml-sylfos\/","url_meta":{"origin":5382,"position":2},"title":"LIBERTIA SYLFOS","author":"eveapprill","date":"9 March 2025","format":false,"excerpt":"LIBERTIA Libertia sessiliflora Protection, confiance, foi en la vie. D\u00e9veloppe le sentiment de protection et favorise l\u2019acceptation de l\u2019incarnation en prenant conscience des blessures originelles de l\u2019enfant int\u00e9rieur confront\u00e9 \u00e0 la peur de l\u2019abandon.","rel":"","context":"Similar post","block_context":{"text":"Similar post","link":""},"img":{"alt_text":"","src":"","width":0,"height":0},"classes":[]},{"id":2299,"url":"https:\/\/artstella-elixirs-floraux.com\/en\/product\/spiraea-alaskan\/","url_meta":{"origin":5382,"position":3},"title":"Spiraea Alaskan","author":"eveapprill","date":"9 March 2025","format":false,"excerpt":"Spiraea. Spirea beauverdiana Ne se sent pas soutenu par la vie, met ses propres limitations \u00e0 la fa\u00e7on dont la vie nous soutient, attachement aux choses telles qu'elles sont m\u00eame si on ne les aime pas.","rel":"","context":"Similar post","block_context":{"text":"Similar post","link":""},"img":{"alt_text":"","src":"https:\/\/i0.wp.com\/artstella-elixirs-floraux.com\/wp-content\/uploads\/2025\/03\/wp-image588.png?resize=350%2C200&ssl=1","width":350,"height":200},"classes":[]},{"id":2260,"url":"https:\/\/artstella-elixirs-floraux.com\/en\/product\/prickly-wild-rose-alaskan\/","url_meta":{"origin":5382,"position":4},"title":"Prickly wild rose Alaskan","author":"eveapprill","date":"9 March 2025","format":false,"excerpt":"Prickly wild rose. Rosa acicularis Manque de confiance et de foi ; se sent sans espoir ; apathique et sans int\u00e9r\u00eat. Incapacit\u00e9 \u00e0 garder le c\u0153ur ouvert dans les situations hostiles.","rel":"","context":"Similar post","block_context":{"text":"Similar post","link":""},"img":{"alt_text":"","src":"https:\/\/i0.wp.com\/artstella-elixirs-floraux.com\/wp-content\/uploads\/2025\/03\/wp-image576.png?resize=350%2C200&ssl=1","width":350,"height":200},"classes":[]},{"id":5544,"url":"https:\/\/artstella-elixirs-floraux.com\/en\/product\/armoise-sylfos-15ml\/","url_meta":{"origin":5382,"position":5},"title":"ARMOISE SYLFOS 15ML","author":"eveapprill","date":"9 March 2025","format":false,"excerpt":"ARMOISE \/ARTEMISIA\u00a0\u00a0\u00a0 Mugwort\u00a0\u00a0\u00a0\u00a0\u00a0\u00a0\u00a0\u00a0\u00a0\u00a0\u00a0 Artemisia douglasiana Pour ceux qui ont une vie psychique tr\u00e8s active et\/ou qui consid\u00e8rent que le monde est contre elles. Permet de r\u00e9guler les \u00e9tats alt\u00e9r\u00e9s de la conscience.\u00a0 \u00a0","rel":"","context":"Similar post","block_context":{"text":"Similar post","link":""},"img":{"alt_text":"","src":"","width":0,"height":0},"classes":[]}],"_links":{"self":[{"href":"https:\/\/artstella-elixirs-floraux.com\/en\/wp-json\/wp\/v2\/product\/5382","targetHints":{"allow":["GET"]}}],"collection":[{"href":"https:\/\/artstella-elixirs-floraux.com\/en\/wp-json\/wp\/v2\/product"}],"about":[{"href":"https:\/\/artstella-elixirs-floraux.com\/en\/wp-json\/wp\/v2\/types\/product"}],"version-history":[{"count":0,"href":"https:\/\/artstella-elixirs-floraux.com\/en\/wp-json\/wp\/v2\/product\/5382\/revisions"}],"wp:featuredmedia":[{"embeddable":true,"href":"https:\/\/artstella-elixirs-floraux.com\/en\/wp-json\/wp\/v2\/media\/7734"}],"wp:attachment":[{"href":"https:\/\/artstella-elixirs-floraux.com\/en\/wp-json\/wp\/v2\/media?parent=5382"}],"wp:term":[{"taxonomy":"product_brand","embeddable":true,"href":"https:\/\/artstella-elixirs-floraux.com\/en\/wp-json\/wp\/v2\/product_brand?post=5382"},{"taxonomy":"product_cat","embeddable":true,"href":"https:\/\/artstella-elixirs-floraux.com\/en\/wp-json\/wp\/v2\/product_cat?post=5382"},{"taxonomy":"product_tag","embeddable":true,"href":"https:\/\/artstella-elixirs-floraux.com\/en\/wp-json\/wp\/v2\/product_tag?post=5382"}],"curies":[{"name":"wp","href":"https:\/\/api.w.org\/{rel}","templated":true}]}}