{"id":5386,"date":"2025-03-09T13:42:39","date_gmt":"2025-03-09T13:42:39","guid":{"rendered":"https:\/\/artstella-elixirs-floraux.com\/product\/cobre-bronceado-15-ml-sylfos-pap\/"},"modified":"2025-06-08T13:57:09","modified_gmt":"2025-06-08T13:57:09","slug":"cobre-bronceado-15-ml-sylfos-pap","status":"publish","type":"product","link":"https:\/\/artstella-elixirs-floraux.com\/en\/product\/cobre-bronceado-15-ml-sylfos-pap\/","title":{"rendered":"COBRE BRONCEADO 15 ML SYLFOS PAP"},"content":{"rendered":"<p><strong>27 &#8211; COBRE BRONCEADO \/ BRONZ\u00c9 D\u2019AM\u00c9RIQUE<\/strong>\u00a0Lycaena hyllus\u00a0\u00a0\u00a0\u00a0<strong>Cr\u00e9ativit\u00e9 \u2013 M\u00e9moire cellulaire<\/strong><strong><\/strong><\/p>\n<p>Il r\u00e9gule la circulation \u00e9lectrique dans le corps et cela est particuli\u00e8rement utile dans les p\u00e9riodes de changements qui sont n\u00e9cessaires mais que nous ne savons pas affronter. Il nous apporte son aide au flux \u00e9nerg\u00e9tique dans les canaux constructeurs, de fa\u00e7on \u00e0 pouvoir atteindre les objectifs n\u00e9cessaires au lieu de rester en dehors.<\/p>","protected":false},"excerpt":{"rendered":"<p><strong><em>27 &#8211; COBRE BRONCEADO \/ BRONZ\u00c9 D\u2019AM\u00c9RIQUE<\/em><\/strong> <em>Lycaena hyllus\u00a0\u00a0\u00a0 <strong>Cr\u00e9ativit\u00e9 \u2013 M\u00e9moire cellulaire<\/strong><strong> <\/strong><\/em><\/p>\n<p>Il r\u00e9gule la circulation \u00e9lectrique dans le corps et cela est particuli\u00e8rement utile dans les p\u00e9riodes de changements qui sont n\u00e9cessaires mais que nous ne savons pas affronter.\u00a0<\/p>","protected":false},"featured_media":5387,"template":"","meta":[],"product_brand":[],"product_cat":[177],"product_tag":[],"class_list":{"0":"post-5386","1":"product","2":"type-product","3":"status-publish","4":"has-post-thumbnail","6":"product_cat-papillons-coffrets-3-4","8":"first","9":"instock","10":"taxable","11":"shipping-taxable","12":"purchasable","13":"product-type-simple"},"etheme_brands":{"errors":{"invalid_taxonomy":["Invalid taxonomy."]},"error_data":[]},"jetpack_sharing_enabled":true,"jetpack-related-posts":[{"id":12337,"url":"https:\/\/artstella-elixirs-floraux.com\/en\/product\/cuivre-natif-cobre-nativo-15ml-sylfos\/","url_meta":{"origin":5386,"position":0},"title":"CUIVRE NATIF &#8211; COBRE NATIVO 15ml Sylfos","author":"eveapprill","date":"16 March 2026","format":false,"excerpt":"Le cuivre natif r\u00e9active l'\u00e9nergie vitale en cas d'apathie ou de stagnation \u00e9motionnelle. Il facilite la transformation de l'\u00e9motion en action, redonnant fluidit\u00e9 et dynamisme. Il est utile en cas de d\u00e9connexion interne ou de manque de motivation. Son \u00e9nergie int\u00e8gre le sentiment, la pens\u00e9e et l'action.","rel":"","context":"Similar post","block_context":{"text":"Similar post","link":""},"img":{"alt_text":"","src":"https:\/\/i0.wp.com\/artstella-elixirs-floraux.com\/wp-content\/uploads\/2026\/03\/CobreNativo_1.png?resize=350%2C200&ssl=1","width":350,"height":200},"classes":[]},{"id":4136,"url":"https:\/\/artstella-elixirs-floraux.com\/en\/product\/doctor-azul-sylfos-15ml-pap\/","url_meta":{"origin":5386,"position":1},"title":"DOCTOR AZUL SYLFOS 15ML PAP","author":"eveapprill","date":"9 March 2025","format":false,"excerpt":"DOCTOR AZUL Rhetus dysonii Gu\u00e9rison \u2013 Nettoyage \u2013 Cr\u00e9ativit\u00e9 Un \u00e9lixir particuli\u00e8rement gu\u00e9risseur, qui nous apporte le calme et la tranquillit\u00e9 permettant l\u2019\u00e9claircissement des blocages des chakras sup\u00e9rieurs, de fa\u00e7on \u00e0 ce que les hautes \u00e9nergies puissent circuler librement jusqu\u2019au deuxi\u00e8me chakra afin d\u2019obtenir une cr\u00e9ativit\u00e9 majeure. Il sera utile\u2026","rel":"","context":"Similar post","block_context":{"text":"Similar post","link":""},"img":{"alt_text":"","src":"https:\/\/i0.wp.com\/artstella-elixirs-floraux.com\/wp-content\/uploads\/2025\/03\/f028d6ef-6157-4365-9c5c-1ad8e0f913a1.jpg?resize=350%2C200&ssl=1","width":350,"height":200,"srcset":"https:\/\/i0.wp.com\/artstella-elixirs-floraux.com\/wp-content\/uploads\/2025\/03\/f028d6ef-6157-4365-9c5c-1ad8e0f913a1.jpg?resize=350%2C200&ssl=1 1x, https:\/\/i0.wp.com\/artstella-elixirs-floraux.com\/wp-content\/uploads\/2025\/03\/f028d6ef-6157-4365-9c5c-1ad8e0f913a1.jpg?resize=525%2C300&ssl=1 1.5x, https:\/\/i0.wp.com\/artstella-elixirs-floraux.com\/wp-content\/uploads\/2025\/03\/f028d6ef-6157-4365-9c5c-1ad8e0f913a1.jpg?resize=700%2C400&ssl=1 2x"},"classes":[]},{"id":5562,"url":"https:\/\/artstella-elixirs-floraux.com\/en\/product\/pichoga-euphorbe-sylfos-15-ml\/","url_meta":{"origin":5386,"position":2},"title":"PICHOGA \/ Euphorbe SYLFOS 15 ML","author":"eveapprill","date":"9 March 2025","format":false,"excerpt":"PICHOGA Euphorbia chilensis\u00a0 Acceptation de l\u2019ombre \u00a0 \u00a0 Pour affronter, reconna\u00eetre et accepter l\u2019ombre. Le premier pas pour arriver \u00e0 la gu\u00e9rison est de conna\u00eetre et d\u2019accepter la r\u00e9alit\u00e9.","rel":"","context":"Similar post","block_context":{"text":"Similar post","link":""},"img":{"alt_text":"","src":"","width":0,"height":0},"classes":[]},{"id":6276,"url":"https:\/\/artstella-elixirs-floraux.com\/en\/product\/flor-de-lis-sylfos-15ml\/","url_meta":{"origin":5386,"position":3},"title":"FLOR de LIS SYLFOS 15ML","author":"eveapprill","date":"9 March 2025","format":false,"excerpt":"FLOR de LIS \/ LYS des AZTEQUES (Spekeliaformosissima) V\u00e9rit\u00e9 et Concentration. Protection psychique Convient \u00e0 ceux qui se trompent sur eux-m\u00eames ; \u00e0 ceux qui sont incapables de concentrer leur attention, de sorte qu'ils interrompent ce qu'ils font ou se perdent dans des pr\u00e9occupations sans rapport avec l'activit\u00e9 en cours,\u2026","rel":"","context":"Similar post","block_context":{"text":"Similar post","link":""},"img":{"alt_text":"","src":"https:\/\/i0.wp.com\/artstella-elixirs-floraux.com\/wp-content\/uploads\/2025\/03\/wp-image2227.png?resize=350%2C200&ssl=1","width":350,"height":200},"classes":[]},{"id":5560,"url":"https:\/\/artstella-elixirs-floraux.com\/en\/product\/petite-oseille-sylfos-15-ml\/","url_meta":{"origin":5386,"position":4},"title":"PETITE OSEILLE SYLFOS 15 ML","author":"eveapprill","date":"9 March 2025","format":false,"excerpt":"PETITE OSEILLE\u00a0Rumex acetosella Pardon, Compassion, nettoyant du karma \u00a0 \u00a0 Permet d\u2019affronter les situations \u00e9motionnelles \u00e9prouvantes en gardant la t\u00eate froide.","rel":"","context":"Similar post","block_context":{"text":"Similar post","link":""},"img":{"alt_text":"","src":"","width":0,"height":0},"classes":[]},{"id":2335,"url":"https:\/\/artstella-elixirs-floraux.com\/en\/product\/white-fireweed-alaskan\/","url_meta":{"origin":5386,"position":5},"title":"White fireweed Alaskan","author":"eveapprill","date":"9 March 2025","format":false,"excerpt":"White fireweed. Epilobium angustifolium. Epilobe Profond traumatisme et choc ; profonde ali\u00e9nation du corps apr\u00e8s un abus sexuel ou \u00e9motionnel.","rel":"","context":"Similar post","block_context":{"text":"Similar post","link":""},"img":{"alt_text":"","src":"https:\/\/i0.wp.com\/artstella-elixirs-floraux.com\/wp-content\/uploads\/2025\/03\/wp-image597.png?resize=350%2C200&ssl=1","width":350,"height":200},"classes":[]}],"_links":{"self":[{"href":"https:\/\/artstella-elixirs-floraux.com\/en\/wp-json\/wp\/v2\/product\/5386","targetHints":{"allow":["GET"]}}],"collection":[{"href":"https:\/\/artstella-elixirs-floraux.com\/en\/wp-json\/wp\/v2\/product"}],"about":[{"href":"https:\/\/artstella-elixirs-floraux.com\/en\/wp-json\/wp\/v2\/types\/product"}],"version-history":[{"count":0,"href":"https:\/\/artstella-elixirs-floraux.com\/en\/wp-json\/wp\/v2\/product\/5386\/revisions"}],"wp:featuredmedia":[{"embeddable":true,"href":"https:\/\/artstella-elixirs-floraux.com\/en\/wp-json\/wp\/v2\/media\/5387"}],"wp:attachment":[{"href":"https:\/\/artstella-elixirs-floraux.com\/en\/wp-json\/wp\/v2\/media?parent=5386"}],"wp:term":[{"taxonomy":"product_brand","embeddable":true,"href":"https:\/\/artstella-elixirs-floraux.com\/en\/wp-json\/wp\/v2\/product_brand?post=5386"},{"taxonomy":"product_cat","embeddable":true,"href":"https:\/\/artstella-elixirs-floraux.com\/en\/wp-json\/wp\/v2\/product_cat?post=5386"},{"taxonomy":"product_tag","embeddable":true,"href":"https:\/\/artstella-elixirs-floraux.com\/en\/wp-json\/wp\/v2\/product_tag?post=5386"}],"curies":[{"name":"wp","href":"https:\/\/api.w.org\/{rel}","templated":true}]}}