{"id":5392,"date":"2025-03-09T13:42:57","date_gmt":"2025-03-09T13:42:57","guid":{"rendered":"https:\/\/artstella-elixirs-floraux.com\/product\/mexicano-azul-sylfos-15-ml-pap\/"},"modified":"2025-06-08T13:01:51","modified_gmt":"2025-06-08T13:01:51","slug":"mexicano-azul-sylfos-15-ml-pap","status":"publish","type":"product","link":"https:\/\/artstella-elixirs-floraux.com\/en\/product\/mexicano-azul-sylfos-15-ml-pap\/","title":{"rendered":"MEXICANO AZUL SYLFOS 15 ML PAP"},"content":{"rendered":"<p><strong><em>32 &#8211; MEXICANO AZUL\/ MEXICAIN BLEU <\/em><\/strong>\u00a0<em>Myscelia ethusa\u00a0\u00a0 <strong>\u00catre soi-m\u00eame &#8211; Compr\u00e9hension<\/strong><strong> <\/strong><\/em><\/p>\n<p>Pour comprendre les familles avec des probl\u00e8mes, les sch\u00e9mas culturels et l\u2019impact que cela a dans nos vies, et dans la n\u00f4tre en particulier. En rompant avec les\u00a0 attentes culturelles et sociales des autres, nous pouvons alors l\u00e2cher les sch\u00e9mas r\u00e9p\u00e9titifs de disfonctionnement. Cet \u00e9lixir\u00a0 permet cette rupture, clarifiant ainsi le passage vers une nouvelle fa\u00e7on de penser et d\u2019agir, avec respect, mais sans servilit\u00e9.<\/p>","protected":false},"excerpt":{"rendered":"<p><strong><em>32 &#8211; MEXICANO AZUL\/ MEXICAIN BLEU <\/em><\/strong>\u00a0<em>Myscelia ethusa\u00a0\u00a0 <strong>\u00catre soi-m\u00eame &#8211; Compr\u00e9hension<\/strong><strong> <\/strong><\/em><\/p>\n<p>Pour comprendre les familles avec des probl\u00e8mes, les sch\u00e9mas culturels et l\u2019impact que cela a dans nos vies, et dans la n\u00f4tre en particulier. En rompant avec les\u00a0 attentes culturelles et sociales des autres,\u00a0<\/p>","protected":false},"featured_media":5393,"template":"","meta":[],"product_brand":[],"product_cat":[177],"product_tag":[],"class_list":{"0":"post-5392","1":"product","2":"type-product","3":"status-publish","4":"has-post-thumbnail","6":"product_cat-papillons-coffrets-3-4","8":"first","9":"instock","10":"taxable","11":"shipping-taxable","12":"purchasable","13":"product-type-simple"},"etheme_brands":{"errors":{"invalid_taxonomy":["Invalid taxonomy."]},"error_data":[]},"jetpack_sharing_enabled":true,"jetpack-related-posts":[{"id":5406,"url":"https:\/\/artstella-elixirs-floraux.com\/en\/product\/mazarina-azul-sylfos\/","url_meta":{"origin":5392,"position":0},"title":"MAZARINA AZUL SYLFOS","author":"eveapprill","date":"9 March 2025","format":false,"excerpt":"40 \u2013 MAZARINA AZUL\/ MAZARINE BLEUE \u00a0\u00a0Cyaniris semiargus Conscience \u2013 Cause et Effet Cet \u00e9lixir nous aide \u00e0 \u00eatre plus conscients, non seulement de ce \u00e0 quoi nous pensons, mais aussi avec qui nous sommes en connexion pour la cause de ce dont nous pensons.","rel":"","context":"Similar post","block_context":{"text":"Similar post","link":""},"img":{"alt_text":"","src":"","width":0,"height":0},"classes":[]},{"id":4151,"url":"https:\/\/artstella-elixirs-floraux.com\/en\/product\/xerces-azul-sylfos-15ml-pap\/","url_meta":{"origin":5392,"position":1},"title":"XERCES AZUL SYLFOS 15ML PAP","author":"eveapprill","date":"9 March 2025","format":false,"excerpt":"XERCES AZUL Glaucopsyche xerces Nettoyage du karma Un autre \u00e9lixir fondamental de la gamme. Il nous permet de nous lib\u00e9rer des formes de pens\u00e9es et des implants n\u00e9gatifs que nous avons depuis nos vies ant\u00e9rieures. Il permet le nettoyage au niveau de l\u2019\u00e2me, afin d\u2019affronter la r\u00e9alit\u00e9 de notre mission\u2026","rel":"","context":"Similar post","block_context":{"text":"Similar post","link":""},"img":{"alt_text":"","src":"https:\/\/i0.wp.com\/artstella-elixirs-floraux.com\/wp-content\/uploads\/2025\/03\/769e6b04-2a25-49e2-9552-c0d5e36f7a40.jpg?resize=350%2C200&ssl=1","width":350,"height":200,"srcset":"https:\/\/i0.wp.com\/artstella-elixirs-floraux.com\/wp-content\/uploads\/2025\/03\/769e6b04-2a25-49e2-9552-c0d5e36f7a40.jpg?resize=350%2C200&ssl=1 1x, https:\/\/i0.wp.com\/artstella-elixirs-floraux.com\/wp-content\/uploads\/2025\/03\/769e6b04-2a25-49e2-9552-c0d5e36f7a40.jpg?resize=525%2C300&ssl=1 1.5x, https:\/\/i0.wp.com\/artstella-elixirs-floraux.com\/wp-content\/uploads\/2025\/03\/769e6b04-2a25-49e2-9552-c0d5e36f7a40.jpg?resize=700%2C400&ssl=1 2x"},"classes":[]},{"id":5556,"url":"https:\/\/artstella-elixirs-floraux.com\/en\/product\/nemophile-bleu-sylfos-15-ml\/","url_meta":{"origin":5392,"position":2},"title":"NEMOPHILE BLEU SYLFOS 15 ML","author":"eveapprill","date":"9 March 2025","format":false,"excerpt":"NEMOPHILE BLEU\u00a0 Nemophila menziesii BEBE DE OJOS AZULES \u00a0 \u00a0 Pour ceux qui ne se sentent pas s\u00fbrs d\u2019eux-m\u00eames et sont incapables de faire confiance \u00e0 la bont\u00e9 des autres ou du monde\u00a0","rel":"","context":"Similar post","block_context":{"text":"Similar post","link":""},"img":{"alt_text":"","src":"","width":0,"height":0},"classes":[]},{"id":6266,"url":"https:\/\/artstella-elixirs-floraux.com\/en\/product\/arbol-de-josue-15-ml-sylfos\/","url_meta":{"origin":5392,"position":3},"title":"ARBOL DE JOSUE 15 ML SYLFOS","author":"eveapprill","date":"9 March 2025","format":false,"excerpt":"Arbre de Josue Lib\u00e9ration des sch\u00e9mas h\u00e9rit\u00e9s - Karma g\u00e9n\u00e9rationnel Gu\u00e9rir son propre arbre g\u00e9n\u00e9rationnel, se lib\u00e9rer des sch\u00e9mas h\u00e9rit\u00e9s g\u00e9n\u00e9ration apr\u00e8s g\u00e9n\u00e9ration, sans renier ses origines. Permet d'int\u00e9grer l'h\u00e9ritage, la lign\u00e9e, sans \u00eatre esclave des traditions familiales.","rel":"","context":"Similar post","block_context":{"text":"Similar post","link":""},"img":{"alt_text":"","src":"https:\/\/i0.wp.com\/artstella-elixirs-floraux.com\/wp-content\/uploads\/2025\/03\/wp-image2223.png?resize=350%2C200&ssl=1","width":350,"height":200},"classes":[]},{"id":5452,"url":"https:\/\/artstella-elixirs-floraux.com\/en\/product\/digitale-foxglove-vingerhoedskruid-10ml\/","url_meta":{"origin":5392,"position":4},"title":"Digitale &#8211; Foxglove- VINGERHOEDSKRUID 10ml","author":"eveapprill","date":"9 March 2025","format":false,"excerpt":"Digitale \/ Digitalis purpurea (foxglove) Pour d\u00e9passer le mental. Facilite les processus mentaux et permet de recontacter le c\u0153ur. Nous aide \u00e0 nous lib\u00e9rer de sch\u00e9mas de comportements que nous pensons devoir avoir.","rel":"","context":"Similar post","block_context":{"text":"Similar post","link":""},"img":{"alt_text":"","src":"","width":0,"height":0},"classes":[]},{"id":4171,"url":"https:\/\/artstella-elixirs-floraux.com\/en\/product\/metatron-messagers-sylfos-15-ml\/","url_meta":{"origin":5392,"position":5},"title":"METATRON (MESSAGERS) SYLFOS 15 ML","author":"eveapprill","date":"9 March 2025","format":false,"excerpt":"METATRON\u00a0 Cr\u00e9ation divine Aide \u00e0 reprogrammer la vie dans la Grande Lumi\u00e8re, en restructurant l\u2019\u00eatre. Soutient le changement et invite \u00e0 \u00e9voluer...","rel":"","context":"Similar post","block_context":{"text":"Similar post","link":""},"img":{"alt_text":"","src":"","width":0,"height":0},"classes":[]}],"_links":{"self":[{"href":"https:\/\/artstella-elixirs-floraux.com\/en\/wp-json\/wp\/v2\/product\/5392","targetHints":{"allow":["GET"]}}],"collection":[{"href":"https:\/\/artstella-elixirs-floraux.com\/en\/wp-json\/wp\/v2\/product"}],"about":[{"href":"https:\/\/artstella-elixirs-floraux.com\/en\/wp-json\/wp\/v2\/types\/product"}],"version-history":[{"count":0,"href":"https:\/\/artstella-elixirs-floraux.com\/en\/wp-json\/wp\/v2\/product\/5392\/revisions"}],"wp:featuredmedia":[{"embeddable":true,"href":"https:\/\/artstella-elixirs-floraux.com\/en\/wp-json\/wp\/v2\/media\/5393"}],"wp:attachment":[{"href":"https:\/\/artstella-elixirs-floraux.com\/en\/wp-json\/wp\/v2\/media?parent=5392"}],"wp:term":[{"taxonomy":"product_brand","embeddable":true,"href":"https:\/\/artstella-elixirs-floraux.com\/en\/wp-json\/wp\/v2\/product_brand?post=5392"},{"taxonomy":"product_cat","embeddable":true,"href":"https:\/\/artstella-elixirs-floraux.com\/en\/wp-json\/wp\/v2\/product_cat?post=5392"},{"taxonomy":"product_tag","embeddable":true,"href":"https:\/\/artstella-elixirs-floraux.com\/en\/wp-json\/wp\/v2\/product_tag?post=5392"}],"curies":[{"name":"wp","href":"https:\/\/api.w.org\/{rel}","templated":true}]}}