{"id":5396,"date":"2025-03-09T13:42:59","date_gmt":"2025-03-09T13:42:59","guid":{"rendered":"https:\/\/artstella-elixirs-floraux.com\/product\/ojo-de-macho-sylfos-15ml-pap\/"},"modified":"2025-04-30T21:25:55","modified_gmt":"2025-04-30T21:25:55","slug":"ojo-de-macho-sylfos-15ml-pap","status":"publish","type":"product","link":"https:\/\/artstella-elixirs-floraux.com\/en\/product\/ojo-de-macho-sylfos-15ml-pap\/","title":{"rendered":"OJO DE MACHO SYLFOS 15ML PAP"},"content":{"rendered":"<p><strong><em>34 &#8211; OJO DE MACHO\/ PAPILLON OCELL\u00c9<\/em><\/strong> <em>Junonia coenia\u00a0\u00a0 <strong>Vision &#8211; Conscience- Evolution<\/strong><\/em><\/p>\n<p>Cet \u00e9lixir nous permet de transformer la n\u00e9gativit\u00e9 afin de pouvoir voire la v\u00e9rit\u00e9. Il nous permet de voire plus clairement la situation afin de nous aider \u00e0 voire et \u00e0 aller directement au centre du probl\u00e8me. Il nous aide \u00e0 voire clairement nos objectifs les plus \u00e9lev\u00e9s, et nous enseigne \u00e0 d\u00e9finir les \u00e9tapes concr\u00e8tes \u00e0 suivre, afin d\u2019y aboutir.<\/p>","protected":false},"excerpt":{"rendered":"<p><strong><em>34 &#8211; OJO DE MACHO\/ PAPILLON OCELL\u00c9<\/em><\/strong> <em>Junonia coenia\u00a0\u00a0 <strong>Vision &#8211; Conscience- Evolution<\/strong><\/em><\/p>\n<p>Cet \u00e9lixir nous permet de transformer la n\u00e9gativit\u00e9 afin de pouvoir voire la v\u00e9rit\u00e9. Il nous permet de voire plus clairement la situation afin de nous aider \u00e0 voire et \u00e0 aller directement au centre du probl\u00e8me<\/p>","protected":false},"featured_media":7736,"template":"","meta":[],"product_brand":[],"product_cat":[177],"product_tag":[],"class_list":{"0":"post-5396","1":"product","2":"type-product","3":"status-publish","4":"has-post-thumbnail","6":"product_cat-papillons-coffrets-3-4","8":"first","9":"instock","10":"taxable","11":"shipping-taxable","12":"purchasable","13":"product-type-simple"},"etheme_brands":{"errors":{"invalid_taxonomy":["Invalid taxonomy."]},"error_data":[]},"jetpack_sharing_enabled":true,"jetpack-related-posts":[{"id":5872,"url":"https:\/\/artstella-elixirs-floraux.com\/en\/product\/pieris-blanca-15-ml-papillon-sylfos\/","url_meta":{"origin":5396,"position":0},"title":"PIERIS BLANCA 15 ML Papillon Sylfos","author":"eveapprill","date":"9 March 2025","format":false,"excerpt":"PIERIS BLANCA Pieris brassicae\u00a0 (Chili) Pi\u00e9ride du chou Karma relationnel Elixir fondamental de la gamme, qui permet de voir les autres depuis notre propre pass\u00e9. En le retrouvant nous pouvons gu\u00e9rir notre ancien karma. Cet \u00e9lixir permet de stopper le cercle vicieux des situations non r\u00e9solues de notre karma, afin\u2026","rel":"","context":"Similar post","block_context":{"text":"Similar post","link":""},"img":{"alt_text":"","src":"","width":0,"height":0},"classes":[]},{"id":4148,"url":"https:\/\/artstella-elixirs-floraux.com\/en\/product\/pruna-sylfos-15ml-pap\/","url_meta":{"origin":5396,"position":1},"title":"PRUNA SYLFOS 15ML PAP","author":"eveapprill","date":"9 March 2025","format":false,"excerpt":"PRUNA Satyrium pruni \u00a0Rem\u00e8de d\u2019urgence Il s\u2019agit l\u00e0 d\u2019un autre \u00e9lixir fondamental pour toutes les situations de crises et d\u2019urgences, afin d\u2019adoucir les traumatismes car il suspend la douleur \u00e9motionnelle, ce qui permet de se centrer de nouveau afin de pouvoir prendre...","rel":"","context":"Similar post","block_context":{"text":"Similar post","link":""},"img":{"alt_text":"","src":"https:\/\/i0.wp.com\/artstella-elixirs-floraux.com\/wp-content\/uploads\/2025\/03\/f515f618-f396-4f08-afd9-24892856f420.jpg?resize=350%2C200&ssl=1","width":350,"height":200,"srcset":"https:\/\/i0.wp.com\/artstella-elixirs-floraux.com\/wp-content\/uploads\/2025\/03\/f515f618-f396-4f08-afd9-24892856f420.jpg?resize=350%2C200&ssl=1 1x, https:\/\/i0.wp.com\/artstella-elixirs-floraux.com\/wp-content\/uploads\/2025\/03\/f515f618-f396-4f08-afd9-24892856f420.jpg?resize=525%2C300&ssl=1 1.5x, https:\/\/i0.wp.com\/artstella-elixirs-floraux.com\/wp-content\/uploads\/2025\/03\/f515f618-f396-4f08-afd9-24892856f420.jpg?resize=700%2C400&ssl=1 2x"},"classes":[]},{"id":5406,"url":"https:\/\/artstella-elixirs-floraux.com\/en\/product\/mazarina-azul-sylfos\/","url_meta":{"origin":5396,"position":2},"title":"MAZARINA AZUL SYLFOS","author":"eveapprill","date":"9 March 2025","format":false,"excerpt":"40 \u2013 MAZARINA AZUL\/ MAZARINE BLEUE \u00a0\u00a0Cyaniris semiargus Conscience \u2013 Cause et Effet Cet \u00e9lixir nous aide \u00e0 \u00eatre plus conscients, non seulement de ce \u00e0 quoi nous pensons, mais aussi avec qui nous sommes en connexion pour la cause de ce dont nous pensons.","rel":"","context":"Similar post","block_context":{"text":"Similar post","link":""},"img":{"alt_text":"","src":"","width":0,"height":0},"classes":[]},{"id":3914,"url":"https:\/\/artstella-elixirs-floraux.com\/en\/product\/libellule-a-e-phi-15-ml\/","url_meta":{"origin":5396,"position":3},"title":"LIBELLULE A.E PHI 15 ML","author":"eveapprill","date":"9 March 2025","format":false,"excerpt":"Libellule (Odonata) Libelle Pour voir plus clair dans le mar\u00e9cage de nos sentiments, quand nous ne savons pas ce que nous voulons et sommes comme dans l\u2019eau trouble.","rel":"","context":"Similar post","block_context":{"text":"Similar post","link":""},"img":{"alt_text":"","src":"","width":0,"height":0},"classes":[]},{"id":5984,"url":"https:\/\/artstella-elixirs-floraux.com\/en\/product\/vesta-creciente-papillon-lune-15ml\/","url_meta":{"origin":5396,"position":4},"title":"VESTA CRECIENTE &#8211; PAPILLON LUNE 15ml","author":"eveapprill","date":"9 March 2025","format":false,"excerpt":"39. VESTA CRECIENTE\/ PAPILLON LUNE \u00a0Phyciodes vesta\u00a0\u00a0\u00a0 Retrouver son centre\u00a0 \u2013 Auto-valorisation \u00a0Cet \u00e9lixir est l\u00e0 pour nous aider \u00e0 nous centrer sur ce qui est r\u00e9ellement n\u00e9cessaire et nous permet de simplifier notre fa\u00e7on d\u2019agir, nous \u00e9loignant du brouhaha quotidien que nous avons fait n\u00f4tre.","rel":"","context":"Similar post","block_context":{"text":"Similar post","link":""},"img":{"alt_text":"","src":"","width":0,"height":0},"classes":[]},{"id":5404,"url":"https:\/\/artstella-elixirs-floraux.com\/en\/product\/purpura-grande-sylfos\/","url_meta":{"origin":5396,"position":5},"title":"PURPURA GRANDE SYLFOS","author":"eveapprill","date":"9 March 2025","format":false,"excerpt":"38 - P\u00daRPURA GRANDE\/ GRANDE POURPRE Atlides halesus Evolution \u2013 Prise de conscience Cet \u00e9lixir nous enseigne que toutes les choses arrivent pour le d\u00e9veloppement et la croissance de notre Esprit, et que nous pouvons nous l\u00e2cher afin de pouvoir \u00e9voluer librement et naturellement.","rel":"","context":"Similar post","block_context":{"text":"Similar post","link":""},"img":{"alt_text":"","src":"","width":0,"height":0},"classes":[]}],"_links":{"self":[{"href":"https:\/\/artstella-elixirs-floraux.com\/en\/wp-json\/wp\/v2\/product\/5396","targetHints":{"allow":["GET"]}}],"collection":[{"href":"https:\/\/artstella-elixirs-floraux.com\/en\/wp-json\/wp\/v2\/product"}],"about":[{"href":"https:\/\/artstella-elixirs-floraux.com\/en\/wp-json\/wp\/v2\/types\/product"}],"version-history":[{"count":0,"href":"https:\/\/artstella-elixirs-floraux.com\/en\/wp-json\/wp\/v2\/product\/5396\/revisions"}],"wp:featuredmedia":[{"embeddable":true,"href":"https:\/\/artstella-elixirs-floraux.com\/en\/wp-json\/wp\/v2\/media\/7736"}],"wp:attachment":[{"href":"https:\/\/artstella-elixirs-floraux.com\/en\/wp-json\/wp\/v2\/media?parent=5396"}],"wp:term":[{"taxonomy":"product_brand","embeddable":true,"href":"https:\/\/artstella-elixirs-floraux.com\/en\/wp-json\/wp\/v2\/product_brand?post=5396"},{"taxonomy":"product_cat","embeddable":true,"href":"https:\/\/artstella-elixirs-floraux.com\/en\/wp-json\/wp\/v2\/product_cat?post=5396"},{"taxonomy":"product_tag","embeddable":true,"href":"https:\/\/artstella-elixirs-floraux.com\/en\/wp-json\/wp\/v2\/product_tag?post=5396"}],"curies":[{"name":"wp","href":"https:\/\/api.w.org\/{rel}","templated":true}]}}