{"id":5398,"date":"2025-03-09T13:43:01","date_gmt":"2025-03-09T13:43:01","guid":{"rendered":"https:\/\/artstella-elixirs-floraux.com\/product\/pafia-plateada-sylfos-15ml-pap\/"},"modified":"2025-06-08T13:01:51","modified_gmt":"2025-06-08T13:01:51","slug":"pafia-plateada-sylfos-15ml-pap","status":"publish","type":"product","link":"https:\/\/artstella-elixirs-floraux.com\/en\/product\/pafia-plateada-sylfos-15ml-pap\/","title":{"rendered":"PAFIA PLATEADA SYLFOS 15ML PAP"},"content":{"rendered":"<p><strong><em>35 &#8211; PAFIA PLATEADA\/ TABAC D\u2019ESPAGNE<\/em><\/strong> <em>Argynnis paphia\u00a0\u00a0 <strong>Connexion ang\u00e9lique<\/strong><strong> <\/strong><\/em><\/p>\n<p>Cet \u00e9lixir nous permet de comprendre que les anges sont toujours avec nous et nous accompagnent. Il nous aide \u00e0 avoir acc\u00e8s aux dimensions ang\u00e9liques, ce qui nous permet d\u2019\u00eatre attentif et d\u2019agir sous les directives de nos guides ang\u00e9liques.<\/p>","protected":false},"excerpt":{"rendered":"<p>35 &#8211; PAFIA PLATEADA\/ TABAC D\u2019ESPAGNE Argynnis paphia\u00a0\u00a0 Connexion ang\u00e9lique Cet \u00e9lixir nous permet de comprendre que les anges sont toujours avec nous et nous&#8230;<\/p>","protected":false},"featured_media":5399,"template":"","meta":[],"product_brand":[],"product_cat":[177],"product_tag":[],"class_list":{"0":"post-5398","1":"product","2":"type-product","3":"status-publish","4":"has-post-thumbnail","6":"product_cat-papillons-coffrets-3-4","8":"first","9":"instock","10":"taxable","11":"shipping-taxable","12":"purchasable","13":"product-type-simple"},"etheme_brands":{"errors":{"invalid_taxonomy":["Invalid taxonomy."]},"error_data":[]},"jetpack_sharing_enabled":true,"jetpack-related-posts":[{"id":2684,"url":"https:\/\/artstella-elixirs-floraux.com\/en\/product\/calling-all-angels\/","url_meta":{"origin":5398,"position":0},"title":"CALLING ALL ANGELS","author":"eveapprill","date":"9 March 2025","format":false,"excerpt":"Calling all angels (Appeler tous les anges) existe en gouttes et en\u00a0 spray.\u00a0 Contient: Angelica . Chalice Well Chiming Bells\u00a0 Permet d\u2019entrer en contact avec l\u2019amour, la guidance et la protection du royaume ang\u00e9lique. Elle apporte une \u00e9nergie tr\u00e8s douce, d\u2019amour et de s\u00e9r\u00e9nit\u00e9 dans le c\u0153ur, mais aussi au\u2026","rel":"","context":"Similar post","block_context":{"text":"Similar post","link":""},"img":{"alt_text":"","src":"https:\/\/i0.wp.com\/artstella-elixirs-floraux.com\/wp-content\/uploads\/2025\/03\/7e939754-d789-483b-a32f-953a566601f4.jpg?resize=350%2C200&ssl=1","width":350,"height":200,"srcset":"https:\/\/i0.wp.com\/artstella-elixirs-floraux.com\/wp-content\/uploads\/2025\/03\/7e939754-d789-483b-a32f-953a566601f4.jpg?resize=350%2C200&ssl=1 1x, https:\/\/i0.wp.com\/artstella-elixirs-floraux.com\/wp-content\/uploads\/2025\/03\/7e939754-d789-483b-a32f-953a566601f4.jpg?resize=525%2C300&ssl=1 1.5x, https:\/\/i0.wp.com\/artstella-elixirs-floraux.com\/wp-content\/uploads\/2025\/03\/7e939754-d789-483b-a32f-953a566601f4.jpg?resize=700%2C400&ssl=1 2x"},"classes":[]},{"id":6187,"url":"https:\/\/artstella-elixirs-floraux.com\/en\/product\/blue-angel-15ml-ltoe\/","url_meta":{"origin":5398,"position":1},"title":"BLUE ANGEL 15ML LTOE","author":"eveapprill","date":"9 March 2025","format":false,"excerpt":"Blue Angel - Ange bleu Vanda Gomalco's Blue Magic Aide \u00e0 nous reconnecter avec l\u2019origine de notre \u00e2me et son but. Il tr\u00e8s \u00ab\u00a0r\u00e9fl\u00e9chissant\u00a0\u00bb\u00a0: regarder vers notre origine comme au fond d\u2019un lac clair dont les rayons lumineux p\u00e9n\u00e8trent en scintillant les profondeurs de l\u2019eau.","rel":"","context":"Similar post","block_context":{"text":"Similar post","link":""},"img":{"alt_text":"","src":"https:\/\/i0.wp.com\/artstella-elixirs-floraux.com\/wp-content\/uploads\/2025\/03\/39e0c487-06be-494b-86ff-3351cba6818c.jpg?resize=350%2C200&ssl=1","width":350,"height":200,"srcset":"https:\/\/i0.wp.com\/artstella-elixirs-floraux.com\/wp-content\/uploads\/2025\/03\/39e0c487-06be-494b-86ff-3351cba6818c.jpg?resize=350%2C200&ssl=1 1x, https:\/\/i0.wp.com\/artstella-elixirs-floraux.com\/wp-content\/uploads\/2025\/03\/39e0c487-06be-494b-86ff-3351cba6818c.jpg?resize=525%2C300&ssl=1 1.5x, https:\/\/i0.wp.com\/artstella-elixirs-floraux.com\/wp-content\/uploads\/2025\/03\/39e0c487-06be-494b-86ff-3351cba6818c.jpg?resize=700%2C400&ssl=1 2x"},"classes":[]},{"id":3762,"url":"https:\/\/artstella-elixirs-floraux.com\/en\/product\/angel-orchid-phi\/","url_meta":{"origin":5398,"position":2},"title":"ANGEL ORCHID PHI","author":"eveapprill","date":"9 March 2025","format":false,"excerpt":"Angel Orchid (Epidendrum secundum) Nous ouvre \u00e0 la communication avec les plans d'\u00e9nergies sup\u00e9rieurs. Cet \u00e9lixir nous all\u00e8ge et il accro\u00eet ainsi notre sentiment de s\u00e9curit\u00e9.","rel":"","context":"Similar post","block_context":{"text":"Similar post","link":""},"img":{"alt_text":"","src":"https:\/\/i0.wp.com\/artstella-elixirs-floraux.com\/wp-content\/uploads\/2025\/03\/wp-image501.png?resize=350%2C200&ssl=1","width":350,"height":200},"classes":[]},{"id":2763,"url":"https:\/\/artstella-elixirs-floraux.com\/en\/product\/angelic-angelique-bush-white-light\/","url_meta":{"origin":5398,"position":3},"title":"ANGELIC (Ang\u00e9lique) BUSH WHITE LIGHT","author":"eveapprill","date":"9 March 2025","format":false,"excerpt":"L'\u00c9LIXIR ANG\u00c9LIQUE (ANGELIC ESSENCE) a \u00e9t\u00e9 cr\u00e9\u00e9 au P\u00e9rou, au sommet de la montagne sacr\u00e9e Putucusi, directement en face du Machu Picchu. Il aide \u00e0 s'ouvrir pour recevoir d'en haut les vibrations ang\u00e9liques d'inspiration, d\u2019amour, d'\u00e9veil, de communication, de guidanc...","rel":"","context":"Similar post","block_context":{"text":"Similar post","link":""},"img":{"alt_text":"","src":"https:\/\/i0.wp.com\/artstella-elixirs-floraux.com\/wp-content\/uploads\/2025\/03\/1cc5f192-dd2a-4e65-b324-54165c532471.jpg?resize=350%2C200&ssl=1","width":350,"height":200,"srcset":"https:\/\/i0.wp.com\/artstella-elixirs-floraux.com\/wp-content\/uploads\/2025\/03\/1cc5f192-dd2a-4e65-b324-54165c532471.jpg?resize=350%2C200&ssl=1 1x, https:\/\/i0.wp.com\/artstella-elixirs-floraux.com\/wp-content\/uploads\/2025\/03\/1cc5f192-dd2a-4e65-b324-54165c532471.jpg?resize=525%2C300&ssl=1 1.5x, https:\/\/i0.wp.com\/artstella-elixirs-floraux.com\/wp-content\/uploads\/2025\/03\/1cc5f192-dd2a-4e65-b324-54165c532471.jpg?resize=700%2C400&ssl=1 2x"},"classes":[]},{"id":5625,"url":"https:\/\/artstella-elixirs-floraux.com\/en\/product\/angelique-15-ml-deva\/","url_meta":{"origin":5398,"position":4},"title":"Ang\u00e9lique 15 ML Deva","author":"eveapprill","date":"9 March 2025","format":false,"excerpt":"Ang\u00e9lique Protection spirituelle. Elixir majeur conseill\u00e9 dans les situations de crise et chaque fois que la vie est en jeu. Renforce la confiance en la vie et apporte force et vigueur morale lorsque l\u2019avenir est incertain.","rel":"","context":"Similar post","block_context":{"text":"Similar post","link":""},"img":{"alt_text":"","src":"https:\/\/i0.wp.com\/artstella-elixirs-floraux.com\/wp-content\/uploads\/2025\/03\/wp-image1815.png?resize=350%2C200&ssl=1","width":350,"height":200},"classes":[]},{"id":6199,"url":"https:\/\/artstella-elixirs-floraux.com\/en\/product\/collier-angel-phi\/","url_meta":{"origin":5398,"position":5},"title":"Collier \u00ab\u00a0ANGEL\u00a0\u00bb PHI","author":"eveapprill","date":"9 March 2025","format":false,"excerpt":"NOUVEAU PENDENTIF ! Il allie l'\u00e9nergie du cercle de bl\u00e9 n\u00b0215 Angel et du nouvel \u00e9lixir Oc\u00e9an n\u00b031. Il aide au niveau \u00e9nerg\u00e9tique \u00e0 traverser les p\u00e9riodes difficiles. Il apporte un sentiment de protection.","rel":"","context":"Similar post","block_context":{"text":"Similar post","link":""},"img":{"alt_text":"","src":"https:\/\/i0.wp.com\/artstella-elixirs-floraux.com\/wp-content\/uploads\/2025\/03\/wp-image2194.png?resize=350%2C200&ssl=1","width":350,"height":200},"classes":[]}],"_links":{"self":[{"href":"https:\/\/artstella-elixirs-floraux.com\/en\/wp-json\/wp\/v2\/product\/5398","targetHints":{"allow":["GET"]}}],"collection":[{"href":"https:\/\/artstella-elixirs-floraux.com\/en\/wp-json\/wp\/v2\/product"}],"about":[{"href":"https:\/\/artstella-elixirs-floraux.com\/en\/wp-json\/wp\/v2\/types\/product"}],"version-history":[{"count":0,"href":"https:\/\/artstella-elixirs-floraux.com\/en\/wp-json\/wp\/v2\/product\/5398\/revisions"}],"wp:featuredmedia":[{"embeddable":true,"href":"https:\/\/artstella-elixirs-floraux.com\/en\/wp-json\/wp\/v2\/media\/5399"}],"wp:attachment":[{"href":"https:\/\/artstella-elixirs-floraux.com\/en\/wp-json\/wp\/v2\/media?parent=5398"}],"wp:term":[{"taxonomy":"product_brand","embeddable":true,"href":"https:\/\/artstella-elixirs-floraux.com\/en\/wp-json\/wp\/v2\/product_brand?post=5398"},{"taxonomy":"product_cat","embeddable":true,"href":"https:\/\/artstella-elixirs-floraux.com\/en\/wp-json\/wp\/v2\/product_cat?post=5398"},{"taxonomy":"product_tag","embeddable":true,"href":"https:\/\/artstella-elixirs-floraux.com\/en\/wp-json\/wp\/v2\/product_tag?post=5398"}],"curies":[{"name":"wp","href":"https:\/\/api.w.org\/{rel}","templated":true}]}}