{"id":5404,"date":"2025-03-09T13:43:05","date_gmt":"2025-03-09T13:43:05","guid":{"rendered":"https:\/\/artstella-elixirs-floraux.com\/product\/purpura-grande-sylfos\/"},"modified":"2025-06-08T13:01:51","modified_gmt":"2025-06-08T13:01:51","slug":"purpura-grande-sylfos","status":"publish","type":"product","link":"https:\/\/artstella-elixirs-floraux.com\/en\/product\/purpura-grande-sylfos\/","title":{"rendered":"PURPURA GRANDE SYLFOS"},"content":{"rendered":"<p><strong><em>38 &#8211; P\u00daRPURA GRANDE\/ GRANDE POURPRE<\/em><\/strong> <em>Atlides halesus <strong>Evolution \u2013 Prise de conscience<\/strong><strong> <\/strong><\/em><\/p>\n<p>Cet \u00e9lixir nous enseigne que toutes les choses arrivent pour le d\u00e9veloppement et la croissance de notre Esprit, et que nous pouvons nous l\u00e2cher afin de pouvoir \u00e9voluer librement et naturellement. M\u00eame lorsque nous travaillons consciemment \u00e0 ouvrir notre spiritualit\u00e9, de toute fa\u00e7on les choses arrivent sous la surface apparente.\u00a0 Afin de pouvoir faire le saut quantique, nous devons \u00eatre attentifs aux exp\u00e9riences simples qui ne nous paraissent pas avoir un reflet spirituel.<\/p>","protected":false},"excerpt":{"rendered":"<p><strong><em>38 &#8211; P\u00daRPURA GRANDE\/ GRANDE POURPRE<\/em><\/strong> <em>Atlides halesus <strong>Evolution \u2013 Prise de conscience<\/strong><strong> <\/strong><\/em><\/p>\n<p>Cet \u00e9lixir nous enseigne que toutes les choses arrivent pour le d\u00e9veloppement et la croissance de notre Esprit, et que nous pouvons nous l\u00e2cher afin de pouvoir \u00e9voluer librement et naturellement.<\/p>","protected":false},"featured_media":5405,"template":"","meta":[],"product_brand":[],"product_cat":[177],"product_tag":[],"class_list":{"0":"post-5404","1":"product","2":"type-product","3":"status-publish","4":"has-post-thumbnail","6":"product_cat-papillons-coffrets-3-4","8":"first","9":"instock","10":"taxable","11":"shipping-taxable","12":"purchasable","13":"product-type-simple"},"etheme_brands":{"errors":{"invalid_taxonomy":["Invalid taxonomy."]},"error_data":[]},"jetpack_sharing_enabled":true,"jetpack-related-posts":[{"id":4516,"url":"https:\/\/artstella-elixirs-floraux.com\/en\/product\/belle-de-jour\/","url_meta":{"origin":5404,"position":0},"title":"Belle de jour","author":"eveapprill","date":"9 March 2025","format":false,"excerpt":"Belle de jour (ipomea purpurea)Fait partie de la gamme des fleurs sauvages. En favorisant la prise de conscience de nos habitudes nocives, l\u2019\u00e9lixir nous aide \u00e0 pouvoir les l\u00e2cher.","rel":"","context":"Similar post","block_context":{"text":"Similar post","link":""},"img":{"alt_text":"","src":"","width":0,"height":0},"classes":[]},{"id":5396,"url":"https:\/\/artstella-elixirs-floraux.com\/en\/product\/ojo-de-macho-sylfos-15ml-pap\/","url_meta":{"origin":5404,"position":1},"title":"OJO DE MACHO SYLFOS 15ML PAP","author":"eveapprill","date":"9 March 2025","format":false,"excerpt":"34 - OJO DE MACHO\/ PAPILLON OCELL\u00c9 Junonia coenia\u00a0\u00a0 Vision - Conscience- Evolution Cet \u00e9lixir nous permet de transformer la n\u00e9gativit\u00e9 afin de pouvoir voire la v\u00e9rit\u00e9. Il nous permet de voire plus clairement la situation afin de nous aider \u00e0 voire et \u00e0 aller directement au centre du probl\u00e8me","rel":"","context":"Similar post","block_context":{"text":"Similar post","link":""},"img":{"alt_text":"","src":"https:\/\/i0.wp.com\/artstella-elixirs-floraux.com\/wp-content\/uploads\/2025\/03\/599dbec6-a0ba-4dd0-b4c6-380b343e864f.jpg?resize=350%2C200&ssl=1","width":350,"height":200,"srcset":"https:\/\/i0.wp.com\/artstella-elixirs-floraux.com\/wp-content\/uploads\/2025\/03\/599dbec6-a0ba-4dd0-b4c6-380b343e864f.jpg?resize=350%2C200&ssl=1 1x, https:\/\/i0.wp.com\/artstella-elixirs-floraux.com\/wp-content\/uploads\/2025\/03\/599dbec6-a0ba-4dd0-b4c6-380b343e864f.jpg?resize=525%2C300&ssl=1 1.5x, https:\/\/i0.wp.com\/artstella-elixirs-floraux.com\/wp-content\/uploads\/2025\/03\/599dbec6-a0ba-4dd0-b4c6-380b343e864f.jpg?resize=700%2C400&ssl=1 2x"},"classes":[]},{"id":5550,"url":"https:\/\/artstella-elixirs-floraux.com\/en\/product\/jacaranda-15-ml-sylfos\/","url_meta":{"origin":5404,"position":2},"title":"JACARANDA 15 ML SYLFOS","author":"eveapprill","date":"9 March 2025","format":false,"excerpt":"JACARAND\u00c1 \u00a0Jacaranda mimosifolia \u00a0 \u00a0 Nous \u00e9l\u00e8ve vers le ciel, afin de nous inonder de nos talents et ensuite, en s\u2019inclinant vers la Terre noua aide \u00e0 pouvoir exprimer les qualit\u00e9s que nous avons re\u00e7ues,","rel":"","context":"Similar post","block_context":{"text":"Similar post","link":""},"img":{"alt_text":"","src":"","width":0,"height":0},"classes":[]},{"id":3264,"url":"https:\/\/artstella-elixirs-floraux.com\/en\/product\/belle-de-jour-15-ml-phi\/","url_meta":{"origin":5404,"position":3},"title":"BELLE DE JOUR 15 ML PHI","author":"eveapprill","date":"9 March 2025","format":false,"excerpt":"Belle de jour (Ipomea purpurea) (Prunkwinde) L'\u00e9lixir favorise la prise de conscience de nos habitudes de vie et de nos d\u00e9pendances. Les processus de lib\u00e9ration et de sevrage sont facilit\u00e9s. Notre cr\u00e9ativit\u00e9 peut se red\u00e9ployer.","rel":"","context":"Similar post","block_context":{"text":"Similar post","link":""},"img":{"alt_text":"","src":"https:\/\/i0.wp.com\/artstella-elixirs-floraux.com\/wp-content\/uploads\/2025\/03\/wp-image673.png?resize=350%2C200&ssl=1","width":350,"height":200},"classes":[]},{"id":6203,"url":"https:\/\/artstella-elixirs-floraux.com\/en\/product\/elixir-ocean-n-22-phi-15ml\/","url_meta":{"origin":5404,"position":4},"title":"ELIXIR OCEAN N\u00b0 22 PHI 15ml","author":"eveapprill","date":"9 March 2025","format":false,"excerpt":"ELIXIR OCEAN N\u00b0 22\u00a0 aide \u00e0 se centrer \u00e9motionnellement et \u00e0 s'harmoniser. Il aide les personnes ayant tendance \u00e0 vouloir contr\u00f4ler les autres \u00e0 pouvoir l\u00e2cher prise. Il favorise \u00e9nerg\u00e9tiquement la lib\u00e9ration de peurs telle la perte de contr\u00f4le.","rel":"","context":"Similar post","block_context":{"text":"Similar post","link":""},"img":{"alt_text":"","src":"https:\/\/i0.wp.com\/artstella-elixirs-floraux.com\/wp-content\/uploads\/2025\/03\/wp-image2196.png?resize=350%2C200&ssl=1","width":350,"height":200},"classes":[]},{"id":4140,"url":"https:\/\/artstella-elixirs-floraux.com\/en\/product\/filodice-sylfos-15ml-pap\/","url_meta":{"origin":5404,"position":5},"title":"FILODICE SYLFOS 15ML PAP","author":"eveapprill","date":"9 March 2025","format":false,"excerpt":"FILODICE Colias philodice L\u00e2cher-prise \u2013 Confiance \u2013 Respect . Cet \u00e9lixir permet de nous \u00e9lever et nous apporte l\u2019inspiration. Il nous aide \u00e0 comprendre que toutes choses \u00e0 une base spirituelle et que nous ne devons pas avoir peur...","rel":"","context":"Similar post","block_context":{"text":"Similar post","link":""},"img":{"alt_text":"","src":"","width":0,"height":0},"classes":[]}],"_links":{"self":[{"href":"https:\/\/artstella-elixirs-floraux.com\/en\/wp-json\/wp\/v2\/product\/5404","targetHints":{"allow":["GET"]}}],"collection":[{"href":"https:\/\/artstella-elixirs-floraux.com\/en\/wp-json\/wp\/v2\/product"}],"about":[{"href":"https:\/\/artstella-elixirs-floraux.com\/en\/wp-json\/wp\/v2\/types\/product"}],"version-history":[{"count":0,"href":"https:\/\/artstella-elixirs-floraux.com\/en\/wp-json\/wp\/v2\/product\/5404\/revisions"}],"wp:featuredmedia":[{"embeddable":true,"href":"https:\/\/artstella-elixirs-floraux.com\/en\/wp-json\/wp\/v2\/media\/5405"}],"wp:attachment":[{"href":"https:\/\/artstella-elixirs-floraux.com\/en\/wp-json\/wp\/v2\/media?parent=5404"}],"wp:term":[{"taxonomy":"product_brand","embeddable":true,"href":"https:\/\/artstella-elixirs-floraux.com\/en\/wp-json\/wp\/v2\/product_brand?post=5404"},{"taxonomy":"product_cat","embeddable":true,"href":"https:\/\/artstella-elixirs-floraux.com\/en\/wp-json\/wp\/v2\/product_cat?post=5404"},{"taxonomy":"product_tag","embeddable":true,"href":"https:\/\/artstella-elixirs-floraux.com\/en\/wp-json\/wp\/v2\/product_tag?post=5404"}],"curies":[{"name":"wp","href":"https:\/\/api.w.org\/{rel}","templated":true}]}}