{"id":5418,"date":"2025-03-09T13:43:14","date_gmt":"2025-03-09T13:43:14","guid":{"rendered":"https:\/\/artstella-elixirs-floraux.com\/product\/clematite-bosrank-10ml\/"},"modified":"2025-03-09T13:43:14","modified_gmt":"2025-03-09T13:43:14","slug":"clematite-bosrank-10ml","status":"publish","type":"product","link":"https:\/\/artstella-elixirs-floraux.com\/en\/product\/clematite-bosrank-10ml\/","title":{"rendered":"Cl\u00e9matite BOSRANK 10ML"},"content":{"rendered":"<p>Cet \u00e9lixir a \u00e9t\u00e9 pr\u00e9par\u00e9 dans les montagnes entre la France et l\u2019Espagne. Cette cl\u00e9matite sert non seulement \u00e0 \u00eatre plus \u00e9veill\u00e9 mais apporte une compr\u00e9hension claire de nos actions. En\u00a0\u00a0clarifiant les processus de pens\u00e9es, elle nous apporte une plus grande perspicacit\u00e9 par rapport \u00e0 nos activit\u00e9s. Elle soutient le processus qui donne forme. Am\u00e9liore notre compr\u00e9hension du processus de cause \u00e0 effet et plus de clart\u00e9 par rapport \u00e0 notre inconscient. Permet de travailler avec et pour la Lumi\u00e8re et la manifester dans ce monde.<\/p>\n<p><em>Pour sortir d\u2019un monde de r\u00eaves et trouver une meilleure. Am\u00e9liore notre capacit\u00e9 de pens\u00e9e et l\u2019intuition en ce qui nous concerne. Soutient les processus de formation. Pour travailler avec la lumi\u00e8re et la manifester autour de nous.<\/em><\/p>","protected":false},"excerpt":{"rendered":"<p>Cet \u00e9lixir a \u00e9t\u00e9 pr\u00e9par\u00e9 dans les montagnes entre la France et l\u2019Espagne. Cette cl\u00e9matite sert non seulement \u00e0 \u00eatre plus \u00e9veill\u00e9 mais apporte une compr\u00e9hension claire de nos actions.\u00a0<\/p>","protected":false},"featured_media":5419,"template":"","meta":[],"product_brand":[],"product_cat":[178],"product_tag":[],"class_list":{"0":"post-5418","1":"product","2":"type-product","3":"status-publish","4":"has-post-thumbnail","6":"product_cat-les-elixirs-hollandais-bloesme-remedies","8":"first","9":"outofstock","10":"taxable","11":"shipping-taxable","12":"purchasable","13":"product-type-simple"},"etheme_brands":{"errors":{"invalid_taxonomy":["Invalid taxonomy."]},"error_data":[]},"jetpack_sharing_enabled":true,"jetpack-related-posts":[{"id":6042,"url":"https:\/\/artstella-elixirs-floraux.com\/en\/product\/elixir-ocean-n07-phi-15ml\/","url_meta":{"origin":5418,"position":0},"title":"ELIXIR OCEAN N\u00b007 PHI 15ML","author":"eveapprill","date":"9 March 2025","format":false,"excerpt":"L\u2018\u00e9lixir soutient les processus d\u2019\u00e9volution. Apporte un soutien \u00e9nerg\u00e9tique au d\u00e9veloppement cellulaire, \u00e0 leur formation et transformation.\u00a0A l\u2019image de la chenille qui forme un cocon et du cocon sort un papillon, il nous aide \u00e0 murir et \u00e0 poursuivre notre d\u00e9veloppement. Pour atteindre nos buts dans la vie.","rel":"","context":"Similar post","block_context":{"text":"Similar post","link":""},"img":{"alt_text":"","src":"https:\/\/i0.wp.com\/artstella-elixirs-floraux.com\/wp-content\/uploads\/2025\/03\/wp-image2045.png?resize=350%2C200&ssl=1","width":350,"height":200},"classes":[]},{"id":5327,"url":"https:\/\/artstella-elixirs-floraux.com\/en\/product\/creme-assistance\/","url_meta":{"origin":5418,"position":1},"title":"cr\u00e8me \u00ab\u00a0Assistance\u00a0\u00bb","author":"eveapprill","date":"9 March 2025","format":false,"excerpt":"La cr\u00e8me ASSISTANCE soutient l'organisme durant les situations de crise et aide \u00e0 surmonter tout \u00e9v\u00e9nement stressant. La cr\u00e8me ASSISTANCE est une pr\u00e9paration essentielle de premier soin pour la peau, qui aide \u00e0 surmonter les petits chocs de la vie quotidienne.","rel":"","context":"Similar post","block_context":{"text":"Similar post","link":""},"img":{"alt_text":"","src":"https:\/\/i0.wp.com\/artstella-elixirs-floraux.com\/wp-content\/uploads\/2025\/03\/wp-image1599.png?resize=350%2C200&ssl=1","width":350,"height":200},"classes":[]},{"id":6046,"url":"https:\/\/artstella-elixirs-floraux.com\/en\/product\/elixir-ocean-n09-phi-15ml\/","url_meta":{"origin":5418,"position":2},"title":"ELIXIR OCEAN N\u00b009 PHI 15ML","author":"eveapprill","date":"9 March 2025","format":false,"excerpt":"D\u2019un c\u00f4t\u00e9, l\u2019\u00e9lixir agit sur l\u2019\u00e9quilibre hydrique et les \u00e9motions, soutenant \u00e9nerg\u00e9tiquement les processus d\u2019\u00e9limination de l\u2019eau. D\u2019un autre c\u00f4t\u00e9, il apporte de la lumi\u00e8re aux cellules (Informations) pour s\u2019adapter \u00e9nerg\u00e9tiquement \u00e0 de nouvelles fr\u00e9quences lumineuses (\u00e9l\u00e9vation vibratoire) \u00a0","rel":"","context":"Similar post","block_context":{"text":"Similar post","link":""},"img":{"alt_text":"","src":"https:\/\/i0.wp.com\/artstella-elixirs-floraux.com\/wp-content\/uploads\/2025\/03\/wp-image2047.png?resize=350%2C200&ssl=1","width":350,"height":200},"classes":[]},{"id":5474,"url":"https:\/\/artstella-elixirs-floraux.com\/en\/product\/terra-bloesem-30ml\/","url_meta":{"origin":5418,"position":3},"title":"TERRA BLOESEM 30ML","author":"eveapprill","date":"9 March 2025","format":false,"excerpt":"Terra, (Ang\u00e9lique, Cl\u00e9matite, Mycena, Cephalanth\u00e8re rouge, , Yeloow star tulip) Combinaison d\u2019urgence. Il am\u00e9liore l\u2019ancrage dans\u00a0 les moments difficiles, dans les cas de peurs, d\u2019examens, d\u2019accidents, de choc, de traumatisme, ou les moments de changements d\u2019humeur","rel":"","context":"Similar post","block_context":{"text":"Similar post","link":""},"img":{"alt_text":"","src":"","width":0,"height":0},"classes":[]},{"id":5472,"url":"https:\/\/artstella-elixirs-floraux.com\/en\/product\/terra-bloesem-10-ml\/","url_meta":{"origin":5418,"position":4},"title":"TERRA BLOESEM 10 ML","author":"eveapprill","date":"9 March 2025","format":false,"excerpt":"Terra, (Ang\u00e9lique, Cl\u00e9matite, Mycena, Cephalanth\u00e8re rouge, , Yeloow star tulip) Combinaison d\u2019urgence.","rel":"","context":"Similar post","block_context":{"text":"Similar post","link":""},"img":{"alt_text":"","src":"","width":0,"height":0},"classes":[]},{"id":2757,"url":"https:\/\/artstella-elixirs-floraux.com\/en\/product\/air-air-bush-white-light\/","url_meta":{"origin":5418,"position":5},"title":"AIR (Air) BUSH WHITE LIGHT","author":"eveapprill","date":"9 March 2025","format":false,"excerpt":"L'\u00c9LIXIR AIR (AIR ESSENCE) a \u00e9t\u00e9 pr\u00e9par\u00e9 au sommet de la montagne Schafberg, \u00e0 St Wolfgang en Autriche. Il permet \u00e0 chacun d\u2019atteindre des royaumes et plans spirituels plus \u00e9lev\u00e9s...","rel":"","context":"Similar post","block_context":{"text":"Similar post","link":""},"img":{"alt_text":"","src":"https:\/\/i0.wp.com\/artstella-elixirs-floraux.com\/wp-content\/uploads\/2025\/03\/5d739f8d-a2aa-4869-a1f7-b6935c8fd6f5.jpg?resize=350%2C200&ssl=1","width":350,"height":200,"srcset":"https:\/\/i0.wp.com\/artstella-elixirs-floraux.com\/wp-content\/uploads\/2025\/03\/5d739f8d-a2aa-4869-a1f7-b6935c8fd6f5.jpg?resize=350%2C200&ssl=1 1x, https:\/\/i0.wp.com\/artstella-elixirs-floraux.com\/wp-content\/uploads\/2025\/03\/5d739f8d-a2aa-4869-a1f7-b6935c8fd6f5.jpg?resize=525%2C300&ssl=1 1.5x, https:\/\/i0.wp.com\/artstella-elixirs-floraux.com\/wp-content\/uploads\/2025\/03\/5d739f8d-a2aa-4869-a1f7-b6935c8fd6f5.jpg?resize=700%2C400&ssl=1 2x"},"classes":[]}],"_links":{"self":[{"href":"https:\/\/artstella-elixirs-floraux.com\/en\/wp-json\/wp\/v2\/product\/5418","targetHints":{"allow":["GET"]}}],"collection":[{"href":"https:\/\/artstella-elixirs-floraux.com\/en\/wp-json\/wp\/v2\/product"}],"about":[{"href":"https:\/\/artstella-elixirs-floraux.com\/en\/wp-json\/wp\/v2\/types\/product"}],"version-history":[{"count":0,"href":"https:\/\/artstella-elixirs-floraux.com\/en\/wp-json\/wp\/v2\/product\/5418\/revisions"}],"wp:featuredmedia":[{"embeddable":true,"href":"https:\/\/artstella-elixirs-floraux.com\/en\/wp-json\/wp\/v2\/media\/5419"}],"wp:attachment":[{"href":"https:\/\/artstella-elixirs-floraux.com\/en\/wp-json\/wp\/v2\/media?parent=5418"}],"wp:term":[{"taxonomy":"product_brand","embeddable":true,"href":"https:\/\/artstella-elixirs-floraux.com\/en\/wp-json\/wp\/v2\/product_brand?post=5418"},{"taxonomy":"product_cat","embeddable":true,"href":"https:\/\/artstella-elixirs-floraux.com\/en\/wp-json\/wp\/v2\/product_cat?post=5418"},{"taxonomy":"product_tag","embeddable":true,"href":"https:\/\/artstella-elixirs-floraux.com\/en\/wp-json\/wp\/v2\/product_tag?post=5418"}],"curies":[{"name":"wp","href":"https:\/\/api.w.org\/{rel}","templated":true}]}}