{"id":5420,"date":"2025-03-09T13:43:15","date_gmt":"2025-03-09T13:43:15","guid":{"rendered":"https:\/\/artstella-elixirs-floraux.com\/product\/angelique-engelwortel-10ml\/"},"modified":"2025-03-09T13:43:15","modified_gmt":"2025-03-09T13:43:15","slug":"angelique-engelwortel-10ml","status":"publish","type":"product","link":"https:\/\/artstella-elixirs-floraux.com\/en\/product\/angelique-engelwortel-10ml\/","title":{"rendered":"Ang\u00e9lique ENGELWORTEL 10ML"},"content":{"rendered":"<p><strong>Angelica archangelica<\/strong>(Ang\u00e9lique)\u00a0<strong>Engelwortel<\/strong><strong><\/strong><\/p>\n<p>Apporte la protection des royaumes spirituels et l\u2019aide des forces b\u00e9n\u00e9fiques d\u2019en haut, la protection des \u201canges\u201d, et notamment dans des situations o\u00f9 l\u2019on traverse la s\u00e9paration avec \u00ab\u00a0l\u2019autre c\u00f4t\u00e9\u00a0\u00bb comme par exemple l\u2019\u00e9vanouissement, les r\u00eaves, la m\u00e9ditation, les op\u00e9rations ou des maladies graves, quand le corps mortel est moins attach\u00e9 \u00e0 la terre. Il apporte une protection spirituelle \u00e0 l\u2019enfant pendant la grossesse. Il favorise le d\u00e9veloppement spirituel de la conscience dans la vie et le travail.\u00a0\u00a0L\u2019Ang\u00e9lique favorise l\u2019utilisation des intuitions. En ce sens elle encourage le d\u00e9veloppement et prot\u00e8ge la conscience, accroissant la confiance dans la guidance du moi sup\u00e9rieur quand nous sommes confront\u00e9s \u00e0 des zones inconnues, une foi en \u00ab\u00a0Dieu\u00a0\u00bb avec un fort ancrage \u00e0 la terre- sans douter de notre Sagesse personnelle.<\/p>","protected":false},"excerpt":{"rendered":"<p><strong>Angelica archangelica<\/strong>(Ang\u00e9lique)\u00a0<strong>Engelwortel<\/strong><strong><\/strong><\/p>\n<p>Apporte la protection des royaumes spirituels et l\u2019aide des forces b\u00e9n\u00e9fiques d\u2019en haut, la protection des \u201canges\u201d, et notamment dans des situations o\u00f9 l\u2019on traverse la s\u00e9paration avec \u00ab\u00a0l\u2019autre c\u00f4t\u00e9\u00a0\u00bb<\/p>","protected":false},"featured_media":5421,"template":"","meta":[],"product_brand":[],"product_cat":[178],"product_tag":[],"class_list":{"0":"post-5420","1":"product","2":"type-product","3":"status-publish","4":"has-post-thumbnail","6":"product_cat-les-elixirs-hollandais-bloesme-remedies","8":"first","9":"instock","10":"taxable","11":"shipping-taxable","12":"purchasable","13":"product-type-simple"},"etheme_brands":{"errors":{"invalid_taxonomy":["Invalid taxonomy."]},"error_data":[]},"jetpack_sharing_enabled":true,"jetpack-related-posts":[{"id":5625,"url":"https:\/\/artstella-elixirs-floraux.com\/en\/product\/angelique-15-ml-deva\/","url_meta":{"origin":5420,"position":0},"title":"Ang\u00e9lique 15 ML Deva","author":"eveapprill","date":"9 March 2025","format":false,"excerpt":"Ang\u00e9lique Protection spirituelle. Elixir majeur conseill\u00e9 dans les situations de crise et chaque fois que la vie est en jeu. Renforce la confiance en la vie et apporte force et vigueur morale lorsque l\u2019avenir est incertain.","rel":"","context":"Similar post","block_context":{"text":"Similar post","link":""},"img":{"alt_text":"","src":"https:\/\/i0.wp.com\/artstella-elixirs-floraux.com\/wp-content\/uploads\/2025\/03\/wp-image1815.png?resize=350%2C200&ssl=1","width":350,"height":200},"classes":[]},{"id":4872,"url":"https:\/\/artstella-elixirs-floraux.com\/en\/product\/angelica-alas-f-sup\/","url_meta":{"origin":5420,"position":1},"title":"ANGELICA ALAS F SUP","author":"eveapprill","date":"9 March 2025","format":false,"excerpt":"Angelica Indications : se sentir perdus ou abandonn\u00e9s et sans protection spirituelle ; isol\u00e9 dans son anxi\u00e9t\u00e9 ; d\u00e9bord\u00e9s par la vie.","rel":"","context":"Similar post","block_context":{"text":"Similar post","link":""},"img":{"alt_text":"","src":"https:\/\/i0.wp.com\/artstella-elixirs-floraux.com\/wp-content\/uploads\/2025\/03\/wp-image1373.png?resize=350%2C200&ssl=1","width":350,"height":200},"classes":[]},{"id":2735,"url":"https:\/\/artstella-elixirs-floraux.com\/en\/product\/meditation-bush-30-ml\/","url_meta":{"origin":5420,"position":2},"title":"MEDITATION BUSH 30 ml","author":"eveapprill","date":"9 March 2025","format":false,"excerpt":"Meditation Eveille la spiritualit\u00e9. Aide approfondir toute pratique spirituelle ou religieuse et favorise l'acc\u00e8s \u00e0 un autre niveau de conscience, tout en assurant une plus grande protection du Moi et la sauvegarde de l'aura. Fortement recommand\u00e9 \u00e0 tous ceux qui pratiquent la m\u00e9ditation.","rel":"","context":"Similar post","block_context":{"text":"Similar post","link":""},"img":{"alt_text":"","src":"https:\/\/i0.wp.com\/artstella-elixirs-floraux.com\/wp-content\/uploads\/2025\/03\/8213eb41-48ef-461b-ada2-bbd45136e611.jpg?resize=350%2C200&ssl=1","width":350,"height":200,"srcset":"https:\/\/i0.wp.com\/artstella-elixirs-floraux.com\/wp-content\/uploads\/2025\/03\/8213eb41-48ef-461b-ada2-bbd45136e611.jpg?resize=350%2C200&ssl=1 1x, https:\/\/i0.wp.com\/artstella-elixirs-floraux.com\/wp-content\/uploads\/2025\/03\/8213eb41-48ef-461b-ada2-bbd45136e611.jpg?resize=525%2C300&ssl=1 1.5x, https:\/\/i0.wp.com\/artstella-elixirs-floraux.com\/wp-content\/uploads\/2025\/03\/8213eb41-48ef-461b-ada2-bbd45136e611.jpg?resize=700%2C400&ssl=1 2x"},"classes":[]},{"id":6199,"url":"https:\/\/artstella-elixirs-floraux.com\/en\/product\/collier-angel-phi\/","url_meta":{"origin":5420,"position":3},"title":"Collier \u00ab\u00a0ANGEL\u00a0\u00bb PHI","author":"eveapprill","date":"9 March 2025","format":false,"excerpt":"NOUVEAU PENDENTIF ! Il allie l'\u00e9nergie du cercle de bl\u00e9 n\u00b0215 Angel et du nouvel \u00e9lixir Oc\u00e9an n\u00b031. Il aide au niveau \u00e9nerg\u00e9tique \u00e0 traverser les p\u00e9riodes difficiles. Il apporte un sentiment de protection.","rel":"","context":"Similar post","block_context":{"text":"Similar post","link":""},"img":{"alt_text":"","src":"https:\/\/i0.wp.com\/artstella-elixirs-floraux.com\/wp-content\/uploads\/2025\/03\/wp-image2194.png?resize=350%2C200&ssl=1","width":350,"height":200},"classes":[]},{"id":4042,"url":"https:\/\/artstella-elixirs-floraux.com\/en\/product\/libertia-15-ml-sylfos\/","url_meta":{"origin":5420,"position":4},"title":"LIBERTIA SYLFOS","author":"eveapprill","date":"9 March 2025","format":false,"excerpt":"LIBERTIA Libertia sessiliflora Protection, confiance, foi en la vie. D\u00e9veloppe le sentiment de protection et favorise l\u2019acceptation de l\u2019incarnation en prenant conscience des blessures originelles de l\u2019enfant int\u00e9rieur confront\u00e9 \u00e0 la peur de l\u2019abandon.","rel":"","context":"Similar post","block_context":{"text":"Similar post","link":""},"img":{"alt_text":"","src":"","width":0,"height":0},"classes":[]},{"id":11308,"url":"https:\/\/artstella-elixirs-floraux.com\/en\/product\/calling-all-angels-appeler-tous-les-anges-spray\/","url_meta":{"origin":5420,"position":5},"title":"Calling All Angels &#8211; Appeler tous les Anges-  Spray","author":"eveapprill","date":"31 August 2025","format":false,"excerpt":"Le spray Calling All Angels apporte une \u00e9nergie sacr\u00e9e et paisible \u00e0 notre environnement, o\u00f9 que nous nous trouvions. Les enfants adorent en vaporiser leur chambre avant de dormir, pour cr\u00e9er un sentiment de protection et s'assurer un sommeil profond et r\u00e9parateur.","rel":"","context":"Similar post","block_context":{"text":"Similar post","link":""},"img":{"alt_text":"","src":"https:\/\/i0.wp.com\/artstella-elixirs-floraux.com\/wp-content\/uploads\/2025\/08\/calling.jpg?resize=350%2C200&ssl=1","width":350,"height":200},"classes":[]}],"_links":{"self":[{"href":"https:\/\/artstella-elixirs-floraux.com\/en\/wp-json\/wp\/v2\/product\/5420","targetHints":{"allow":["GET"]}}],"collection":[{"href":"https:\/\/artstella-elixirs-floraux.com\/en\/wp-json\/wp\/v2\/product"}],"about":[{"href":"https:\/\/artstella-elixirs-floraux.com\/en\/wp-json\/wp\/v2\/types\/product"}],"version-history":[{"count":0,"href":"https:\/\/artstella-elixirs-floraux.com\/en\/wp-json\/wp\/v2\/product\/5420\/revisions"}],"wp:featuredmedia":[{"embeddable":true,"href":"https:\/\/artstella-elixirs-floraux.com\/en\/wp-json\/wp\/v2\/media\/5421"}],"wp:attachment":[{"href":"https:\/\/artstella-elixirs-floraux.com\/en\/wp-json\/wp\/v2\/media?parent=5420"}],"wp:term":[{"taxonomy":"product_brand","embeddable":true,"href":"https:\/\/artstella-elixirs-floraux.com\/en\/wp-json\/wp\/v2\/product_brand?post=5420"},{"taxonomy":"product_cat","embeddable":true,"href":"https:\/\/artstella-elixirs-floraux.com\/en\/wp-json\/wp\/v2\/product_cat?post=5420"},{"taxonomy":"product_tag","embeddable":true,"href":"https:\/\/artstella-elixirs-floraux.com\/en\/wp-json\/wp\/v2\/product_tag?post=5420"}],"curies":[{"name":"wp","href":"https:\/\/api.w.org\/{rel}","templated":true}]}}