{"id":5422,"date":"2025-03-09T13:43:17","date_gmt":"2025-03-09T13:43:17","guid":{"rendered":"https:\/\/artstella-elixirs-floraux.com\/product\/monnaie-du-pape-judaspenning-10ml\/"},"modified":"2025-03-09T13:43:17","modified_gmt":"2025-03-09T13:43:17","slug":"monnaie-du-pape-judaspenning-10ml","status":"publish","type":"product","link":"https:\/\/artstella-elixirs-floraux.com\/en\/product\/monnaie-du-pape-judaspenning-10ml\/","title":{"rendered":"Monnaie du Pape &#8211; JUDASPENNING 10ml"},"content":{"rendered":"<p><strong>Lunaria annua (<\/strong><strong>Monnaie du Pape)\u00a0<\/strong><em>Judas penning<\/em><\/p>\n<p>Pour ceux qui s\u2019int\u00e9ressent davantage aux biens mat\u00e9riels qu\u2019\u00e0 autrui, la Nature ou \u00e0 son propre \u00eatre. Cette attitude entra\u00eene une perte des capacit\u00e9s intuitives inn\u00e9es. L\u2019\u00e9lixir aide \u00e0 s\u2019ouvrir aux autres. Il aide \u00e9galement \u00e0 ne pas se sacrifier pour l\u2019autre, mais \u00e0 percevoir l\u2019aide et l\u2019ouverture \u00e0 l\u2019autre comme un processus de joie et de plaisir ressentis dans l\u2019unit\u00e9 int\u00e9rieure.<\/p>","protected":false},"excerpt":{"rendered":"<p><strong>Lunaria annua (<\/strong><strong>Monnaie du Pape)\u00a0<\/strong><em>Judas penning<\/em><\/p>\n<p>Pour ceux qui s\u2019int\u00e9ressent davantage aux biens mat\u00e9riels qu\u2019\u00e0 autrui, la Nature ou \u00e0 son propre \u00eatre. Cette attitude entra\u00eene une perte des capacit\u00e9s intuitives inn\u00e9es.<\/p>","protected":false},"featured_media":5423,"template":"","meta":[],"product_brand":[],"product_cat":[178],"product_tag":[],"class_list":{"0":"post-5422","1":"product","2":"type-product","3":"status-publish","4":"has-post-thumbnail","6":"product_cat-les-elixirs-hollandais-bloesme-remedies","8":"first","9":"outofstock","10":"taxable","11":"shipping-taxable","12":"purchasable","13":"product-type-simple"},"etheme_brands":{"errors":{"invalid_taxonomy":["Invalid taxonomy."]},"error_data":[]},"jetpack_sharing_enabled":true,"jetpack-related-posts":[{"id":2252,"url":"https:\/\/artstella-elixirs-floraux.com\/en\/product\/paper-birch-alaskan\/","url_meta":{"origin":5422,"position":0},"title":"Paper birch Alaskan","author":"eveapprill","date":"9 March 2025","format":false,"excerpt":"Paper birch. Betula papyfera Confusion ou d\u00e9sorientation \u00e0 propos du sens que devrait prendre la vie.","rel":"","context":"Similar post","block_context":{"text":"Similar post","link":""},"img":{"alt_text":"","src":"https:\/\/i0.wp.com\/artstella-elixirs-floraux.com\/wp-content\/uploads\/2025\/03\/wp-image573.png?resize=350%2C200&ssl=1","width":350,"height":200},"classes":[]},{"id":4179,"url":"https:\/\/artstella-elixirs-floraux.com\/en\/product\/zadkiel-messagers-sylfos-15ml\/","url_meta":{"origin":5422,"position":1},"title":"ZADKIEL (MESSAGERS) SYLFOS 15ML","author":"eveapprill","date":"9 March 2025","format":false,"excerpt":"ZADKIEL Pardon, Mis\u00e9ricorde, Compassion, Amour, Transmutation, Transformation. Permet de trouver le pardon pour soi-m\u00eame comme pour les autres, de se lib\u00e9rer de la col\u00e8re","rel":"","context":"Similar post","block_context":{"text":"Similar post","link":""},"img":{"alt_text":"","src":"","width":0,"height":0},"classes":[]},{"id":5416,"url":"https:\/\/artstella-elixirs-floraux.com\/en\/product\/alternanthere-pagegaaieblad\/","url_meta":{"origin":5422,"position":2},"title":"Alternanth\u00e8re PAGEGAAIEBLAD","author":"eveapprill","date":"9 March 2025","format":false,"excerpt":"Althernathera \/ Alternanthera dentata\u00a0\u00a0Permet de rester centr\u00e9 et d\u2019exprimer ses sentiments sans se laisser perturber par autrui ou par des circonstances.\u00a0","rel":"","context":"Similar post","block_context":{"text":"Similar post","link":""},"img":{"alt_text":"","src":"","width":0,"height":0},"classes":[]},{"id":4140,"url":"https:\/\/artstella-elixirs-floraux.com\/en\/product\/filodice-sylfos-15ml-pap\/","url_meta":{"origin":5422,"position":3},"title":"FILODICE SYLFOS 15ML PAP","author":"eveapprill","date":"9 March 2025","format":false,"excerpt":"FILODICE Colias philodice L\u00e2cher-prise \u2013 Confiance \u2013 Respect . Cet \u00e9lixir permet de nous \u00e9lever et nous apporte l\u2019inspiration. Il nous aide \u00e0 comprendre que toutes choses \u00e0 une base spirituelle et que nous ne devons pas avoir peur...","rel":"","context":"Similar post","block_context":{"text":"Similar post","link":""},"img":{"alt_text":"","src":"","width":0,"height":0},"classes":[]},{"id":5478,"url":"https:\/\/artstella-elixirs-floraux.com\/en\/product\/rainbow-arc-en-ciel-30ml-bloesem\/","url_meta":{"origin":5422,"position":4},"title":"RAINBOW Arc en Ciel Bloesem Remedies","author":"eveapprill","date":"9 March 2025","format":false,"excerpt":"Rainbow - Arc en Ciel 30 ml Bloesem Remedies (Bourrache, Impatience, Monnaie du Pape, Coquelicot, Lamier rouge) \u00a0\u201cUn pont entre le ciel et la terre\u201d, cette combinaison d\u2019\u00e9lixirs\u00a0 favorise le d\u00e9veloppement personnel et stimule la cr\u00e9ativit\u00e9.\u00a0 Pour commencer \u00e0 neuf et laisser l\u2019ancien de c\u00f4t\u00e9.","rel":"","context":"Similar post","block_context":{"text":"Similar post","link":""},"img":{"alt_text":"","src":"","width":0,"height":0},"classes":[]},{"id":5402,"url":"https:\/\/artstella-elixirs-floraux.com\/en\/product\/primavera-azulada-sylfos-15ml-pap\/","url_meta":{"origin":5422,"position":5},"title":"PRIMAVERA AZULADA SYLFOS 15ML PAP","author":"eveapprill","date":"9 March 2025","format":false,"excerpt":"37 - PRIMAVERA AZULADA\/ AZUR PRINTANIER Celastrina ladon\u00a0\u00a0\u00a0 Communication \u2013 Foi dans le futur Cet \u00e9lixir agit en ouvrant le chakra de la gorge pour permettre une meilleure expression de soi. Il nous permet de d\u00e9couvrir nos origines dans ce syst\u00e8me ou dans un autre,\u00a0","rel":"","context":"Similar post","block_context":{"text":"Similar post","link":""},"img":{"alt_text":"","src":"https:\/\/i0.wp.com\/artstella-elixirs-floraux.com\/wp-content\/uploads\/2025\/03\/78f7b722-e9dd-4ccb-9df2-68ea958c29bd.jpg?resize=350%2C200&ssl=1","width":350,"height":200,"srcset":"https:\/\/i0.wp.com\/artstella-elixirs-floraux.com\/wp-content\/uploads\/2025\/03\/78f7b722-e9dd-4ccb-9df2-68ea958c29bd.jpg?resize=350%2C200&ssl=1 1x, https:\/\/i0.wp.com\/artstella-elixirs-floraux.com\/wp-content\/uploads\/2025\/03\/78f7b722-e9dd-4ccb-9df2-68ea958c29bd.jpg?resize=525%2C300&ssl=1 1.5x, https:\/\/i0.wp.com\/artstella-elixirs-floraux.com\/wp-content\/uploads\/2025\/03\/78f7b722-e9dd-4ccb-9df2-68ea958c29bd.jpg?resize=700%2C400&ssl=1 2x"},"classes":[]}],"_links":{"self":[{"href":"https:\/\/artstella-elixirs-floraux.com\/en\/wp-json\/wp\/v2\/product\/5422","targetHints":{"allow":["GET"]}}],"collection":[{"href":"https:\/\/artstella-elixirs-floraux.com\/en\/wp-json\/wp\/v2\/product"}],"about":[{"href":"https:\/\/artstella-elixirs-floraux.com\/en\/wp-json\/wp\/v2\/types\/product"}],"version-history":[{"count":0,"href":"https:\/\/artstella-elixirs-floraux.com\/en\/wp-json\/wp\/v2\/product\/5422\/revisions"}],"wp:featuredmedia":[{"embeddable":true,"href":"https:\/\/artstella-elixirs-floraux.com\/en\/wp-json\/wp\/v2\/media\/5423"}],"wp:attachment":[{"href":"https:\/\/artstella-elixirs-floraux.com\/en\/wp-json\/wp\/v2\/media?parent=5422"}],"wp:term":[{"taxonomy":"product_brand","embeddable":true,"href":"https:\/\/artstella-elixirs-floraux.com\/en\/wp-json\/wp\/v2\/product_brand?post=5422"},{"taxonomy":"product_cat","embeddable":true,"href":"https:\/\/artstella-elixirs-floraux.com\/en\/wp-json\/wp\/v2\/product_cat?post=5422"},{"taxonomy":"product_tag","embeddable":true,"href":"https:\/\/artstella-elixirs-floraux.com\/en\/wp-json\/wp\/v2\/product_tag?post=5422"}],"curies":[{"name":"wp","href":"https:\/\/api.w.org\/{rel}","templated":true}]}}