{"id":5428,"date":"2025-03-09T13:43:21","date_gmt":"2025-03-09T13:43:21","guid":{"rendered":"https:\/\/artstella-elixirs-floraux.com\/product\/lamier-rouge-lamiun-red-henbit-10ml\/"},"modified":"2025-03-09T13:43:21","modified_gmt":"2025-03-09T13:43:21","slug":"lamier-rouge-lamiun-red-henbit-10ml","status":"publish","type":"product","link":"https:\/\/artstella-elixirs-floraux.com\/en\/product\/lamier-rouge-lamiun-red-henbit-10ml\/","title":{"rendered":"Lamier rouge Lamiun Red Henbit 10ml"},"content":{"rendered":"<p><strong><span>Lamier rouge &#8211;<\/span> Lamium purpureum &#8211; Red Henbit\u00a0<\/strong><span>\u00a0<\/span><\/p>\n<p>am\u00e9liore le lien \u00e0 la terre et apporte de la joie dans les occupations terrestres. Donne de la clart\u00e9 dans les occupations chaotiques et \u00e9veille l\u2019esprit d\u2019ordre et de rangement. Il purifie l\u2019\u00e9nergie et fait couler la force de vie \u00e0 travers le corps, l\u2019\u00e2me et l\u2019esprit. Quand on ne ressent plus la vitalit\u00e9 et les plaisirs de la vie, il nous implique de nouveau dans la vie avec force.<\/p>","protected":false},"excerpt":{"rendered":"<p><strong><strong><\/strong><span>Lamier rouge &#8211;<\/span> Lamium purpureum &#8211; Red Henbit <\/strong>\u00a0<\/p>\n<p>am\u00e9liore le lien \u00e0 la terre et apporte de la joie dans les occupations terrestres. Donne de la clart\u00e9 dans les occupations chaotiques et \u00e9veille l\u2019esprit d\u2019ordre et de rangement.\u00a0<\/p>","protected":false},"featured_media":5429,"template":"","meta":[],"product_brand":[],"product_cat":[178],"product_tag":[],"class_list":{"0":"post-5428","1":"product","2":"type-product","3":"status-publish","4":"has-post-thumbnail","6":"product_cat-les-elixirs-hollandais-bloesme-remedies","8":"first","9":"outofstock","10":"taxable","11":"shipping-taxable","12":"purchasable","13":"product-type-simple"},"etheme_brands":{"errors":{"invalid_taxonomy":["Invalid taxonomy."]},"error_data":[]},"jetpack_sharing_enabled":true,"jetpack-related-posts":[{"id":5424,"url":"https:\/\/artstella-elixirs-floraux.com\/en\/product\/coquelicot-rouge-red-poppy\/","url_meta":{"origin":5428,"position":0},"title":"Coquelicot rouge &#8211; RED POPPY","author":"","date":"9 March 2025","format":false,"excerpt":"Papaver rhoeas(Coquelicot rouge) Apporte chaleur et force \u00e0 ceux qui se sentent vuln\u00e9rables et d\u00e9munis. En soutenant\u00a0\u00a0la \u00ab\u00a0femme int\u00e9rieure\u00a0\u00bb, cet \u00e9lixir donne la force de transformer sa vuln\u00e9rabilit\u00e9 gr\u00e2ce \u00e0 une connexion avec le f\u00e9minin de la Terre. Augmente la qualit\u00e9 int\u00e9rieure de l\u2019amour.","rel":"","context":"Similar post","block_context":{"text":"Similar post","link":""},"img":{"alt_text":"","src":"","width":0,"height":0},"classes":[]},{"id":5486,"url":"https:\/\/artstella-elixirs-floraux.com\/en\/product\/love-30-ml-liefde-bloesem-remedies\/","url_meta":{"origin":5428,"position":1},"title":"LOVE Liefde Bloesem Remedies","author":"eveapprill","date":"9 March 2025","format":false,"excerpt":"Love 30 ml Liefde\u00a0 Bloesem Remedies (Bourrache, Digitale, Ch\u00e9lidoine, Coquelicot, Lamier rouge, Perce-neige, Yelow Star Tulip) ouvre le c\u0153ur \u00e0 l\u2019amour envers soi-m\u00eame et les autres. Connecte \u00e0 la terre","rel":"","context":"Similar post","block_context":{"text":"Similar post","link":""},"img":{"alt_text":"","src":"","width":0,"height":0},"classes":[]},{"id":5478,"url":"https:\/\/artstella-elixirs-floraux.com\/en\/product\/rainbow-arc-en-ciel-30ml-bloesem\/","url_meta":{"origin":5428,"position":2},"title":"RAINBOW Arc en Ciel Bloesem Remedies","author":"eveapprill","date":"9 March 2025","format":false,"excerpt":"Rainbow - Arc en Ciel 30 ml Bloesem Remedies (Bourrache, Impatience, Monnaie du Pape, Coquelicot, Lamier rouge) \u00a0\u201cUn pont entre le ciel et la terre\u201d, cette combinaison d\u2019\u00e9lixirs\u00a0 favorise le d\u00e9veloppement personnel et stimule la cr\u00e9ativit\u00e9.\u00a0 Pour commencer \u00e0 neuf et laisser l\u2019ancien de c\u00f4t\u00e9.","rel":"","context":"Similar post","block_context":{"text":"Similar post","link":""},"img":{"alt_text":"","src":"","width":0,"height":0},"classes":[]},{"id":5580,"url":"https:\/\/artstella-elixirs-floraux.com\/en\/product\/terrier-simplicite-et-joie-30ml\/","url_meta":{"origin":5428,"position":3},"title":"Terrier \/ simplicit\u00e9 et joie 30ml","author":"eveapprill","date":"9 March 2025","format":false,"excerpt":"Terrier \/ simplicit\u00e9 et joie Pour exp\u00e9rimenter la simplicit\u00e9 et joie du moment pr\u00e9sent. Pour l\u00e2cher notre esprit sur-occup\u00e9 et appr\u00e9cier ce qui nous entoure. Tout est si simple, vraiment ! La vie est un parcoursde joie et bonheur. Pour laisser aller les complexit\u00e9s de la vie et savourer les\u2026","rel":"","context":"Similar post","block_context":{"text":"Similar post","link":""},"img":{"alt_text":"","src":"https:\/\/i0.wp.com\/artstella-elixirs-floraux.com\/wp-content\/uploads\/2025\/03\/bfbbed25-4c52-4a51-9d08-dbdd8aad9c72.jpg?resize=350%2C200&ssl=1","width":350,"height":200,"srcset":"https:\/\/i0.wp.com\/artstella-elixirs-floraux.com\/wp-content\/uploads\/2025\/03\/bfbbed25-4c52-4a51-9d08-dbdd8aad9c72.jpg?resize=350%2C200&ssl=1 1x, https:\/\/i0.wp.com\/artstella-elixirs-floraux.com\/wp-content\/uploads\/2025\/03\/bfbbed25-4c52-4a51-9d08-dbdd8aad9c72.jpg?resize=525%2C300&ssl=1 1.5x, https:\/\/i0.wp.com\/artstella-elixirs-floraux.com\/wp-content\/uploads\/2025\/03\/bfbbed25-4c52-4a51-9d08-dbdd8aad9c72.jpg?resize=700%2C400&ssl=1 2x"},"classes":[]},{"id":4983,"url":"https:\/\/artstella-elixirs-floraux.com\/en\/product\/red-purple-poppy-alaskan-f-sup\/","url_meta":{"origin":5428,"position":4},"title":"RED PURPLE POPPY ALASKAN F SUP","author":"eveapprill","date":"9 March 2025","format":false,"excerpt":"Red-Purple PoppyPapaver somniferum Pavot rouge Indications\u00a0: ind\u00e9cision; l\u00e9thargie; manque d\u2019inspiration; \u00e9nergie stagnante dans les chakras inf\u00e9rieurs\u00a0; ressentant un manque de guidance et de soutien des royaumes spirituels.","rel":"","context":"Similar post","block_context":{"text":"Similar post","link":""},"img":{"alt_text":"","src":"","width":0,"height":0},"classes":[]},{"id":4979,"url":"https:\/\/artstella-elixirs-floraux.com\/en\/product\/red-elder-alaskan-f-sup\/","url_meta":{"origin":5428,"position":5},"title":"RED ELDER ALASKAN F SUP","author":"eveapprill","date":"9 March 2025","format":false,"excerpt":"Red Elder Sambucus racemosa Sureau de montagne Indications\u00a0: sensation de manque d\u2019enracinement et de soutien dans le monde physique\u00a0; concentration troubl\u00e9e et dispers\u00e9e.","rel":"","context":"Similar post","block_context":{"text":"Similar post","link":""},"img":{"alt_text":"","src":"","width":0,"height":0},"classes":[]}],"_links":{"self":[{"href":"https:\/\/artstella-elixirs-floraux.com\/en\/wp-json\/wp\/v2\/product\/5428","targetHints":{"allow":["GET"]}}],"collection":[{"href":"https:\/\/artstella-elixirs-floraux.com\/en\/wp-json\/wp\/v2\/product"}],"about":[{"href":"https:\/\/artstella-elixirs-floraux.com\/en\/wp-json\/wp\/v2\/types\/product"}],"version-history":[{"count":0,"href":"https:\/\/artstella-elixirs-floraux.com\/en\/wp-json\/wp\/v2\/product\/5428\/revisions"}],"wp:featuredmedia":[{"embeddable":true,"href":"https:\/\/artstella-elixirs-floraux.com\/en\/wp-json\/wp\/v2\/media\/5429"}],"wp:attachment":[{"href":"https:\/\/artstella-elixirs-floraux.com\/en\/wp-json\/wp\/v2\/media?parent=5428"}],"wp:term":[{"taxonomy":"product_brand","embeddable":true,"href":"https:\/\/artstella-elixirs-floraux.com\/en\/wp-json\/wp\/v2\/product_brand?post=5428"},{"taxonomy":"product_cat","embeddable":true,"href":"https:\/\/artstella-elixirs-floraux.com\/en\/wp-json\/wp\/v2\/product_cat?post=5428"},{"taxonomy":"product_tag","embeddable":true,"href":"https:\/\/artstella-elixirs-floraux.com\/en\/wp-json\/wp\/v2\/product_tag?post=5428"}],"curies":[{"name":"wp","href":"https:\/\/api.w.org\/{rel}","templated":true}]}}