{"id":5434,"date":"2025-03-09T13:43:25","date_gmt":"2025-03-09T13:43:25","guid":{"rendered":"https:\/\/artstella-elixirs-floraux.com\/product\/belle-de-nuit-onagre-10ml\/"},"modified":"2025-03-09T13:43:25","modified_gmt":"2025-03-09T13:43:25","slug":"belle-de-nuit-onagre-10ml","status":"publish","type":"product","link":"https:\/\/artstella-elixirs-floraux.com\/en\/product\/belle-de-nuit-onagre-10ml\/","title":{"rendered":"BELLE DE NUIT Onagre 10ml"},"content":{"rendered":"","protected":false},"excerpt":{"rendered":"<p><strong>Belle de nuit &#8211; Onagre &#8211; Oenothera lamarcki\u00e6na &#8211; Evening primrose<\/strong><\/p>\n<p>Pour ressentir les forces cr\u00e9atrices lunaires. Aide \u00e0 (re)d\u00e9couvrir et \u00e0 \u00e9tablir une connexion avec la source de la confiance en soi et de la valeur du f\u00e9minin. Il soutient ceux qui ont subi des incestes, viols, ou probl\u00e8mes d\u2019ordre sexuel en leur facilitant l\u2019expression et la r\u00e9v\u00e9lation de tels abus.<\/p>","protected":false},"featured_media":5435,"template":"","meta":[],"product_brand":[],"product_cat":[178],"product_tag":[],"class_list":{"0":"post-5434","1":"product","2":"type-product","3":"status-publish","4":"has-post-thumbnail","6":"product_cat-les-elixirs-hollandais-bloesme-remedies","8":"first","9":"instock","10":"taxable","11":"shipping-taxable","12":"purchasable","13":"product-type-simple"},"etheme_brands":{"errors":{"invalid_taxonomy":["Invalid taxonomy."]},"error_data":[]},"jetpack_sharing_enabled":true,"jetpack-related-posts":[{"id":3304,"url":"https:\/\/artstella-elixirs-floraux.com\/en\/product\/onagre-15-ml-phi\/","url_meta":{"origin":5434,"position":0},"title":"ONAGRE 15 ML PHI","author":"eveapprill","date":"9 March 2025","format":false,"excerpt":"Onagre (Oenothera biennis) (Nachtkerze) Apporte de la lumi\u00e8re dans l'obscurit\u00e9 des angoisses. L'\u00e9lixir d'onagre apaise et adoucit. Il nous apporte la certitude d'\u00eatre prot\u00e9g\u00e9.","rel":"","context":"Similar post","block_context":{"text":"Similar post","link":""},"img":{"alt_text":"","src":"https:\/\/i0.wp.com\/artstella-elixirs-floraux.com\/wp-content\/uploads\/2025\/03\/wp-image691.png?resize=350%2C200&ssl=1","width":350,"height":200},"classes":[]},{"id":4034,"url":"https:\/\/artstella-elixirs-floraux.com\/en\/product\/don-diego-de-noche-15-ml-sylfos\/","url_meta":{"origin":5434,"position":1},"title":"DON DIEGO DE NOCHE \/ ONAGRE SYLFOS","author":"eveapprill","date":"9 March 2025","format":false,"excerpt":"DONDIEGO DE NOCHE Oenothera affinis Equilibre affectif. Aide \u00e0 r\u00e9soudre les traumatismes de la petite enfance dont l\u2019origine se trouve dans le v\u00e9cu maternel de douleurs \u00e9motionnelles","rel":"","context":"Similar post","block_context":{"text":"Similar post","link":""},"img":{"alt_text":"","src":"","width":0,"height":0},"classes":[]},{"id":4553,"url":"https:\/\/artstella-elixirs-floraux.com\/en\/product\/coffret-fleurs-sauvages-supplementaires-phi-15-ml\/","url_meta":{"origin":5434,"position":2},"title":"COFFRET Fleurs sauvages suppl\u00e9mentaires PHI 15 ML","author":"eveapprill","date":"9 March 2025","format":false,"excerpt":"Contient 20 \u00e9lixirs de fleurs sauvages suppl\u00e9mentaires","rel":"","context":"Similar post","block_context":{"text":"Similar post","link":""},"img":{"alt_text":"","src":"","width":0,"height":0},"classes":[]},{"id":4516,"url":"https:\/\/artstella-elixirs-floraux.com\/en\/product\/belle-de-jour\/","url_meta":{"origin":5434,"position":3},"title":"Belle de jour","author":"eveapprill","date":"9 March 2025","format":false,"excerpt":"Belle de jour (ipomea purpurea)Fait partie de la gamme des fleurs sauvages. En favorisant la prise de conscience de nos habitudes nocives, l\u2019\u00e9lixir nous aide \u00e0 pouvoir les l\u00e2cher.","rel":"","context":"Similar post","block_context":{"text":"Similar post","link":""},"img":{"alt_text":"","src":"","width":0,"height":0},"classes":[]},{"id":6191,"url":"https:\/\/artstella-elixirs-floraux.com\/en\/product\/papillon-de-nuit-a-e-15-ml-phi\/","url_meta":{"origin":5434,"position":4},"title":"PAPILLON DE NUIT A.E 15 ML PHI","author":"eveapprill","date":"9 March 2025","format":false,"excerpt":"Papillon de nuit (Macroglossum stellatarum) L\u2019\u00e9lixir apporte du soutien et de la vigueur pour trouver le bon chemin. Il nous aide \u00e0 sortir de situations et de sch\u00e9mas bloqu\u00e9s.","rel":"","context":"Similar post","block_context":{"text":"Similar post","link":""},"img":{"alt_text":"","src":"https:\/\/i0.wp.com\/artstella-elixirs-floraux.com\/wp-content\/uploads\/2025\/03\/wp-image2190.png?resize=350%2C200&ssl=1","width":350,"height":200},"classes":[]},{"id":4766,"url":"https:\/\/artstella-elixirs-floraux.com\/en\/product\/sweet-bell-pepper-14-2ml-npe\/","url_meta":{"origin":5434,"position":5},"title":"SWEET BELL PEPPER 14.2ML NPE","author":"eveapprill","date":"9 March 2025","format":false,"excerpt":"SWEET BELL PEPPER 15 ML NPE","rel":"","context":"Similar post","block_context":{"text":"Similar post","link":""},"img":{"alt_text":"","src":"https:\/\/i0.wp.com\/artstella-elixirs-floraux.com\/wp-content\/uploads\/2025\/03\/wp-image1316.png?resize=350%2C200&ssl=1","width":350,"height":200},"classes":[]}],"_links":{"self":[{"href":"https:\/\/artstella-elixirs-floraux.com\/en\/wp-json\/wp\/v2\/product\/5434","targetHints":{"allow":["GET"]}}],"collection":[{"href":"https:\/\/artstella-elixirs-floraux.com\/en\/wp-json\/wp\/v2\/product"}],"about":[{"href":"https:\/\/artstella-elixirs-floraux.com\/en\/wp-json\/wp\/v2\/types\/product"}],"version-history":[{"count":0,"href":"https:\/\/artstella-elixirs-floraux.com\/en\/wp-json\/wp\/v2\/product\/5434\/revisions"}],"wp:featuredmedia":[{"embeddable":true,"href":"https:\/\/artstella-elixirs-floraux.com\/en\/wp-json\/wp\/v2\/media\/5435"}],"wp:attachment":[{"href":"https:\/\/artstella-elixirs-floraux.com\/en\/wp-json\/wp\/v2\/media?parent=5434"}],"wp:term":[{"taxonomy":"product_brand","embeddable":true,"href":"https:\/\/artstella-elixirs-floraux.com\/en\/wp-json\/wp\/v2\/product_brand?post=5434"},{"taxonomy":"product_cat","embeddable":true,"href":"https:\/\/artstella-elixirs-floraux.com\/en\/wp-json\/wp\/v2\/product_cat?post=5434"},{"taxonomy":"product_tag","embeddable":true,"href":"https:\/\/artstella-elixirs-floraux.com\/en\/wp-json\/wp\/v2\/product_tag?post=5434"}],"curies":[{"name":"wp","href":"https:\/\/api.w.org\/{rel}","templated":true}]}}