{"id":5436,"date":"2025-03-09T13:43:26","date_gmt":"2025-03-09T13:43:26","guid":{"rendered":"https:\/\/artstella-elixirs-floraux.com\/product\/yellow-star-tulip-10ml\/"},"modified":"2025-03-09T13:43:26","modified_gmt":"2025-03-09T13:43:26","slug":"yellow-star-tulip-10ml","status":"publish","type":"product","link":"https:\/\/artstella-elixirs-floraux.com\/en\/product\/yellow-star-tulip-10ml\/","title":{"rendered":"Yellow star tulip 10ml"},"content":{"rendered":"","protected":false},"excerpt":{"rendered":"<p><strong>Yellow star tulip \/ Calochortus monophyllus\u00a0<\/strong><\/p>\n<p>Pour les gens sensibles, d\u00e9sorient\u00e9s. Ce rem\u00e8de est une aide pr\u00e9cieuse pour exprimer ce que nous avons gard\u00e9 \u00e0 l\u2019int\u00e9rieur et nous aide \u00e0 oser. Il d\u00e9veloppe l\u2019empathie, la confiance et stimule l\u2019action.<\/p>","protected":false},"featured_media":5437,"template":"","meta":[],"product_brand":[],"product_cat":[178],"product_tag":[],"class_list":{"0":"post-5436","1":"product","2":"type-product","3":"status-publish","4":"has-post-thumbnail","6":"product_cat-les-elixirs-hollandais-bloesme-remedies","8":"first","9":"outofstock","10":"taxable","11":"shipping-taxable","12":"purchasable","13":"product-type-simple"},"etheme_brands":{"errors":{"invalid_taxonomy":["Invalid taxonomy."]},"error_data":[]},"jetpack_sharing_enabled":true,"jetpack-related-posts":[{"id":5472,"url":"https:\/\/artstella-elixirs-floraux.com\/en\/product\/terra-bloesem-10-ml\/","url_meta":{"origin":5436,"position":0},"title":"TERRA BLOESEM 10 ML","author":"eveapprill","date":"9 March 2025","format":false,"excerpt":"Terra, (Ang\u00e9lique, Cl\u00e9matite, Mycena, Cephalanth\u00e8re rouge, , Yeloow star tulip) Combinaison d\u2019urgence.","rel":"","context":"Similar post","block_context":{"text":"Similar post","link":""},"img":{"alt_text":"","src":"","width":0,"height":0},"classes":[]},{"id":5486,"url":"https:\/\/artstella-elixirs-floraux.com\/en\/product\/love-30-ml-liefde-bloesem-remedies\/","url_meta":{"origin":5436,"position":1},"title":"LOVE Liefde Bloesem Remedies","author":"eveapprill","date":"9 March 2025","format":false,"excerpt":"Love 30 ml Liefde\u00a0 Bloesem Remedies (Bourrache, Digitale, Ch\u00e9lidoine, Coquelicot, Lamier rouge, Perce-neige, Yelow Star Tulip) ouvre le c\u0153ur \u00e0 l\u2019amour envers soi-m\u00eame et les autres. Connecte \u00e0 la terre","rel":"","context":"Similar post","block_context":{"text":"Similar post","link":""},"img":{"alt_text":"","src":"","width":0,"height":0},"classes":[]},{"id":5474,"url":"https:\/\/artstella-elixirs-floraux.com\/en\/product\/terra-bloesem-30ml\/","url_meta":{"origin":5436,"position":2},"title":"TERRA BLOESEM 30ML","author":"eveapprill","date":"9 March 2025","format":false,"excerpt":"Terra, (Ang\u00e9lique, Cl\u00e9matite, Mycena, Cephalanth\u00e8re rouge, , Yeloow star tulip) Combinaison d\u2019urgence. Il am\u00e9liore l\u2019ancrage dans\u00a0 les moments difficiles, dans les cas de peurs, d\u2019examens, d\u2019accidents, de choc, de traumatisme, ou les moments de changements d\u2019humeur","rel":"","context":"Similar post","block_context":{"text":"Similar post","link":""},"img":{"alt_text":"","src":"","width":0,"height":0},"classes":[]},{"id":5023,"url":"https:\/\/artstella-elixirs-floraux.com\/en\/product\/yellow-paintbrush-alaskan-f-sup\/","url_meta":{"origin":5436,"position":3},"title":"YELLOW PAINTBRUSH ALASKAN F SUP","author":"eveapprill","date":"9 March 2025","format":false,"excerpt":"Yellow Paintbrush Castilleja unalaschensis Castill\u00e9jie dor\u00e9e Indications\u00a0: alignement vertical faible; quand l\u2019inspiration et l\u2019\u00e9nergie cr\u00e9atrice ne fonctionnent pas ensemble; le processus cr\u00e9atif est d\u00e9cousu et en panne\u00a0; frustration chronique au niveau de la cr\u00e9ativit\u00e9.","rel":"","context":"Similar post","block_context":{"text":"Similar post","link":""},"img":{"alt_text":"","src":"","width":0,"height":0},"classes":[]},{"id":2363,"url":"https:\/\/artstella-elixirs-floraux.com\/en\/product\/yellow-dryas-alaskan\/","url_meta":{"origin":5436,"position":4},"title":"Yellow Dryas Alaskan","author":"eveapprill","date":"9 March 2025","format":false,"excerpt":"Yellow Dryas. Dryas drummondii Se sent \u00e9tranger \u00e0 sa famille d'\u00e2me. Incapacit\u00e9 \u00e0 sentir le fil conducteur qui fait de nos exp\u00e9riences un tout coh\u00e9rent et compr\u00e9hensible.","rel":"","context":"Similar post","block_context":{"text":"Similar post","link":""},"img":{"alt_text":"wp-image604","src":"https:\/\/i0.wp.com\/artstella-elixirs-floraux.com\/wp-content\/uploads\/2025\/03\/wp-image604.png?resize=350%2C200&ssl=1","width":350,"height":200},"classes":[]},{"id":4770,"url":"https:\/\/artstella-elixirs-floraux.com\/en\/product\/yellow-yarrow-14-2ml-npe\/","url_meta":{"origin":5436,"position":5},"title":"YELLOW YARROW 14.2ML NPE","author":"eveapprill","date":"9 March 2025","format":false,"excerpt":"YELLOW YARROW 15 ML NPE","rel":"","context":"Similar post","block_context":{"text":"Similar post","link":""},"img":{"alt_text":"","src":"https:\/\/i0.wp.com\/artstella-elixirs-floraux.com\/wp-content\/uploads\/2025\/03\/wp-image1318.png?resize=350%2C200&ssl=1","width":350,"height":200},"classes":[]}],"_links":{"self":[{"href":"https:\/\/artstella-elixirs-floraux.com\/en\/wp-json\/wp\/v2\/product\/5436","targetHints":{"allow":["GET"]}}],"collection":[{"href":"https:\/\/artstella-elixirs-floraux.com\/en\/wp-json\/wp\/v2\/product"}],"about":[{"href":"https:\/\/artstella-elixirs-floraux.com\/en\/wp-json\/wp\/v2\/types\/product"}],"version-history":[{"count":0,"href":"https:\/\/artstella-elixirs-floraux.com\/en\/wp-json\/wp\/v2\/product\/5436\/revisions"}],"wp:featuredmedia":[{"embeddable":true,"href":"https:\/\/artstella-elixirs-floraux.com\/en\/wp-json\/wp\/v2\/media\/5437"}],"wp:attachment":[{"href":"https:\/\/artstella-elixirs-floraux.com\/en\/wp-json\/wp\/v2\/media?parent=5436"}],"wp:term":[{"taxonomy":"product_brand","embeddable":true,"href":"https:\/\/artstella-elixirs-floraux.com\/en\/wp-json\/wp\/v2\/product_brand?post=5436"},{"taxonomy":"product_cat","embeddable":true,"href":"https:\/\/artstella-elixirs-floraux.com\/en\/wp-json\/wp\/v2\/product_cat?post=5436"},{"taxonomy":"product_tag","embeddable":true,"href":"https:\/\/artstella-elixirs-floraux.com\/en\/wp-json\/wp\/v2\/product_tag?post=5436"}],"curies":[{"name":"wp","href":"https:\/\/api.w.org\/{rel}","templated":true}]}}