{"id":5438,"date":"2025-03-09T13:43:27","date_gmt":"2025-03-09T13:43:27","guid":{"rendered":"https:\/\/artstella-elixirs-floraux.com\/product\/knautie-champs-field-scabious-10ml\/"},"modified":"2025-03-09T13:43:27","modified_gmt":"2025-03-09T13:43:27","slug":"knautie-champs-field-scabious-10ml","status":"publish","type":"product","link":"https:\/\/artstella-elixirs-floraux.com\/en\/product\/knautie-champs-field-scabious-10ml\/","title":{"rendered":"Knautie champs &#8211; Field Scabious 10ml"},"content":{"rendered":"","protected":false},"excerpt":{"rendered":"<p><strong>Knautie \/ Knautia arvensis<\/strong> <strong>Field scabious<\/strong><\/p>\n<p>Calme le mental et purifie les pens\u00e9es. Apporte transformation et sagesse, favorise la pens\u00e9e positive et aide \u00e0 mieux agir. Apporte une connexion avec les sph\u00e8res sup\u00e9rieurs et permet qu\u2019elles se refl\u00e8tent dans le milieu ambiant afin de recevoir chaleur et soutien des autres<\/p>","protected":false},"featured_media":5439,"template":"","meta":[],"product_brand":[],"product_cat":[178],"product_tag":[],"class_list":{"0":"post-5438","1":"product","2":"type-product","3":"status-publish","4":"has-post-thumbnail","6":"product_cat-les-elixirs-hollandais-bloesme-remedies","8":"first","9":"instock","10":"taxable","11":"shipping-taxable","12":"purchasable","13":"product-type-simple"},"etheme_brands":{"errors":{"invalid_taxonomy":["Invalid taxonomy."]},"error_data":[]},"jetpack_sharing_enabled":true,"jetpack-related-posts":[{"id":5418,"url":"https:\/\/artstella-elixirs-floraux.com\/en\/product\/clematite-bosrank-10ml\/","url_meta":{"origin":5438,"position":0},"title":"Cl\u00e9matite BOSRANK 10ML","author":"","date":"9 March 2025","format":false,"excerpt":"Cet \u00e9lixir a \u00e9t\u00e9 pr\u00e9par\u00e9 dans les montagnes entre la France et l\u2019Espagne. Cette cl\u00e9matite sert non seulement \u00e0 \u00eatre plus \u00e9veill\u00e9 mais apporte une compr\u00e9hension claire de nos actions.\u00a0","rel":"","context":"Similar post","block_context":{"text":"Similar post","link":""},"img":{"alt_text":"","src":"","width":0,"height":0},"classes":[]},{"id":6064,"url":"https:\/\/artstella-elixirs-floraux.com\/en\/product\/elixir-ocean-n18-phi-15ml\/","url_meta":{"origin":5438,"position":1},"title":"ELIXIR OCEAN N\u00b018 PHI 15ML","author":"eveapprill","date":"9 March 2025","format":false,"excerpt":"L\u2019\u00e9lixir aide \u00e0 nettoyer le corps mental. Son action commence dans la zone de la t\u00eate, les pens\u00e9es peuvent s\u2019\u00e9claircir et \u00eatre trait\u00e9es avec plus de facilit\u00e9. La t\u00eate est libre, les pens\u00e9es claires et conscientes. Ensuite, cette lumi\u00e8re coule dans le corps.","rel":"","context":"Similar post","block_context":{"text":"Similar post","link":""},"img":{"alt_text":"","src":"","width":0,"height":0},"classes":[]},{"id":6189,"url":"https:\/\/artstella-elixirs-floraux.com\/en\/product\/cheval-15ml-phi\/","url_meta":{"origin":5438,"position":2},"title":"Cheval 15ml PHI","author":"eveapprill","date":"9 March 2025","format":false,"excerpt":"Cheval (Equidae) L\u2019\u00e9lixir apporte une sensation de libert\u00e9 et d\u2019ampleur. Il am\u00e9liore la souplesse et l\u2019adresse.","rel":"","context":"Similar post","block_context":{"text":"Similar post","link":""},"img":{"alt_text":"","src":"https:\/\/i0.wp.com\/artstella-elixirs-floraux.com\/wp-content\/uploads\/2025\/03\/wp-image2189.png?resize=350%2C200&ssl=1","width":350,"height":200},"classes":[]},{"id":6046,"url":"https:\/\/artstella-elixirs-floraux.com\/en\/product\/elixir-ocean-n09-phi-15ml\/","url_meta":{"origin":5438,"position":3},"title":"ELIXIR OCEAN N\u00b009 PHI 15ML","author":"eveapprill","date":"9 March 2025","format":false,"excerpt":"D\u2019un c\u00f4t\u00e9, l\u2019\u00e9lixir agit sur l\u2019\u00e9quilibre hydrique et les \u00e9motions, soutenant \u00e9nerg\u00e9tiquement les processus d\u2019\u00e9limination de l\u2019eau. D\u2019un autre c\u00f4t\u00e9, il apporte de la lumi\u00e8re aux cellules (Informations) pour s\u2019adapter \u00e9nerg\u00e9tiquement \u00e0 de nouvelles fr\u00e9quences lumineuses (\u00e9l\u00e9vation vibratoire) \u00a0","rel":"","context":"Similar post","block_context":{"text":"Similar post","link":""},"img":{"alt_text":"","src":"https:\/\/i0.wp.com\/artstella-elixirs-floraux.com\/wp-content\/uploads\/2025\/03\/wp-image2047.png?resize=350%2C200&ssl=1","width":350,"height":200},"classes":[]},{"id":3908,"url":"https:\/\/artstella-elixirs-floraux.com\/en\/product\/ours-a-e-15-ml-phi\/","url_meta":{"origin":5438,"position":4},"title":"OURS A.E 15 ML PHI","author":"eveapprill","date":"9 March 2025","format":false,"excerpt":"Ours (Ursus arctos) B\u00e4r apporte force et bont\u00e9. Il renforce de telles pens\u00e9es et am\u00e9liore la communication comme la tendresse. Gr\u00e2ce \u00e0 la sensation de s\u00e9curit\u00e9, nous nous sentons prot\u00e9g\u00e9s.","rel":"","context":"Similar post","block_context":{"text":"Similar post","link":""},"img":{"alt_text":"","src":"","width":0,"height":0},"classes":[]},{"id":5778,"url":"https:\/\/artstella-elixirs-floraux.com\/en\/product\/pensee-10-ml-deva\/","url_meta":{"origin":5438,"position":5},"title":"Pens\u00e9e 15 ml DEVA","author":"eveapprill","date":"9 March 2025","format":false,"excerpt":"Pens\u00e9e Force int\u00e9rieure, r\u00e9sistance. Pour ceux qui se sentent vuln\u00e9rables, qui manquent de force et qui sont sujets aux infections r\u00e9p\u00e9t\u00e9es.","rel":"","context":"Similar post","block_context":{"text":"Similar post","link":""},"img":{"alt_text":"","src":"https:\/\/i0.wp.com\/artstella-elixirs-floraux.com\/wp-content\/uploads\/2025\/03\/wp-image2441.png?resize=350%2C200&ssl=1","width":350,"height":200},"classes":[]}],"_links":{"self":[{"href":"https:\/\/artstella-elixirs-floraux.com\/en\/wp-json\/wp\/v2\/product\/5438","targetHints":{"allow":["GET"]}}],"collection":[{"href":"https:\/\/artstella-elixirs-floraux.com\/en\/wp-json\/wp\/v2\/product"}],"about":[{"href":"https:\/\/artstella-elixirs-floraux.com\/en\/wp-json\/wp\/v2\/types\/product"}],"version-history":[{"count":0,"href":"https:\/\/artstella-elixirs-floraux.com\/en\/wp-json\/wp\/v2\/product\/5438\/revisions"}],"wp:featuredmedia":[{"embeddable":true,"href":"https:\/\/artstella-elixirs-floraux.com\/en\/wp-json\/wp\/v2\/media\/5439"}],"wp:attachment":[{"href":"https:\/\/artstella-elixirs-floraux.com\/en\/wp-json\/wp\/v2\/media?parent=5438"}],"wp:term":[{"taxonomy":"product_brand","embeddable":true,"href":"https:\/\/artstella-elixirs-floraux.com\/en\/wp-json\/wp\/v2\/product_brand?post=5438"},{"taxonomy":"product_cat","embeddable":true,"href":"https:\/\/artstella-elixirs-floraux.com\/en\/wp-json\/wp\/v2\/product_cat?post=5438"},{"taxonomy":"product_tag","embeddable":true,"href":"https:\/\/artstella-elixirs-floraux.com\/en\/wp-json\/wp\/v2\/product_tag?post=5438"}],"curies":[{"name":"wp","href":"https:\/\/api.w.org\/{rel}","templated":true}]}}