{"id":5440,"date":"2025-03-09T13:43:28","date_gmt":"2025-03-09T13:43:28","guid":{"rendered":"https:\/\/artstella-elixirs-floraux.com\/product\/tanaisie-tansy-10-ml\/"},"modified":"2025-03-09T13:43:28","modified_gmt":"2025-03-09T13:43:28","slug":"tanaisie-tansy-10-ml","status":"publish","type":"product","link":"https:\/\/artstella-elixirs-floraux.com\/en\/product\/tanaisie-tansy-10-ml\/","title":{"rendered":"Tanaisie &#8211; Tansy 10 ml"},"content":{"rendered":"","protected":false},"excerpt":{"rendered":"<p><strong>Tanaisie \/ Tanacetum vulgare &#8211; T<\/strong><strong>ansy<\/strong>\u00a0<\/p>\n<p>Pour sortir du doute et de l\u2019ind\u00e9cision, pour apprendre \u00e0 trancher et \u00e0 agir. Aide \u00e0 percevoir les processus de d\u00e9cisions et \u00e0 comprendre que tant que l\u2019on ne prend pas une d\u00e9cision, rien n\u2019arrivera.<\/p>","protected":false},"featured_media":5441,"template":"","meta":[],"product_brand":[],"product_cat":[178],"product_tag":[],"class_list":{"0":"post-5440","1":"product","2":"type-product","3":"status-publish","4":"has-post-thumbnail","6":"product_cat-les-elixirs-hollandais-bloesme-remedies","8":"first","9":"instock","10":"taxable","11":"shipping-taxable","12":"purchasable","13":"product-type-simple"},"etheme_brands":{"errors":{"invalid_taxonomy":["Invalid taxonomy."]},"error_data":[]},"jetpack_sharing_enabled":true,"jetpack-related-posts":[{"id":4144,"url":"https:\/\/artstella-elixirs-floraux.com\/en\/product\/macaon-sylfos-15ml-pap\/","url_meta":{"origin":5440,"position":0},"title":"MACAON SYLFOS 15ML PAP","author":"eveapprill","date":"9 March 2025","format":false,"excerpt":"MACAON Papilio machaon Objectivit\u00e9 \u2013 D\u00e9cision Cet \u00e9lixir permet de repousser le ressentiment caus\u00e9 lorsque nous nous retrouvons dans des situations externes \u00e0 notre volont\u00e9 dont l\u2019origine...","rel":"","context":"Similar post","block_context":{"text":"Similar post","link":""},"img":{"alt_text":"","src":"","width":0,"height":0},"classes":[]},{"id":2605,"url":"https:\/\/artstella-elixirs-floraux.com\/en\/product\/topaz-alaska\/","url_meta":{"origin":5440,"position":1},"title":"TOPAZ ALASKA","author":"eveapprill","date":"9 March 2025","format":false,"excerpt":"Topaze D\u00e9gage les blocages au niveau du plexus solaire ; nous aide \u00e0 puiser dans les sources appropri\u00e9es d\u2019\u00e9nergie universelle ; renforce la capacit\u00e9 \u00e0 agir de mani\u00e8re d\u00e9cisive \u00e0 partir d\u2019une perception claire de notre identit\u00e9.","rel":"","context":"Similar post","block_context":{"text":"Similar post","link":""},"img":{"alt_text":"","src":"","width":0,"height":0},"classes":[]},{"id":4509,"url":"https:\/\/artstella-elixirs-floraux.com\/en\/product\/platanthere-a-fl-verd-phi-15ml\/","url_meta":{"origin":5440,"position":2},"title":"PLATANTHERE A FL VERD PHI 15ML","author":"eveapprill","date":"9 March 2025","format":false,"excerpt":"Platanth\u00e8re \u00e0 fleurs verd\u00e2tres (Plathanthera chlorantha) (Gr\u00fcnliche Waldhyazinthe) Am\u00e8ne la clart\u00e9 de l'esprit et nous aide \u00e0 reconna\u00eetre ce qui est juste pour nous. Nous soutient dans les processus de d\u00e9cision.","rel":"","context":"Similar post","block_context":{"text":"Similar post","link":""},"img":{"alt_text":"","src":"https:\/\/i0.wp.com\/artstella-elixirs-floraux.com\/wp-content\/uploads\/2025\/03\/wp-image1111.png?resize=350%2C200&ssl=1","width":350,"height":200},"classes":[]},{"id":12285,"url":"https:\/\/artstella-elixirs-floraux.com\/en\/product\/14-orchidee-du-courage-dendrobium-anceps-sylfos\/","url_meta":{"origin":5440,"position":3},"title":"14. ORCHID\u00c9E DU COURAGE Dendrobium anceps Sylfos","author":"eveapprill","date":"13 March 2026","format":false,"excerpt":"\u00c9lixir de\u00a0r\u00e9silience et de force int\u00e9rieure. Aide \u00e0 d\u00e9passer la peur, \u00e0 prendre des d\u00e9cisions et \u00e0 avancer avec d\u00e9termination face aux d\u00e9fis.","rel":"","context":"Similar post","block_context":{"text":"Similar post","link":""},"img":{"alt_text":"","src":"https:\/\/i0.wp.com\/artstella-elixirs-floraux.com\/wp-content\/uploads\/2026\/03\/14_valentia_-WEB.png?resize=350%2C200&ssl=1","width":350,"height":200},"classes":[]},{"id":2086,"url":"https:\/\/artstella-elixirs-floraux.com\/en\/product\/bladder-wort-alaskan\/","url_meta":{"origin":5440,"position":4},"title":"Bladder Wort Alaskan","author":"eveapprill","date":"9 March 2025","format":false,"excerpt":"Bladder Wort Alaska Pi\u00e9g\u00e9 dans l'illusion, incapacit\u00e9 \u00e0 prendre des d\u00e9cisions pour notre plus grand bien ; manque de discernement, souvent d\u00e9\u00e7u ou roul\u00e9.Pour voir \u00e0 travers l'illusion gr\u00e2ce \u00e0 la connaissance int\u00e9rieur, soutient le discernement face \u00e0 la malhonn\u00eatet\u00e9 d'autrui. Renforce notre capacit\u00e9 \u00e0 percevoir la v\u00e9rit\u00e9 malgr\u00e9 la\u2026","rel":"","context":"Similar post","block_context":{"text":"Similar post","link":""},"img":{"alt_text":"","src":"https:\/\/i0.wp.com\/artstella-elixirs-floraux.com\/wp-content\/uploads\/2025\/03\/wp-image41.webp?resize=350%2C200&ssl=1","width":350,"height":200},"classes":[]},{"id":3068,"url":"https:\/\/artstella-elixirs-floraux.com\/en\/product\/mars-planete-phi-15-ml\/","url_meta":{"origin":5440,"position":5},"title":"MARS PLANETE PHI 15 ML","author":"eveapprill","date":"9 March 2025","format":false,"excerpt":"Mars Active notre \u00e9nergie vitale et notre vigueur. Soutient notre volont\u00e9 lorsqu'il s'agit de dire Non dans les moments d\u00e9cisifs. Nous aide \u00e0 comprendre le sens de l'action \u00e0 mener.","rel":"","context":"Similar post","block_context":{"text":"Similar post","link":""},"img":{"alt_text":"","src":"https:\/\/i0.wp.com\/artstella-elixirs-floraux.com\/wp-content\/uploads\/2025\/03\/wp-image523.png?resize=350%2C200&ssl=1","width":350,"height":200},"classes":[]}],"_links":{"self":[{"href":"https:\/\/artstella-elixirs-floraux.com\/en\/wp-json\/wp\/v2\/product\/5440","targetHints":{"allow":["GET"]}}],"collection":[{"href":"https:\/\/artstella-elixirs-floraux.com\/en\/wp-json\/wp\/v2\/product"}],"about":[{"href":"https:\/\/artstella-elixirs-floraux.com\/en\/wp-json\/wp\/v2\/types\/product"}],"version-history":[{"count":0,"href":"https:\/\/artstella-elixirs-floraux.com\/en\/wp-json\/wp\/v2\/product\/5440\/revisions"}],"wp:featuredmedia":[{"embeddable":true,"href":"https:\/\/artstella-elixirs-floraux.com\/en\/wp-json\/wp\/v2\/media\/5441"}],"wp:attachment":[{"href":"https:\/\/artstella-elixirs-floraux.com\/en\/wp-json\/wp\/v2\/media?parent=5440"}],"wp:term":[{"taxonomy":"product_brand","embeddable":true,"href":"https:\/\/artstella-elixirs-floraux.com\/en\/wp-json\/wp\/v2\/product_brand?post=5440"},{"taxonomy":"product_cat","embeddable":true,"href":"https:\/\/artstella-elixirs-floraux.com\/en\/wp-json\/wp\/v2\/product_cat?post=5440"},{"taxonomy":"product_tag","embeddable":true,"href":"https:\/\/artstella-elixirs-floraux.com\/en\/wp-json\/wp\/v2\/product_tag?post=5440"}],"curies":[{"name":"wp","href":"https:\/\/api.w.org\/{rel}","templated":true}]}}