{"id":5444,"date":"2025-03-09T13:43:30","date_gmt":"2025-03-09T13:43:30","guid":{"rendered":"https:\/\/artstella-elixirs-floraux.com\/product\/bourrache-borage-10-ml\/"},"modified":"2025-03-09T13:43:30","modified_gmt":"2025-03-09T13:43:30","slug":"bourrache-borage-10-ml","status":"publish","type":"product","link":"https:\/\/artstella-elixirs-floraux.com\/en\/product\/bourrache-borage-10-ml\/","title":{"rendered":"Bourrache Borage 10 ML"},"content":{"rendered":"<p><strong>Bourrache \/ Borago officinalis <\/strong>(borage\/Bourrache)<\/p>\n<p>Fortifie le c\u0153ur dans les moments difficiles et apporte courage, joie et ga\u00eet\u00e9. Aide \u00e0 ne pas se laisser arr\u00eater par les difficult\u00e9s, \u00e0 garder courage et \u00e0 avancer malgr\u00e9 l\u2019adversit\u00e9.<\/p>\n<p>Quand on perd la foi dans la vie, la bourrache nous apporte \u00e0 nouveau de la joie et la force de faire face plut\u00f4t avec le c\u0153ur que le mental.<\/p>\n<p>Pour celle qui ont cherchent \u00e0 \u00eatre enceinte, elle a montr\u00e9 ses effets en ce qu\u2019elle aide \u00e0 connecter avec l\u2019\u00e2me de l\u2019enfant.<\/p>","protected":false},"excerpt":{"rendered":"<p><strong>Bourrache \/ Borago officinalis <\/strong>(borage\/Bourrache)<\/p>\n<p>Fortifie le c\u0153ur dans les moments difficiles et apporte courage, joie et ga\u00eet\u00e9. Aide \u00e0 ne pas se laisser arr\u00eater par les difficult\u00e9s, \u00e0 garder courage et \u00e0 avancer malgr\u00e9 l\u2019adversit\u00e9.<\/p>","protected":false},"featured_media":5445,"template":"","meta":[],"product_brand":[],"product_cat":[178],"product_tag":[],"class_list":{"0":"post-5444","1":"product","2":"type-product","3":"status-publish","4":"has-post-thumbnail","6":"product_cat-les-elixirs-hollandais-bloesme-remedies","8":"first","9":"instock","10":"taxable","11":"shipping-taxable","12":"purchasable","13":"product-type-simple"},"etheme_brands":{"errors":{"invalid_taxonomy":["Invalid taxonomy."]},"error_data":[]},"jetpack_sharing_enabled":true,"jetpack-related-posts":[{"id":5639,"url":"https:\/\/artstella-elixirs-floraux.com\/en\/product\/bourrache-15-ml\/","url_meta":{"origin":5444,"position":0},"title":"Bourrache 15 ml","author":"eveapprill","date":"9 March 2025","format":false,"excerpt":"Bourrache Courage. Pour surmonter le chagrin, la tristesse, le d\u00e9couragement face aux \u00e9preuves et au danger. Pour ceux qui se sentent accabl\u00e9s par les \u00e9v\u00e9nements de la vie et qui ont le coeur gros.","rel":"","context":"Similar post","block_context":{"text":"Similar post","link":""},"img":{"alt_text":"","src":"https:\/\/i0.wp.com\/artstella-elixirs-floraux.com\/wp-content\/uploads\/2025\/03\/wp-image2402.png?resize=350%2C200&ssl=1","width":350,"height":200},"classes":[]},{"id":5486,"url":"https:\/\/artstella-elixirs-floraux.com\/en\/product\/love-30-ml-liefde-bloesem-remedies\/","url_meta":{"origin":5444,"position":1},"title":"LOVE Liefde Bloesem Remedies","author":"eveapprill","date":"9 March 2025","format":false,"excerpt":"Love 30 ml Liefde\u00a0 Bloesem Remedies (Bourrache, Digitale, Ch\u00e9lidoine, Coquelicot, Lamier rouge, Perce-neige, Yelow Star Tulip) ouvre le c\u0153ur \u00e0 l\u2019amour envers soi-m\u00eame et les autres. Connecte \u00e0 la terre","rel":"","context":"Similar post","block_context":{"text":"Similar post","link":""},"img":{"alt_text":"","src":"","width":0,"height":0},"classes":[]},{"id":5312,"url":"https:\/\/artstella-elixirs-floraux.com\/en\/product\/complexe-n16-consolation-deva-30ml\/","url_meta":{"origin":5444,"position":2},"title":"COMPLEXE N\u00b016 Consolation DEVA 30ml","author":"eveapprill","date":"9 March 2025","format":false,"excerpt":"COMPLEXE N\u00b016 Consolation DEVA 30ml Le compos\u00e9 floral CONSOLATIONS\u00a0apporte r\u00e9confort et paix du c\u0153ur. Il aide \u00e0 retrouver une autonomie affective et \u00e0 surmonter tristesse, confusion ou amertume. Il est recommand\u00e9 pour tous les petits deuils du quotidien et les grands deuils de la vie.","rel":"","context":"Similar post","block_context":{"text":"Similar post","link":""},"img":{"alt_text":"","src":"https:\/\/i0.wp.com\/artstella-elixirs-floraux.com\/wp-content\/uploads\/2025\/03\/2415f69e-17ad-4029-ae37-735517e5564d.jpg?resize=350%2C200&ssl=1","width":350,"height":200,"srcset":"https:\/\/i0.wp.com\/artstella-elixirs-floraux.com\/wp-content\/uploads\/2025\/03\/2415f69e-17ad-4029-ae37-735517e5564d.jpg?resize=350%2C200&ssl=1 1x, https:\/\/i0.wp.com\/artstella-elixirs-floraux.com\/wp-content\/uploads\/2025\/03\/2415f69e-17ad-4029-ae37-735517e5564d.jpg?resize=525%2C300&ssl=1 1.5x, https:\/\/i0.wp.com\/artstella-elixirs-floraux.com\/wp-content\/uploads\/2025\/03\/2415f69e-17ad-4029-ae37-735517e5564d.jpg?resize=700%2C400&ssl=1 2x"},"classes":[]},{"id":5478,"url":"https:\/\/artstella-elixirs-floraux.com\/en\/product\/rainbow-arc-en-ciel-30ml-bloesem\/","url_meta":{"origin":5444,"position":3},"title":"RAINBOW Arc en Ciel Bloesem Remedies","author":"eveapprill","date":"9 March 2025","format":false,"excerpt":"Rainbow - Arc en Ciel 30 ml Bloesem Remedies (Bourrache, Impatience, Monnaie du Pape, Coquelicot, Lamier rouge) \u00a0\u201cUn pont entre le ciel et la terre\u201d, cette combinaison d\u2019\u00e9lixirs\u00a0 favorise le d\u00e9veloppement personnel et stimule la cr\u00e9ativit\u00e9.\u00a0 Pour commencer \u00e0 neuf et laisser l\u2019ancien de c\u00f4t\u00e9.","rel":"","context":"Similar post","block_context":{"text":"Similar post","link":""},"img":{"alt_text":"","src":"","width":0,"height":0},"classes":[]},{"id":3695,"url":"https:\/\/artstella-elixirs-floraux.com\/en\/product\/winged-messenger-ltoe-15ml\/","url_meta":{"origin":5444,"position":4},"title":"WINGED MESSENGER LTOE 15ML","author":"eveapprill","date":"9 March 2025","format":false,"excerpt":"Winged Messenger\/ Messager volant Remarquable pour atteindre ses buts, tout en apportant de la joie au c\u0153ur et de l\u2019ancrage.","rel":"","context":"Similar post","block_context":{"text":"Similar post","link":""},"img":{"alt_text":"","src":"https:\/\/i0.wp.com\/artstella-elixirs-floraux.com\/wp-content\/uploads\/2025\/03\/49d267dd-96d5-4648-be19-bb0c9e87820b.jpg?resize=350%2C200&ssl=1","width":350,"height":200,"srcset":"https:\/\/i0.wp.com\/artstella-elixirs-floraux.com\/wp-content\/uploads\/2025\/03\/49d267dd-96d5-4648-be19-bb0c9e87820b.jpg?resize=350%2C200&ssl=1 1x, https:\/\/i0.wp.com\/artstella-elixirs-floraux.com\/wp-content\/uploads\/2025\/03\/49d267dd-96d5-4648-be19-bb0c9e87820b.jpg?resize=525%2C300&ssl=1 1.5x, https:\/\/i0.wp.com\/artstella-elixirs-floraux.com\/wp-content\/uploads\/2025\/03\/49d267dd-96d5-4648-be19-bb0c9e87820b.jpg?resize=700%2C400&ssl=1 2x"},"classes":[]},{"id":5504,"url":"https:\/\/artstella-elixirs-floraux.com\/en\/product\/chemin-spirituel-bloesem-remedies\/","url_meta":{"origin":5444,"position":5},"title":"Chemin spirituel Bloesem Remedies","author":"eveapprill","date":"9 March 2025","format":false,"excerpt":"CHEMIN SPIRITUEL - HET SPIRITUELE PAD - Compos\u00e9 contenant\u00a0Eschscholzia, Bignone et Bourrache Ce compos\u00e9 aide \u00e0 s\u2019orienter de fa\u00e7on spirituelle dans la vie.","rel":"","context":"Similar post","block_context":{"text":"Similar post","link":""},"img":{"alt_text":"","src":"","width":0,"height":0},"classes":[]}],"_links":{"self":[{"href":"https:\/\/artstella-elixirs-floraux.com\/en\/wp-json\/wp\/v2\/product\/5444","targetHints":{"allow":["GET"]}}],"collection":[{"href":"https:\/\/artstella-elixirs-floraux.com\/en\/wp-json\/wp\/v2\/product"}],"about":[{"href":"https:\/\/artstella-elixirs-floraux.com\/en\/wp-json\/wp\/v2\/types\/product"}],"version-history":[{"count":0,"href":"https:\/\/artstella-elixirs-floraux.com\/en\/wp-json\/wp\/v2\/product\/5444\/revisions"}],"wp:featuredmedia":[{"embeddable":true,"href":"https:\/\/artstella-elixirs-floraux.com\/en\/wp-json\/wp\/v2\/media\/5445"}],"wp:attachment":[{"href":"https:\/\/artstella-elixirs-floraux.com\/en\/wp-json\/wp\/v2\/media?parent=5444"}],"wp:term":[{"taxonomy":"product_brand","embeddable":true,"href":"https:\/\/artstella-elixirs-floraux.com\/en\/wp-json\/wp\/v2\/product_brand?post=5444"},{"taxonomy":"product_cat","embeddable":true,"href":"https:\/\/artstella-elixirs-floraux.com\/en\/wp-json\/wp\/v2\/product_cat?post=5444"},{"taxonomy":"product_tag","embeddable":true,"href":"https:\/\/artstella-elixirs-floraux.com\/en\/wp-json\/wp\/v2\/product_tag?post=5444"}],"curies":[{"name":"wp","href":"https:\/\/api.w.org\/{rel}","templated":true}]}}