{"id":5448,"date":"2025-03-09T13:43:33","date_gmt":"2025-03-09T13:43:33","guid":{"rendered":"https:\/\/artstella-elixirs-floraux.com\/product\/centranthe-purple-flower-10-ml\/"},"modified":"2025-03-09T13:43:33","modified_gmt":"2025-03-09T13:43:33","slug":"centranthe-purple-flower-10-ml","status":"publish","type":"product","link":"https:\/\/artstella-elixirs-floraux.com\/en\/product\/centranthe-purple-flower-10-ml\/","title":{"rendered":"Centranthe PURPLE FLOWER 10 ml"},"content":{"rendered":"<p><strong>Centranthe \/ Centratherum punctatum (purple flower)\u00a0\u00a0 <\/strong><\/p>\n<p>Apporte de l\u2019\u00e9nergie \u00e0 la t\u00eate et repose l\u2019esprit. Pour s\u2019ouvrir aux diff\u00e9rents r\u00e8gnes (animal, v\u00e9g\u00e9tal, min\u00e9ral et humain) am\u00e9liore la conscience de l\u2019environnement.<\/p>","protected":false},"excerpt":{"rendered":"<p><strong>Centranthe \/ Centratherum punctatum<\/strong> <strong>(purple flower)\u00a0\u00a0 <\/strong><\/p>\n<p>Apporte de l\u2019\u00e9nergie \u00e0 la t\u00eate et repose l\u2019esprit. Pour s\u2019ouvrir aux diff\u00e9rents r\u00e8gnes (animal, v\u00e9g\u00e9tal, min\u00e9ral et humain) am\u00e9liore la conscience de l\u2019environnement.<\/p>","protected":false},"featured_media":5449,"template":"","meta":[],"product_brand":[],"product_cat":[178],"product_tag":[],"class_list":{"0":"post-5448","1":"product","2":"type-product","3":"status-publish","4":"has-post-thumbnail","6":"product_cat-les-elixirs-hollandais-bloesme-remedies","8":"first","9":"outofstock","10":"taxable","11":"shipping-taxable","12":"purchasable","13":"product-type-simple"},"etheme_brands":{"errors":{"invalid_taxonomy":["Invalid taxonomy."]},"error_data":[]},"jetpack_sharing_enabled":true,"jetpack-related-posts":[{"id":4983,"url":"https:\/\/artstella-elixirs-floraux.com\/en\/product\/red-purple-poppy-alaskan-f-sup\/","url_meta":{"origin":5448,"position":0},"title":"RED PURPLE POPPY ALASKAN F SUP","author":"eveapprill","date":"9 March 2025","format":false,"excerpt":"Red-Purple PoppyPapaver somniferum Pavot rouge Indications\u00a0: ind\u00e9cision; l\u00e9thargie; manque d\u2019inspiration; \u00e9nergie stagnante dans les chakras inf\u00e9rieurs\u00a0; ressentant un manque de guidance et de soutien des royaumes spirituels.","rel":"","context":"Similar post","block_context":{"text":"Similar post","link":""},"img":{"alt_text":"","src":"","width":0,"height":0},"classes":[]},{"id":4975,"url":"https:\/\/artstella-elixirs-floraux.com\/en\/product\/purple-poppy-alaskan-f-sup\/","url_meta":{"origin":5448,"position":1},"title":"PURPLE POPPY ALASKAN F SUP","author":"eveapprill","date":"9 March 2025","format":false,"excerpt":"Purple Poppy Papaver somniferum Pavot violet Indications\u00a0: difficult\u00e9s \u00e0 garder la cadence avec les changements de la vie\u00a0; \u00e9nervement et \u00e9puisement\u00a0; d\u00e9sorientation et fatigue en raison d\u2019un trop plein.","rel":"","context":"Similar post","block_context":{"text":"Similar post","link":""},"img":{"alt_text":"","src":"https:\/\/i0.wp.com\/artstella-elixirs-floraux.com\/wp-content\/uploads\/2025\/03\/wp-image2068.png?resize=350%2C200&ssl=1","width":350,"height":200},"classes":[]},{"id":5572,"url":"https:\/\/artstella-elixirs-floraux.com\/en\/product\/viperine-sylfos-15-ml\/","url_meta":{"origin":5448,"position":2},"title":"VIPERINE SYLFOS 15 ML","author":"eveapprill","date":"9 March 2025","format":false,"excerpt":"VIP\u00c9RINE \/ VIBORERA\u00a0 Purple Viper's Bugloss Echium bonariense \u00a0 \u00a0 Pour les personnes s\u00e9rieuses, s\u00e8ches et sans sens de l\u2019humour. Apporte relaxation et lib\u00e8re des tensions accumul\u00e9es\u00a0; all\u00e8ge le mental, les \u00e9motions,","rel":"","context":"Similar post","block_context":{"text":"Similar post","link":""},"img":{"alt_text":"","src":"","width":0,"height":0},"classes":[]},{"id":2190,"url":"https:\/\/artstella-elixirs-floraux.com\/en\/product\/horsetail-alaskan\/","url_meta":{"origin":5448,"position":3},"title":"Horsetail Alaskan","author":"eveapprill","date":"9 March 2025","format":false,"excerpt":"Horsetail. Equisetum arvense. Pr\u00eale Communication d\u00e9form\u00e9e avec les niveaux de sa conscience. Difficult\u00e9 \u00e0 communiquer avec son moi sup\u00e9rieur et les autres, m\u00eame les animaux.","rel":"","context":"Similar post","block_context":{"text":"Similar post","link":""},"img":{"alt_text":"","src":"https:\/\/i0.wp.com\/artstella-elixirs-floraux.com\/wp-content\/uploads\/2025\/03\/wp-image543.png?resize=350%2C200&ssl=1","width":350,"height":200},"classes":[]},{"id":4223,"url":"https:\/\/artstella-elixirs-floraux.com\/en\/product\/dragonfly-libellule-wea-30-ml\/","url_meta":{"origin":5448,"position":4},"title":"DRAGONFLY\/LIBELLULE WEA 30 ML","author":"eveapprill","date":"9 March 2025","format":false,"excerpt":"Dragonfly (libellule) En Ma\u00eetre de l\u2019illusion, cet \u00e9lixir aide \u00e0 voyager entre les diff\u00e9rentes dimensions et \u00e0 s\u2019ouvrir aux \u00e9nergies spirituelles. Pour se r\u00e9veiller de ses illusions personnelles. Pour la relaxation et le repos apr\u00e8s les p\u00e9riodes charg\u00e9es.","rel":"","context":"Similar post","block_context":{"text":"Similar post","link":""},"img":{"alt_text":"","src":"https:\/\/i0.wp.com\/artstella-elixirs-floraux.com\/wp-content\/uploads\/2025\/03\/wp-image2255.png?resize=350%2C200&ssl=1","width":350,"height":200,"srcset":"https:\/\/i0.wp.com\/artstella-elixirs-floraux.com\/wp-content\/uploads\/2025\/03\/wp-image2255.png?resize=350%2C200&ssl=1 1x, https:\/\/i0.wp.com\/artstella-elixirs-floraux.com\/wp-content\/uploads\/2025\/03\/wp-image2255.png?resize=525%2C300&ssl=1 1.5x, https:\/\/i0.wp.com\/artstella-elixirs-floraux.com\/wp-content\/uploads\/2025\/03\/wp-image2255.png?resize=700%2C400&ssl=1 2x, https:\/\/i0.wp.com\/artstella-elixirs-floraux.com\/wp-content\/uploads\/2025\/03\/wp-image2255.png?resize=1050%2C600&ssl=1 3x"},"classes":[]},{"id":3667,"url":"https:\/\/artstella-elixirs-floraux.com\/en\/product\/59-shivas-trident-ltoe-15-ml\/","url_meta":{"origin":5448,"position":5},"title":"59. SHIVA&rsquo;S TRIDENT LTOE 15 ML","author":"eveapprill","date":"9 March 2025","format":false,"excerpt":"Shiva\u2019s Trident \/ Trident de Shiva : ouvre la polarit\u00e9 yang du syst\u00e8me des m\u00e9ridiens \u2013 le point baihui* au sommet de la t\u00eate\u00a0 \u2013 et apporte une \u00e9nergie puissante et tourbillonnante","rel":"","context":"Similar post","block_context":{"text":"Similar post","link":""},"img":{"alt_text":"","src":"https:\/\/i0.wp.com\/artstella-elixirs-floraux.com\/wp-content\/uploads\/2025\/03\/69ccbb8d-8a4c-4937-9b07-edb4efe72ae4.jpg?resize=350%2C200&ssl=1","width":350,"height":200,"srcset":"https:\/\/i0.wp.com\/artstella-elixirs-floraux.com\/wp-content\/uploads\/2025\/03\/69ccbb8d-8a4c-4937-9b07-edb4efe72ae4.jpg?resize=350%2C200&ssl=1 1x, https:\/\/i0.wp.com\/artstella-elixirs-floraux.com\/wp-content\/uploads\/2025\/03\/69ccbb8d-8a4c-4937-9b07-edb4efe72ae4.jpg?resize=525%2C300&ssl=1 1.5x, https:\/\/i0.wp.com\/artstella-elixirs-floraux.com\/wp-content\/uploads\/2025\/03\/69ccbb8d-8a4c-4937-9b07-edb4efe72ae4.jpg?resize=700%2C400&ssl=1 2x"},"classes":[]}],"_links":{"self":[{"href":"https:\/\/artstella-elixirs-floraux.com\/en\/wp-json\/wp\/v2\/product\/5448","targetHints":{"allow":["GET"]}}],"collection":[{"href":"https:\/\/artstella-elixirs-floraux.com\/en\/wp-json\/wp\/v2\/product"}],"about":[{"href":"https:\/\/artstella-elixirs-floraux.com\/en\/wp-json\/wp\/v2\/types\/product"}],"version-history":[{"count":0,"href":"https:\/\/artstella-elixirs-floraux.com\/en\/wp-json\/wp\/v2\/product\/5448\/revisions"}],"wp:featuredmedia":[{"embeddable":true,"href":"https:\/\/artstella-elixirs-floraux.com\/en\/wp-json\/wp\/v2\/media\/5449"}],"wp:attachment":[{"href":"https:\/\/artstella-elixirs-floraux.com\/en\/wp-json\/wp\/v2\/media?parent=5448"}],"wp:term":[{"taxonomy":"product_brand","embeddable":true,"href":"https:\/\/artstella-elixirs-floraux.com\/en\/wp-json\/wp\/v2\/product_brand?post=5448"},{"taxonomy":"product_cat","embeddable":true,"href":"https:\/\/artstella-elixirs-floraux.com\/en\/wp-json\/wp\/v2\/product_cat?post=5448"},{"taxonomy":"product_tag","embeddable":true,"href":"https:\/\/artstella-elixirs-floraux.com\/en\/wp-json\/wp\/v2\/product_tag?post=5448"}],"curies":[{"name":"wp","href":"https:\/\/api.w.org\/{rel}","templated":true}]}}