{"id":5454,"date":"2025-03-09T13:43:36","date_gmt":"2025-03-09T13:43:36","guid":{"rendered":"https:\/\/artstella-elixirs-floraux.com\/product\/verge-dor-solidago-officinale-goldenrod-10ml\/"},"modified":"2025-03-09T13:43:36","modified_gmt":"2025-03-09T13:43:36","slug":"verge-dor-solidago-officinale-goldenrod-10ml","status":"publish","type":"product","link":"https:\/\/artstella-elixirs-floraux.com\/en\/product\/verge-dor-solidago-officinale-goldenrod-10ml\/","title":{"rendered":"Verge d\u2019or &#8211; Solidago officinale &#8211; Goldenrod 10ml"},"content":{"rendered":"<p><strong>Verge d\u2019or \/ Solidago officinalis &#8211; Goldenrod<\/strong><\/p>\n<p>Les mots cl\u00e9s pour Solidago sont individualit\u00e9 et les autres. Pour ceux qui se sentent enferm\u00e9s et ont du mal \u00e0 s\u2019ouvrir aux autres. A ceux qui ont du mal \u00e0 l\u00e2cher leur ego personnel pour s\u2019int\u00e9resser \u00e0 des qualit\u00e9s sup\u00e9rieures, restant trop focalis\u00e9s sur leurs accomplissements personnels et se sentant trop d\u00e9pendants des autres, la Verge d\u2019Or apportera confiance et foi en soi-m\u00eame de fa\u00e7on \u00e0 pouvoir d\u00e9velopper chaleur et ouverture du c\u0153ur. Pour devenir un canal capable de transformer des \u00e9nergies sup\u00e9rieures. Donne la force de pouvoir s\u2019ouvrir avec amour envers son environnement. Le r\u00e9sultat de cette meilleure connexion avec son moi-sup\u00e9rieur sera un enthousiasme renouvel\u00e9, ainsi qu\u2019un meilleur sens de l\u2019abondance et de la coop\u00e9ration.\u00a0<\/p>","protected":false},"excerpt":{"rendered":"<p><strong>Verge d\u2019or \/ Solidago officinalis &#8211; Goldenrod<\/strong><\/p>\n<p>Les mots cl\u00e9s pour Solidago sont individualit\u00e9 et les autres. Pour ceux qui se sentent enferm\u00e9s et ont du mal \u00e0 s\u2019ouvrir aux autres. A ceux qui ont du mal \u00e0 l\u00e2cher leur ego personnel pour s\u2019int\u00e9resser \u00e0 des qualit\u00e9s sup\u00e9rieures, restant trop focalis\u00e9s sur leurs accomplissements personnels<\/p>","protected":false},"featured_media":5455,"template":"","meta":[],"product_brand":[],"product_cat":[178],"product_tag":[],"class_list":{"0":"post-5454","1":"product","2":"type-product","3":"status-publish","4":"has-post-thumbnail","6":"product_cat-les-elixirs-hollandais-bloesme-remedies","8":"first","9":"outofstock","10":"taxable","11":"shipping-taxable","12":"purchasable","13":"product-type-simple"},"etheme_brands":{"errors":{"invalid_taxonomy":["Invalid taxonomy."]},"error_data":[]},"jetpack_sharing_enabled":true,"jetpack-related-posts":[{"id":2886,"url":"https:\/\/artstella-elixirs-floraux.com\/en\/product\/vervain-15ml-phi\/","url_meta":{"origin":5454,"position":0},"title":"VERVAIN 15ML PHI","author":"eveapprill","date":"9 March 2025","format":false,"excerpt":"Vervain (Verbena officinalis) (Verveine) Nous aide \u00e0 trouver la mesure dans nos actions. Pour respecter les autres comme ils sont.","rel":"","context":"Similar post","block_context":{"text":"Similar post","link":""},"img":{"alt_text":"","src":"https:\/\/i0.wp.com\/artstella-elixirs-floraux.com\/wp-content\/uploads\/2025\/03\/wp-image1098.png?resize=350%2C200&ssl=1","width":350,"height":200},"classes":[]},{"id":5960,"url":"https:\/\/artstella-elixirs-floraux.com\/en\/product\/verveine-10ml-deva\/","url_meta":{"origin":5454,"position":1},"title":"Verveine 10ml DEVA","author":"eveapprill","date":"9 March 2025","format":false,"excerpt":"Verveine - Vervain Verbena officinalis Mod\u00e9ration, tol\u00e9rance Pour les personnes autoritaires, \u00e9nergiques, qui ont des opinions fermes et qui veulent convertir les autres sans tenir compte de leur opinion. Pour l'exc\u00e8s d'enthousiasme conduisant \u00e0 l'extr\u00e9misme et au fanatisme.","rel":"","context":"Similar post","block_context":{"text":"Similar post","link":""},"img":{"alt_text":"","src":"","width":0,"height":0},"classes":[]},{"id":3235,"url":"https:\/\/artstella-elixirs-floraux.com\/en\/product\/valeriane-15-ml-phi\/","url_meta":{"origin":5454,"position":2},"title":"VALERIANE 15 ML PHI","author":"eveapprill","date":"9 March 2025","format":false,"excerpt":"Val\u00e9riane (Valeriana officinalis) (Baldrian) Son action apaise \u00e9nerg\u00e9tiquement le corps et l'esprit. L'\u00e9lixir aide \u00e0 traverser les situations de stress avec la paix int\u00e9rieure.","rel":"","context":"Similar post","block_context":{"text":"Similar post","link":""},"img":{"alt_text":"","src":"https:\/\/i0.wp.com\/artstella-elixirs-floraux.com\/wp-content\/uploads\/2025\/03\/wp-image658.png?resize=350%2C200&ssl=1","width":350,"height":200},"classes":[]},{"id":5444,"url":"https:\/\/artstella-elixirs-floraux.com\/en\/product\/bourrache-borage-10-ml\/","url_meta":{"origin":5454,"position":3},"title":"Bourrache Borage 10 ML","author":"eveapprill","date":"9 March 2025","format":false,"excerpt":"Bourrache \/ Borago officinalis (borage\/Bourrache) Fortifie le c\u0153ur dans les moments difficiles et apporte courage, joie et ga\u00eet\u00e9. Aide \u00e0 ne pas se laisser arr\u00eater par les difficult\u00e9s, \u00e0 garder courage et \u00e0 avancer malgr\u00e9 l\u2019adversit\u00e9.","rel":"","context":"Similar post","block_context":{"text":"Similar post","link":""},"img":{"alt_text":"","src":"","width":0,"height":0},"classes":[]},{"id":2190,"url":"https:\/\/artstella-elixirs-floraux.com\/en\/product\/horsetail-alaskan\/","url_meta":{"origin":5454,"position":4},"title":"Horsetail Alaskan","author":"eveapprill","date":"9 March 2025","format":false,"excerpt":"Horsetail. Equisetum arvense. Pr\u00eale Communication d\u00e9form\u00e9e avec les niveaux de sa conscience. Difficult\u00e9 \u00e0 communiquer avec son moi sup\u00e9rieur et les autres, m\u00eame les animaux.","rel":"","context":"Similar post","block_context":{"text":"Similar post","link":""},"img":{"alt_text":"","src":"https:\/\/i0.wp.com\/artstella-elixirs-floraux.com\/wp-content\/uploads\/2025\/03\/wp-image543.png?resize=350%2C200&ssl=1","width":350,"height":200},"classes":[]},{"id":3310,"url":"https:\/\/artstella-elixirs-floraux.com\/en\/product\/souci-15-ml-phi\/","url_meta":{"origin":5454,"position":5},"title":"SOUCI 15 ML PHI","author":"eveapprill","date":"9 March 2025","format":false,"excerpt":"Souci (Calendula officinalis) (Ringelblume) Permet de laisser aller les \u00e9motions. L'\u00e9lixir nous aide \u00e0 construire notre centre et aide \u00e0 dissoudre les tensions et les blocages dus aux chocs et traumatismes.","rel":"","context":"Similar post","block_context":{"text":"Similar post","link":""},"img":{"alt_text":"","src":"https:\/\/i0.wp.com\/artstella-elixirs-floraux.com\/wp-content\/uploads\/2025\/03\/wp-image694.png?resize=350%2C200&ssl=1","width":350,"height":200},"classes":[]}],"_links":{"self":[{"href":"https:\/\/artstella-elixirs-floraux.com\/en\/wp-json\/wp\/v2\/product\/5454","targetHints":{"allow":["GET"]}}],"collection":[{"href":"https:\/\/artstella-elixirs-floraux.com\/en\/wp-json\/wp\/v2\/product"}],"about":[{"href":"https:\/\/artstella-elixirs-floraux.com\/en\/wp-json\/wp\/v2\/types\/product"}],"version-history":[{"count":0,"href":"https:\/\/artstella-elixirs-floraux.com\/en\/wp-json\/wp\/v2\/product\/5454\/revisions"}],"wp:featuredmedia":[{"embeddable":true,"href":"https:\/\/artstella-elixirs-floraux.com\/en\/wp-json\/wp\/v2\/media\/5455"}],"wp:attachment":[{"href":"https:\/\/artstella-elixirs-floraux.com\/en\/wp-json\/wp\/v2\/media?parent=5454"}],"wp:term":[{"taxonomy":"product_brand","embeddable":true,"href":"https:\/\/artstella-elixirs-floraux.com\/en\/wp-json\/wp\/v2\/product_brand?post=5454"},{"taxonomy":"product_cat","embeddable":true,"href":"https:\/\/artstella-elixirs-floraux.com\/en\/wp-json\/wp\/v2\/product_cat?post=5454"},{"taxonomy":"product_tag","embeddable":true,"href":"https:\/\/artstella-elixirs-floraux.com\/en\/wp-json\/wp\/v2\/product_tag?post=5454"}],"curies":[{"name":"wp","href":"https:\/\/api.w.org\/{rel}","templated":true}]}}