{"id":5458,"date":"2025-03-09T13:43:39","date_gmt":"2025-03-09T13:43:39","guid":{"rendered":"https:\/\/artstella-elixirs-floraux.com\/product\/crepide-capillaire-klein-streepza-10ml\/"},"modified":"2025-03-09T13:43:39","modified_gmt":"2025-03-09T13:43:39","slug":"crepide-capillaire-klein-streepza-10ml","status":"publish","type":"product","link":"https:\/\/artstella-elixirs-floraux.com\/en\/product\/crepide-capillaire-klein-streepza-10ml\/","title":{"rendered":"Cr\u00e9pide capillaire &#8211; KLEIN STREEPZA 10ml"},"content":{"rendered":"<p><strong>Cr\u00e9pide capillaire \/ Crepis capillaries (smooth hawksbeard)\u00a0\u00a0\u00a0\u00a0\u00a0\u00a0\u00a0\u00a0\u00a0\u00a0\u00a0\u00a0<\/strong><\/p>\n<p>\u00c9quilibre entre action et repos, permet d\u2019adoucit les\u00a0 structures rigides. Pour prendre conscience de blocages issus de l\u2019enfance et pouvoir retrouver le soutien familial et amical. Pour se recharger en \u00e9nergie et la stocker dans les os.<strong><\/strong><\/p>","protected":false},"excerpt":{"rendered":"<p><strong>Cr\u00e9pide capillaire \/ Crepis capillaries (smooth hawksbeard)\u00a0\u00a0\u00a0\u00a0\u00a0<\/strong>\u00a0\u00a0\u00a0\u00a0\u00a0\u00a0\u00a0<\/p>\n<p>\u00c9quilibre entre action et repos, permet d\u2019adoucit les\u00a0 structures rigides<\/p>","protected":false},"featured_media":5459,"template":"","meta":[],"product_brand":[],"product_cat":[178],"product_tag":[],"class_list":{"0":"post-5458","1":"product","2":"type-product","3":"status-publish","4":"has-post-thumbnail","6":"product_cat-les-elixirs-hollandais-bloesme-remedies","8":"first","9":"instock","10":"taxable","11":"shipping-taxable","12":"purchasable","13":"product-type-simple"},"etheme_brands":{"errors":{"invalid_taxonomy":["Invalid taxonomy."]},"error_data":[]},"jetpack_sharing_enabled":true,"jetpack-related-posts":[{"id":2248,"url":"https:\/\/artstella-elixirs-floraux.com\/en\/product\/opium-poppy-alaskan\/","url_meta":{"origin":5458,"position":0},"title":"Opium poppy Alaskan","author":"eveapprill","date":"9 March 2025","format":false,"excerpt":"Opium poppy. Papaver commutatum Ne trouve pas l'\u00e9quilibre entre l'activit\u00e9 et le repos ; ext\u00e9nu\u00e9 ; ne retient rien des exp\u00e9riences pass\u00e9es, difficult\u00e9 \u00e0 les int\u00e9grer.","rel":"","context":"Similar post","block_context":{"text":"Similar post","link":""},"img":{"alt_text":"","src":"https:\/\/i0.wp.com\/artstella-elixirs-floraux.com\/wp-content\/uploads\/2025\/03\/wp-image572.png?resize=350%2C200&ssl=1","width":350,"height":200},"classes":[]},{"id":5041,"url":"https:\/\/artstella-elixirs-floraux.com\/en\/product\/apophyllite-7-5-ml-alas-gem-sup\/","url_meta":{"origin":5458,"position":1},"title":"APOPHYLLITE 7.5 ML ALAS GEM SUP","author":"eveapprill","date":"9 March 2025","format":false,"excerpt":"Apophyllite - Apophyllite Indication : distance et indiff\u00e9rence; tension; manque d\u2019empathie, de chaleur, de spontan\u00e9it\u00e9\u00a0; id\u00e9aliste et r\u00eaveur\u00a0; s\u2019\u00e9chappe dans le r\u00eave ou le travail.","rel":"","context":"Similar post","block_context":{"text":"Similar post","link":""},"img":{"alt_text":"","src":"https:\/\/i0.wp.com\/artstella-elixirs-floraux.com\/wp-content\/uploads\/2025\/03\/wp-image1398.png?resize=350%2C200&ssl=1","width":350,"height":200},"classes":[]},{"id":4094,"url":"https:\/\/artstella-elixirs-floraux.com\/en\/product\/lin-15ml-fleur-sylfos\/","url_meta":{"origin":5458,"position":2},"title":"LIN 15ML FLEUR SYLFOS","author":"eveapprill","date":"9 March 2025","format":false,"excerpt":"LIN \/ LINO\u00a0\u00a0\u00a0\u00a0 Blue Flax \u00a0\u00a0\u00a0Linum usitatissimum \u00a0 \u00a0 Pour \u00e9quilibrer le stress \u00e9motionnel et rel\u00e2cher les attitudes rigides, les acc\u00e8s de col\u00e8re,\u00a0","rel":"","context":"Similar post","block_context":{"text":"Similar post","link":""},"img":{"alt_text":"","src":"","width":0,"height":0},"classes":[]},{"id":6056,"url":"https:\/\/artstella-elixirs-floraux.com\/en\/product\/elixir-ocean-n14-phi-15ml\/","url_meta":{"origin":5458,"position":3},"title":"ELIXIR OCEAN N\u00b014 PHI 15ML","author":"eveapprill","date":"9 March 2025","format":false,"excerpt":"L\u2019\u00e9lixir agit \u00e9nerg\u00e9tiquement pour lib\u00e9rer des blocages tr\u00e8s profond\u00e9ment ancr\u00e9s. Il nous lib\u00e8re int\u00e9rieurement des anciennes barri\u00e8res et sch\u00e9mas qui limitent l\u2019estime de soi. L\u2019\u00e9lixir agit fortement sur le cerveau, activant les h\u00e9misph\u00e8res c\u00e9r\u00e9braux et le lobe frontal.","rel":"","context":"Similar post","block_context":{"text":"Similar post","link":""},"img":{"alt_text":"","src":"https:\/\/i0.wp.com\/artstella-elixirs-floraux.com\/wp-content\/uploads\/2025\/03\/wp-image2052.png?resize=350%2C200&ssl=1","width":350,"height":200},"classes":[]},{"id":3247,"url":"https:\/\/artstella-elixirs-floraux.com\/en\/product\/camomille-15-ml-phi\/","url_meta":{"origin":5458,"position":4},"title":"CAMOMILLE 15 ML PHI","author":"eveapprill","date":"9 March 2025","format":false,"excerpt":"Camomille (Matricaria chamomilla) (Kamille) Son action est apaisante et adoucissante. Sp\u00e9cialement pour les personnes qui s'emportent facilement et ont de la peine \u00e0 se calmer.","rel":"","context":"Similar post","block_context":{"text":"Similar post","link":""},"img":{"alt_text":"","src":"https:\/\/i0.wp.com\/artstella-elixirs-floraux.com\/wp-content\/uploads\/2025\/03\/wp-image664.png?resize=350%2C200&ssl=1","width":350,"height":200},"classes":[]},{"id":6048,"url":"https:\/\/artstella-elixirs-floraux.com\/en\/product\/elixir-ocean-n10-phi-15ml\/","url_meta":{"origin":5458,"position":5},"title":"ELIXIR OCEAN N\u00b010 PHI 15ML","author":"eveapprill","date":"9 March 2025","format":false,"excerpt":"L\u2019\u00e9lixir aide \u00e0 \u00e9quilibrer nos \u00e9motions et notre Ego. De cette fa\u00e7on, nous pouvons mieux nous int\u00e9grer dans un groupe et agir de fa\u00e7on coordonn\u00e9e. Il nous aide \u00e9nerg\u00e9tiquement (cellules, groupes) \u00e0 int\u00e9grer des structures et soutient la collaboration pour le succ\u00e8s de tous. Coordination et harmonisation.","rel":"","context":"Similar post","block_context":{"text":"Similar post","link":""},"img":{"alt_text":"","src":"https:\/\/i0.wp.com\/artstella-elixirs-floraux.com\/wp-content\/uploads\/2025\/03\/wp-image2048.png?resize=350%2C200&ssl=1","width":350,"height":200},"classes":[]}],"_links":{"self":[{"href":"https:\/\/artstella-elixirs-floraux.com\/en\/wp-json\/wp\/v2\/product\/5458","targetHints":{"allow":["GET"]}}],"collection":[{"href":"https:\/\/artstella-elixirs-floraux.com\/en\/wp-json\/wp\/v2\/product"}],"about":[{"href":"https:\/\/artstella-elixirs-floraux.com\/en\/wp-json\/wp\/v2\/types\/product"}],"version-history":[{"count":0,"href":"https:\/\/artstella-elixirs-floraux.com\/en\/wp-json\/wp\/v2\/product\/5458\/revisions"}],"wp:featuredmedia":[{"embeddable":true,"href":"https:\/\/artstella-elixirs-floraux.com\/en\/wp-json\/wp\/v2\/media\/5459"}],"wp:attachment":[{"href":"https:\/\/artstella-elixirs-floraux.com\/en\/wp-json\/wp\/v2\/media?parent=5458"}],"wp:term":[{"taxonomy":"product_brand","embeddable":true,"href":"https:\/\/artstella-elixirs-floraux.com\/en\/wp-json\/wp\/v2\/product_brand?post=5458"},{"taxonomy":"product_cat","embeddable":true,"href":"https:\/\/artstella-elixirs-floraux.com\/en\/wp-json\/wp\/v2\/product_cat?post=5458"},{"taxonomy":"product_tag","embeddable":true,"href":"https:\/\/artstella-elixirs-floraux.com\/en\/wp-json\/wp\/v2\/product_tag?post=5458"}],"curies":[{"name":"wp","href":"https:\/\/api.w.org\/{rel}","templated":true}]}}