{"id":5468,"date":"2025-03-09T13:43:45","date_gmt":"2025-03-09T13:43:45","guid":{"rendered":"https:\/\/artstella-elixirs-floraux.com\/product\/bignone-trumpet-vine-10-ml\/"},"modified":"2025-03-09T13:43:45","modified_gmt":"2025-03-09T13:43:45","slug":"bignone-trumpet-vine-10-ml","status":"publish","type":"product","link":"https:\/\/artstella-elixirs-floraux.com\/en\/product\/bignone-trumpet-vine-10-ml\/","title":{"rendered":"Bignone &#8211; TRUMPET VINE 10 ML"},"content":{"rendered":"<p><strong>Bignone \/ Campis radicans (trumpet vine)<\/strong><\/p>\n<p>Am\u00e9liore la qualit\u00e9 de la communication en l\u2019approfondissant. Pour exprimer ses \u00e9motions profondes sans conflit, exprimer librement ce que l\u2019on a dans le c\u0153ur et l\u2019esprit. A donn\u00e9 de bons r\u00e9sultats dans des cas de b\u00e9gaiement.<\/p>","protected":false},"excerpt":{"rendered":"<p><strong>Bignone \/ Campis radicans (trumpet vine)<\/strong><\/p>\n<p>Am\u00e9liore la qualit\u00e9 de la communication en l\u2019approfondissant<\/p>","protected":false},"featured_media":5469,"template":"","meta":[],"product_brand":[],"product_cat":[178],"product_tag":[],"class_list":{"0":"post-5468","1":"product","2":"type-product","3":"status-publish","4":"has-post-thumbnail","6":"product_cat-les-elixirs-hollandais-bloesme-remedies","8":"first","9":"instock","10":"taxable","11":"shipping-taxable","12":"purchasable","13":"product-type-simple"},"etheme_brands":{"errors":{"invalid_taxonomy":["Invalid taxonomy."]},"error_data":[]},"jetpack_sharing_enabled":true,"jetpack-related-posts":[{"id":5834,"url":"https:\/\/artstella-elixirs-floraux.com\/en\/product\/perroquet-parrot-amazonia-tucumana-15-ml-phi\/","url_meta":{"origin":5468,"position":0},"title":"Perroquet &#8211; Parrot ( Amazonia tucumana) 15 ml PHI","author":"eveapprill","date":"9 March 2025","format":false,"excerpt":"\u00a0Perroquet - Parrot ( Amazonia tucumana) Cet \u00e9lixir facilite une communication ouverte, il am\u00e9liore la confiance et la parole. Nous apprenons \u00e0 nous relaxer et \u00e0 nous exprimer \u00e0 partir de nos c\u0153urs. Ainsi les blocages peut se dissoudre. Il nous rend plus sociables. \u00a0","rel":"","context":"Similar post","block_context":{"text":"Similar post","link":""},"img":{"alt_text":"","src":"","width":0,"height":0},"classes":[]},{"id":2889,"url":"https:\/\/artstella-elixirs-floraux.com\/en\/product\/vine-15-ml-phi\/","url_meta":{"origin":5468,"position":1},"title":"VINE 15 ML PHI","author":"eveapprill","date":"9 March 2025","format":false,"excerpt":"Vine (Vitis vinifera) (Vigne) Nous aide \u00e0 laisser aux autres la possibilit\u00e9 de se d\u00e9velopper et accro\u00eet notre autorit\u00e9 naturelle.","rel":"","context":"Similar post","block_context":{"text":"Similar post","link":""},"img":{"alt_text":"","src":"https:\/\/i0.wp.com\/artstella-elixirs-floraux.com\/wp-content\/uploads\/2025\/03\/wp-image1099.png?resize=350%2C200&ssl=1","width":350,"height":200},"classes":[]},{"id":3970,"url":"https:\/\/artstella-elixirs-floraux.com\/en\/product\/lapin-a-e-15-ml-phi\/","url_meta":{"origin":5468,"position":2},"title":"LAPIN A.E 15 ML PHI","author":"eveapprill","date":"9 March 2025","format":false,"excerpt":"Lapin (Lepus europaeus) Hase am\u00e9liore la perception des sens et notamment l\u2019ouie.","rel":"","context":"Similar post","block_context":{"text":"Similar post","link":""},"img":{"alt_text":"","src":"","width":0,"height":0},"classes":[]},{"id":2621,"url":"https:\/\/artstella-elixirs-floraux.com\/en\/product\/autumn-leaves-bush-15ml\/","url_meta":{"origin":5468,"position":3},"title":"AUTUMN LEAVES BUSH 15ML","author":"eveapprill","date":"9 March 2025","format":false,"excerpt":"AUTUMN LEAVES permet d'entendre, voir et ressentir la communication de l'autre c\u00f4t\u00e9 du miroir et ainsi d'\u00eatre ouvert(e) \u00e0 cette guidance et \u00e0 cette communication. Il accentue d'avantage la notion de l\u00e2cher prise et d'approfondissement. Les feuilles elles-m\u00eames furent cueillies dans une r\u00e9gion sacr\u00e9e en Automne, au moment pr\u00e9cis de\u2026","rel":"","context":"Similar post","block_context":{"text":"Similar post","link":""},"img":{"alt_text":"","src":"https:\/\/i0.wp.com\/artstella-elixirs-floraux.com\/wp-content\/uploads\/2025\/03\/wp-image261.png?resize=350%2C200&ssl=1","width":350,"height":200},"classes":[]},{"id":5550,"url":"https:\/\/artstella-elixirs-floraux.com\/en\/product\/jacaranda-15-ml-sylfos\/","url_meta":{"origin":5468,"position":4},"title":"JACARANDA 15 ML SYLFOS","author":"eveapprill","date":"9 March 2025","format":false,"excerpt":"JACARAND\u00c1 \u00a0Jacaranda mimosifolia \u00a0 \u00a0 Nous \u00e9l\u00e8ve vers le ciel, afin de nous inonder de nos talents et ensuite, en s\u2019inclinant vers la Terre noua aide \u00e0 pouvoir exprimer les qualit\u00e9s que nous avons re\u00e7ues,","rel":"","context":"Similar post","block_context":{"text":"Similar post","link":""},"img":{"alt_text":"","src":"","width":0,"height":0},"classes":[]},{"id":3515,"url":"https:\/\/artstella-elixirs-floraux.com\/en\/product\/shivas-crown-lto-15-ml\/","url_meta":{"origin":5468,"position":5},"title":"SHIVAS CROWN LTO 15 ML","author":"eveapprill","date":"9 March 2025","format":false,"excerpt":"Shiva's crown \/ Couronne de Shiva : Approfondit la compr\u00e9hension au niveau de notre \u00e2me du voyage dans le corps physique. Cette pr\u00e9paration va jusqu'\u00e0 une partie du cerveau appel\u00e9e syst\u00e8me\u00a0 limbique","rel":"","context":"Similar post","block_context":{"text":"Similar post","link":""},"img":{"alt_text":"","src":"https:\/\/i0.wp.com\/artstella-elixirs-floraux.com\/wp-content\/uploads\/2025\/03\/7844c974-3a24-4e36-8826-337620b0fdaf.jpg?resize=350%2C200&ssl=1","width":350,"height":200,"srcset":"https:\/\/i0.wp.com\/artstella-elixirs-floraux.com\/wp-content\/uploads\/2025\/03\/7844c974-3a24-4e36-8826-337620b0fdaf.jpg?resize=350%2C200&ssl=1 1x, https:\/\/i0.wp.com\/artstella-elixirs-floraux.com\/wp-content\/uploads\/2025\/03\/7844c974-3a24-4e36-8826-337620b0fdaf.jpg?resize=525%2C300&ssl=1 1.5x, https:\/\/i0.wp.com\/artstella-elixirs-floraux.com\/wp-content\/uploads\/2025\/03\/7844c974-3a24-4e36-8826-337620b0fdaf.jpg?resize=700%2C400&ssl=1 2x"},"classes":[]}],"_links":{"self":[{"href":"https:\/\/artstella-elixirs-floraux.com\/en\/wp-json\/wp\/v2\/product\/5468","targetHints":{"allow":["GET"]}}],"collection":[{"href":"https:\/\/artstella-elixirs-floraux.com\/en\/wp-json\/wp\/v2\/product"}],"about":[{"href":"https:\/\/artstella-elixirs-floraux.com\/en\/wp-json\/wp\/v2\/types\/product"}],"version-history":[{"count":0,"href":"https:\/\/artstella-elixirs-floraux.com\/en\/wp-json\/wp\/v2\/product\/5468\/revisions"}],"wp:featuredmedia":[{"embeddable":true,"href":"https:\/\/artstella-elixirs-floraux.com\/en\/wp-json\/wp\/v2\/media\/5469"}],"wp:attachment":[{"href":"https:\/\/artstella-elixirs-floraux.com\/en\/wp-json\/wp\/v2\/media?parent=5468"}],"wp:term":[{"taxonomy":"product_brand","embeddable":true,"href":"https:\/\/artstella-elixirs-floraux.com\/en\/wp-json\/wp\/v2\/product_brand?post=5468"},{"taxonomy":"product_cat","embeddable":true,"href":"https:\/\/artstella-elixirs-floraux.com\/en\/wp-json\/wp\/v2\/product_cat?post=5468"},{"taxonomy":"product_tag","embeddable":true,"href":"https:\/\/artstella-elixirs-floraux.com\/en\/wp-json\/wp\/v2\/product_tag?post=5468"}],"curies":[{"name":"wp","href":"https:\/\/api.w.org\/{rel}","templated":true}]}}