{"id":5474,"date":"2025-03-09T13:43:49","date_gmt":"2025-03-09T13:43:49","guid":{"rendered":"https:\/\/artstella-elixirs-floraux.com\/product\/terra-bloesem-30ml\/"},"modified":"2026-01-28T21:11:13","modified_gmt":"2026-01-28T21:11:13","slug":"terra-bloesem-30ml","status":"publish","type":"product","link":"https:\/\/artstella-elixirs-floraux.com\/en\/product\/terra-bloesem-30ml\/","title":{"rendered":"TERRA BLOESEM 30ML"},"content":{"rendered":"<p><strong>Terra<\/strong>,<\/p>\n<p><em>(Ang\u00e9lique, Cl\u00e9matite, Mycena, Cephalanth\u00e8re rouge, , Yeloow star tulip)<\/em><\/p>\n<p>Combinaison d\u2019urgence. Il am\u00e9liore l\u2019ancrage dans\u00a0 les moments difficiles, dans les cas de peurs, d\u2019examens, d\u2019accidents, de choc, de traumatisme, ou les moments de changements d\u2019humeur,\u00a0 \u201cquand ce n\u2019est pas votre jour\u201d. Utilisation recommand\u00e9e : 2 \u00e0 5 gouttes du flacon concentr\u00e9 sous la langue. Vous pouvez tenir le flacon \u00e0 la main dans le moment de crise. Peut \u00eatre appliqu\u00e9 localement.<\/p>","protected":false},"excerpt":{"rendered":"<p><strong>Terra<\/strong>,<\/p>\n<p><em>(Ang\u00e9lique, Cl\u00e9matite, Mycena, Cephalanth\u00e8re rouge, , Yeloow star tulip)<\/em><\/p>\n<p>Combinaison d\u2019urgence. Il am\u00e9liore l\u2019ancrage dans\u00a0 les moments difficiles, dans les cas de peurs, d\u2019examens, d\u2019accidents, de choc, de traumatisme, ou les moments de changements d\u2019humeur<\/p>","protected":false},"featured_media":5475,"template":"","meta":[],"product_brand":[],"product_cat":[179],"product_tag":[],"class_list":{"0":"post-5474","1":"product","2":"type-product","3":"status-publish","4":"has-post-thumbnail","6":"product_cat-les-composes-du-bloesem-remedies","8":"first","9":"instock","10":"taxable","11":"shipping-taxable","12":"purchasable","13":"product-type-simple"},"etheme_brands":{"errors":{"invalid_taxonomy":["Invalid taxonomy."]},"error_data":[]},"jetpack_sharing_enabled":true,"jetpack-related-posts":[{"id":5472,"url":"https:\/\/artstella-elixirs-floraux.com\/en\/product\/terra-bloesem-10-ml\/","url_meta":{"origin":5474,"position":0},"title":"TERRA BLOESEM 10 ML","author":"eveapprill","date":"9 March 2025","format":false,"excerpt":"Terra, (Ang\u00e9lique, Cl\u00e9matite, Mycena, Cephalanth\u00e8re rouge, , Yeloow star tulip) Combinaison d\u2019urgence.","rel":"","context":"Similar post","block_context":{"text":"Similar post","link":""},"img":{"alt_text":"","src":"","width":0,"height":0},"classes":[]},{"id":5502,"url":"https:\/\/artstella-elixirs-floraux.com\/en\/product\/coffret-4-x-10ml-elixirs-bloesem\/","url_meta":{"origin":5474,"position":1},"title":"Coffret 4 x 10ml \u00e9lixirs Bloesem","author":"eveapprill","date":"9 March 2025","format":false,"excerpt":"Un petit coffret r\u00e9unissant les 4 compos\u00e9s des \u00e9lixirs hollandais en 10 ml: Terra un compos\u00e9 d'urgence qui am\u00e9liore l'ancrage pour passer les moments difficiles. Regenborg : Arc en ciel qui soutient le d\u00e9veloppement personnel en reliant ciel et terre. Besherming Protection au niveau \u00e9motionnel et spirituel Liefde Love Amour\u2026","rel":"","context":"Similar post","block_context":{"text":"Similar post","link":""},"img":{"alt_text":"","src":"","width":0,"height":0},"classes":[]},{"id":5486,"url":"https:\/\/artstella-elixirs-floraux.com\/en\/product\/love-30-ml-liefde-bloesem-remedies\/","url_meta":{"origin":5474,"position":2},"title":"LOVE Liefde Bloesem Remedies","author":"eveapprill","date":"9 March 2025","format":false,"excerpt":"Love 30 ml Liefde\u00a0 Bloesem Remedies (Bourrache, Digitale, Ch\u00e9lidoine, Coquelicot, Lamier rouge, Perce-neige, Yelow Star Tulip) ouvre le c\u0153ur \u00e0 l\u2019amour envers soi-m\u00eame et les autres. Connecte \u00e0 la terre","rel":"","context":"Similar post","block_context":{"text":"Similar post","link":""},"img":{"alt_text":"","src":"","width":0,"height":0},"classes":[]},{"id":5426,"url":"https:\/\/artstella-elixirs-floraux.com\/en\/product\/mycena-bloesem-10ml\/","url_meta":{"origin":5474,"position":3},"title":"MYCENA &#8211; BLOESEM 10ml","author":"eveapprill","date":"9 March 2025","format":false,"excerpt":"Mycena polygramma\u00a0(Myc\u00e8ne, champignon)\u00a0 pour purifier les \u00e9motions profondes non dig\u00e9r\u00e9es. Soutient et aide \u00e0 pers\u00e9v\u00e9rer dans des situations difficiles. Permet de se sentir en s\u00e9curit\u00e9 m\u00eame si tout semble s\u2019\u00e9crouler autour de nous. Exerce une action purificatrice de l\u2019aura ce qui apporte une forme de protection.","rel":"","context":"Similar post","block_context":{"text":"Similar post","link":""},"img":{"alt_text":"","src":"","width":0,"height":0},"classes":[]},{"id":2133,"url":"https:\/\/artstella-elixirs-floraux.com\/en\/product\/cotton-grass-alaska\/","url_meta":{"origin":5474,"position":4},"title":"COTTON GRASS ALASKA","author":"eveapprill","date":"9 March 2025","format":false,"excerpt":"COTTON GRASS ALASKA Chocs et traumatismes provenant d'un accident, pour ceux qui sont fix\u00e9s sur l'inconfort plut\u00f4t que sur le processus d'auto gu\u00e9rison. Permet de comprendre les circonstances qui ont men\u00e9 \u00e0 un accident ou une blessure de mani\u00e8re \u00e0 dissoudre le traumatisme sur le plan physique aussi bien qu'\u00e9motionnel\u2026","rel":"","context":"Similar post","block_context":{"text":"Similar post","link":""},"img":{"alt_text":"","src":"https:\/\/i0.wp.com\/artstella-elixirs-floraux.com\/wp-content\/uploads\/2025\/03\/wp-image556.png?resize=350%2C200&ssl=1","width":350,"height":200},"classes":[]},{"id":2146,"url":"https:\/\/artstella-elixirs-floraux.com\/en\/product\/fireweed-alaska\/","url_meta":{"origin":5474,"position":5},"title":"FIREWEED ALASKA","author":"eveapprill","date":"9 March 2025","format":false,"excerpt":"FIREWEED ALASKA Choc ou traumatisme ; \u00e9nergie stagnante sur tout niveau ; se sent \u00e9puis\u00e9 ; faible connexion avec la terre. Tendance \u00e0 projeter le pass\u00e9 dans le futur. Pour soulager les chocs et les traumatismes ; renforce la connexion terrestre ; Permet de dissoudre les vieux \u00ab\u00a0circuits d'\u00e9nergie\u00a0\u00bb du\u2026","rel":"","context":"Similar post","block_context":{"text":"Similar post","link":""},"img":{"alt_text":"","src":"https:\/\/i0.wp.com\/artstella-elixirs-floraux.com\/wp-content\/uploads\/2025\/03\/wp-image560.png?resize=350%2C200&ssl=1","width":350,"height":200},"classes":[]}],"_links":{"self":[{"href":"https:\/\/artstella-elixirs-floraux.com\/en\/wp-json\/wp\/v2\/product\/5474","targetHints":{"allow":["GET"]}}],"collection":[{"href":"https:\/\/artstella-elixirs-floraux.com\/en\/wp-json\/wp\/v2\/product"}],"about":[{"href":"https:\/\/artstella-elixirs-floraux.com\/en\/wp-json\/wp\/v2\/types\/product"}],"version-history":[{"count":1,"href":"https:\/\/artstella-elixirs-floraux.com\/en\/wp-json\/wp\/v2\/product\/5474\/revisions"}],"predecessor-version":[{"id":12007,"href":"https:\/\/artstella-elixirs-floraux.com\/en\/wp-json\/wp\/v2\/product\/5474\/revisions\/12007"}],"wp:featuredmedia":[{"embeddable":true,"href":"https:\/\/artstella-elixirs-floraux.com\/en\/wp-json\/wp\/v2\/media\/5475"}],"wp:attachment":[{"href":"https:\/\/artstella-elixirs-floraux.com\/en\/wp-json\/wp\/v2\/media?parent=5474"}],"wp:term":[{"taxonomy":"product_brand","embeddable":true,"href":"https:\/\/artstella-elixirs-floraux.com\/en\/wp-json\/wp\/v2\/product_brand?post=5474"},{"taxonomy":"product_cat","embeddable":true,"href":"https:\/\/artstella-elixirs-floraux.com\/en\/wp-json\/wp\/v2\/product_cat?post=5474"},{"taxonomy":"product_tag","embeddable":true,"href":"https:\/\/artstella-elixirs-floraux.com\/en\/wp-json\/wp\/v2\/product_tag?post=5474"}],"curies":[{"name":"wp","href":"https:\/\/api.w.org\/{rel}","templated":true}]}}