{"id":5478,"date":"2025-03-09T13:43:51","date_gmt":"2025-03-09T13:43:51","guid":{"rendered":"https:\/\/artstella-elixirs-floraux.com\/product\/rainbow-arc-en-ciel-30ml-bloesem\/"},"modified":"2026-01-28T21:32:34","modified_gmt":"2026-01-28T21:32:34","slug":"rainbow-arc-en-ciel-30ml-bloesem","status":"publish","type":"product","link":"https:\/\/artstella-elixirs-floraux.com\/en\/product\/rainbow-arc-en-ciel-30ml-bloesem\/","title":{"rendered":"RAINBOW Arc en Ciel Bloesem Remedies"},"content":{"rendered":"<p><strong>Rainbow\u00a0 Arc en Ciel <\/strong><\/p>\n<p><em>(Bourrache, Impatience, Monnaie du Pape, Coquelicot, Lamier rouge)<\/em><\/p>\n<p><strong>\u00a0\u201c<\/strong>Un pont entre le ciel et la terre\u201d, cette combinaison d\u2019\u00e9lixirs\u00a0 favorise le d\u00e9veloppement personne<strong>l et s<\/strong>timule la cr\u00e9ativit\u00e9.\u00a0 Pour commencer \u00e0 neuf et laisser l\u2019ancien de c\u00f4t\u00e9. Pour ouvrir et d\u00e9passer les barri\u00e8res qui bloquent notre d\u00e9veloppement et am\u00e9liorer la conscience des processus d\u2019\u00e9volution.<\/p>","protected":false},"excerpt":{"rendered":"<p><strong><strong>Rainbow &#8211; Arc en Ciel 30 ml Bloesem Remedies<\/strong><\/strong><\/p>\n<p><em>(Bourrache, Impatience, Monnaie du Pape, Coquelicot, Lamier rouge)<\/em><\/p>\n<p><strong>\u00a0\u201c<\/strong>Un pont entre le ciel et la terre\u201d, cette combinaison d\u2019\u00e9lixirs\u00a0 favorise le d\u00e9veloppement personne<strong>l et s<\/strong>timule la cr\u00e9ativit\u00e9.\u00a0 Pour commencer \u00e0 neuf et laisser l\u2019ancien de c\u00f4t\u00e9.<\/p>","protected":false},"featured_media":5479,"template":"","meta":[],"product_brand":[],"product_cat":[179],"product_tag":[],"class_list":{"0":"post-5478","1":"product","2":"type-product","3":"status-publish","4":"has-post-thumbnail","6":"product_cat-les-composes-du-bloesem-remedies","8":"first","9":"instock","10":"taxable","11":"shipping-taxable","12":"purchasable","13":"product-type-variable"},"etheme_brands":{"errors":{"invalid_taxonomy":["Invalid taxonomy."]},"error_data":[]},"jetpack_sharing_enabled":true,"jetpack-related-posts":[{"id":5486,"url":"https:\/\/artstella-elixirs-floraux.com\/en\/product\/love-30-ml-liefde-bloesem-remedies\/","url_meta":{"origin":5478,"position":0},"title":"LOVE Liefde Bloesem Remedies","author":"eveapprill","date":"9 March 2025","format":false,"excerpt":"Love 30 ml Liefde\u00a0 Bloesem Remedies (Bourrache, Digitale, Ch\u00e9lidoine, Coquelicot, Lamier rouge, Perce-neige, Yelow Star Tulip) ouvre le c\u0153ur \u00e0 l\u2019amour envers soi-m\u00eame et les autres. Connecte \u00e0 la terre","rel":"","context":"Similar post","block_context":{"text":"Similar post","link":""},"img":{"alt_text":"","src":"","width":0,"height":0},"classes":[]},{"id":6181,"url":"https:\/\/artstella-elixirs-floraux.com\/en\/product\/coffret-48-elixirs-bloesem-remedies-10-ml\/","url_meta":{"origin":5478,"position":1},"title":"Coffret 48 \u00e9lixirs Bloesem Remedies 10 ml","author":"eveapprill","date":"9 March 2025","format":false,"excerpt":"Contient 48 \u00e9lixirs floraux pr\u00e9par\u00e9s par Bloesem Remedies en 10 ml les 30 premiers \u00e9lixirs + les \u00e9lixirs compl\u00e9mentaires et les 4 compos\u00e9s Terra, Protection, Arc en Ciel et Love","rel":"","context":"Similar post","block_context":{"text":"Similar post","link":""},"img":{"alt_text":"","src":"","width":0,"height":0},"classes":[]},{"id":5502,"url":"https:\/\/artstella-elixirs-floraux.com\/en\/product\/coffret-4-x-10ml-elixirs-bloesem\/","url_meta":{"origin":5478,"position":2},"title":"Coffret 4 x 10ml \u00e9lixirs Bloesem","author":"eveapprill","date":"9 March 2025","format":false,"excerpt":"Un petit coffret r\u00e9unissant les 4 compos\u00e9s des \u00e9lixirs hollandais en 10 ml: Terra un compos\u00e9 d'urgence qui am\u00e9liore l'ancrage pour passer les moments difficiles. Regenborg : Arc en ciel qui soutient le d\u00e9veloppement personnel en reliant ciel et terre. Besherming Protection au niveau \u00e9motionnel et spirituel Liefde Love Amour\u2026","rel":"","context":"Similar post","block_context":{"text":"Similar post","link":""},"img":{"alt_text":"","src":"","width":0,"height":0},"classes":[]},{"id":5424,"url":"https:\/\/artstella-elixirs-floraux.com\/en\/product\/coquelicot-rouge-red-poppy\/","url_meta":{"origin":5478,"position":3},"title":"Coquelicot rouge &#8211; RED POPPY","author":"eveapprill","date":"9 March 2025","format":false,"excerpt":"Papaver rhoeas(Coquelicot rouge) Apporte chaleur et force \u00e0 ceux qui se sentent vuln\u00e9rables et d\u00e9munis. En soutenant\u00a0\u00a0la \u00ab\u00a0femme int\u00e9rieure\u00a0\u00bb, cet \u00e9lixir donne la force de transformer sa vuln\u00e9rabilit\u00e9 gr\u00e2ce \u00e0 une connexion avec le f\u00e9minin de la Terre. Augmente la qualit\u00e9 int\u00e9rieure de l\u2019amour.","rel":"","context":"Similar post","block_context":{"text":"Similar post","link":""},"img":{"alt_text":"","src":"","width":0,"height":0},"classes":[]},{"id":5428,"url":"https:\/\/artstella-elixirs-floraux.com\/en\/product\/lamier-rouge-lamiun-red-henbit-10ml\/","url_meta":{"origin":5478,"position":4},"title":"Lamier rouge Lamiun Red Henbit 10ml","author":"","date":"9 March 2025","format":false,"excerpt":"Lamier rouge - Lamium purpureum - Red Henbit \u00a0 am\u00e9liore le lien \u00e0 la terre et apporte de la joie dans les occupations terrestres. Donne de la clart\u00e9 dans les occupations chaotiques et \u00e9veille l\u2019esprit d\u2019ordre et de rangement.\u00a0","rel":"","context":"Similar post","block_context":{"text":"Similar post","link":""},"img":{"alt_text":"","src":"","width":0,"height":0},"classes":[]},{"id":5504,"url":"https:\/\/artstella-elixirs-floraux.com\/en\/product\/chemin-spirituel-bloesem-remedies\/","url_meta":{"origin":5478,"position":5},"title":"Chemin spirituel Bloesem Remedies","author":"eveapprill","date":"9 March 2025","format":false,"excerpt":"CHEMIN SPIRITUEL - HET SPIRITUELE PAD - Compos\u00e9 contenant\u00a0Eschscholzia, Bignone et Bourrache Ce compos\u00e9 aide \u00e0 s\u2019orienter de fa\u00e7on spirituelle dans la vie.","rel":"","context":"Similar post","block_context":{"text":"Similar post","link":""},"img":{"alt_text":"","src":"","width":0,"height":0},"classes":[]}],"_links":{"self":[{"href":"https:\/\/artstella-elixirs-floraux.com\/en\/wp-json\/wp\/v2\/product\/5478","targetHints":{"allow":["GET"]}}],"collection":[{"href":"https:\/\/artstella-elixirs-floraux.com\/en\/wp-json\/wp\/v2\/product"}],"about":[{"href":"https:\/\/artstella-elixirs-floraux.com\/en\/wp-json\/wp\/v2\/types\/product"}],"version-history":[{"count":2,"href":"https:\/\/artstella-elixirs-floraux.com\/en\/wp-json\/wp\/v2\/product\/5478\/revisions"}],"predecessor-version":[{"id":12020,"href":"https:\/\/artstella-elixirs-floraux.com\/en\/wp-json\/wp\/v2\/product\/5478\/revisions\/12020"}],"wp:featuredmedia":[{"embeddable":true,"href":"https:\/\/artstella-elixirs-floraux.com\/en\/wp-json\/wp\/v2\/media\/5479"}],"wp:attachment":[{"href":"https:\/\/artstella-elixirs-floraux.com\/en\/wp-json\/wp\/v2\/media?parent=5478"}],"wp:term":[{"taxonomy":"product_brand","embeddable":true,"href":"https:\/\/artstella-elixirs-floraux.com\/en\/wp-json\/wp\/v2\/product_brand?post=5478"},{"taxonomy":"product_cat","embeddable":true,"href":"https:\/\/artstella-elixirs-floraux.com\/en\/wp-json\/wp\/v2\/product_cat?post=5478"},{"taxonomy":"product_tag","embeddable":true,"href":"https:\/\/artstella-elixirs-floraux.com\/en\/wp-json\/wp\/v2\/product_tag?post=5478"}],"curies":[{"name":"wp","href":"https:\/\/api.w.org\/{rel}","templated":true}]}}