{"id":5486,"date":"2025-03-09T13:43:57","date_gmt":"2025-03-09T13:43:57","guid":{"rendered":"https:\/\/artstella-elixirs-floraux.com\/product\/love-30-ml-liefde-bloesem-remedies\/"},"modified":"2026-01-28T21:24:17","modified_gmt":"2026-01-28T21:24:17","slug":"love-30-ml-liefde-bloesem-remedies","status":"publish","type":"product","link":"https:\/\/artstella-elixirs-floraux.com\/en\/product\/love-30-ml-liefde-bloesem-remedies\/","title":{"rendered":"LOVE Liefde Bloesem Remedies"},"content":{"rendered":"<table style=\"width: 503px;\" border=\"1\" cellspacing=\"0\" cellpadding=\"0\">\n<tbody>\n<tr>\n<td valign=\"top\" width=\"392\">\n<p style=\"text-align: left;\"><strong>Love\u00a0<\/strong><\/p>\n<p style=\"text-align: left;\"><em>(Bourrache, Digitale, Ch\u00e9lidoine, Coquelicot, Lamier rouge, Perce-neige, Yelow Star Tulip)<\/em><\/p>\n<p style=\"text-align: left;\">ouvre le c\u0153ur \u00e0 l\u2019amour envers soi-m\u00eame et les autres. Connecte \u00e0 la terre. Pour donner de l\u2019amour aux autres sans se renier soi-m\u00eame. Pour s\u2019ouvrir aux relations. Il est recommand\u00e9 aux gens qui ont perdu de l\u2019int\u00e9r\u00eat dans la vie.<\/p>\n<p><strong>\u00a0<\/strong><\/td>\n<\/tr>\n<\/tbody>\n<\/table>","protected":false},"excerpt":{"rendered":"<p><strong>Love 30 ml Liefde\u00a0 Bloesem Remedies<\/strong><\/p>\n<p><em>(Bourrache, Digitale, Ch\u00e9lidoine, Coquelicot, Lamier rouge, Perce-neige, Yelow Star Tulip)<\/em><\/p>\n<p>ouvre le c\u0153ur \u00e0 l\u2019amour envers soi-m\u00eame et les autres. Connecte \u00e0 la terre<\/p>","protected":false},"featured_media":5487,"template":"","meta":[],"product_brand":[],"product_cat":[179],"product_tag":[],"class_list":{"0":"post-5486","1":"product","2":"type-product","3":"status-publish","4":"has-post-thumbnail","6":"product_cat-les-composes-du-bloesem-remedies","8":"first","9":"instock","10":"taxable","11":"shipping-taxable","12":"purchasable","13":"product-type-variable"},"etheme_brands":{"errors":{"invalid_taxonomy":["Invalid taxonomy."]},"error_data":[]},"jetpack_sharing_enabled":true,"jetpack-related-posts":[{"id":5478,"url":"https:\/\/artstella-elixirs-floraux.com\/en\/product\/rainbow-arc-en-ciel-30ml-bloesem\/","url_meta":{"origin":5486,"position":0},"title":"RAINBOW Arc en Ciel Bloesem Remedies","author":"eveapprill","date":"9 March 2025","format":false,"excerpt":"Rainbow - Arc en Ciel 30 ml Bloesem Remedies (Bourrache, Impatience, Monnaie du Pape, Coquelicot, Lamier rouge) \u00a0\u201cUn pont entre le ciel et la terre\u201d, cette combinaison d\u2019\u00e9lixirs\u00a0 favorise le d\u00e9veloppement personnel et stimule la cr\u00e9ativit\u00e9.\u00a0 Pour commencer \u00e0 neuf et laisser l\u2019ancien de c\u00f4t\u00e9.","rel":"","context":"Similar post","block_context":{"text":"Similar post","link":""},"img":{"alt_text":"","src":"","width":0,"height":0},"classes":[]},{"id":5502,"url":"https:\/\/artstella-elixirs-floraux.com\/en\/product\/coffret-4-x-10ml-elixirs-bloesem\/","url_meta":{"origin":5486,"position":1},"title":"Coffret 4 x 10ml \u00e9lixirs Bloesem","author":"eveapprill","date":"9 March 2025","format":false,"excerpt":"Un petit coffret r\u00e9unissant les 4 compos\u00e9s des \u00e9lixirs hollandais en 10 ml: Terra un compos\u00e9 d'urgence qui am\u00e9liore l'ancrage pour passer les moments difficiles. Regenborg : Arc en ciel qui soutient le d\u00e9veloppement personnel en reliant ciel et terre. Besherming Protection au niveau \u00e9motionnel et spirituel Liefde Love Amour\u2026","rel":"","context":"Similar post","block_context":{"text":"Similar post","link":""},"img":{"alt_text":"","src":"","width":0,"height":0},"classes":[]},{"id":5424,"url":"https:\/\/artstella-elixirs-floraux.com\/en\/product\/coquelicot-rouge-red-poppy\/","url_meta":{"origin":5486,"position":2},"title":"Coquelicot rouge &#8211; RED POPPY","author":"eveapprill","date":"9 March 2025","format":false,"excerpt":"Papaver rhoeas(Coquelicot rouge) Apporte chaleur et force \u00e0 ceux qui se sentent vuln\u00e9rables et d\u00e9munis. En soutenant\u00a0\u00a0la \u00ab\u00a0femme int\u00e9rieure\u00a0\u00bb, cet \u00e9lixir donne la force de transformer sa vuln\u00e9rabilit\u00e9 gr\u00e2ce \u00e0 une connexion avec le f\u00e9minin de la Terre. Augmente la qualit\u00e9 int\u00e9rieure de l\u2019amour.","rel":"","context":"Similar post","block_context":{"text":"Similar post","link":""},"img":{"alt_text":"","src":"","width":0,"height":0},"classes":[]},{"id":5472,"url":"https:\/\/artstella-elixirs-floraux.com\/en\/product\/terra-bloesem-10-ml\/","url_meta":{"origin":5486,"position":3},"title":"TERRA BLOESEM 10 ML","author":"eveapprill","date":"9 March 2025","format":false,"excerpt":"Terra, (Ang\u00e9lique, Cl\u00e9matite, Mycena, Cephalanth\u00e8re rouge, , Yeloow star tulip) Combinaison d\u2019urgence.","rel":"","context":"Similar post","block_context":{"text":"Similar post","link":""},"img":{"alt_text":"","src":"","width":0,"height":0},"classes":[]},{"id":5474,"url":"https:\/\/artstella-elixirs-floraux.com\/en\/product\/terra-bloesem-30ml\/","url_meta":{"origin":5486,"position":4},"title":"TERRA BLOESEM 30ML","author":"eveapprill","date":"9 March 2025","format":false,"excerpt":"Terra, (Ang\u00e9lique, Cl\u00e9matite, Mycena, Cephalanth\u00e8re rouge, , Yeloow star tulip) Combinaison d\u2019urgence. Il am\u00e9liore l\u2019ancrage dans\u00a0 les moments difficiles, dans les cas de peurs, d\u2019examens, d\u2019accidents, de choc, de traumatisme, ou les moments de changements d\u2019humeur","rel":"","context":"Similar post","block_context":{"text":"Similar post","link":""},"img":{"alt_text":"","src":"","width":0,"height":0},"classes":[]},{"id":5450,"url":"https:\/\/artstella-elixirs-floraux.com\/en\/product\/perce-neige-sneeuwwklokje\/","url_meta":{"origin":5486,"position":5},"title":"Perce-neige &#8211; SNEEUWWKLOKJE","author":"eveapprill","date":"9 March 2025","format":false,"excerpt":"Perce-neige \/ Galanthus nivalis (snow drop) Lib\u00e8re des douleurs profondes, larmes et traumas qui ont \u00e9t\u00e9 emmagasin\u00e9s depuis longtemps, surtout s\u2019ils ont pour origine une difficult\u00e9 \u00e0 suivre son c\u0153ur et \u00e0 faire respecter ses sentiments.","rel":"","context":"Similar post","block_context":{"text":"Similar post","link":""},"img":{"alt_text":"","src":"","width":0,"height":0},"classes":[]}],"_links":{"self":[{"href":"https:\/\/artstella-elixirs-floraux.com\/en\/wp-json\/wp\/v2\/product\/5486","targetHints":{"allow":["GET"]}}],"collection":[{"href":"https:\/\/artstella-elixirs-floraux.com\/en\/wp-json\/wp\/v2\/product"}],"about":[{"href":"https:\/\/artstella-elixirs-floraux.com\/en\/wp-json\/wp\/v2\/types\/product"}],"version-history":[{"count":2,"href":"https:\/\/artstella-elixirs-floraux.com\/en\/wp-json\/wp\/v2\/product\/5486\/revisions"}],"predecessor-version":[{"id":12014,"href":"https:\/\/artstella-elixirs-floraux.com\/en\/wp-json\/wp\/v2\/product\/5486\/revisions\/12014"}],"wp:featuredmedia":[{"embeddable":true,"href":"https:\/\/artstella-elixirs-floraux.com\/en\/wp-json\/wp\/v2\/media\/5487"}],"wp:attachment":[{"href":"https:\/\/artstella-elixirs-floraux.com\/en\/wp-json\/wp\/v2\/media?parent=5486"}],"wp:term":[{"taxonomy":"product_brand","embeddable":true,"href":"https:\/\/artstella-elixirs-floraux.com\/en\/wp-json\/wp\/v2\/product_brand?post=5486"},{"taxonomy":"product_cat","embeddable":true,"href":"https:\/\/artstella-elixirs-floraux.com\/en\/wp-json\/wp\/v2\/product_cat?post=5486"},{"taxonomy":"product_tag","embeddable":true,"href":"https:\/\/artstella-elixirs-floraux.com\/en\/wp-json\/wp\/v2\/product_tag?post=5486"}],"curies":[{"name":"wp","href":"https:\/\/api.w.org\/{rel}","templated":true}]}}