{"id":5488,"date":"2025-03-09T13:44:12","date_gmt":"2025-03-09T13:44:12","guid":{"rendered":"https:\/\/artstella-elixirs-floraux.com\/product\/shield-of-light-spray\/"},"modified":"2026-05-06T15:35:28","modified_gmt":"2026-05-06T15:35:28","slug":"shield-of-light-spray","status":"publish","type":"product","link":"https:\/\/artstella-elixirs-floraux.com\/en\/product\/shield-of-light-spray\/","title":{"rendered":"SHIELD OF LIGHT SPRAY"},"content":{"rendered":"<p><em><span lang=\"EN-US\">En les r\u00e9fl\u00e9chissant, elle les renvoie vers la Source pour les transformer. L\u2019\u00e9lixir apporte courage et restaure la confiance et l\u2019optimisme, m\u00eame dans des p\u00e9riodes tr\u00e8s difficiles.<\/span><\/em><\/p>\n<p><em><span lang=\"EN-US\">Compos\u00e9 de Light of the Soul; Orchid Metal Element; Defender from the Dark; Silver Ghost; Winged Messenger; Dragon Fire. (Light of the Soul \u00e9tant un compose de Unconditional Love; Celestial Triangle; Seeds from Time; and Kuan Yin Fluorite.) <\/span><\/em><\/p>\n<p><em><strong>Les huiles essentielles<\/strong>\u00a0: de rose Otto de g\u00e9ranium, de lavande, poivre noir.<\/em><\/p>","protected":false},"excerpt":{"rendered":"<p style=\"text-align: left;\" align=\"center\"><strong>Shield of light &#8211; Bouclier de lumi\u00e8re<\/strong><\/p>\n<p><em>Parmi les derni\u00e8res cr\u00e9ations de Don Denis en collaboration du Dr. Adrian Brito-Babapulle, voici un nouveau compos\u00e9 majeur pour se prot\u00e9ger des \u00e9nergies sombres. Sa formule permet \u00e0 l\u2019aura de refl\u00e9ter tel un miroir, de fa\u00e7on \u00e0 ce que de telles \u00e9nergies ne puissent pas la p\u00e9n\u00e9trer.\u00a0<\/em><\/p>","protected":false},"featured_media":5489,"template":"","meta":[],"product_brand":[],"product_cat":[134],"product_tag":[],"class_list":{"0":"post-5488","1":"product","2":"type-product","3":"status-publish","4":"has-post-thumbnail","6":"product_cat-les-sprays-defense-jaunes","8":"first","9":"instock","10":"taxable","11":"shipping-taxable","12":"purchasable","13":"product-type-variable"},"etheme_brands":{"errors":{"invalid_taxonomy":["Invalid taxonomy."]},"error_data":[]},"jetpack_sharing_enabled":true,"jetpack-related-posts":[{"id":5124,"url":"https:\/\/artstella-elixirs-floraux.com\/en\/product\/shield-of-light-ltoe\/","url_meta":{"origin":5488,"position":0},"title":"SHIELD OF LIGHT &#8211; LTOE","author":"eveapprill","date":"9 March 2025","format":false,"excerpt":"Bouclier de Lumi\u00e8re - Elixir majeur pour se prot\u00e9ger des \u00e9nergies sombres. Sa formule permet \u00e0 l\u2019aura de refl\u00e9ter tel un miroir, de fa\u00e7on \u00e0 ce que de telles \u00e9nergies ne puissent pas la p\u00e9n\u00e9trer. En les r\u00e9fl\u00e9chissant, elle les renvoie vers la Source. L\u2019\u00e9lixir apporte courage et restaure la\u2026","rel":"","context":"Similar post","block_context":{"text":"Similar post","link":""},"img":{"alt_text":"","src":"https:\/\/i0.wp.com\/artstella-elixirs-floraux.com\/wp-content\/uploads\/2025\/03\/b5481c95-dc21-4a86-a775-92ba801c9614.jpg?resize=350%2C200&ssl=1","width":350,"height":200,"srcset":"https:\/\/i0.wp.com\/artstella-elixirs-floraux.com\/wp-content\/uploads\/2025\/03\/b5481c95-dc21-4a86-a775-92ba801c9614.jpg?resize=350%2C200&ssl=1 1x, https:\/\/i0.wp.com\/artstella-elixirs-floraux.com\/wp-content\/uploads\/2025\/03\/b5481c95-dc21-4a86-a775-92ba801c9614.jpg?resize=525%2C300&ssl=1 1.5x, https:\/\/i0.wp.com\/artstella-elixirs-floraux.com\/wp-content\/uploads\/2025\/03\/b5481c95-dc21-4a86-a775-92ba801c9614.jpg?resize=700%2C400&ssl=1 2x"},"classes":[]},{"id":3487,"url":"https:\/\/artstella-elixirs-floraux.com\/en\/product\/defender-of-the-light-ltoe-15ml\/","url_meta":{"origin":5488,"position":1},"title":"DEFENDER OF THE LIGHT LTOE 15ML","author":"eveapprill","date":"9 March 2025","format":false,"excerpt":"Defender of Ligth \/ D\u00e9fenseur de la lumi\u00e8re * (Defender from the Dark et Violacea Veritas), L\u2019effet de Viola Veritas ouvrant et activant le troisi\u00e8me \u0153il peut amener la personne \u00e0 faire face \u00e0 des \u00e9nergies n\u00e9gatives, pouvant troubler la psych\u00e9.","rel":"","context":"Similar post","block_context":{"text":"Similar post","link":""},"img":{"alt_text":"","src":"https:\/\/i0.wp.com\/artstella-elixirs-floraux.com\/wp-content\/uploads\/2025\/03\/0c234c02-a4d7-4c04-87cb-0336c64d2c8a.jpg?resize=350%2C200&ssl=1","width":350,"height":200,"srcset":"https:\/\/i0.wp.com\/artstella-elixirs-floraux.com\/wp-content\/uploads\/2025\/03\/0c234c02-a4d7-4c04-87cb-0336c64d2c8a.jpg?resize=350%2C200&ssl=1 1x, https:\/\/i0.wp.com\/artstella-elixirs-floraux.com\/wp-content\/uploads\/2025\/03\/0c234c02-a4d7-4c04-87cb-0336c64d2c8a.jpg?resize=525%2C300&ssl=1 1.5x, https:\/\/i0.wp.com\/artstella-elixirs-floraux.com\/wp-content\/uploads\/2025\/03\/0c234c02-a4d7-4c04-87cb-0336c64d2c8a.jpg?resize=700%2C400&ssl=1 2x"},"classes":[]},{"id":3521,"url":"https:\/\/artstella-elixirs-floraux.com\/en\/product\/soul-shield-ltoe-15-ml\/","url_meta":{"origin":5488,"position":2},"title":"SOUL SHIELD + LTOE 15 ML","author":"eveapprill","date":"9 March 2025","format":false,"excerpt":"Bouclier de l\u2019\u00e2me \/ Soul Shield On a parfois besoin de se prot\u00e9ger, pour toutes sortes de raisons. Ceux qui travaillent avec la lumi\u00e8re peuvent, \u00e0 l\u2019occasion, \u00eatre sujets \u00e0 des attaques \u00e9nerg\u00e9tiques\u00a0;","rel":"","context":"Similar post","block_context":{"text":"Similar post","link":""},"img":{"alt_text":"","src":"https:\/\/i0.wp.com\/artstella-elixirs-floraux.com\/wp-content\/uploads\/2025\/03\/ed2b69e3-6c8e-46f6-92d8-02e5adb4a16f.jpg?resize=350%2C200&ssl=1","width":350,"height":200,"srcset":"https:\/\/i0.wp.com\/artstella-elixirs-floraux.com\/wp-content\/uploads\/2025\/03\/ed2b69e3-6c8e-46f6-92d8-02e5adb4a16f.jpg?resize=350%2C200&ssl=1 1x, https:\/\/i0.wp.com\/artstella-elixirs-floraux.com\/wp-content\/uploads\/2025\/03\/ed2b69e3-6c8e-46f6-92d8-02e5adb4a16f.jpg?resize=525%2C300&ssl=1 1.5x, https:\/\/i0.wp.com\/artstella-elixirs-floraux.com\/wp-content\/uploads\/2025\/03\/ed2b69e3-6c8e-46f6-92d8-02e5adb4a16f.jpg?resize=700%2C400&ssl=1 2x"},"classes":[]},{"id":5191,"url":"https:\/\/artstella-elixirs-floraux.com\/en\/product\/soul-shield-spray\/","url_meta":{"origin":5488,"position":3},"title":"SOUL SHIELD SPRAY LTOE","author":"eveapprill","date":"9 March 2025","format":false,"excerpt":"Soul Shield + (Bouclier de l\u2019\u00e2me) Protection psychique Pour les moments o\u00f9 l\u2019on a besoin de protection. Prot\u00e8ge l\u2019aura corporelle ou les espaces de vie de l\u2019incursion d\u2019\u00e9nergies psychiques n\u00e9gatives. Les personnes travaillant avec la lumi\u00e8re peuvent facilement s\u2019attirer des d\u00e9fis divers et parfois des \u00e9nergies \u00ab\u00a0sombres\u00a0\u00bb. \u00ab\u00a0bleu\u00a0\u00bb avec les\u2026","rel":"","context":"Similar post","block_context":{"text":"Similar post","link":""},"img":{"alt_text":"","src":"https:\/\/i0.wp.com\/artstella-elixirs-floraux.com\/wp-content\/uploads\/2025\/03\/wp-image1737.png?resize=350%2C200&ssl=1","width":350,"height":200},"classes":[]},{"id":6357,"url":"https:\/\/artstella-elixirs-floraux.com\/en\/product\/light-relief-ltoe-15ml\/","url_meta":{"origin":5488,"position":4},"title":"Light Relief LTOE 15ml","author":"eveapprill","date":"9 March 2025","format":false,"excerpt":"Vous avez d\u00e9pass\u00e9 depuis longtemps le moment o\u00f9 vous auriez d\u00fb prendre du recul et vous permettre de vous reposer et de vous ressourcer. \u00ab\u00a0Light Relief\u00a0\u00bb \"d\u00e9branche\" le moteur que nous utilisons pour surmonter notre \u00e9puisement. On se retrouve alors presque imm\u00e9diatement dans le niveau de fatigue tel qu'il est\u2026","rel":"","context":"Similar post","block_context":{"text":"Similar post","link":""},"img":{"alt_text":"","src":"https:\/\/i0.wp.com\/artstella-elixirs-floraux.com\/wp-content\/uploads\/2025\/03\/wp-image2360.png?resize=350%2C200&ssl=1","width":350,"height":200,"srcset":"https:\/\/i0.wp.com\/artstella-elixirs-floraux.com\/wp-content\/uploads\/2025\/03\/wp-image2360.png?resize=350%2C200&ssl=1 1x, https:\/\/i0.wp.com\/artstella-elixirs-floraux.com\/wp-content\/uploads\/2025\/03\/wp-image2360.png?resize=525%2C300&ssl=1 1.5x, https:\/\/i0.wp.com\/artstella-elixirs-floraux.com\/wp-content\/uploads\/2025\/03\/wp-image2360.png?resize=700%2C400&ssl=1 2x, https:\/\/i0.wp.com\/artstella-elixirs-floraux.com\/wp-content\/uploads\/2025\/03\/wp-image2360.png?resize=1050%2C600&ssl=1 3x"},"classes":[]},{"id":3489,"url":"https:\/\/artstella-elixirs-floraux.com\/en\/product\/defender-of-the-source-15-ml-ltoe\/","url_meta":{"origin":5488,"position":5},"title":"DEFENDER OF THE SOURCE 15 ML LTOE","author":"eveapprill","date":"9 March 2025","format":false,"excerpt":"Defender of the Source \/ D\u00e9fense de la Source\u00a0 (compos\u00e9 de Defender from the Dark et Source of Life).\u00a0 Ce compos\u00e9 prot\u00e8gera la r\u00e9gion du chakra sacr\u00e9 contre l\u2019interf\u00e9rence de ces \u00e9nergies n\u00e9gatives. Cet \u00e9lixir semble agir comme un gardien des portes de l\u2019\u00e2me","rel":"","context":"Similar post","block_context":{"text":"Similar post","link":""},"img":{"alt_text":"","src":"https:\/\/i0.wp.com\/artstella-elixirs-floraux.com\/wp-content\/uploads\/2025\/03\/1daefbf9-9d3a-4242-991c-8fc13d1e5a8a.jpg?resize=350%2C200&ssl=1","width":350,"height":200,"srcset":"https:\/\/i0.wp.com\/artstella-elixirs-floraux.com\/wp-content\/uploads\/2025\/03\/1daefbf9-9d3a-4242-991c-8fc13d1e5a8a.jpg?resize=350%2C200&ssl=1 1x, https:\/\/i0.wp.com\/artstella-elixirs-floraux.com\/wp-content\/uploads\/2025\/03\/1daefbf9-9d3a-4242-991c-8fc13d1e5a8a.jpg?resize=525%2C300&ssl=1 1.5x, https:\/\/i0.wp.com\/artstella-elixirs-floraux.com\/wp-content\/uploads\/2025\/03\/1daefbf9-9d3a-4242-991c-8fc13d1e5a8a.jpg?resize=700%2C400&ssl=1 2x"},"classes":[]}],"_links":{"self":[{"href":"https:\/\/artstella-elixirs-floraux.com\/en\/wp-json\/wp\/v2\/product\/5488","targetHints":{"allow":["GET"]}}],"collection":[{"href":"https:\/\/artstella-elixirs-floraux.com\/en\/wp-json\/wp\/v2\/product"}],"about":[{"href":"https:\/\/artstella-elixirs-floraux.com\/en\/wp-json\/wp\/v2\/types\/product"}],"version-history":[{"count":2,"href":"https:\/\/artstella-elixirs-floraux.com\/en\/wp-json\/wp\/v2\/product\/5488\/revisions"}],"predecessor-version":[{"id":12562,"href":"https:\/\/artstella-elixirs-floraux.com\/en\/wp-json\/wp\/v2\/product\/5488\/revisions\/12562"}],"wp:featuredmedia":[{"embeddable":true,"href":"https:\/\/artstella-elixirs-floraux.com\/en\/wp-json\/wp\/v2\/media\/5489"}],"wp:attachment":[{"href":"https:\/\/artstella-elixirs-floraux.com\/en\/wp-json\/wp\/v2\/media?parent=5488"}],"wp:term":[{"taxonomy":"product_brand","embeddable":true,"href":"https:\/\/artstella-elixirs-floraux.com\/en\/wp-json\/wp\/v2\/product_brand?post=5488"},{"taxonomy":"product_cat","embeddable":true,"href":"https:\/\/artstella-elixirs-floraux.com\/en\/wp-json\/wp\/v2\/product_cat?post=5488"},{"taxonomy":"product_tag","embeddable":true,"href":"https:\/\/artstella-elixirs-floraux.com\/en\/wp-json\/wp\/v2\/product_tag?post=5488"}],"curies":[{"name":"wp","href":"https:\/\/api.w.org\/{rel}","templated":true}]}}