{"id":5496,"date":"2025-03-09T13:44:18","date_gmt":"2025-03-09T13:44:18","guid":{"rendered":"https:\/\/artstella-elixirs-floraux.com\/product\/cartes-des-24-elixirs-andins\/"},"modified":"2026-04-07T08:08:59","modified_gmt":"2026-04-07T08:08:59","slug":"cartes-des-24-elixirs-andins","status":"publish","type":"product","link":"https:\/\/artstella-elixirs-floraux.com\/en\/product\/cartes-des-24-elixirs-andins\/","title":{"rendered":"Cartes des 24 \u00e9lixirs andins"},"content":{"rendered":"","protected":false},"excerpt":{"rendered":"<p>Jeu de 24 cartes couleur repr\u00e9sentant les fleurs des \u00e9lixirs andins<\/p>","protected":false},"featured_media":5497,"template":"","meta":[],"product_brand":[],"product_cat":[344],"product_tag":[],"class_list":{"0":"post-5496","1":"product","2":"type-product","3":"status-publish","4":"has-post-thumbnail","6":"product_cat-livre-et-cartes-sylfos","8":"first","9":"instock","10":"taxable","11":"shipping-taxable","12":"purchasable","13":"product-type-simple"},"etheme_brands":{"errors":{"invalid_taxonomy":["Invalid taxonomy."]},"error_data":[]},"jetpack_sharing_enabled":true,"jetpack-related-posts":[{"id":12445,"url":"https:\/\/artstella-elixirs-floraux.com\/en\/product\/jeu-de-cartes-elixirs-chamaniques-et-des-messagers-sylfos\/","url_meta":{"origin":5496,"position":0},"title":"Jeu de cartes \u00ab \u00c9lixirs chamaniques et des Messagers Sylfos \u00bb","author":"eveapprill","date":"7 April 2026","format":false,"excerpt":"Le jeu de cartes de diagnostic pour les 12 essences chamaniques andines + les 7 essences des messagers.","rel":"","context":"Similar post","block_context":{"text":"Similar post","link":""},"img":{"alt_text":"","src":"https:\/\/i0.wp.com\/artstella-elixirs-floraux.com\/wp-content\/uploads\/2026\/04\/cartes-cham.png?resize=350%2C200&ssl=1","width":350,"height":200,"srcset":"https:\/\/i0.wp.com\/artstella-elixirs-floraux.com\/wp-content\/uploads\/2026\/04\/cartes-cham.png?resize=350%2C200&ssl=1 1x, https:\/\/i0.wp.com\/artstella-elixirs-floraux.com\/wp-content\/uploads\/2026\/04\/cartes-cham.png?resize=525%2C300&ssl=1 1.5x, https:\/\/i0.wp.com\/artstella-elixirs-floraux.com\/wp-content\/uploads\/2026\/04\/cartes-cham.png?resize=700%2C400&ssl=1 2x, https:\/\/i0.wp.com\/artstella-elixirs-floraux.com\/wp-content\/uploads\/2026\/04\/cartes-cham.png?resize=1050%2C600&ssl=1 3x"},"classes":[]},{"id":6375,"url":"https:\/\/artstella-elixirs-floraux.com\/en\/product\/le-livre-les-elixirs-floraux-andins\/","url_meta":{"origin":5496,"position":1},"title":"Le livre : Les \u00e9lixirs floraux andins","author":"eveapprill","date":"9 March 2025","format":false,"excerpt":"Par Vincent Belb\u00e8ze, pr\u00e9face de Philippe Deroide. Ce livre (321pages) pr\u00e9sente les 24 \u00e9lixirs floraux andins, avec un r\u00e9pertoire de mots cl\u00e9s. Une partie est consacr\u00e9e \u00e0 l'\u00e9nergie sp\u00e9cifique de la Cordill\u00e8re des Andes...","rel":"","context":"Similar post","block_context":{"text":"Similar post","link":""},"img":{"alt_text":"","src":"https:\/\/i0.wp.com\/artstella-elixirs-floraux.com\/wp-content\/uploads\/2025\/03\/wp-image2457-scaled.png?resize=350%2C200&ssl=1","width":350,"height":200,"srcset":"https:\/\/i0.wp.com\/artstella-elixirs-floraux.com\/wp-content\/uploads\/2025\/03\/wp-image2457-scaled.png?resize=350%2C200&ssl=1 1x, https:\/\/i0.wp.com\/artstella-elixirs-floraux.com\/wp-content\/uploads\/2025\/03\/wp-image2457-scaled.png?resize=525%2C300&ssl=1 1.5x, https:\/\/i0.wp.com\/artstella-elixirs-floraux.com\/wp-content\/uploads\/2025\/03\/wp-image2457-scaled.png?resize=700%2C400&ssl=1 2x"},"classes":[]},{"id":5265,"url":"https:\/\/artstella-elixirs-floraux.com\/en\/product\/jeu-de-20-cartes-de-fleurs-de-cactus\/","url_meta":{"origin":5496,"position":2},"title":"Jeu de 20 cartes de fleurs de cactus","author":"eveapprill","date":"9 March 2025","format":false,"excerpt":"Jeu de 20 cartes de fleurs de cactus repr\u00e9sentant les fleurs avec lesquelles les \u00e9lixirs de cactus ont \u00e9t\u00e9 r\u00e9alis\u00e9s par Andr\u00e9as Korte","rel":"","context":"Similar post","block_context":{"text":"Similar post","link":""},"img":{"alt_text":"","src":"","width":0,"height":0},"classes":[]},{"id":5255,"url":"https:\/\/artstella-elixirs-floraux.com\/en\/product\/jeu-de-40-cartes-de-fleurs-classiques\/","url_meta":{"origin":5496,"position":3},"title":"Jeu de 40 cartes de Fleurs Classiques","author":"eveapprill","date":"9 March 2025","format":false,"excerpt":"Jeu de 40 cartes de Fleurs classiques repr\u00e9sentant les fleurs de Bach","rel":"","context":"Similar post","block_context":{"text":"Similar post","link":""},"img":{"alt_text":"","src":"https:\/\/i0.wp.com\/artstella-elixirs-floraux.com\/wp-content\/uploads\/2025\/03\/wp-image2489.png?resize=350%2C200&ssl=1","width":350,"height":200,"srcset":"https:\/\/i0.wp.com\/artstella-elixirs-floraux.com\/wp-content\/uploads\/2025\/03\/wp-image2489.png?resize=350%2C200&ssl=1 1x, https:\/\/i0.wp.com\/artstella-elixirs-floraux.com\/wp-content\/uploads\/2025\/03\/wp-image2489.png?resize=525%2C300&ssl=1 1.5x"},"classes":[]},{"id":5257,"url":"https:\/\/artstella-elixirs-floraux.com\/en\/product\/jeu-de-20-cartes-de-fleurs-dafrique\/","url_meta":{"origin":5496,"position":4},"title":"Jeu de 20 cartes de fleurs d&rsquo;Afrique","author":"eveapprill","date":"9 March 2025","format":false,"excerpt":"Jeu de 20 cartes de fleurs d'Afrique et des Canaries repr\u00e9sentant les fleurs \u00e0 partir desquelles ces \u00e9lixirs ont \u00e9t\u00e9 r\u00e9alis\u00e9s","rel":"","context":"Similar post","block_context":{"text":"Similar post","link":""},"img":{"alt_text":"","src":"","width":0,"height":0},"classes":[]},{"id":5259,"url":"https:\/\/artstella-elixirs-floraux.com\/en\/product\/jeu-de-40-cartes-de-fleurs-sauvages\/","url_meta":{"origin":5496,"position":5},"title":"Jeu de 40 cartes de fleurs sauvages","author":"","date":"9 March 2025","format":false,"excerpt":"Jeu de 40 cartes de fleurs sauvages europ\u00e9ennes repr\u00e9sentant les fleurs \u00e0 partir desquelles ces \u00e9lixirs ont \u00e9t\u00e9 r\u00e9alis\u00e9s","rel":"","context":"Similar post","block_context":{"text":"Similar post","link":""},"img":{"alt_text":"","src":"","width":0,"height":0},"classes":[]}],"_links":{"self":[{"href":"https:\/\/artstella-elixirs-floraux.com\/en\/wp-json\/wp\/v2\/product\/5496","targetHints":{"allow":["GET"]}}],"collection":[{"href":"https:\/\/artstella-elixirs-floraux.com\/en\/wp-json\/wp\/v2\/product"}],"about":[{"href":"https:\/\/artstella-elixirs-floraux.com\/en\/wp-json\/wp\/v2\/types\/product"}],"version-history":[{"count":1,"href":"https:\/\/artstella-elixirs-floraux.com\/en\/wp-json\/wp\/v2\/product\/5496\/revisions"}],"predecessor-version":[{"id":12449,"href":"https:\/\/artstella-elixirs-floraux.com\/en\/wp-json\/wp\/v2\/product\/5496\/revisions\/12449"}],"wp:featuredmedia":[{"embeddable":true,"href":"https:\/\/artstella-elixirs-floraux.com\/en\/wp-json\/wp\/v2\/media\/5497"}],"wp:attachment":[{"href":"https:\/\/artstella-elixirs-floraux.com\/en\/wp-json\/wp\/v2\/media?parent=5496"}],"wp:term":[{"taxonomy":"product_brand","embeddable":true,"href":"https:\/\/artstella-elixirs-floraux.com\/en\/wp-json\/wp\/v2\/product_brand?post=5496"},{"taxonomy":"product_cat","embeddable":true,"href":"https:\/\/artstella-elixirs-floraux.com\/en\/wp-json\/wp\/v2\/product_cat?post=5496"},{"taxonomy":"product_tag","embeddable":true,"href":"https:\/\/artstella-elixirs-floraux.com\/en\/wp-json\/wp\/v2\/product_tag?post=5496"}],"curies":[{"name":"wp","href":"https:\/\/api.w.org\/{rel}","templated":true}]}}