{"id":5502,"date":"2025-03-09T13:44:22","date_gmt":"2025-03-09T13:44:22","guid":{"rendered":"https:\/\/artstella-elixirs-floraux.com\/product\/coffret-4-x-10ml-elixirs-bloesem\/"},"modified":"2025-04-05T14:35:26","modified_gmt":"2025-04-05T14:35:26","slug":"coffret-4-x-10ml-elixirs-bloesem","status":"publish","type":"product","link":"https:\/\/artstella-elixirs-floraux.com\/en\/product\/coffret-4-x-10ml-elixirs-bloesem\/","title":{"rendered":"Coffret 4 x 10ml \u00e9lixirs Bloesem"},"content":{"rendered":"","protected":false},"excerpt":{"rendered":"<p>Un petit coffret r\u00e9unissant les 4 compos\u00e9s des \u00e9lixirs hollandais en 10 ml:<\/p>\n<ul>\n<li><strong>Terra <\/strong>un compos\u00e9 d&rsquo;urgence qui am\u00e9liore l&rsquo;ancrage pour passer les moments difficiles.<\/li>\n<li><strong>Regenborg : Arc en ciel <\/strong>qui soutient le d\u00e9veloppement personnel en reliant ciel et terre.<\/li>\n<li><strong>Besherming Protection<\/strong> au niveau \u00e9motionnel et spirituel<\/li>\n<li><strong>Liefde Love Amour <\/strong>: ouvre le c\u0153ur \u00e0 l&rsquo;amour envers soi m\u00eame et les autres<\/li>\n<\/ul>","protected":false},"featured_media":5503,"template":"","meta":[],"product_brand":[],"product_cat":[180],"product_tag":[],"class_list":{"0":"post-5502","1":"product","2":"type-product","3":"status-publish","4":"has-post-thumbnail","6":"product_cat-coffrets-bloesem","8":"first","9":"instock","10":"taxable","11":"shipping-taxable","12":"purchasable","13":"product-type-simple"},"etheme_brands":{"errors":{"invalid_taxonomy":["Invalid taxonomy."]},"error_data":[]},"jetpack_sharing_enabled":true,"jetpack-related-posts":[{"id":6181,"url":"https:\/\/artstella-elixirs-floraux.com\/en\/product\/coffret-48-elixirs-bloesem-remedies-10-ml\/","url_meta":{"origin":5502,"position":0},"title":"Coffret 48 \u00e9lixirs Bloesem Remedies 10 ml","author":"eveapprill","date":"9 March 2025","format":false,"excerpt":"Contient 48 \u00e9lixirs floraux pr\u00e9par\u00e9s par Bloesem Remedies en 10 ml les 30 premiers \u00e9lixirs + les \u00e9lixirs compl\u00e9mentaires et les 4 compos\u00e9s Terra, Protection, Arc en Ciel et Love","rel":"","context":"Similar post","block_context":{"text":"Similar post","link":""},"img":{"alt_text":"","src":"","width":0,"height":0},"classes":[]},{"id":5478,"url":"https:\/\/artstella-elixirs-floraux.com\/en\/product\/rainbow-arc-en-ciel-30ml-bloesem\/","url_meta":{"origin":5502,"position":1},"title":"RAINBOW Arc en Ciel Bloesem Remedies","author":"eveapprill","date":"9 March 2025","format":false,"excerpt":"Rainbow - Arc en Ciel 30 ml Bloesem Remedies (Bourrache, Impatience, Monnaie du Pape, Coquelicot, Lamier rouge) \u00a0\u201cUn pont entre le ciel et la terre\u201d, cette combinaison d\u2019\u00e9lixirs\u00a0 favorise le d\u00e9veloppement personnel et stimule la cr\u00e9ativit\u00e9.\u00a0 Pour commencer \u00e0 neuf et laisser l\u2019ancien de c\u00f4t\u00e9.","rel":"","context":"Similar post","block_context":{"text":"Similar post","link":""},"img":{"alt_text":"","src":"","width":0,"height":0},"classes":[]},{"id":4607,"url":"https:\/\/artstella-elixirs-floraux.com\/en\/product\/coffret-4-sprays-combi-60-ml\/","url_meta":{"origin":5502,"position":2},"title":"COFFRET 4 SPRAYS COMBI 60 ML","author":"eveapprill","date":"9 March 2025","format":false,"excerpt":"COFFRET 4 SPRAYS COMBI 60 ML","rel":"","context":"Similar post","block_context":{"text":"Similar post","link":""},"img":{"alt_text":"","src":"","width":0,"height":0},"classes":[]},{"id":4581,"url":"https:\/\/artstella-elixirs-floraux.com\/en\/product\/coffret-pyramide-white-light\/","url_meta":{"origin":5502,"position":3},"title":"COFFRET PYRAMIDE WHITE LIGHT","author":"eveapprill","date":"9 March 2025","format":false,"excerpt":"Le COFFRET PYRAMIDE WHITE LIGHT contient les 7 \u00e9lixirs White Light, Lumi\u00e8re Blanche, soit Water \/ Eau, Earth \/ Terre, Fire \/ feu, Air, Devic, Higher self \/ moi sup\u00e9rieur et Angelic \/ Ang\u00e9lique, un livret en anglais et 1 CD Le livret en fran\u00e7ais est offert dans la mesure\u2026","rel":"","context":"Similar post","block_context":{"text":"Similar post","link":""},"img":{"alt_text":"","src":"","width":0,"height":0},"classes":[]},{"id":4565,"url":"https:\/\/artstella-elixirs-floraux.com\/en\/product\/coffret-complexes-elixirs-phi\/","url_meta":{"origin":5502,"position":4},"title":"COFFRET COMPLEXES ELIXIRS PHI","author":"eveapprill","date":"9 March 2025","format":false,"excerpt":"Contient les 10 \u00e9lixirs compos\u00e9s de la gamme PHI pour r\u00e9\u00e9quilibrer l'\u00e9nergie: Women \u00e9quilibre du f\u00e9minin, Men \u00e9quilibre du masculin, Joyful Sexuality sexualit\u00e9 heureuse, Forever Joung! Eternelle jeunesse Regeneration, Purification, Equilibre du Stress, Jetlag \/ Sleep d\u00e9calage horaire \/ sommeil, Heart \u00e9quilibre du coeur, Protection","rel":"","context":"Similar post","block_context":{"text":"Similar post","link":""},"img":{"alt_text":"","src":"","width":0,"height":0},"classes":[]},{"id":5536,"url":"https:\/\/artstella-elixirs-floraux.com\/en\/product\/coffret-10-elixirs-d-animaux-n4-15ml\/","url_meta":{"origin":5502,"position":5},"title":"COFFRET 10 \u00e9lixirs d&rsquo; ANIMAUX N\u00b04 15ML","author":"eveapprill","date":"9 March 2025","format":false,"excerpt":"Coffret n\u00b0 4 10 \u00e9lixirs d'animaux : contient : Tarentule, Tigre, Tortue, Baleine \u00e0 bosse, Baleine franche australe, Cachalot, Rorqual commun, Papillon Morpho, Papillon grand cuivr\u00e9, Dauphin rose","rel":"","context":"Similar post","block_context":{"text":"Similar post","link":""},"img":{"alt_text":"","src":"https:\/\/i0.wp.com\/artstella-elixirs-floraux.com\/wp-content\/uploads\/2025\/03\/wp-image1763.png?resize=350%2C200&ssl=1","width":350,"height":200},"classes":[]}],"_links":{"self":[{"href":"https:\/\/artstella-elixirs-floraux.com\/en\/wp-json\/wp\/v2\/product\/5502","targetHints":{"allow":["GET"]}}],"collection":[{"href":"https:\/\/artstella-elixirs-floraux.com\/en\/wp-json\/wp\/v2\/product"}],"about":[{"href":"https:\/\/artstella-elixirs-floraux.com\/en\/wp-json\/wp\/v2\/types\/product"}],"version-history":[{"count":0,"href":"https:\/\/artstella-elixirs-floraux.com\/en\/wp-json\/wp\/v2\/product\/5502\/revisions"}],"wp:featuredmedia":[{"embeddable":true,"href":"https:\/\/artstella-elixirs-floraux.com\/en\/wp-json\/wp\/v2\/media\/5503"}],"wp:attachment":[{"href":"https:\/\/artstella-elixirs-floraux.com\/en\/wp-json\/wp\/v2\/media?parent=5502"}],"wp:term":[{"taxonomy":"product_brand","embeddable":true,"href":"https:\/\/artstella-elixirs-floraux.com\/en\/wp-json\/wp\/v2\/product_brand?post=5502"},{"taxonomy":"product_cat","embeddable":true,"href":"https:\/\/artstella-elixirs-floraux.com\/en\/wp-json\/wp\/v2\/product_cat?post=5502"},{"taxonomy":"product_tag","embeddable":true,"href":"https:\/\/artstella-elixirs-floraux.com\/en\/wp-json\/wp\/v2\/product_tag?post=5502"}],"curies":[{"name":"wp","href":"https:\/\/api.w.org\/{rel}","templated":true}]}}