{"id":5504,"date":"2025-03-09T13:44:24","date_gmt":"2025-03-09T13:44:24","guid":{"rendered":"https:\/\/artstella-elixirs-floraux.com\/product\/chemin-spirituel-bloesem-remedies\/"},"modified":"2026-01-28T21:56:09","modified_gmt":"2026-01-28T21:56:09","slug":"chemin-spirituel-bloesem-remedies","status":"publish","type":"product","link":"https:\/\/artstella-elixirs-floraux.com\/en\/product\/chemin-spirituel-bloesem-remedies\/","title":{"rendered":"Chemin spirituel Bloesem Remedies"},"content":{"rendered":"<p>Quand, dans le pass\u00e9, on a fait des choix qui manquaient d\u2019un vrai sens spirituel et si les choses mat\u00e9rielles \u00a0ont pris trop d\u2019importance dans notre vie. L\u2019\u00e9lixir commence \u00e0 changer ces choix et nous donne l\u2019intuition qu\u2019aucun monde mat\u00e9riel n\u2019existe sans un monde spirituel.<\/p>","protected":false},"excerpt":{"rendered":"<p><strong>CHEMIN SPIRITUEL<\/strong> &#8211; HET SPIRITUELE PAD &#8211;<\/p>\n<p><em>Compos\u00e9 contenant\u00a0Eschscholzia, Bignone et Bourrache<\/em> Ce compos\u00e9 aide \u00e0 s\u2019orienter de fa\u00e7on spirituelle dans la vie.<\/p>","protected":false},"featured_media":5505,"template":"","meta":[],"product_brand":[],"product_cat":[181],"product_tag":[],"class_list":{"0":"post-5504","1":"product","2":"type-product","3":"status-publish","4":"has-post-thumbnail","6":"product_cat-nouveaux-composes-hollandais","8":"first","9":"instock","10":"taxable","11":"shipping-taxable","12":"purchasable","13":"product-type-variable"},"etheme_brands":{"errors":{"invalid_taxonomy":["Invalid taxonomy."]},"error_data":[]},"jetpack_sharing_enabled":true,"jetpack-related-posts":[{"id":5144,"url":"https:\/\/artstella-elixirs-floraux.com\/en\/product\/volcan-llaima\/","url_meta":{"origin":5504,"position":0},"title":"VOLCAN LLAIMA","author":"eveapprill","date":"9 March 2025","format":false,"excerpt":"Cet \u00e9lixir est un catalyseur de conscience de notre cheminement spirituel. La seule connaissance qui vaille vraiment est celle qui est au dedans. Il va permettre de prendre conscience et d'entrer en relation intime avec la vie qui est en toute chose. \u00a0","rel":"","context":"Similar post","block_context":{"text":"Similar post","link":""},"img":{"alt_text":"","src":"","width":0,"height":0},"classes":[]},{"id":2619,"url":"https:\/\/artstella-elixirs-floraux.com\/en\/product\/angelsword-15ml\/","url_meta":{"origin":5504,"position":1},"title":"ANGELSWORD 15ml","author":"eveapprill","date":"9 March 2025","format":false,"excerpt":"Angelsword Difficult\u00e9 \u00e0 se connecter avec son Moi sup\u00e9rieur. Discernement spirituel, lib\u00e9ration des \u00e9nergies psychiques n\u00e9gatives, acc\u00e8s aux dons des vies ant\u00e9rieures, communication spirituelle sans entraves.","rel":"","context":"Similar post","block_context":{"text":"Similar post","link":""},"img":{"alt_text":"","src":"https:\/\/i0.wp.com\/artstella-elixirs-floraux.com\/wp-content\/uploads\/2025\/03\/Angelsword-.jpg?resize=350%2C200&ssl=1","width":350,"height":200,"srcset":"https:\/\/i0.wp.com\/artstella-elixirs-floraux.com\/wp-content\/uploads\/2025\/03\/Angelsword-.jpg?resize=350%2C200&ssl=1 1x, https:\/\/i0.wp.com\/artstella-elixirs-floraux.com\/wp-content\/uploads\/2025\/03\/Angelsword-.jpg?resize=525%2C300&ssl=1 1.5x, https:\/\/i0.wp.com\/artstella-elixirs-floraux.com\/wp-content\/uploads\/2025\/03\/Angelsword-.jpg?resize=700%2C400&ssl=1 2x"},"classes":[]},{"id":4115,"url":"https:\/\/artstella-elixirs-floraux.com\/en\/product\/saumon-sylfos-15ml\/","url_meta":{"origin":5504,"position":2},"title":"SAUMON SYLFOS 15ML","author":"eveapprill","date":"9 March 2025","format":false,"excerpt":"SALM\u00d3N \/ SAUMON\u00a0\u00a0 Connaissance de la Vie \u2013 Confiance \u2013 Libert\u00e9. En voyageur vers le Divin, le saumon\u00a0 aide \u00e0 trouver la signification et l\u2019objectif spirituel de notre vie.","rel":"","context":"Similar post","block_context":{"text":"Similar post","link":""},"img":{"alt_text":"","src":"","width":0,"height":0},"classes":[]},{"id":2194,"url":"https:\/\/artstella-elixirs-floraux.com\/en\/product\/icelandic-poppy-alaskan\/","url_meta":{"origin":5504,"position":3},"title":"Icelandic poppy Alaskan","author":"eveapprill","date":"9 March 2025","format":false,"excerpt":"Icelandic poppy. Papaver nudicaule Peu de conscience de l'identit\u00e9 spirituelle ; aspects de survie, de sexualit\u00e9 et de spiritualit\u00e9 non int\u00e9gr\u00e9s, manque d'\u00e9nergie spirituelle dans les chakras inf\u00e9rieurs.","rel":"","context":"Similar post","block_context":{"text":"Similar post","link":""},"img":{"alt_text":"","src":"https:\/\/i0.wp.com\/artstella-elixirs-floraux.com\/wp-content\/uploads\/2025\/03\/wp-image544.png?resize=350%2C200&ssl=1","width":350,"height":200},"classes":[]},{"id":5412,"url":"https:\/\/artstella-elixirs-floraux.com\/en\/product\/achillee-sternutatoire-wilde-bertram\/","url_meta":{"origin":5504,"position":4},"title":"Achill\u00e9e sternutatoire WILDE BERTRAM","author":"eveapprill","date":"9 March 2025","format":false,"excerpt":"Achill\u00e9e sternutatoire - Achillea ptarmica \u2013Sneezewort\u00a0Apporte protectionsur le chemin spirituel. Pour choisir son chemin en fonction de ses propres valeurs et rester ouvert \u00e0 l\u2019aide et aux conseils des autres sans se perdre (m\u00eame de ses guides spirituels)","rel":"","context":"Similar post","block_context":{"text":"Similar post","link":""},"img":{"alt_text":"","src":"https:\/\/i0.wp.com\/artstella-elixirs-floraux.com\/wp-content\/uploads\/2025\/03\/457610c1-e170-4407-a51b-9e5b6a359177.jpg?resize=350%2C200&ssl=1","width":350,"height":200,"srcset":"https:\/\/i0.wp.com\/artstella-elixirs-floraux.com\/wp-content\/uploads\/2025\/03\/457610c1-e170-4407-a51b-9e5b6a359177.jpg?resize=350%2C200&ssl=1 1x, https:\/\/i0.wp.com\/artstella-elixirs-floraux.com\/wp-content\/uploads\/2025\/03\/457610c1-e170-4407-a51b-9e5b6a359177.jpg?resize=525%2C300&ssl=1 1.5x, https:\/\/i0.wp.com\/artstella-elixirs-floraux.com\/wp-content\/uploads\/2025\/03\/457610c1-e170-4407-a51b-9e5b6a359177.jpg?resize=700%2C400&ssl=1 2x"},"classes":[]},{"id":5582,"url":"https:\/\/artstella-elixirs-floraux.com\/en\/product\/working-dog-chien-de-travail-30ml\/","url_meta":{"origin":5504,"position":5},"title":"Working Dog (Chien de travail) 30ml","author":"eveapprill","date":"9 March 2025","format":false,"excerpt":"Working Dog (Chien de travail) \/ \u201cAllons travailler! \u00bb Pour s\u2019impliquer dans le monde du travail avec grande joie et gait\u00e9 ! Donne de l\u2019endurance et l\u2019engagement pour rester sur le bon chemin et accomplir les choses remarquables avec concentration et joie.\u00a0","rel":"","context":"Similar post","block_context":{"text":"Similar post","link":""},"img":{"alt_text":"","src":"https:\/\/i0.wp.com\/artstella-elixirs-floraux.com\/wp-content\/uploads\/2025\/03\/147c79e4-0bd9-491f-8f07-69af9e2163b9.jpg?resize=350%2C200&ssl=1","width":350,"height":200,"srcset":"https:\/\/i0.wp.com\/artstella-elixirs-floraux.com\/wp-content\/uploads\/2025\/03\/147c79e4-0bd9-491f-8f07-69af9e2163b9.jpg?resize=350%2C200&ssl=1 1x, https:\/\/i0.wp.com\/artstella-elixirs-floraux.com\/wp-content\/uploads\/2025\/03\/147c79e4-0bd9-491f-8f07-69af9e2163b9.jpg?resize=525%2C300&ssl=1 1.5x, https:\/\/i0.wp.com\/artstella-elixirs-floraux.com\/wp-content\/uploads\/2025\/03\/147c79e4-0bd9-491f-8f07-69af9e2163b9.jpg?resize=700%2C400&ssl=1 2x"},"classes":[]}],"_links":{"self":[{"href":"https:\/\/artstella-elixirs-floraux.com\/en\/wp-json\/wp\/v2\/product\/5504","targetHints":{"allow":["GET"]}}],"collection":[{"href":"https:\/\/artstella-elixirs-floraux.com\/en\/wp-json\/wp\/v2\/product"}],"about":[{"href":"https:\/\/artstella-elixirs-floraux.com\/en\/wp-json\/wp\/v2\/types\/product"}],"version-history":[{"count":1,"href":"https:\/\/artstella-elixirs-floraux.com\/en\/wp-json\/wp\/v2\/product\/5504\/revisions"}],"predecessor-version":[{"id":12041,"href":"https:\/\/artstella-elixirs-floraux.com\/en\/wp-json\/wp\/v2\/product\/5504\/revisions\/12041"}],"wp:featuredmedia":[{"embeddable":true,"href":"https:\/\/artstella-elixirs-floraux.com\/en\/wp-json\/wp\/v2\/media\/5505"}],"wp:attachment":[{"href":"https:\/\/artstella-elixirs-floraux.com\/en\/wp-json\/wp\/v2\/media?parent=5504"}],"wp:term":[{"taxonomy":"product_brand","embeddable":true,"href":"https:\/\/artstella-elixirs-floraux.com\/en\/wp-json\/wp\/v2\/product_brand?post=5504"},{"taxonomy":"product_cat","embeddable":true,"href":"https:\/\/artstella-elixirs-floraux.com\/en\/wp-json\/wp\/v2\/product_cat?post=5504"},{"taxonomy":"product_tag","embeddable":true,"href":"https:\/\/artstella-elixirs-floraux.com\/en\/wp-json\/wp\/v2\/product_tag?post=5504"}],"curies":[{"name":"wp","href":"https:\/\/api.w.org\/{rel}","templated":true}]}}