{"id":5508,"date":"2025-03-09T13:44:27","date_gmt":"2025-03-09T13:44:27","guid":{"rendered":"https:\/\/artstella-elixirs-floraux.com\/product\/concombre-de-mer\/"},"modified":"2025-06-08T12:49:58","modified_gmt":"2025-06-08T12:49:58","slug":"concombre-de-mer","status":"publish","type":"product","link":"https:\/\/artstella-elixirs-floraux.com\/en\/product\/concombre-de-mer\/","title":{"rendered":"Concombre de mer"},"content":{"rendered":"","protected":false},"excerpt":{"rendered":"<p><strong><span>Concombre de mer (Seegurke) (Holothuroidea)<br \/> \u00a0 <\/span><\/strong><\/p>\n<p><span>L\u2019\u00e9lixir agit \u00e9nerg\u00e9tiquement au niveau du gros intestin et soutient les processus de la digestion. Il agit au niveau \u00e9motionnel permettant de traiter et de dig\u00e9rer les choses. On peut ainsi de lib\u00e9rer des choses qui nous p\u00e8sent. <\/span><\/p>","protected":false},"featured_media":5509,"template":"","meta":[],"product_brand":[],"product_cat":[168],"product_tag":[],"class_list":{"0":"post-5508","1":"product","2":"type-product","3":"status-publish","4":"has-post-thumbnail","6":"product_cat-l-es-nouveaux-elixirs-de-la-mer","8":"first","9":"instock","10":"taxable","11":"shipping-taxable","12":"purchasable","13":"product-type-simple"},"etheme_brands":{"errors":{"invalid_taxonomy":["Invalid taxonomy."]},"error_data":[]},"jetpack_sharing_enabled":true,"jetpack-related-posts":[{"id":6155,"url":"https:\/\/artstella-elixirs-floraux.com\/en\/product\/coffret-3-8-elixirs-de-la-mer-phi\/","url_meta":{"origin":5508,"position":0},"title":"COFFRET (3) 8 Elixirs de la Mer PHI","author":"eveapprill","date":"9 March 2025","format":false,"excerpt":"Coffret (3) 8 \u00e9lixirs de la mer Comprend les \u00e9lixirs de : Holothuroidea (Concombre de la mer), Beluga, Groseille de mer, Hypselodoris, Ver de feu barbu, Orque, et Flabelline mauve","rel":"","context":"Similar post","block_context":{"text":"Similar post","link":""},"img":{"alt_text":"","src":"","width":0,"height":0},"classes":[]},{"id":5174,"url":"https:\/\/artstella-elixirs-floraux.com\/en\/product\/favite-15-ml-phi\/","url_meta":{"origin":5508,"position":1},"title":"FAVITE 15 ML PHI","author":"eveapprill","date":"9 March 2025","format":false,"excerpt":"Favite\u00a0 (Faviidae) Steinkoralle\u00a0 L\u2019\u00e9lixir agit \u00e9nerg\u00e9tiquement sur la structure cellulaire et la r\u00e9g\u00e9n\u00e9ration cellulaire et notamment au niveau du N\u00e9ocortex.\u00a0\u00a0","rel":"","context":"Similar post","block_context":{"text":"Similar post","link":""},"img":{"alt_text":"","src":"","width":0,"height":0},"classes":[]},{"id":6211,"url":"https:\/\/artstella-elixirs-floraux.com\/en\/product\/elixir-ocean-n-26-phi-15ml\/","url_meta":{"origin":5508,"position":2},"title":"ELIXIR OCEAN N\u00b0 26 PHI 15ml","author":"eveapprill","date":"9 March 2025","format":false,"excerpt":"ELIXIR OCEAN N\u00b0 26\u00a0 agit au niveau de l\u2019inconscient profond. Des sentiments profonds de peurs ou d\u2019ins\u00e9curit\u00e9 peuvent \u00eatre conscientis\u00e9s. Il am\u00e9liore et renforce la paix int\u00e9rieure et la confiance. Gr\u00e2ce \u00e0 cette confiance renouvel\u00e9e, il devient possible de se lib\u00e9rer des choses anciennes de fa\u00e7on \u00e0 pouvoir progresser int\u00e9rieurement.","rel":"","context":"Similar post","block_context":{"text":"Similar post","link":""},"img":{"alt_text":"","src":"","width":0,"height":0},"classes":[]},{"id":2178,"url":"https:\/\/artstella-elixirs-floraux.com\/en\/product\/grove-standwort-alaskan\/","url_meta":{"origin":5508,"position":3},"title":"Grove standwort Alaskan","author":"eveapprill","date":"9 March 2025","format":false,"excerpt":"Grove standwort. Moehringia lateriflora Sensation de manque de nourriture au niveau physique et \u00e9motionnel, manque de lien entre la m\u00e8re et l'enfant, sensation de manque de soutien de la terre.","rel":"","context":"Similar post","block_context":{"text":"Similar post","link":""},"img":{"alt_text":"","src":"https:\/\/i0.wp.com\/artstella-elixirs-floraux.com\/wp-content\/uploads\/2025\/03\/wp-image540.png?resize=350%2C200&ssl=1","width":350,"height":200},"classes":[]},{"id":5163,"url":"https:\/\/artstella-elixirs-floraux.com\/en\/product\/corail-cervau-phi-15-ml\/","url_meta":{"origin":5508,"position":4},"title":"Corail Cervau PHI 15 ml","author":"eveapprill","date":"9 March 2025","format":false,"excerpt":"Corail cerveau (Platygyra lamellia) Hirnkoralle\u00a0 Ce corail forme des colonies de plusieurs m\u00e8tres de hauteur. Sa structure montre une analogie avec le cerveau.","rel":"","context":"Similar post","block_context":{"text":"Similar post","link":""},"img":{"alt_text":"","src":"https:\/\/i0.wp.com\/artstella-elixirs-floraux.com\/wp-content\/uploads\/2025\/03\/808b3546-c9bc-4cf6-ab18-e0e8c809d5a0.jpg?resize=350%2C200&ssl=1","width":350,"height":200,"srcset":"https:\/\/i0.wp.com\/artstella-elixirs-floraux.com\/wp-content\/uploads\/2025\/03\/808b3546-c9bc-4cf6-ab18-e0e8c809d5a0.jpg?resize=350%2C200&ssl=1 1x, https:\/\/i0.wp.com\/artstella-elixirs-floraux.com\/wp-content\/uploads\/2025\/03\/808b3546-c9bc-4cf6-ab18-e0e8c809d5a0.jpg?resize=525%2C300&ssl=1 1.5x, https:\/\/i0.wp.com\/artstella-elixirs-floraux.com\/wp-content\/uploads\/2025\/03\/808b3546-c9bc-4cf6-ab18-e0e8c809d5a0.jpg?resize=700%2C400&ssl=1 2x"},"classes":[]},{"id":5172,"url":"https:\/\/artstella-elixirs-floraux.com\/en\/product\/rascasse-volante-15-ml-phi\/","url_meta":{"origin":5508,"position":5},"title":"RASCASSE VOLANTE 15 ML PHI","author":"eveapprill","date":"9 March 2025","format":false,"excerpt":"Rascasse volante\u00a0\u00a0 (Pterois miles) Rotfeuerfisch\u00a0\u00a0 Ce poisson venimeux peut parfois s\u2019av\u00e9rer mortel pour les humains. L\u2019\u00e9lixir soutient \u00e9nerg\u00e9tiquement la d\u00e9toxification de tout l\u2019organisme, en soutenant notamment les reins et le foie.","rel":"","context":"Similar post","block_context":{"text":"Similar post","link":""},"img":{"alt_text":"","src":"","width":0,"height":0},"classes":[]}],"_links":{"self":[{"href":"https:\/\/artstella-elixirs-floraux.com\/en\/wp-json\/wp\/v2\/product\/5508","targetHints":{"allow":["GET"]}}],"collection":[{"href":"https:\/\/artstella-elixirs-floraux.com\/en\/wp-json\/wp\/v2\/product"}],"about":[{"href":"https:\/\/artstella-elixirs-floraux.com\/en\/wp-json\/wp\/v2\/types\/product"}],"version-history":[{"count":0,"href":"https:\/\/artstella-elixirs-floraux.com\/en\/wp-json\/wp\/v2\/product\/5508\/revisions"}],"wp:featuredmedia":[{"embeddable":true,"href":"https:\/\/artstella-elixirs-floraux.com\/en\/wp-json\/wp\/v2\/media\/5509"}],"wp:attachment":[{"href":"https:\/\/artstella-elixirs-floraux.com\/en\/wp-json\/wp\/v2\/media?parent=5508"}],"wp:term":[{"taxonomy":"product_brand","embeddable":true,"href":"https:\/\/artstella-elixirs-floraux.com\/en\/wp-json\/wp\/v2\/product_brand?post=5508"},{"taxonomy":"product_cat","embeddable":true,"href":"https:\/\/artstella-elixirs-floraux.com\/en\/wp-json\/wp\/v2\/product_cat?post=5508"},{"taxonomy":"product_tag","embeddable":true,"href":"https:\/\/artstella-elixirs-floraux.com\/en\/wp-json\/wp\/v2\/product_tag?post=5508"}],"curies":[{"name":"wp","href":"https:\/\/api.w.org\/{rel}","templated":true}]}}