{"id":5514,"date":"2025-03-09T13:44:31","date_gmt":"2025-03-09T13:44:31","guid":{"rendered":"https:\/\/artstella-elixirs-floraux.com\/product\/hypselodoris\/"},"modified":"2025-06-08T12:49:58","modified_gmt":"2025-06-08T12:49:58","slug":"hypselodoris","status":"publish","type":"product","link":"https:\/\/artstella-elixirs-floraux.com\/en\/product\/hypselodoris\/","title":{"rendered":"HYPSELODORIS &#8211;"},"content":{"rendered":"<p><span><span>Cette limace de mer de couleur violette mesure environ 10 cm et poss\u00e8de des branchies ext\u00e9rieures sur le dos. Elle vit sur des fonds marins rocheux entre 10 et 30 m de profondeur.<\/span><br \/><span> L\u2019\u00e9lixir <\/span><\/span><span>peut aider \u00e9nerg\u00e9tiquement les enfants ainsi que les adultes traumatis\u00e9s. Ceux-ci pouvant surmonter leurs peurs, se renforcent et d\u00e9veloppent une confiance nouvelle. La lib\u00e9ration des peurs permet \u00e0 la respiration de s\u2019all\u00e9ger et de s\u2019am\u00e9liorer. <\/span><\/p>","protected":false},"excerpt":{"rendered":"<p><strong>HYPSELODORIS <a title=\"Hypselodoris - Sternschnecke\" href=\"https:\/\/shop.phiessences.com\/product_info.php?info=p712_hypselodoris---sternschnecke.html\">\u00a0&#8211; <\/a><\/strong>\u00a0<strong>Sternschnecke \u00a0( Hypselodoris picta webbi,)<br \/><\/strong>\u00a0Accroit la confiance en soi, agissant sur le plexus solaire. L\u2019estime de soi et la confiance de base sont renforc\u00e9es, notamment apr\u00e8s des exp\u00e9riences traumatisantes.<\/p>","protected":false},"featured_media":5515,"template":"","meta":[],"product_brand":[],"product_cat":[168],"product_tag":[],"class_list":{"0":"post-5514","1":"product","2":"type-product","3":"status-publish","4":"has-post-thumbnail","6":"product_cat-l-es-nouveaux-elixirs-de-la-mer","8":"first","9":"instock","10":"taxable","11":"shipping-taxable","12":"purchasable","13":"product-type-simple"},"etheme_brands":{"errors":{"invalid_taxonomy":["Invalid taxonomy."]},"error_data":[]},"jetpack_sharing_enabled":true,"jetpack-related-posts":[{"id":4042,"url":"https:\/\/artstella-elixirs-floraux.com\/en\/product\/libertia-15-ml-sylfos\/","url_meta":{"origin":5514,"position":0},"title":"LIBERTIA SYLFOS","author":"eveapprill","date":"9 March 2025","format":false,"excerpt":"LIBERTIA Libertia sessiliflora Protection, confiance, foi en la vie. D\u00e9veloppe le sentiment de protection et favorise l\u2019acceptation de l\u2019incarnation en prenant conscience des blessures originelles de l\u2019enfant int\u00e9rieur confront\u00e9 \u00e0 la peur de l\u2019abandon.","rel":"","context":"Similar post","block_context":{"text":"Similar post","link":""},"img":{"alt_text":"","src":"","width":0,"height":0},"classes":[]},{"id":6284,"url":"https:\/\/artstella-elixirs-floraux.com\/en\/product\/lierre-veneneux-poison-oak-sylfos-15ml\/","url_meta":{"origin":5514,"position":1},"title":"LIERRE V\u00c9N\u00c9NEUX \/ POISON OAK Sylfos 15ML","author":"eveapprill","date":"9 March 2025","format":false,"excerpt":"Lierre v\u00e9n\u00e9neux (Toxicodendron diversiloba) Confiance \u2013 Sexualit\u00e9 - Ancrage Pour ceux qui manquent de confiance parce qu'ils ne reconnaissent pas les limites entre eux et les autres. Ils ont tendance \u00e0 mettre une barri\u00e8re envers leurs contacts intimes, par peur du rejet et\/ou d'une \u00e9ventuelle douleur physique notamment dans leurs\u2026","rel":"","context":"Similar post","block_context":{"text":"Similar post","link":""},"img":{"alt_text":"","src":"https:\/\/i0.wp.com\/artstella-elixirs-floraux.com\/wp-content\/uploads\/2025\/03\/wp-image2230.png?resize=350%2C200&ssl=1","width":350,"height":200},"classes":[]},{"id":5096,"url":"https:\/\/artstella-elixirs-floraux.com\/en\/product\/raspberry-rutile-7-5ml-alas-gem-sup\/","url_meta":{"origin":5514,"position":2},"title":"RASPBERRY RUTILE 7.5ML ALAS GEM SUP","author":"eveapprill","date":"9 March 2025","format":false,"excerpt":"Raspberry Rutile - \u00a0Rutile framboise Indication : manque de confiance dans ses capacit\u00e9s \u00e0 recevoir la guidance\u00a0du monde spirituel; d\u00e9sorientation apr\u00e8s un choc ou une exp\u00e9rience traumatisante\u00a0; facilement","rel":"","context":"Similar post","block_context":{"text":"Similar post","link":""},"img":{"alt_text":"","src":"https:\/\/i0.wp.com\/artstella-elixirs-floraux.com\/wp-content\/uploads\/2025\/03\/wp-image1415.png?resize=350%2C200&ssl=1","width":350,"height":200},"classes":[]},{"id":2102,"url":"https:\/\/artstella-elixirs-floraux.com\/en\/product\/bog-rosemary-alaska\/","url_meta":{"origin":5514,"position":3},"title":"BOG ROSEMARY ALASKA","author":"eveapprill","date":"9 March 2025","format":false,"excerpt":"BOG ROSEMARY ALASKA Pour le manque de confiance, la peur paralysante de l'inconnu, l'incapacit\u00e9 de prendre des risques. lib\u00e8re de la peur et de la r\u00e9sistance \u00e0 avancer. Renforce la foi.","rel":"","context":"Similar post","block_context":{"text":"Similar post","link":""},"img":{"alt_text":"","src":"https:\/\/i0.wp.com\/artstella-elixirs-floraux.com\/wp-content\/uploads\/2025\/03\/wp-image45.png?resize=350%2C200&ssl=1","width":350,"height":200},"classes":[]},{"id":5936,"url":"https:\/\/artstella-elixirs-floraux.com\/en\/product\/meleze-15-ml-deva\/","url_meta":{"origin":5514,"position":4},"title":"M\u00e9l\u00e8ze 15 ml DEVA","author":"eveapprill","date":"9 March 2025","format":false,"excerpt":"M\u00e9l\u00e8ze - Larch Larix decidua Confiance en soi Pour ceux qui, par manque de confiance, ont peur de l'echec ou du ridicule. D\u00e9veloppe la cr\u00e9ativit\u00e9 et l'aplomb. Facilite la prise de d\u00e9cision et l'action.","rel":"","context":"Similar post","block_context":{"text":"Similar post","link":""},"img":{"alt_text":"","src":"","width":0,"height":0},"classes":[]},{"id":2202,"url":"https:\/\/artstella-elixirs-floraux.com\/en\/product\/labrador-tea-alaska\/","url_meta":{"origin":5514,"position":5},"title":"Labrador tea Alaska","author":"eveapprill","date":"9 March 2025","format":false,"excerpt":"Labrador tea. Ledum palustre D\u00e9pendances, passe d'un extr\u00eame \u00e0 l'autre ; vie d\u00e9sax\u00e9e, difficult\u00e9 \u00e0 retrouver un centrage apr\u00e8s une exp\u00e9rience traumatisante ou ins\u00e9curisante.","rel":"","context":"Similar post","block_context":{"text":"Similar post","link":""},"img":{"alt_text":"","src":"https:\/\/i0.wp.com\/artstella-elixirs-floraux.com\/wp-content\/uploads\/2025\/03\/wp-image546.png?resize=350%2C200&ssl=1","width":350,"height":200},"classes":[]}],"_links":{"self":[{"href":"https:\/\/artstella-elixirs-floraux.com\/en\/wp-json\/wp\/v2\/product\/5514","targetHints":{"allow":["GET"]}}],"collection":[{"href":"https:\/\/artstella-elixirs-floraux.com\/en\/wp-json\/wp\/v2\/product"}],"about":[{"href":"https:\/\/artstella-elixirs-floraux.com\/en\/wp-json\/wp\/v2\/types\/product"}],"version-history":[{"count":0,"href":"https:\/\/artstella-elixirs-floraux.com\/en\/wp-json\/wp\/v2\/product\/5514\/revisions"}],"wp:featuredmedia":[{"embeddable":true,"href":"https:\/\/artstella-elixirs-floraux.com\/en\/wp-json\/wp\/v2\/media\/5515"}],"wp:attachment":[{"href":"https:\/\/artstella-elixirs-floraux.com\/en\/wp-json\/wp\/v2\/media?parent=5514"}],"wp:term":[{"taxonomy":"product_brand","embeddable":true,"href":"https:\/\/artstella-elixirs-floraux.com\/en\/wp-json\/wp\/v2\/product_brand?post=5514"},{"taxonomy":"product_cat","embeddable":true,"href":"https:\/\/artstella-elixirs-floraux.com\/en\/wp-json\/wp\/v2\/product_cat?post=5514"},{"taxonomy":"product_tag","embeddable":true,"href":"https:\/\/artstella-elixirs-floraux.com\/en\/wp-json\/wp\/v2\/product_tag?post=5514"}],"curies":[{"name":"wp","href":"https:\/\/api.w.org\/{rel}","templated":true}]}}