{"id":5516,"date":"2025-03-09T13:44:33","date_gmt":"2025-03-09T13:44:33","guid":{"rendered":"https:\/\/artstella-elixirs-floraux.com\/product\/ver-de-feu-barbu\/"},"modified":"2025-04-23T11:52:27","modified_gmt":"2025-04-23T11:52:27","slug":"ver-de-feu-barbu","status":"publish","type":"product","link":"https:\/\/artstella-elixirs-floraux.com\/en\/product\/ver-de-feu-barbu\/","title":{"rendered":"VER DE FEU BARBU"},"content":{"rendered":"<p><span>Ce ver annel\u00e9 mesure entre 20 et 40 cm et poss\u00e8de des soies blanches tr\u00e8s urticantes en cas de contact. Il vit sur les fonds marins des zones c\u00f4ti\u00e8res jusqu\u2019\u00e0 100 m de profondeur.<\/span><\/p>\n<p><strong><span>VER DE FEU BARBU &#8211;<\/span><\/strong><span> Feuerwurm<strong> (Hermodice carunculata,)<br \/> <\/strong>Ce ver annel\u00e9 mesure entre 20 et 40 cm et poss\u00e8de des soies blanches tr\u00e8s urticantes en cas de contact. Il vit sur les fonds marins des zones c\u00f4ti\u00e8res jusqu\u2019\u00e0 100 m de profondeur.\u00a0<br \/> <strong>L\u2019\u00e9lixir<\/strong> :Elles pourront d\u00e9velopper plus de diplomatie, de respect, de consid\u00e9ration pour les autres, en \u00e9viter de blesser. L\u2019\u00e9lixir peut aider \u00e0 clarifier \u00e9motionnellement des traumatismes et des souvenirs du pass\u00e9, ce qui permet de se lib\u00e9rer int\u00e9rieurement de ces charges.<strong><\/strong><\/span><\/p>\n<p><span><br \/><\/span><\/p>","protected":false},"excerpt":{"rendered":"<p><strong>VER DE FEU BARBU <span>Feuerwurm<strong> <\/strong><\/span>(Hermodice carunculata)<\/strong><\/p>\n<p>Aide les personnes qui se sentent bless\u00e9es \u00e0 se lib\u00e9rer d\u2019anciennes charges et informations de douleur. Sur un plan physique l\u2019\u00e9lixir favorise le nettoyage et la d\u00e9toxification. Au niveau \u00e9motionnel elle aide les personnes qui se sont \u00e9loign\u00e9es ou qui s\u2019opposent \u00e0 pouvoir se rapprocher.<strong><\/strong><\/p>","protected":false},"featured_media":5517,"template":"","meta":[],"product_brand":[],"product_cat":[168],"product_tag":[],"class_list":{"0":"post-5516","1":"product","2":"type-product","3":"status-publish","4":"has-post-thumbnail","6":"product_cat-l-es-nouveaux-elixirs-de-la-mer","8":"first","9":"instock","10":"taxable","11":"shipping-taxable","12":"purchasable","13":"product-type-simple"},"etheme_brands":{"errors":{"invalid_taxonomy":["Invalid taxonomy."]},"error_data":[]},"jetpack_sharing_enabled":true,"jetpack-related-posts":[{"id":5514,"url":"https:\/\/artstella-elixirs-floraux.com\/en\/product\/hypselodoris\/","url_meta":{"origin":5516,"position":0},"title":"HYPSELODORIS &#8211;","author":"eveapprill","date":"9 March 2025","format":false,"excerpt":"HYPSELODORIS \u00a0- \u00a0Sternschnecke \u00a0( Hypselodoris picta webbi,)\u00a0Accroit la confiance en soi, agissant sur le plexus solaire. L\u2019estime de soi et la confiance de base sont renforc\u00e9es, notamment apr\u00e8s des exp\u00e9riences traumatisantes.","rel":"","context":"Similar post","block_context":{"text":"Similar post","link":""},"img":{"alt_text":"","src":"https:\/\/i0.wp.com\/artstella-elixirs-floraux.com\/wp-content\/uploads\/2025\/03\/wp-image1752.png?resize=350%2C200&ssl=1","width":350,"height":200},"classes":[]},{"id":2755,"url":"https:\/\/artstella-elixirs-floraux.com\/en\/product\/fire-feu-bush-white-light\/","url_meta":{"origin":5516,"position":1},"title":"FIRE (Feu) BUSH WHITE LIGHT","author":"eveapprill","date":"9 March 2025","format":false,"excerpt":"L'\u00c9LIXIR FEU (FIRE ESSENCE)a \u00e9t\u00e9 pr\u00e9par\u00e9 dans la zone sacr\u00e9e de Katajuta en Australie Centrale. Il contient l\u2019\u00e9nergie de passion, de cr\u00e9ation, des possibilit\u00e9s et du potentiel du Feu. Un aspect des quatre \u00e9lixirs des \u00e9l\u00e9ments (Feu, Eau, Air et Terre) ...","rel":"","context":"Similar post","block_context":{"text":"Similar post","link":""},"img":{"alt_text":"","src":"https:\/\/i0.wp.com\/artstella-elixirs-floraux.com\/wp-content\/uploads\/2025\/03\/f632d282-b8dc-4bcb-9292-c0f9db32d983.jpg?resize=350%2C200&ssl=1","width":350,"height":200,"srcset":"https:\/\/i0.wp.com\/artstella-elixirs-floraux.com\/wp-content\/uploads\/2025\/03\/f632d282-b8dc-4bcb-9292-c0f9db32d983.jpg?resize=350%2C200&ssl=1 1x, https:\/\/i0.wp.com\/artstella-elixirs-floraux.com\/wp-content\/uploads\/2025\/03\/f632d282-b8dc-4bcb-9292-c0f9db32d983.jpg?resize=525%2C300&ssl=1 1.5x, https:\/\/i0.wp.com\/artstella-elixirs-floraux.com\/wp-content\/uploads\/2025\/03\/f632d282-b8dc-4bcb-9292-c0f9db32d983.jpg?resize=700%2C400&ssl=1 2x"},"classes":[]},{"id":3665,"url":"https:\/\/artstella-elixirs-floraux.com\/en\/product\/58-shadow-warrior-lto-15-ml\/","url_meta":{"origin":5516,"position":2},"title":"SHADOW WARRIOR LTO 15 ML","author":"eveapprill","date":"9 March 2025","format":false,"excerpt":"Shadow warrior \/Le guerrier de l'ombre Une orchid\u00e9e extraordinaire\u2026 L'\u00e9lixir a \u00e9t\u00e9 r\u00e9alis\u00e9 pour mieux\u00a0 int\u00e9grer l'ombre sur le chemin de notre \u00e2me vers la lumi\u00e8re.","rel":"","context":"Similar post","block_context":{"text":"Similar post","link":""},"img":{"alt_text":"","src":"https:\/\/i0.wp.com\/artstella-elixirs-floraux.com\/wp-content\/uploads\/2025\/03\/82238735-1972-4453-8b4d-001baabff31a.jpg?resize=350%2C200&ssl=1","width":350,"height":200,"srcset":"https:\/\/i0.wp.com\/artstella-elixirs-floraux.com\/wp-content\/uploads\/2025\/03\/82238735-1972-4453-8b4d-001baabff31a.jpg?resize=350%2C200&ssl=1 1x, https:\/\/i0.wp.com\/artstella-elixirs-floraux.com\/wp-content\/uploads\/2025\/03\/82238735-1972-4453-8b4d-001baabff31a.jpg?resize=525%2C300&ssl=1 1.5x, https:\/\/i0.wp.com\/artstella-elixirs-floraux.com\/wp-content\/uploads\/2025\/03\/82238735-1972-4453-8b4d-001baabff31a.jpg?resize=700%2C400&ssl=1 2x"},"classes":[]},{"id":5160,"url":"https:\/\/artstella-elixirs-floraux.com\/en\/product\/corail-de-feu-millepora-dichotoma-feuerkoralle\/","url_meta":{"origin":5516,"position":3},"title":"Corail de feu (Millepora dichotoma) Feuerkoralle","author":"eveapprill","date":"9 March 2025","format":false,"excerpt":"Corail de feu\u00a0\u00a0 (Millepora dichotoma) Feuerkoralle\u00a0\u00a0 Cet \u00e9lixir exerce une action \u00e9nerg\u00e9tique sur la peau. Il soutient en cas d\u2019hypersensibilit\u00e9, de r\u00e9actions conditionn\u00e9es ou de r\u00e9pulsions.","rel":"","context":"Similar post","block_context":{"text":"Similar post","link":""},"img":{"alt_text":"","src":"","width":0,"height":0},"classes":[]},{"id":4051,"url":"https:\/\/artstella-elixirs-floraux.com\/en\/product\/notro-arbre-de-feu-15-ml-sylfos\/","url_meta":{"origin":5516,"position":4},"title":"NOTRO \/ ARBRE DE FEU DU CHILI SYLFOS","author":"eveapprill","date":"9 March 2025","format":false,"excerpt":"NOTRO Embothrium coccineum Paix int\u00e9rieure. Arbre sacr\u00e9 des indiens Mapuche favorisant l\u2019ouverture spirituelle. Aide \u00e0 prendre conscience et \u00e0 transmuter les \u00e9nergies de bas instincts,","rel":"","context":"Similar post","block_context":{"text":"Similar post","link":""},"img":{"alt_text":"","src":"","width":0,"height":0},"classes":[]},{"id":5974,"url":"https:\/\/artstella-elixirs-floraux.com\/en\/product\/living-star-ligth-bloesem-10ml\/","url_meta":{"origin":5516,"position":5},"title":"LIVING STAR LIGTH BLOESEM 10ML","author":"eveapprill","date":"9 March 2025","format":false,"excerpt":"LIVING STAR LIGHT Cet \u00e9lixir n\u2019est ni un compos\u00e9 ni une essence florale, mais une essence cosmique. Elle nous met en contact avec notre \u00eatre naturel terrien et avec les \u00e9toiles. Elle a \u00e9t\u00e9 pr\u00e9par\u00e9e \u00e0 partir d\u2019une \u00e9toile \u00e0 cinq branches, avec trois sur le plan horizontal, une autre\u2026","rel":"","context":"Similar post","block_context":{"text":"Similar post","link":""},"img":{"alt_text":"","src":"","width":0,"height":0},"classes":[]}],"_links":{"self":[{"href":"https:\/\/artstella-elixirs-floraux.com\/en\/wp-json\/wp\/v2\/product\/5516","targetHints":{"allow":["GET"]}}],"collection":[{"href":"https:\/\/artstella-elixirs-floraux.com\/en\/wp-json\/wp\/v2\/product"}],"about":[{"href":"https:\/\/artstella-elixirs-floraux.com\/en\/wp-json\/wp\/v2\/types\/product"}],"version-history":[{"count":0,"href":"https:\/\/artstella-elixirs-floraux.com\/en\/wp-json\/wp\/v2\/product\/5516\/revisions"}],"wp:featuredmedia":[{"embeddable":true,"href":"https:\/\/artstella-elixirs-floraux.com\/en\/wp-json\/wp\/v2\/media\/5517"}],"wp:attachment":[{"href":"https:\/\/artstella-elixirs-floraux.com\/en\/wp-json\/wp\/v2\/media?parent=5516"}],"wp:term":[{"taxonomy":"product_brand","embeddable":true,"href":"https:\/\/artstella-elixirs-floraux.com\/en\/wp-json\/wp\/v2\/product_brand?post=5516"},{"taxonomy":"product_cat","embeddable":true,"href":"https:\/\/artstella-elixirs-floraux.com\/en\/wp-json\/wp\/v2\/product_cat?post=5516"},{"taxonomy":"product_tag","embeddable":true,"href":"https:\/\/artstella-elixirs-floraux.com\/en\/wp-json\/wp\/v2\/product_tag?post=5516"}],"curies":[{"name":"wp","href":"https:\/\/api.w.org\/{rel}","templated":true}]}}