{"id":5530,"date":"2025-03-09T13:44:43","date_gmt":"2025-03-09T13:44:43","guid":{"rendered":"https:\/\/artstella-elixirs-floraux.com\/product\/coffret-210-elixirs-de-la-mer-15ml-phi\/"},"modified":"2025-03-09T13:44:43","modified_gmt":"2025-03-09T13:44:43","slug":"coffret-210-elixirs-de-la-mer-15ml-phi","status":"publish","type":"product","link":"https:\/\/artstella-elixirs-floraux.com\/en\/product\/coffret-210-elixirs-de-la-mer-15ml-phi\/","title":{"rendered":"COFFRET (2)10 Elixirs de la MER 15ML PHI"},"content":{"rendered":"","protected":false},"excerpt":{"rendered":"<p><strong>Coffret (2) 10 \u00e9lixirs de la mer<\/strong><\/p>\n<p>Contient : Corail de feu, Corail digitiforme, Corail cerveau, Poisson ange royal, Corail Sarcophyton, Benitier Tridacne, Spongiaires, Rascasse volante, Favite, Corail dendro<\/p>","protected":false},"featured_media":5531,"template":"","meta":[],"product_brand":[],"product_cat":[108],"product_tag":[],"class_list":{"0":"post-5530","1":"product","2":"type-product","3":"status-publish","4":"has-post-thumbnail","6":"product_cat-les-coffrets-phi","8":"first","9":"outofstock","10":"taxable","11":"shipping-taxable","12":"purchasable","13":"product-type-simple"},"etheme_brands":{"errors":{"invalid_taxonomy":["Invalid taxonomy."]},"error_data":[]},"jetpack_sharing_enabled":true,"jetpack-related-posts":[{"id":5162,"url":"https:\/\/artstella-elixirs-floraux.com\/en\/product\/corail-digitiforme-15-ml-phi\/","url_meta":{"origin":5530,"position":0},"title":"CORAIL DIGITIFORME 15 ML PHI","author":"eveapprill","date":"27 May 2025","format":false,"excerpt":"Corail digitiforme (Stylophora pistillata) Griffelkoralle Son \u00e9lixir agit \u00e9nerg\u00e9tiquement sur la structure et le squelette. Il renforce et permet d\u2019\u00e9tablir des structures. Il permet de se renforcer int\u00e9rieurement.","rel":"","context":"Similar post","block_context":{"text":"Similar post","link":""},"img":{"alt_text":"","src":"","width":0,"height":0},"classes":[]},{"id":5163,"url":"https:\/\/artstella-elixirs-floraux.com\/en\/product\/corail-cervau-phi-15-ml\/","url_meta":{"origin":5530,"position":1},"title":"Corail Cervau PHI 15 ml","author":"eveapprill","date":"9 March 2025","format":false,"excerpt":"Corail cerveau (Platygyra lamellia) Hirnkoralle\u00a0 Ce corail forme des colonies de plusieurs m\u00e8tres de hauteur. Sa structure montre une analogie avec le cerveau.","rel":"","context":"Similar post","block_context":{"text":"Similar post","link":""},"img":{"alt_text":"","src":"https:\/\/i0.wp.com\/artstella-elixirs-floraux.com\/wp-content\/uploads\/2025\/03\/808b3546-c9bc-4cf6-ab18-e0e8c809d5a0.jpg?resize=350%2C200&ssl=1","width":350,"height":200,"srcset":"https:\/\/i0.wp.com\/artstella-elixirs-floraux.com\/wp-content\/uploads\/2025\/03\/808b3546-c9bc-4cf6-ab18-e0e8c809d5a0.jpg?resize=350%2C200&ssl=1 1x, https:\/\/i0.wp.com\/artstella-elixirs-floraux.com\/wp-content\/uploads\/2025\/03\/808b3546-c9bc-4cf6-ab18-e0e8c809d5a0.jpg?resize=525%2C300&ssl=1 1.5x, https:\/\/i0.wp.com\/artstella-elixirs-floraux.com\/wp-content\/uploads\/2025\/03\/808b3546-c9bc-4cf6-ab18-e0e8c809d5a0.jpg?resize=700%2C400&ssl=1 2x"},"classes":[]},{"id":5176,"url":"https:\/\/artstella-elixirs-floraux.com\/en\/product\/corail-arbuscule-15-ml-phi\/","url_meta":{"origin":5530,"position":2},"title":"CORAIL ARBUSCULE 15 ML PHI","author":"eveapprill","date":"9 March 2025","format":false,"excerpt":"Corail arbuscule (Dendrophyllia sp.) Z\u00e4pfchenkoralle\u00a0 L\u2019\u00e9lixir agit sur des zones sombres du corps et des organes, en les transformant et soutenant les processus de nettoyage.\u00a0","rel":"","context":"Similar post","block_context":{"text":"Similar post","link":""},"img":{"alt_text":"","src":"","width":0,"height":0},"classes":[]},{"id":5160,"url":"https:\/\/artstella-elixirs-floraux.com\/en\/product\/corail-de-feu-millepora-dichotoma-feuerkoralle\/","url_meta":{"origin":5530,"position":3},"title":"Corail de feu (Millepora dichotoma) Feuerkoralle","author":"eveapprill","date":"9 March 2025","format":false,"excerpt":"Corail de feu\u00a0\u00a0 (Millepora dichotoma) Feuerkoralle\u00a0\u00a0 Cet \u00e9lixir exerce une action \u00e9nerg\u00e9tique sur la peau. Il soutient en cas d\u2019hypersensibilit\u00e9, de r\u00e9actions conditionn\u00e9es ou de r\u00e9pulsions.","rel":"","context":"Similar post","block_context":{"text":"Similar post","link":""},"img":{"alt_text":"","src":"","width":0,"height":0},"classes":[]},{"id":4559,"url":"https:\/\/artstella-elixirs-floraux.com\/en\/product\/coffret-pierres-sup-26fl15-ml-phi\/","url_meta":{"origin":5530,"position":4},"title":"COFFRET PIERRES SUP (26FL)15 ML PHI","author":"eveapprill","date":"9 March 2025","format":false,"excerpt":"Contient 26 \u00e9lixirs de pierres pr\u00e9cieuses et de m\u00e9tal suppl\u00e9mentaires : Agathe, apatite, chrysob\u00e9ryl, opale de feu, fluorine, or, grenat, diamant de Herkimer, jaspe rouge, corail, cuivre, lapis-lazuli, magn\u00e9tite, malachite, moldavite, obsidienne, perle, platine, saphir bleu, argent, pierre de soleil, sugilite bleue, sugilite violette, oeil de tigre, topaze bleue, zircon.","rel":"","context":"Similar post","block_context":{"text":"Similar post","link":""},"img":{"alt_text":"","src":"","width":0,"height":0},"classes":[]},{"id":4018,"url":"https:\/\/artstella-elixirs-floraux.com\/en\/product\/ceibo-erythrine-15-ml-sylfos\/","url_meta":{"origin":5530,"position":5},"title":"CEIBO \/ ERYTHRINE CORAIL SYLFOS","author":"eveapprill","date":"9 March 2025","format":false,"excerpt":"CEIBO Eritrina cresta-galli Communion, voix int\u00e9rieure. Pour les probl\u00e8mes de communication au sein d\u2019un couple.","rel":"","context":"Similar post","block_context":{"text":"Similar post","link":""},"img":{"alt_text":"","src":"","width":0,"height":0},"classes":[]}],"_links":{"self":[{"href":"https:\/\/artstella-elixirs-floraux.com\/en\/wp-json\/wp\/v2\/product\/5530","targetHints":{"allow":["GET"]}}],"collection":[{"href":"https:\/\/artstella-elixirs-floraux.com\/en\/wp-json\/wp\/v2\/product"}],"about":[{"href":"https:\/\/artstella-elixirs-floraux.com\/en\/wp-json\/wp\/v2\/types\/product"}],"version-history":[{"count":0,"href":"https:\/\/artstella-elixirs-floraux.com\/en\/wp-json\/wp\/v2\/product\/5530\/revisions"}],"wp:featuredmedia":[{"embeddable":true,"href":"https:\/\/artstella-elixirs-floraux.com\/en\/wp-json\/wp\/v2\/media\/5531"}],"wp:attachment":[{"href":"https:\/\/artstella-elixirs-floraux.com\/en\/wp-json\/wp\/v2\/media?parent=5530"}],"wp:term":[{"taxonomy":"product_brand","embeddable":true,"href":"https:\/\/artstella-elixirs-floraux.com\/en\/wp-json\/wp\/v2\/product_brand?post=5530"},{"taxonomy":"product_cat","embeddable":true,"href":"https:\/\/artstella-elixirs-floraux.com\/en\/wp-json\/wp\/v2\/product_cat?post=5530"},{"taxonomy":"product_tag","embeddable":true,"href":"https:\/\/artstella-elixirs-floraux.com\/en\/wp-json\/wp\/v2\/product_tag?post=5530"}],"curies":[{"name":"wp","href":"https:\/\/api.w.org\/{rel}","templated":true}]}}