{"id":5534,"date":"2025-03-09T13:44:47","date_gmt":"2025-03-09T13:44:47","guid":{"rendered":"https:\/\/artstella-elixirs-floraux.com\/product\/coffret-10-elixirs-danimaux-n-3-15ml\/"},"modified":"2025-03-09T13:44:47","modified_gmt":"2025-03-09T13:44:47","slug":"coffret-10-elixirs-danimaux-n-3-15ml","status":"publish","type":"product","link":"https:\/\/artstella-elixirs-floraux.com\/en\/product\/coffret-10-elixirs-danimaux-n-3-15ml\/","title":{"rendered":"COFFRET 10 \u00e9lixirs d&rsquo;ANIMAUX N\u00b0 3 15ML"},"content":{"rendered":"","protected":false},"excerpt":{"rendered":"<p><span style=\"color: #008000\"><strong>Coffret 10 \u00e9lixirs d&rsquo;animaux 15ml :<\/strong><\/span><\/p>\n<p>Colibri, Lama, L\u00e9zard, pandan, Perroquet, Pingouin, Scorpion, Paresseux \u00e0 2 doigts, L\u00e9opard des neiges, Ours \u00e0 lunettes<\/p>","protected":false},"featured_media":5535,"template":"","meta":[],"product_brand":[],"product_cat":[108],"product_tag":[],"class_list":{"0":"post-5534","1":"product","2":"type-product","3":"status-publish","4":"has-post-thumbnail","6":"product_cat-les-coffrets-phi","8":"first","9":"outofstock","10":"taxable","11":"shipping-taxable","12":"purchasable","13":"product-type-simple"},"etheme_brands":{"errors":{"invalid_taxonomy":["Invalid taxonomy."]},"error_data":[]},"jetpack_sharing_enabled":true,"jetpack-related-posts":[{"id":4157,"url":"https:\/\/artstella-elixirs-floraux.com\/en\/product\/coffret-10-animaux-chamaniques-15ml\/","url_meta":{"origin":5534,"position":0},"title":"COFFRET 10 ANIMAUX CHAMANIQUES 15ML","author":"eveapprill","date":"9 March 2025","format":false,"excerpt":"Contient les 10 animaux chamaniques Sylfos en 15ml","rel":"","context":"Similar post","block_context":{"text":"Similar post","link":""},"img":{"alt_text":"","src":"https:\/\/i0.wp.com\/artstella-elixirs-floraux.com\/wp-content\/uploads\/2025\/03\/wp-image1494.png?resize=350%2C200&ssl=1","width":350,"height":200,"srcset":"https:\/\/i0.wp.com\/artstella-elixirs-floraux.com\/wp-content\/uploads\/2025\/03\/wp-image1494.png?resize=350%2C200&ssl=1 1x, https:\/\/i0.wp.com\/artstella-elixirs-floraux.com\/wp-content\/uploads\/2025\/03\/wp-image1494.png?resize=525%2C300&ssl=1 1.5x, https:\/\/i0.wp.com\/artstella-elixirs-floraux.com\/wp-content\/uploads\/2025\/03\/wp-image1494.png?resize=700%2C400&ssl=1 2x"},"classes":[]},{"id":5536,"url":"https:\/\/artstella-elixirs-floraux.com\/en\/product\/coffret-10-elixirs-d-animaux-n4-15ml\/","url_meta":{"origin":5534,"position":1},"title":"COFFRET 10 \u00e9lixirs d&rsquo; ANIMAUX N\u00b04 15ML","author":"","date":"9 March 2025","format":false,"excerpt":"Coffret n\u00b0 4 10 \u00e9lixirs d'animaux : contient : Tarentule, Tigre, Tortue, Baleine \u00e0 bosse, Baleine franche australe, Cachalot, Rorqual commun, Papillon Morpho, Papillon grand cuivr\u00e9, Dauphin rose","rel":"","context":"Similar post","block_context":{"text":"Similar post","link":""},"img":{"alt_text":"","src":"https:\/\/i0.wp.com\/artstella-elixirs-floraux.com\/wp-content\/uploads\/2025\/03\/wp-image1763.png?resize=350%2C200&ssl=1","width":350,"height":200},"classes":[]},{"id":5532,"url":"https:\/\/artstella-elixirs-floraux.com\/en\/product\/coffret-10-animaux-n2-phi-15ml\/","url_meta":{"origin":5534,"position":2},"title":"COFFRET 10 ANIMAUX N\u00b02 PHI 15ML","author":"","date":"9 March 2025","format":false,"excerpt":"Coffret n\u00b0 2 10 \u00e9lixirs d'animaux Contient : Alligator, Lamantin, Anaconda, Fourmi, Abeille, Chameau, Flamant rouge, Gibbon, Girafe, Gorille.","rel":"","context":"Similar post","block_context":{"text":"Similar post","link":""},"img":{"alt_text":"","src":"https:\/\/i0.wp.com\/artstella-elixirs-floraux.com\/wp-content\/uploads\/2025\/03\/wp-image1761.png?resize=350%2C200&ssl=1","width":350,"height":200},"classes":[]},{"id":4533,"url":"https:\/\/artstella-elixirs-floraux.com\/en\/product\/coffret-110-elixirs-de-la-mer-15ml-phi\/","url_meta":{"origin":5534,"position":3},"title":"COFFRET (1)10 Elixirs de la MER 15ML PHI","author":"eveapprill","date":"9 March 2025","format":false,"excerpt":"Les Elixirs de la Mer Coffret 1 : contient\u00a0Algue, Delph, Crabe, Gal\u00e8re portuguaise, Blennie, An\u00e9mone de mer, Oursin, Aplysie, Etoile de mer, Baleine","rel":"","context":"Similar post","block_context":{"text":"Similar post","link":""},"img":{"alt_text":"","src":"https:\/\/i0.wp.com\/artstella-elixirs-floraux.com\/wp-content\/uploads\/2025\/03\/wp-image1150.png?resize=350%2C200&ssl=1","width":350,"height":200,"srcset":"https:\/\/i0.wp.com\/artstella-elixirs-floraux.com\/wp-content\/uploads\/2025\/03\/wp-image1150.png?resize=350%2C200&ssl=1 1x, https:\/\/i0.wp.com\/artstella-elixirs-floraux.com\/wp-content\/uploads\/2025\/03\/wp-image1150.png?resize=525%2C300&ssl=1 1.5x, https:\/\/i0.wp.com\/artstella-elixirs-floraux.com\/wp-content\/uploads\/2025\/03\/wp-image1150.png?resize=700%2C400&ssl=1 2x"},"classes":[]},{"id":5530,"url":"https:\/\/artstella-elixirs-floraux.com\/en\/product\/coffret-210-elixirs-de-la-mer-15ml-phi\/","url_meta":{"origin":5534,"position":4},"title":"COFFRET (2)10 Elixirs de la MER 15ML PHI","author":"","date":"9 March 2025","format":false,"excerpt":"Coffret (2) 10 \u00e9lixirs de la mer Contient : Corail de feu, Corail digitiforme, Corail cerveau, Poisson ange royal, Corail Sarcophyton, Benitier Tridacne, Spongiaires, Rascasse volante, Favite, Corail dendro","rel":"","context":"Similar post","block_context":{"text":"Similar post","link":""},"img":{"alt_text":"","src":"https:\/\/i0.wp.com\/artstella-elixirs-floraux.com\/wp-content\/uploads\/2025\/03\/wp-image1760.png?resize=350%2C200&ssl=1","width":350,"height":200},"classes":[]},{"id":4563,"url":"https:\/\/artstella-elixirs-floraux.com\/en\/product\/coffret-10-elixirs-danimaux-dafrique\/","url_meta":{"origin":5534,"position":5},"title":"COFFRET 10 \u00e9lixirs d&rsquo;ANIMAUX D&rsquo;AFRIQUE","author":"eveapprill","date":"9 March 2025","format":false,"excerpt":"Contient 10 flacon d'\u00e9liixirs d'animaux d'Afrique : Singe, El\u00e9phant, Hippopotame, Gnou, L\u00e9opard, Lion, Rhinoc\u00e9ros, Autruche, Aigle \u00e0 t\u00ebte blanche, Serpent.","rel":"","context":"Similar post","block_context":{"text":"Similar post","link":""},"img":{"alt_text":"","src":"https:\/\/i0.wp.com\/artstella-elixirs-floraux.com\/wp-content\/uploads\/2025\/03\/wp-image1164.png?resize=350%2C200&ssl=1","width":350,"height":200,"srcset":"https:\/\/i0.wp.com\/artstella-elixirs-floraux.com\/wp-content\/uploads\/2025\/03\/wp-image1164.png?resize=350%2C200&ssl=1 1x, https:\/\/i0.wp.com\/artstella-elixirs-floraux.com\/wp-content\/uploads\/2025\/03\/wp-image1164.png?resize=525%2C300&ssl=1 1.5x, https:\/\/i0.wp.com\/artstella-elixirs-floraux.com\/wp-content\/uploads\/2025\/03\/wp-image1164.png?resize=700%2C400&ssl=1 2x"},"classes":[]}],"_links":{"self":[{"href":"https:\/\/artstella-elixirs-floraux.com\/en\/wp-json\/wp\/v2\/product\/5534","targetHints":{"allow":["GET"]}}],"collection":[{"href":"https:\/\/artstella-elixirs-floraux.com\/en\/wp-json\/wp\/v2\/product"}],"about":[{"href":"https:\/\/artstella-elixirs-floraux.com\/en\/wp-json\/wp\/v2\/types\/product"}],"version-history":[{"count":0,"href":"https:\/\/artstella-elixirs-floraux.com\/en\/wp-json\/wp\/v2\/product\/5534\/revisions"}],"wp:featuredmedia":[{"embeddable":true,"href":"https:\/\/artstella-elixirs-floraux.com\/en\/wp-json\/wp\/v2\/media\/5535"}],"wp:attachment":[{"href":"https:\/\/artstella-elixirs-floraux.com\/en\/wp-json\/wp\/v2\/media?parent=5534"}],"wp:term":[{"taxonomy":"product_brand","embeddable":true,"href":"https:\/\/artstella-elixirs-floraux.com\/en\/wp-json\/wp\/v2\/product_brand?post=5534"},{"taxonomy":"product_cat","embeddable":true,"href":"https:\/\/artstella-elixirs-floraux.com\/en\/wp-json\/wp\/v2\/product_cat?post=5534"},{"taxonomy":"product_tag","embeddable":true,"href":"https:\/\/artstella-elixirs-floraux.com\/en\/wp-json\/wp\/v2\/product_tag?post=5534"}],"curies":[{"name":"wp","href":"https:\/\/api.w.org\/{rel}","templated":true}]}}