{"id":5536,"date":"2025-03-09T13:44:48","date_gmt":"2025-03-09T13:44:48","guid":{"rendered":"https:\/\/artstella-elixirs-floraux.com\/product\/coffret-10-elixirs-d-animaux-n4-15ml\/"},"modified":"2025-03-09T13:44:48","modified_gmt":"2025-03-09T13:44:48","slug":"coffret-10-elixirs-d-animaux-n4-15ml","status":"publish","type":"product","link":"https:\/\/artstella-elixirs-floraux.com\/en\/product\/coffret-10-elixirs-d-animaux-n4-15ml\/","title":{"rendered":"COFFRET 10 \u00e9lixirs d&rsquo; ANIMAUX N\u00b04 15ML"},"content":{"rendered":"","protected":false},"excerpt":{"rendered":"<p><span style=\"color: #008000\"><strong>Coffret n\u00b0 4 10 \u00e9lixirs d&rsquo;animaux :<\/strong><\/span><\/p>\n<p>contient : Tarentule, Tigre, Tortue, Baleine \u00e0 bosse, Baleine franche australe, Cachalot, Rorqual commun, Papillon Morpho, Papillon grand cuivr\u00e9, Dauphin rose<\/p>","protected":false},"featured_media":5537,"template":"","meta":[],"product_brand":[],"product_cat":[108],"product_tag":[],"class_list":{"0":"post-5536","1":"product","2":"type-product","3":"status-publish","4":"has-post-thumbnail","6":"product_cat-les-coffrets-phi","8":"first","9":"outofstock","10":"taxable","11":"shipping-taxable","12":"purchasable","13":"product-type-simple"},"etheme_brands":{"errors":{"invalid_taxonomy":["Invalid taxonomy."]},"error_data":[]},"jetpack_sharing_enabled":true,"jetpack-related-posts":[{"id":4533,"url":"https:\/\/artstella-elixirs-floraux.com\/en\/product\/coffret-110-elixirs-de-la-mer-15ml-phi\/","url_meta":{"origin":5536,"position":0},"title":"COFFRET (1)10 Elixirs de la MER 15ML PHI","author":"eveapprill","date":"9 March 2025","format":false,"excerpt":"Les Elixirs de la Mer Coffret 1 : contient\u00a0Algue, Delph, Crabe, Gal\u00e8re portuguaise, Blennie, An\u00e9mone de mer, Oursin, Aplysie, Etoile de mer, Baleine","rel":"","context":"Similar post","block_context":{"text":"Similar post","link":""},"img":{"alt_text":"","src":"https:\/\/i0.wp.com\/artstella-elixirs-floraux.com\/wp-content\/uploads\/2025\/03\/wp-image1150.png?resize=350%2C200&ssl=1","width":350,"height":200,"srcset":"https:\/\/i0.wp.com\/artstella-elixirs-floraux.com\/wp-content\/uploads\/2025\/03\/wp-image1150.png?resize=350%2C200&ssl=1 1x, https:\/\/i0.wp.com\/artstella-elixirs-floraux.com\/wp-content\/uploads\/2025\/03\/wp-image1150.png?resize=525%2C300&ssl=1 1.5x, https:\/\/i0.wp.com\/artstella-elixirs-floraux.com\/wp-content\/uploads\/2025\/03\/wp-image1150.png?resize=700%2C400&ssl=1 2x"},"classes":[]},{"id":4561,"url":"https:\/\/artstella-elixirs-floraux.com\/en\/product\/coffret-20-elixirs-danimaux-europeens\/","url_meta":{"origin":5536,"position":1},"title":"COFFRET 20 \u00e9lixirs d&rsquo;ANIMAUX EUROPEENS","author":"eveapprill","date":"9 March 2025","format":false,"excerpt":"Contient 20 \u00e9lixirs d'animaux europ\u00e9ens. Ours, Salamandre, Grenouille, Lapin, Libellule, Papillon de Nuit, Paon, Cheval, Chevreuil, Boeuf, Mouton, Papillon, Cygne, Phoque, Araign\u00e9e, Bouquetin, Cigogne, Grand duc, Bison, Loup","rel":"","context":"Similar post","block_context":{"text":"Similar post","link":""},"img":{"alt_text":"","src":"https:\/\/i0.wp.com\/artstella-elixirs-floraux.com\/wp-content\/uploads\/2025\/03\/wp-image1163.png?resize=350%2C200&ssl=1","width":350,"height":200,"srcset":"https:\/\/i0.wp.com\/artstella-elixirs-floraux.com\/wp-content\/uploads\/2025\/03\/wp-image1163.png?resize=350%2C200&ssl=1 1x, https:\/\/i0.wp.com\/artstella-elixirs-floraux.com\/wp-content\/uploads\/2025\/03\/wp-image1163.png?resize=525%2C300&ssl=1 1.5x, https:\/\/i0.wp.com\/artstella-elixirs-floraux.com\/wp-content\/uploads\/2025\/03\/wp-image1163.png?resize=700%2C400&ssl=1 2x"},"classes":[]},{"id":4281,"url":"https:\/\/artstella-elixirs-floraux.com\/en\/product\/whale-baleine-wea-30-ml\/","url_meta":{"origin":5536,"position":2},"title":"WHALE\/BALEINE WEA 30 ML","author":"eveapprill","date":"9 March 2025","format":false,"excerpt":"Whale (baleine) Pour se connecter avec les plans sup\u00e9rieurs de conscience, au-del\u00e0 du royaume terrestre. Pour l\u2019expansion aux niveaux les plus profonds. Calme et \u00e9claircit l\u2019esprit. Pour explorer la r\u00e9alit\u00e9 dans sa plus vaste totalit\u00e9.","rel":"","context":"Similar post","block_context":{"text":"Similar post","link":""},"img":{"alt_text":"","src":"https:\/\/i0.wp.com\/artstella-elixirs-floraux.com\/wp-content\/uploads\/2025\/03\/wp-image2261.png?resize=350%2C200&ssl=1","width":350,"height":200,"srcset":"https:\/\/i0.wp.com\/artstella-elixirs-floraux.com\/wp-content\/uploads\/2025\/03\/wp-image2261.png?resize=350%2C200&ssl=1 1x, https:\/\/i0.wp.com\/artstella-elixirs-floraux.com\/wp-content\/uploads\/2025\/03\/wp-image2261.png?resize=525%2C300&ssl=1 1.5x, https:\/\/i0.wp.com\/artstella-elixirs-floraux.com\/wp-content\/uploads\/2025\/03\/wp-image2261.png?resize=700%2C400&ssl=1 2x, https:\/\/i0.wp.com\/artstella-elixirs-floraux.com\/wp-content\/uploads\/2025\/03\/wp-image2261.png?resize=1050%2C600&ssl=1 3x"},"classes":[]},{"id":5852,"url":"https:\/\/artstella-elixirs-floraux.com\/en\/product\/la-baleine-a-bosse-humpbackwhale-15ml-phi\/","url_meta":{"origin":5536,"position":3},"title":"La baleine \u00e0 bosse (Humpbackwhale) 15ml PHI","author":"eveapprill","date":"9 March 2025","format":false,"excerpt":"La baleine \u00e0 bosse (Humpbackwhale)\u00a0 Cette baleine ouvre notre conscience \u00e0 la 5\u00e8me dimension. Nous pouvons nous connecter au-del\u00e0 de l\u2019espace et du temps \u00e0 l\u2019exp\u00e9rience int\u00e9rieure de la matrice et du son. Favorable aux exp\u00e9riences transpersonnelles et \u00e0 la m\u00e9ditation. Il est important que la personne soit bien enracin\u00e9e.","rel":"","context":"Similar post","block_context":{"text":"Similar post","link":""},"img":{"alt_text":"","src":"","width":0,"height":0},"classes":[]},{"id":5854,"url":"https:\/\/artstella-elixirs-floraux.com\/en\/product\/baleine-franche-glattwal-southern-right-whale-phi\/","url_meta":{"origin":5536,"position":4},"title":"Baleine franche &#8211; Glattwal (Southern Right Whale) PHI","author":"eveapprill","date":"9 March 2025","format":false,"excerpt":"Baleine franche - Glattwal (Southern Right Whale) Cette baleine \u00e9met des sons sur un tr\u00e8s large spectre. Elle nous ouvre \u00e0 une exp\u00e9rience de la quatri\u00e8me et la cinqui\u00e8me dimension. Nous comprenons que nous sommes tous connect\u00e9s et que la s\u00e9paration est illusion. Accompagne les m\u00e9ditations et les exp\u00e9riences transpersonnelles.\u2026","rel":"","context":"Similar post","block_context":{"text":"Similar post","link":""},"img":{"alt_text":"","src":"","width":0,"height":0},"classes":[]},{"id":4157,"url":"https:\/\/artstella-elixirs-floraux.com\/en\/product\/coffret-10-animaux-chamaniques-15ml\/","url_meta":{"origin":5536,"position":5},"title":"COFFRET 10 ANIMAUX CHAMANIQUES 15ML","author":"eveapprill","date":"9 March 2025","format":false,"excerpt":"Contient les 10 animaux chamaniques Sylfos en 15ml","rel":"","context":"Similar post","block_context":{"text":"Similar post","link":""},"img":{"alt_text":"","src":"https:\/\/i0.wp.com\/artstella-elixirs-floraux.com\/wp-content\/uploads\/2025\/03\/wp-image1494.png?resize=350%2C200&ssl=1","width":350,"height":200,"srcset":"https:\/\/i0.wp.com\/artstella-elixirs-floraux.com\/wp-content\/uploads\/2025\/03\/wp-image1494.png?resize=350%2C200&ssl=1 1x, https:\/\/i0.wp.com\/artstella-elixirs-floraux.com\/wp-content\/uploads\/2025\/03\/wp-image1494.png?resize=525%2C300&ssl=1 1.5x, https:\/\/i0.wp.com\/artstella-elixirs-floraux.com\/wp-content\/uploads\/2025\/03\/wp-image1494.png?resize=700%2C400&ssl=1 2x"},"classes":[]}],"_links":{"self":[{"href":"https:\/\/artstella-elixirs-floraux.com\/en\/wp-json\/wp\/v2\/product\/5536","targetHints":{"allow":["GET"]}}],"collection":[{"href":"https:\/\/artstella-elixirs-floraux.com\/en\/wp-json\/wp\/v2\/product"}],"about":[{"href":"https:\/\/artstella-elixirs-floraux.com\/en\/wp-json\/wp\/v2\/types\/product"}],"version-history":[{"count":0,"href":"https:\/\/artstella-elixirs-floraux.com\/en\/wp-json\/wp\/v2\/product\/5536\/revisions"}],"wp:featuredmedia":[{"embeddable":true,"href":"https:\/\/artstella-elixirs-floraux.com\/en\/wp-json\/wp\/v2\/media\/5537"}],"wp:attachment":[{"href":"https:\/\/artstella-elixirs-floraux.com\/en\/wp-json\/wp\/v2\/media?parent=5536"}],"wp:term":[{"taxonomy":"product_brand","embeddable":true,"href":"https:\/\/artstella-elixirs-floraux.com\/en\/wp-json\/wp\/v2\/product_brand?post=5536"},{"taxonomy":"product_cat","embeddable":true,"href":"https:\/\/artstella-elixirs-floraux.com\/en\/wp-json\/wp\/v2\/product_cat?post=5536"},{"taxonomy":"product_tag","embeddable":true,"href":"https:\/\/artstella-elixirs-floraux.com\/en\/wp-json\/wp\/v2\/product_tag?post=5536"}],"curies":[{"name":"wp","href":"https:\/\/api.w.org\/{rel}","templated":true}]}}