{"id":5544,"date":"2025-03-09T13:44:53","date_gmt":"2025-03-09T13:44:53","guid":{"rendered":"https:\/\/artstella-elixirs-floraux.com\/product\/armoise-sylfos-15ml\/"},"modified":"2025-04-30T20:50:58","modified_gmt":"2025-04-30T20:50:58","slug":"armoise-sylfos-15ml","status":"publish","type":"product","link":"https:\/\/artstella-elixirs-floraux.com\/en\/product\/armoise-sylfos-15ml\/","title":{"rendered":"ARMOISE SYLFOS 15ML"},"content":{"rendered":"<div>\n<table cellspacing=\"0\" cellpadding=\"0\" align=\"left\">\n<tbody>\n<tr>\n<td align=\"left\" valign=\"top\">\n<p><strong>ARMOISE \/ARTEMISIA\u00a0\u00a0\u00a0 Mugwort<\/strong>\u00a0\u00a0\u00a0\u00a0\u00a0\u00a0\u00a0\u00a0\u00a0\u00a0\u00a0 <em>Artemisia douglasiana<\/em> <strong><\/strong><\/p>\n<\/td>\n<\/tr>\n<\/tbody>\n<\/table>\n<\/div>\n<div>\u00a0<\/div>\n<div>\u00a0<\/div>\n<p>Pour ceux qui ont une vie psychique tr\u00e8s active et\/ou qui consid\u00e8rent que le monde est contre elles. Permet de r\u00e9guler les \u00e9tats alt\u00e9r\u00e9s de la conscience.\u00a0 Harmonise les forces de l\u2019inconscient\u00a0; nous enseigne \u00e0 ne pas \u00eatre d\u00e9bord\u00e9s lorsque nous arrivons \u00e0 ouvrir de nouveaux champs de connaissances. Son arch\u00e9type est celui du progr\u00e8s, la m\u00e9tamorphose et l\u2019aspect lunaire, en faisant r\u00e9f\u00e9rence surtout au changement et \u00e0 sa caract\u00e9ristique active.<\/p>","protected":false},"excerpt":{"rendered":"<div>\n<table cellspacing=\"0\" cellpadding=\"0\" align=\"left\">\n<tbody>\n<tr>\n<td align=\"left\" valign=\"top\">\n<div>\n<table cellspacing=\"0\" cellpadding=\"0\" align=\"left\">\n<tbody>\n<tr>\n<td align=\"left\" valign=\"top\">\n<p><strong>ARMOISE \/ARTEMISIA\u00a0\u00a0\u00a0 Mugwort<\/strong>\u00a0\u00a0\u00a0\u00a0\u00a0\u00a0\u00a0\u00a0\u00a0\u00a0\u00a0 <em>Artemisia douglasiana<\/em> <strong><\/strong><\/p>\n<\/td>\n<\/tr>\n<\/tbody>\n<\/table>\n<\/div>\n<p style=\"text-align: left\"><strong><br \/><\/strong><\/p>\n<p style=\"text-align: left\"><strong><br \/><\/strong><\/p>\n<p style=\"text-align: left\">Pour ceux qui ont une vie psychique tr\u00e8s active et\/ou qui consid\u00e8rent que le monde est contre elles. Permet de r\u00e9guler les \u00e9tats alt\u00e9r\u00e9s de la conscience.\u00a0<\/p>\n<\/td>\n<\/tr>\n<\/tbody>\n<\/table>\n<\/div>\n<p>\u00a0<\/p>","protected":false},"featured_media":5545,"template":"","meta":[],"product_brand":[],"product_cat":[139],"product_tag":[],"class_list":{"0":"post-5544","1":"product","2":"type-product","3":"status-publish","4":"has-post-thumbnail","6":"product_cat-les-fleurs-andiness-upplementaires-compose","8":"first","9":"instock","10":"taxable","11":"shipping-taxable","12":"purchasable","13":"product-type-simple"},"etheme_brands":{"errors":{"invalid_taxonomy":["Invalid taxonomy."]},"error_data":[]},"jetpack_sharing_enabled":true,"jetpack-related-posts":[{"id":3642,"url":"https:\/\/artstella-elixirs-floraux.com\/en\/product\/46-pushing-back-the-night-ltoe-15-ml\/","url_meta":{"origin":5544,"position":0},"title":"46. PUSHING BACK THE NIGHT LTOE 15 ML","author":"eveapprill","date":"9 March 2025","format":false,"excerpt":"Pushing Back the Night\u00a0 \/ Repousser la nuit Cet \u00e9lixir favorise un \u00e9tat d\u2019esprit o\u00f9 vision et lumi\u00e8re se confondent, permettant de prendre conscience que la vie est sacr\u00e9e. Son but est d\u2019aider \u00e0 gu\u00e9rir le destin de l\u2019humanit\u00e9.","rel":"","context":"Similar post","block_context":{"text":"Similar post","link":""},"img":{"alt_text":"","src":"https:\/\/i0.wp.com\/artstella-elixirs-floraux.com\/wp-content\/uploads\/2025\/03\/2b1ff100-6342-4cb5-a1c6-56a752173a69.jpg?resize=350%2C200&ssl=1","width":350,"height":200,"srcset":"https:\/\/i0.wp.com\/artstella-elixirs-floraux.com\/wp-content\/uploads\/2025\/03\/2b1ff100-6342-4cb5-a1c6-56a752173a69.jpg?resize=350%2C200&ssl=1 1x, https:\/\/i0.wp.com\/artstella-elixirs-floraux.com\/wp-content\/uploads\/2025\/03\/2b1ff100-6342-4cb5-a1c6-56a752173a69.jpg?resize=525%2C300&ssl=1 1.5x, https:\/\/i0.wp.com\/artstella-elixirs-floraux.com\/wp-content\/uploads\/2025\/03\/2b1ff100-6342-4cb5-a1c6-56a752173a69.jpg?resize=700%2C400&ssl=1 2x"},"classes":[]},{"id":5602,"url":"https:\/\/artstella-elixirs-floraux.com\/en\/product\/trefle-rouge-15-ml-deva\/","url_meta":{"origin":5544,"position":1},"title":"Tr\u00e8fle rouge 15 ML Deva","author":"eveapprill","date":"9 March 2025","format":false,"excerpt":"Tr\u00e8fle Rouge Lucidit\u00e9, tranquillit\u00e9. Pour rester calme et \u00abcentr\u00e9\u00bb face aux mouvements de masse ou face aux \u00e9tats de conscience collectifs d\u00e9stabilisants. Permet de conserver son \u00e9quilibre psychique.","rel":"","context":"Similar post","block_context":{"text":"Similar post","link":""},"img":{"alt_text":"","src":"https:\/\/i0.wp.com\/artstella-elixirs-floraux.com\/wp-content\/uploads\/2025\/03\/wp-image1803.png?resize=350%2C200&ssl=1","width":350,"height":200},"classes":[]},{"id":3101,"url":"https:\/\/artstella-elixirs-floraux.com\/en\/product\/pyramide-rouge-de-dahshur15-ml-phi\/","url_meta":{"origin":5544,"position":2},"title":"PYRAMIDE ROUGE DE DAHSHUR15 ML PHI","author":"eveapprill","date":"9 March 2025","format":false,"excerpt":"Pyramide rouge de Dahshur C'est l\u2019\u00e9lixir de l'initiation \u00e0 un nouvel \u00e9tat de conscience. Cela fonctionne en activant \u00e9nergiquement le cerveau. Il favorise une nouvelle conscience et \u00e9l\u00e8ve les vibrations du corps nous aidant ainsi \u00e0 nous adapter \u00e0 de nouveaux plans \u00e9nerg\u00e9tiques.","rel":"","context":"Similar post","block_context":{"text":"Similar post","link":""},"img":{"alt_text":"","src":"https:\/\/i0.wp.com\/artstella-elixirs-floraux.com\/wp-content\/uploads\/2025\/03\/wp-image2172.png?resize=350%2C200&ssl=1","width":350,"height":200,"srcset":"https:\/\/i0.wp.com\/artstella-elixirs-floraux.com\/wp-content\/uploads\/2025\/03\/wp-image2172.png?resize=350%2C200&ssl=1 1x, https:\/\/i0.wp.com\/artstella-elixirs-floraux.com\/wp-content\/uploads\/2025\/03\/wp-image2172.png?resize=525%2C300&ssl=1 1.5x, https:\/\/i0.wp.com\/artstella-elixirs-floraux.com\/wp-content\/uploads\/2025\/03\/wp-image2172.png?resize=700%2C400&ssl=1 2x"},"classes":[]},{"id":6276,"url":"https:\/\/artstella-elixirs-floraux.com\/en\/product\/flor-de-lis-sylfos-15ml\/","url_meta":{"origin":5544,"position":3},"title":"FLOR de LIS SYLFOS 15ML","author":"eveapprill","date":"9 March 2025","format":false,"excerpt":"FLOR de LIS \/ LYS des AZTEQUES (Spekeliaformosissima) V\u00e9rit\u00e9 et Concentration. Protection psychique Convient \u00e0 ceux qui se trompent sur eux-m\u00eames ; \u00e0 ceux qui sont incapables de concentrer leur attention, de sorte qu'ils interrompent ce qu'ils font ou se perdent dans des pr\u00e9occupations sans rapport avec l'activit\u00e9 en cours,\u2026","rel":"","context":"Similar post","block_context":{"text":"Similar post","link":""},"img":{"alt_text":"","src":"https:\/\/i0.wp.com\/artstella-elixirs-floraux.com\/wp-content\/uploads\/2025\/03\/wp-image2227.png?resize=350%2C200&ssl=1","width":350,"height":200},"classes":[]},{"id":3477,"url":"https:\/\/artstella-elixirs-floraux.com\/en\/product\/serenite-active-ltoe-15-ml\/","url_meta":{"origin":5544,"position":4},"title":"S\u00e9r\u00e9nit\u00e9 active LTOE 15 ml","author":"eveapprill","date":"9 March 2025","format":false,"excerpt":"S\u00e9r\u00e9nit\u00e9 active\/Active Serenity Un excellent rem\u00e8de contre la fatigue et la d\u00e9tresse, ce complexe agit essentiellement sur les centres du corps mental.","rel":"","context":"Similar post","block_context":{"text":"Similar post","link":""},"img":{"alt_text":"S\u00e9r\u00e9nit\u00e9 active LTOE 15 ml","src":"https:\/\/i0.wp.com\/artstella-elixirs-floraux.com\/wp-content\/uploads\/2025\/03\/2606d8f5-f8c1-469c-9783-404409240b50.jpg?resize=350%2C200&ssl=1","width":350,"height":200,"srcset":"https:\/\/i0.wp.com\/artstella-elixirs-floraux.com\/wp-content\/uploads\/2025\/03\/2606d8f5-f8c1-469c-9783-404409240b50.jpg?resize=350%2C200&ssl=1 1x, https:\/\/i0.wp.com\/artstella-elixirs-floraux.com\/wp-content\/uploads\/2025\/03\/2606d8f5-f8c1-469c-9783-404409240b50.jpg?resize=525%2C300&ssl=1 1.5x, https:\/\/i0.wp.com\/artstella-elixirs-floraux.com\/wp-content\/uploads\/2025\/03\/2606d8f5-f8c1-469c-9783-404409240b50.jpg?resize=700%2C400&ssl=1 2x"},"classes":[]},{"id":5606,"url":"https:\/\/artstella-elixirs-floraux.com\/en\/product\/achillee-blanche-15-ml\/","url_meta":{"origin":5544,"position":5},"title":"Achill\u00e9e blanche 15 ml","author":"eveapprill","date":"9 March 2025","format":false,"excerpt":"Achill\u00e9e Blanche Protection, int\u00e9gration. Renforce la structure \u00e9nerg\u00e9tique de l\u2019individu et prot\u00e8ge contre les influences perturbatrices de l\u2019environnement (radioactivit\u00e9, rayonnement \u00e9lectronique et \u00e9lectromagn\u00e9tique des ordinateurs, agression psychique). Elixir conseill\u00e9 \u00e0 ceux qui, de par leur profession, sont ouverts aux probl\u00e8mes des autres.","rel":"","context":"Similar post","block_context":{"text":"Similar post","link":""},"img":{"alt_text":"","src":"https:\/\/i0.wp.com\/artstella-elixirs-floraux.com\/wp-content\/uploads\/2025\/03\/wp-image1805.png?resize=350%2C200&ssl=1","width":350,"height":200},"classes":[]}],"_links":{"self":[{"href":"https:\/\/artstella-elixirs-floraux.com\/en\/wp-json\/wp\/v2\/product\/5544","targetHints":{"allow":["GET"]}}],"collection":[{"href":"https:\/\/artstella-elixirs-floraux.com\/en\/wp-json\/wp\/v2\/product"}],"about":[{"href":"https:\/\/artstella-elixirs-floraux.com\/en\/wp-json\/wp\/v2\/types\/product"}],"version-history":[{"count":0,"href":"https:\/\/artstella-elixirs-floraux.com\/en\/wp-json\/wp\/v2\/product\/5544\/revisions"}],"wp:featuredmedia":[{"embeddable":true,"href":"https:\/\/artstella-elixirs-floraux.com\/en\/wp-json\/wp\/v2\/media\/5545"}],"wp:attachment":[{"href":"https:\/\/artstella-elixirs-floraux.com\/en\/wp-json\/wp\/v2\/media?parent=5544"}],"wp:term":[{"taxonomy":"product_brand","embeddable":true,"href":"https:\/\/artstella-elixirs-floraux.com\/en\/wp-json\/wp\/v2\/product_brand?post=5544"},{"taxonomy":"product_cat","embeddable":true,"href":"https:\/\/artstella-elixirs-floraux.com\/en\/wp-json\/wp\/v2\/product_cat?post=5544"},{"taxonomy":"product_tag","embeddable":true,"href":"https:\/\/artstella-elixirs-floraux.com\/en\/wp-json\/wp\/v2\/product_tag?post=5544"}],"curies":[{"name":"wp","href":"https:\/\/api.w.org\/{rel}","templated":true}]}}