{"id":5546,"date":"2025-03-09T13:44:54","date_gmt":"2025-03-09T13:44:54","guid":{"rendered":"https:\/\/artstella-elixirs-floraux.com\/product\/cardo-chardon-sylfos-15-ml\/"},"modified":"2025-04-30T20:50:58","modified_gmt":"2025-04-30T20:50:58","slug":"cardo-chardon-sylfos-15-ml","status":"publish","type":"product","link":"https:\/\/artstella-elixirs-floraux.com\/en\/product\/cardo-chardon-sylfos-15-ml\/","title":{"rendered":"CARDO \/ CHARDON Sylfos 15 ml"},"content":{"rendered":"<p><strong>CARDO \/ CHARDON <\/strong><em>Cirsium vulgare<\/em>\u00a0<\/p>\n<div>Un \u00e9lixir de <strong>courage<\/strong> qui nous aide \u00e0 trouver notre v\u00e9ritable valeur dans les p\u00e9riodes adverses et qui nous permet de r\u00e9pondre avec une action positive. Lorsque nous sommes sous l\u2019emprise de la peur, surtout d\u2019origine non connue, qui g\u00eane notre fonctionnement. Permet de d\u00e9couvrir, petit \u00e0 petit, la force int\u00e9rieure afin que nous puissions retrouver s\u00e9curit\u00e9, confiance, courage et abandonner ce manteau obscur qui nous emp\u00eache de voir la Lumi\u00e8re.<\/div>","protected":false},"excerpt":{"rendered":"<p><strong>CARDO \/ CHARDON\u00a0<\/strong><\/p>\n<div><em>Cirsium vulgare<\/em> \u00a0Un \u00e9lixir de <strong>courage<\/strong> qui nous aide \u00e0 trouver notre v\u00e9ritable valeur dans les p\u00e9riodes adverses et qui nous permet de r\u00e9pondre avec une action positive.<\/div>","protected":false},"featured_media":5547,"template":"","meta":[],"product_brand":[],"product_cat":[139],"product_tag":[],"class_list":{"0":"post-5546","1":"product","2":"type-product","3":"status-publish","4":"has-post-thumbnail","6":"product_cat-les-fleurs-andiness-upplementaires-compose","8":"first","9":"instock","10":"taxable","11":"shipping-taxable","12":"purchasable","13":"product-type-simple"},"etheme_brands":{"errors":{"invalid_taxonomy":["Invalid taxonomy."]},"error_data":[]},"jetpack_sharing_enabled":true,"jetpack-related-posts":[{"id":6288,"url":"https:\/\/artstella-elixirs-floraux.com\/en\/product\/tomillo-thym-sylfos-15ml\/","url_meta":{"origin":5546,"position":0},"title":"TOMILLO THYM SYLFOS 15ML","author":"eveapprill","date":"9 March 2025","format":false,"excerpt":"TOMILLO \/ Thym\u00a0(Thymus vulgaris) Pr\u00e9sence \u2013 l\u2019Elixir du Temps Aide \u00e0 dissoudre les sentiments d\u2019urgence et de manque de temps permettant de g\u00e9rer les \u00e9v\u00e9nements quotidiens de la vie de fa\u00e7on plus d\u00e9tendue. Il am\u00e9liore la concentration, augmente l'\u00e9nergie, et aide ceux qui s'adaptent aux changements de saison.","rel":"","context":"Similar post","block_context":{"text":"Similar post","link":""},"img":{"alt_text":"","src":"https:\/\/i0.wp.com\/artstella-elixirs-floraux.com\/wp-content\/uploads\/2025\/03\/wp-image2232.png?resize=350%2C200&ssl=1","width":350,"height":200},"classes":[]},{"id":5124,"url":"https:\/\/artstella-elixirs-floraux.com\/en\/product\/shield-of-light-ltoe\/","url_meta":{"origin":5546,"position":1},"title":"SHIELD OF LIGHT &#8211; LTOE","author":"eveapprill","date":"9 March 2025","format":false,"excerpt":"Bouclier de Lumi\u00e8re - Elixir majeur pour se prot\u00e9ger des \u00e9nergies sombres. Sa formule permet \u00e0 l\u2019aura de refl\u00e9ter tel un miroir, de fa\u00e7on \u00e0 ce que de telles \u00e9nergies ne puissent pas la p\u00e9n\u00e9trer. En les r\u00e9fl\u00e9chissant, elle les renvoie vers la Source. L\u2019\u00e9lixir apporte courage et restaure la\u2026","rel":"","context":"Similar post","block_context":{"text":"Similar post","link":""},"img":{"alt_text":"","src":"https:\/\/i0.wp.com\/artstella-elixirs-floraux.com\/wp-content\/uploads\/2025\/03\/b5481c95-dc21-4a86-a775-92ba801c9614.jpg?resize=350%2C200&ssl=1","width":350,"height":200,"srcset":"https:\/\/i0.wp.com\/artstella-elixirs-floraux.com\/wp-content\/uploads\/2025\/03\/b5481c95-dc21-4a86-a775-92ba801c9614.jpg?resize=350%2C200&ssl=1 1x, https:\/\/i0.wp.com\/artstella-elixirs-floraux.com\/wp-content\/uploads\/2025\/03\/b5481c95-dc21-4a86-a775-92ba801c9614.jpg?resize=525%2C300&ssl=1 1.5x, https:\/\/i0.wp.com\/artstella-elixirs-floraux.com\/wp-content\/uploads\/2025\/03\/b5481c95-dc21-4a86-a775-92ba801c9614.jpg?resize=700%2C400&ssl=1 2x"},"classes":[]},{"id":3687,"url":"https:\/\/artstella-elixirs-floraux.com\/en\/product\/70-voice-of-courage-ltoe-15ml\/","url_meta":{"origin":5546,"position":2},"title":"70. VOICE OF COURAGE LTOE 15ML","author":"eveapprill","date":"9 March 2025","format":false,"excerpt":"Voice of Courage \/ la Voix du courage Un \u00e9lixir tr\u00e8s important pour gu\u00e9rir les niveaux profonds du 3\u00e8me chakra, de m\u00eame qu\u2019il \u00e9nerg\u00e9tise le chakra de la gorge. Donne force et courage et permet de renouveler notre engagement par rapport aux buts de notre \u00e2me dans cette vie","rel":"","context":"Similar post","block_context":{"text":"Similar post","link":""},"img":{"alt_text":"","src":"https:\/\/i0.wp.com\/artstella-elixirs-floraux.com\/wp-content\/uploads\/2025\/03\/29909093-978a-4b79-857b-1fffc2be6331.jpg?resize=350%2C200&ssl=1","width":350,"height":200,"srcset":"https:\/\/i0.wp.com\/artstella-elixirs-floraux.com\/wp-content\/uploads\/2025\/03\/29909093-978a-4b79-857b-1fffc2be6331.jpg?resize=350%2C200&ssl=1 1x, https:\/\/i0.wp.com\/artstella-elixirs-floraux.com\/wp-content\/uploads\/2025\/03\/29909093-978a-4b79-857b-1fffc2be6331.jpg?resize=525%2C300&ssl=1 1.5x, https:\/\/i0.wp.com\/artstella-elixirs-floraux.com\/wp-content\/uploads\/2025\/03\/29909093-978a-4b79-857b-1fffc2be6331.jpg?resize=700%2C400&ssl=1 2x"},"classes":[]},{"id":3621,"url":"https:\/\/artstella-elixirs-floraux.com\/en\/product\/messager-du-coeur-ltoe-15-ml\/","url_meta":{"origin":5546,"position":3},"title":"Messager du c\u0153ur LTOE 15 ML","author":"eveapprill","date":"9 March 2025","format":false,"excerpt":"Messenger of the Heart \/ Messager du c\u0153ur Tel un messager sur un cheval blanc, galopant au travers du coeur et pouss\u00e9 par un d\u00e9sir vif d\u2019\u00eatre honn\u00eate et int\u00e8gre, cet \u00e9lixir r\u00e9v\u00e8le les valeurs que l\u2019on tient le plus profond\u00e9ment \u00e0 c\u0153ur. Il aide le c\u0153ur \u00e0 exprimer sa\u2026","rel":"","context":"Similar post","block_context":{"text":"Similar post","link":""},"img":{"alt_text":"","src":"https:\/\/i0.wp.com\/artstella-elixirs-floraux.com\/wp-content\/uploads\/2025\/03\/7c5bf41d-e65b-4d8e-832d-86be0faa2182.jpg?resize=350%2C200&ssl=1","width":350,"height":200,"srcset":"https:\/\/i0.wp.com\/artstella-elixirs-floraux.com\/wp-content\/uploads\/2025\/03\/7c5bf41d-e65b-4d8e-832d-86be0faa2182.jpg?resize=350%2C200&ssl=1 1x, https:\/\/i0.wp.com\/artstella-elixirs-floraux.com\/wp-content\/uploads\/2025\/03\/7c5bf41d-e65b-4d8e-832d-86be0faa2182.jpg?resize=525%2C300&ssl=1 1.5x, https:\/\/i0.wp.com\/artstella-elixirs-floraux.com\/wp-content\/uploads\/2025\/03\/7c5bf41d-e65b-4d8e-832d-86be0faa2182.jpg?resize=700%2C400&ssl=1 2x"},"classes":[]},{"id":4173,"url":"https:\/\/artstella-elixirs-floraux.com\/en\/product\/michael-messagers-sylfos-15ml\/","url_meta":{"origin":5546,"position":4},"title":"MICHAEL (MESSAGERS) SYLFOS 15ML","author":"eveapprill","date":"9 March 2025","format":false,"excerpt":"MICHAEL Int\u00e9grit\u00e9, V\u00e9rit\u00e9, direction correcte, Force, vigueur et puissance,\u00a0 Courage pour affronter les obstacles, m\u00eame les plus importants, Protection dans l\u2019action, R\u00e9tablissement de la foi.","rel":"","context":"Similar post","block_context":{"text":"Similar post","link":""},"img":{"alt_text":"","src":"","width":0,"height":0},"classes":[]},{"id":6369,"url":"https:\/\/artstella-elixirs-floraux.com\/en\/product\/radiant-courage-ltoe-15ml\/","url_meta":{"origin":5546,"position":5},"title":"Radiant Courage LTOE 15ml","author":"eveapprill","date":"9 March 2025","format":false,"excerpt":"Radiant courage (Phragmipedium besseae) Un nouvel \u00e9lixir d\u2019Orchid\u00e9e par Living Tree r\u00e9alis\u00e9 le 1er janvier 2024. Il aide \u00e0 avancer dans ces temps troubles et sombres.\u00a0 Au cours des 25 derni\u00e8res ann\u00e9es, Don Denis remarque que \u00a0rarement un \u00e9lixir ne lui a sembl\u00e9 si universellement n\u00e9cessaire.","rel":"","context":"Similar post","block_context":{"text":"Similar post","link":""},"img":{"alt_text":"","src":"https:\/\/i0.wp.com\/artstella-elixirs-floraux.com\/wp-content\/uploads\/2025\/03\/wp-image2377.png?resize=350%2C200&ssl=1","width":350,"height":200,"srcset":"https:\/\/i0.wp.com\/artstella-elixirs-floraux.com\/wp-content\/uploads\/2025\/03\/wp-image2377.png?resize=350%2C200&ssl=1 1x, https:\/\/i0.wp.com\/artstella-elixirs-floraux.com\/wp-content\/uploads\/2025\/03\/wp-image2377.png?resize=525%2C300&ssl=1 1.5x, https:\/\/i0.wp.com\/artstella-elixirs-floraux.com\/wp-content\/uploads\/2025\/03\/wp-image2377.png?resize=700%2C400&ssl=1 2x, https:\/\/i0.wp.com\/artstella-elixirs-floraux.com\/wp-content\/uploads\/2025\/03\/wp-image2377.png?resize=1050%2C600&ssl=1 3x, https:\/\/i0.wp.com\/artstella-elixirs-floraux.com\/wp-content\/uploads\/2025\/03\/wp-image2377.png?resize=1400%2C800&ssl=1 4x"},"classes":[]}],"_links":{"self":[{"href":"https:\/\/artstella-elixirs-floraux.com\/en\/wp-json\/wp\/v2\/product\/5546","targetHints":{"allow":["GET"]}}],"collection":[{"href":"https:\/\/artstella-elixirs-floraux.com\/en\/wp-json\/wp\/v2\/product"}],"about":[{"href":"https:\/\/artstella-elixirs-floraux.com\/en\/wp-json\/wp\/v2\/types\/product"}],"version-history":[{"count":0,"href":"https:\/\/artstella-elixirs-floraux.com\/en\/wp-json\/wp\/v2\/product\/5546\/revisions"}],"wp:featuredmedia":[{"embeddable":true,"href":"https:\/\/artstella-elixirs-floraux.com\/en\/wp-json\/wp\/v2\/media\/5547"}],"wp:attachment":[{"href":"https:\/\/artstella-elixirs-floraux.com\/en\/wp-json\/wp\/v2\/media?parent=5546"}],"wp:term":[{"taxonomy":"product_brand","embeddable":true,"href":"https:\/\/artstella-elixirs-floraux.com\/en\/wp-json\/wp\/v2\/product_brand?post=5546"},{"taxonomy":"product_cat","embeddable":true,"href":"https:\/\/artstella-elixirs-floraux.com\/en\/wp-json\/wp\/v2\/product_cat?post=5546"},{"taxonomy":"product_tag","embeddable":true,"href":"https:\/\/artstella-elixirs-floraux.com\/en\/wp-json\/wp\/v2\/product_tag?post=5546"}],"curies":[{"name":"wp","href":"https:\/\/api.w.org\/{rel}","templated":true}]}}